
{"id":2433,"date":"2025-04-14T15:08:40","date_gmt":"2025-04-14T12:08:40","guid":{"rendered":"https:\/\/www.teamplace.eu\/vvs\/?post_type=product&#038;p=2433"},"modified":"2025-04-14T15:08:40","modified_gmt":"2025-04-14T12:08:40","slug":"craft-reppu-vvs-harmaa","status":"publish","type":"product","link":"https:\/\/www.teamplace.eu\/vvs\/product\/craft-reppu-vvs-harmaa\/","title":{"rendered":"Craft reppu VVS \/harmaa"},"content":{"rendered":"<p>Harkkareppu jokap\u00e4iv\u00e4iseen k\u00e4ytt\u00f6\u00f6n. Vetoketjullinen etutasku, juomapullotaskut sivuilla. Kantokahva repun yl\u00e4osassa. Pehmustetut ja s\u00e4\u00e4dett\u00e4v\u00e4t olkaimet tuovat mukavuutta k\u00e4ytt\u00f6\u00f6n.<\/p>\n<p>VVS logo painettu l\u00e4p\u00e4n yl\u00e4osaan valkoisella.<\/p>\n<p>MATERIAALI: 100% kierr\u00e4tetty\u00e4 polyesteri\u00e4<br \/>\nKOKO: 30 x 18 x 44 cm, 16 litraa<\/p>\n","protected":false},"excerpt":{"rendered":"<p>Harkkareppu jokap\u00e4iv\u00e4iseen k\u00e4ytt\u00f6\u00f6n. Vetoketjullinen etutasku, juomapullotaskut sivuilla. Kantokahva repun yl\u00e4osassa. Pehmustetut ja s\u00e4\u00e4dett\u00e4v\u00e4t olkaimet tuovat mukavuutta k\u00e4ytt\u00f6\u00f6n.<\/p>\n<p>VVS logo painettu l\u00e4p\u00e4n yl\u00e4osaan valkoisella.<\/p>\n<p>MATERIAALI: 100% kierr\u00e4tetty\u00e4 polyesteri\u00e4<br \/>\nKOKO: 30 x 18 x 44 cm, 16 litraa<\/p>\n","protected":false},"featured_media":2434,"comment_status":"open","ping_status":"closed","template":"","meta":[],"product_brand":[],"product_cat":[75],"product_tag":[],"class_list":{"0":"post-2433","1":"product","2":"type-product","3":"status-publish","4":"has-post-thumbnail","6":"product_cat-vvs-tuotteet","8":"first","9":"instock","10":"taxable","11":"shipping-taxable","12":"purchasable","13":"product-type-simple"},"exclude_global_add_ons":[],"addons":[],"featured_image_urls_v2":{"full":["https:\/\/www.teamplace.eu\/vvs\/wp-content\/uploads\/sites\/121\/2025\/04\/Squad-reppu-harmaa-vvs.png",532,533,false],"thumbnail":["https:\/\/www.teamplace.eu\/vvs\/wp-content\/uploads\/sites\/121\/2025\/04\/Squad-reppu-harmaa-vvs-150x150.png",150,150,true],"medium":["https:\/\/www.teamplace.eu\/vvs\/wp-content\/uploads\/sites\/121\/2025\/04\/Squad-reppu-harmaa-vvs-300x300.png",300,300,true],"medium_large":["https:\/\/www.teamplace.eu\/vvs\/wp-content\/uploads\/sites\/121\/2025\/04\/Squad-reppu-harmaa-vvs.png",532,533,false],"large":["https:\/\/www.teamplace.eu\/vvs\/wp-content\/uploads\/sites\/121\/2025\/04\/Squad-reppu-harmaa-vvs.png",532,533,false],"1536x1536":["https:\/\/www.teamplace.eu\/vvs\/wp-content\/uploads\/sites\/121\/2025\/04\/Squad-reppu-harmaa-vvs.png",532,533,false],"2048x2048":["https:\/\/www.teamplace.eu\/vvs\/wp-content\/uploads\/sites\/121\/2025\/04\/Squad-reppu-harmaa-vvs.png",532,533,false],"post-thumbnail":["https:\/\/www.teamplace.eu\/vvs\/wp-content\/uploads\/sites\/121\/2025\/04\/Squad-reppu-harmaa-vvs.png",532,533,false],"twentytwenty-fullscreen":["https:\/\/www.teamplace.eu\/vvs\/wp-content\/uploads\/sites\/121\/2025\/04\/Squad-reppu-harmaa-vvs.png",532,533,false],"woocommerce_thumbnail":["https:\/\/www.teamplace.eu\/vvs\/wp-content\/uploads\/sites\/121\/2025\/04\/Squad-reppu-harmaa-vvs-450x450.png",450,450,true],"woocommerce_single":["https:\/\/www.teamplace.eu\/vvs\/wp-content\/uploads\/sites\/121\/2025\/04\/Squad-reppu-harmaa-vvs.png",532,533,false],"woocommerce_gallery_thumbnail":["https:\/\/www.teamplace.eu\/vvs\/wp-content\/uploads\/sites\/121\/2025\/04\/Squad-reppu-harmaa-vvs-100x100.png",100,100,true]},"post_excerpt_stackable_v2":"<p>Harkkareppu jokap\u00e4iv\u00e4iseen k\u00e4ytt\u00f6\u00f6n. Vetoketjullinen etutasku, juomapullotaskut sivuilla. Kantokahva repun yl\u00e4osassa. Pehmustetut ja s\u00e4\u00e4dett\u00e4v\u00e4t olkaimet tuovat mukavuutta k\u00e4ytt\u00f6\u00f6n.<\/p>\n<p>VVS logo painettu l\u00e4p\u00e4n yl\u00e4osaan valkoisella.<\/p>\n<p>MATERIAALI: 100% kierr\u00e4tetty\u00e4 polyesteri\u00e4<br \/>\nKOKO: 30 x 18 x 44 cm, 16 litraa<\/p>\n","category_list_v2":"","author_info_v2":{"name":"","url":""},"comments_num_v2":"0 comments","_links":{"self":[{"href":"https:\/\/www.teamplace.eu\/vvs\/wp-json\/wp\/v2\/product\/2433","targetHints":{"allow":["GET"]}}],"collection":[{"href":"https:\/\/www.teamplace.eu\/vvs\/wp-json\/wp\/v2\/product"}],"about":[{"href":"https:\/\/www.teamplace.eu\/vvs\/wp-json\/wp\/v2\/types\/product"}],"replies":[{"embeddable":true,"href":"https:\/\/www.teamplace.eu\/vvs\/wp-json\/wp\/v2\/comments?post=2433"}],"wp:featuredmedia":[{"embeddable":true,"href":"https:\/\/www.teamplace.eu\/vvs\/wp-json\/wp\/v2\/media\/2434"}],"wp:attachment":[{"href":"https:\/\/www.teamplace.eu\/vvs\/wp-json\/wp\/v2\/media?parent=2433"}],"wp:term":[{"taxonomy":"product_brand","embeddable":true,"href":"https:\/\/www.teamplace.eu\/vvs\/wp-json\/wp\/v2\/product_brand?post=2433"},{"taxonomy":"product_cat","embeddable":true,"href":"https:\/\/www.teamplace.eu\/vvs\/wp-json\/wp\/v2\/product_cat?post=2433"},{"taxonomy":"product_tag","embeddable":true,"href":"https:\/\/www.teamplace.eu\/vvs\/wp-json\/wp\/v2\/product_tag?post=2433"}],"curies":[{"name":"wp","href":"https:\/\/api.w.org\/{rel}","templated":true}]}}