
{"id":2390,"date":"2024-10-01T12:29:48","date_gmt":"2024-10-01T09:29:48","guid":{"rendered":"https:\/\/www.teamplace.eu\/vvs\/?post_type=product&#038;p=2390"},"modified":"2024-10-01T12:32:38","modified_gmt":"2024-10-01T09:32:38","slug":"craft-miesten-collegehousu-vvs-harmaa","status":"publish","type":"product","link":"https:\/\/www.teamplace.eu\/vvs\/product\/craft-miesten-collegehousu-vvs-harmaa\/","title":{"rendered":"Craft miesten collegehousu VVS \/harmaa"},"content":{"rendered":"<p>Mukavissa ja rennoissa collegehousuissa on sivutaskut ja alasp\u00e4in kapeneva malli. Valmistettu pehme\u00e4st\u00e4 polyesteri-puuvillasekoitteesta, joka tuntuu todella miellytt\u00e4v\u00e4lt\u00e4 p\u00e4\u00e4ll\u00e4. Ei resoreja lahkeissa.<\/p>\n<p>Vasempaan reiteen painettu valkoinen VVS logo.<\/p>\n<p>MATERIAALI: 65 % polyesteri\u00e4, 35 % puuvillaa<\/p>\n<p>KOOT:<\/p>\n<p>Lasten: 122\/128cm, 134\/140cm, 146\/152cm, 158\/164cm<br \/>\nMiesten: XS, S, M, L, XL, XXL<\/p>\n<p>V\u00e4ri: meleerattu harmaa<\/p>\n","protected":false},"excerpt":{"rendered":"<p>Mukavissa ja rennoissa collegehousuissa on sivutaskut ja alasp\u00e4in kapeneva malli. Valmistettu pehme\u00e4st\u00e4 polyesteri-puuvillasekoitteesta, joka tuntuu todella miellytt\u00e4v\u00e4lt\u00e4 p\u00e4\u00e4ll\u00e4. Ei resoreja lahkeissa.<\/p>\n<p>Vasempaan reiteen painettu valkoinen VVS logo.<\/p>\n<p>MATERIAALI: 65 % polyesteri\u00e4, 35 % puuvillaa<\/p>\n<p>KOOT:<\/p>\n<p>Lasten: 122\/128cm, 134\/140cm, 146\/152cm, 158\/164cm<br \/>\nMiesten: XS, S, M, L, XL, XXL<\/p>\n<p>V\u00e4ri: meleerattu harmaa<\/p>\n","protected":false},"featured_media":2388,"comment_status":"open","ping_status":"closed","template":"","meta":[],"product_brand":[],"product_cat":[75],"product_tag":[],"class_list":{"0":"post-2390","1":"product","2":"type-product","3":"status-publish","4":"has-post-thumbnail","6":"product_cat-vvs-tuotteet","8":"first","9":"instock","10":"taxable","11":"shipping-taxable","12":"purchasable","13":"product-type-variable"},"exclude_global_add_ons":[],"addons":[],"featured_image_urls_v2":{"full":["https:\/\/www.teamplace.eu\/vvs\/wp-content\/uploads\/sites\/121\/2024\/09\/Community-sweatpant-M-harmaa-vvs.png",532,533,false],"thumbnail":["https:\/\/www.teamplace.eu\/vvs\/wp-content\/uploads\/sites\/121\/2024\/09\/Community-sweatpant-M-harmaa-vvs-150x150.png",150,150,true],"medium":["https:\/\/www.teamplace.eu\/vvs\/wp-content\/uploads\/sites\/121\/2024\/09\/Community-sweatpant-M-harmaa-vvs-300x300.png",300,300,true],"medium_large":["https:\/\/www.teamplace.eu\/vvs\/wp-content\/uploads\/sites\/121\/2024\/09\/Community-sweatpant-M-harmaa-vvs.png",532,533,false],"large":["https:\/\/www.teamplace.eu\/vvs\/wp-content\/uploads\/sites\/121\/2024\/09\/Community-sweatpant-M-harmaa-vvs.png",532,533,false],"1536x1536":["https:\/\/www.teamplace.eu\/vvs\/wp-content\/uploads\/sites\/121\/2024\/09\/Community-sweatpant-M-harmaa-vvs.png",532,533,false],"2048x2048":["https:\/\/www.teamplace.eu\/vvs\/wp-content\/uploads\/sites\/121\/2024\/09\/Community-sweatpant-M-harmaa-vvs.png",532,533,false],"post-thumbnail":["https:\/\/www.teamplace.eu\/vvs\/wp-content\/uploads\/sites\/121\/2024\/09\/Community-sweatpant-M-harmaa-vvs.png",532,533,false],"twentytwenty-fullscreen":["https:\/\/www.teamplace.eu\/vvs\/wp-content\/uploads\/sites\/121\/2024\/09\/Community-sweatpant-M-harmaa-vvs.png",532,533,false],"woocommerce_thumbnail":["https:\/\/www.teamplace.eu\/vvs\/wp-content\/uploads\/sites\/121\/2024\/09\/Community-sweatpant-M-harmaa-vvs-450x450.png",450,450,true],"woocommerce_single":["https:\/\/www.teamplace.eu\/vvs\/wp-content\/uploads\/sites\/121\/2024\/09\/Community-sweatpant-M-harmaa-vvs.png",532,533,false],"woocommerce_gallery_thumbnail":["https:\/\/www.teamplace.eu\/vvs\/wp-content\/uploads\/sites\/121\/2024\/09\/Community-sweatpant-M-harmaa-vvs-100x100.png",100,100,true]},"post_excerpt_stackable_v2":"<p>Mukavissa ja rennoissa collegehousuissa on sivutaskut ja alasp\u00e4in kapeneva malli. Valmistettu pehme\u00e4st\u00e4 polyesteri-puuvillasekoitteesta, joka tuntuu todella miellytt\u00e4v\u00e4lt\u00e4 p\u00e4\u00e4ll\u00e4. Ei resoreja lahkeissa.<\/p>\n<p>Vasempaan reiteen painettu valkoinen VVS logo.<\/p>\n<p>MATERIAALI: 65 % polyesteri\u00e4, 35 % puuvillaa<\/p>\n<p>KOOT:<\/p>\n<p>Lasten: 122\/128cm, 134\/140cm, 146\/152cm, 158\/164cm<br \/>\nMiesten: XS, S, M, L, XL, XXL<\/p>\n<p>V\u00e4ri: meleerattu harmaa<\/p>\n","category_list_v2":"","author_info_v2":{"name":"","url":""},"comments_num_v2":"0 comments","_links":{"self":[{"href":"https:\/\/www.teamplace.eu\/vvs\/wp-json\/wp\/v2\/product\/2390","targetHints":{"allow":["GET"]}}],"collection":[{"href":"https:\/\/www.teamplace.eu\/vvs\/wp-json\/wp\/v2\/product"}],"about":[{"href":"https:\/\/www.teamplace.eu\/vvs\/wp-json\/wp\/v2\/types\/product"}],"replies":[{"embeddable":true,"href":"https:\/\/www.teamplace.eu\/vvs\/wp-json\/wp\/v2\/comments?post=2390"}],"wp:featuredmedia":[{"embeddable":true,"href":"https:\/\/www.teamplace.eu\/vvs\/wp-json\/wp\/v2\/media\/2388"}],"wp:attachment":[{"href":"https:\/\/www.teamplace.eu\/vvs\/wp-json\/wp\/v2\/media?parent=2390"}],"wp:term":[{"taxonomy":"product_brand","embeddable":true,"href":"https:\/\/www.teamplace.eu\/vvs\/wp-json\/wp\/v2\/product_brand?post=2390"},{"taxonomy":"product_cat","embeddable":true,"href":"https:\/\/www.teamplace.eu\/vvs\/wp-json\/wp\/v2\/product_cat?post=2390"},{"taxonomy":"product_tag","embeddable":true,"href":"https:\/\/www.teamplace.eu\/vvs\/wp-json\/wp\/v2\/product_tag?post=2390"}],"curies":[{"name":"wp","href":"https:\/\/api.w.org\/{rel}","templated":true}]}}