
{"id":2374,"date":"2024-09-24T09:54:24","date_gmt":"2024-09-24T06:54:24","guid":{"rendered":"https:\/\/www.teamplace.eu\/vvs\/?post_type=product&#038;p=2374"},"modified":"2024-09-24T10:05:58","modified_gmt":"2024-09-24T07:05:58","slug":"craft-harkkahousut-vvs-tummansininen","status":"publish","type":"product","link":"https:\/\/www.teamplace.eu\/vvs\/product\/craft-harkkahousut-vvs-tummansininen\/","title":{"rendered":"Craft harkkahousut VVS \/tummansininen"},"content":{"rendered":"<p>Tekniset treenihousut on valmistettu joustavasta, kudotusta kankaasta, joka tarjoaa tehokkaan kosteudensiirron. P\u00e4ivitetty materiaali joustaa paremmin ja lis\u00e4\u00e4 liikkumisen vapautta sek\u00e4 mukavuutta. Kierr\u00e4tetyst\u00e4 polyesterist\u00e4 valmistettu vaate edustaa uuden sukupolven urheiluvaatteita, jotka on suunniteltu ymp\u00e4rist\u00f6jalanj\u00e4lke\u00e4 pienent\u00e4viksi. Lis\u00e4ksi housuissa on kaksi sivutaskua sek\u00e4 vetoketju lahkeensuissa, joten ne on helppo pukea ja riisua. Housujen malli on unisex.<\/p>\n<p>Vasempaan reiteen painettu valkoinen VVS logo.<\/p>\n<p>MATERIAALI: 100% polyester<\/p>\n<p>KOOT:<\/p>\n<p>Unisex: XS, S, M, L, XL, XXL<br \/>\nLasten: 122\/128cm, 134\/140cm, 146\/152cm, 158\/164cm<\/p>\n","protected":false},"excerpt":{"rendered":"<p>Tekniset treenihousut on valmistettu joustavasta, kudotusta kankaasta, joka tarjoaa tehokkaan kosteudensiirron. P\u00e4ivitetty materiaali joustaa paremmin ja lis\u00e4\u00e4 liikkumisen vapautta sek\u00e4 mukavuutta. Kierr\u00e4tetyst\u00e4 polyesterist\u00e4 valmistettu vaate edustaa uuden sukupolven urheiluvaatteita, jotka on suunniteltu ymp\u00e4rist\u00f6jalanj\u00e4lke\u00e4 pienent\u00e4viksi. Lis\u00e4ksi housuissa on kaksi sivutaskua sek\u00e4 vetoketju lahkeensuissa, joten ne on helppo pukea ja riisua. Housujen malli on unisex.<\/p>\n<p>Vasempaan reiteen painettu valkoinen VVS logo.<\/p>\n<p>MATERIAALI: 100% polyester<\/p>\n<p>KOOT:<\/p>\n<p>Unisex: XS, S, M, L, XL, XXL<br \/>\nLasten: 122\/128cm, 134\/140cm, 146\/152cm, 158\/164cm<\/p>\n","protected":false},"featured_media":2371,"comment_status":"open","ping_status":"closed","template":"","meta":[],"product_brand":[],"product_cat":[75],"product_tag":[],"class_list":{"0":"post-2374","1":"product","2":"type-product","3":"status-publish","4":"has-post-thumbnail","6":"product_cat-vvs-tuotteet","8":"first","9":"instock","10":"taxable","11":"shipping-taxable","12":"purchasable","13":"product-type-variable"},"exclude_global_add_ons":[],"addons":[],"featured_image_urls_v2":{"full":["https:\/\/www.teamplace.eu\/vvs\/wp-content\/uploads\/sites\/121\/2024\/09\/Rush-training-pant-navy-etu-vvs.png",533,533,false],"thumbnail":["https:\/\/www.teamplace.eu\/vvs\/wp-content\/uploads\/sites\/121\/2024\/09\/Rush-training-pant-navy-etu-vvs-150x150.png",150,150,true],"medium":["https:\/\/www.teamplace.eu\/vvs\/wp-content\/uploads\/sites\/121\/2024\/09\/Rush-training-pant-navy-etu-vvs-300x300.png",300,300,true],"medium_large":["https:\/\/www.teamplace.eu\/vvs\/wp-content\/uploads\/sites\/121\/2024\/09\/Rush-training-pant-navy-etu-vvs.png",533,533,false],"large":["https:\/\/www.teamplace.eu\/vvs\/wp-content\/uploads\/sites\/121\/2024\/09\/Rush-training-pant-navy-etu-vvs.png",533,533,false],"1536x1536":["https:\/\/www.teamplace.eu\/vvs\/wp-content\/uploads\/sites\/121\/2024\/09\/Rush-training-pant-navy-etu-vvs.png",533,533,false],"2048x2048":["https:\/\/www.teamplace.eu\/vvs\/wp-content\/uploads\/sites\/121\/2024\/09\/Rush-training-pant-navy-etu-vvs.png",533,533,false],"post-thumbnail":["https:\/\/www.teamplace.eu\/vvs\/wp-content\/uploads\/sites\/121\/2024\/09\/Rush-training-pant-navy-etu-vvs.png",533,533,false],"twentytwenty-fullscreen":["https:\/\/www.teamplace.eu\/vvs\/wp-content\/uploads\/sites\/121\/2024\/09\/Rush-training-pant-navy-etu-vvs.png",533,533,false],"woocommerce_thumbnail":["https:\/\/www.teamplace.eu\/vvs\/wp-content\/uploads\/sites\/121\/2024\/09\/Rush-training-pant-navy-etu-vvs-450x450.png",450,450,true],"woocommerce_single":["https:\/\/www.teamplace.eu\/vvs\/wp-content\/uploads\/sites\/121\/2024\/09\/Rush-training-pant-navy-etu-vvs.png",533,533,false],"woocommerce_gallery_thumbnail":["https:\/\/www.teamplace.eu\/vvs\/wp-content\/uploads\/sites\/121\/2024\/09\/Rush-training-pant-navy-etu-vvs-100x100.png",100,100,true]},"post_excerpt_stackable_v2":"<p>Tekniset treenihousut on valmistettu joustavasta, kudotusta kankaasta, joka tarjoaa tehokkaan kosteudensiirron. P\u00e4ivitetty materiaali joustaa paremmin ja lis\u00e4\u00e4 liikkumisen vapautta sek\u00e4 mukavuutta. Kierr\u00e4tetyst\u00e4 polyesterist\u00e4 valmistettu vaate edustaa uuden sukupolven urheiluvaatteita, jotka on suunniteltu ymp\u00e4rist\u00f6jalanj\u00e4lke\u00e4 pienent\u00e4viksi. Lis\u00e4ksi housuissa on kaksi sivutaskua sek\u00e4 vetoketju lahkeensuissa, joten ne on helppo pukea ja riisua. Housujen malli on unisex.<\/p>\n<p>Vasempaan reiteen painettu valkoinen VVS logo.<\/p>\n<p>MATERIAALI: 100% polyester<\/p>\n<p>KOOT:<\/p>\n<p>Unisex: XS, S, M, L, XL, XXL<br \/>\nLasten: 122\/128cm, 134\/140cm, 146\/152cm, 158\/164cm<\/p>\n","category_list_v2":"","author_info_v2":{"name":"","url":""},"comments_num_v2":"0 comments","_links":{"self":[{"href":"https:\/\/www.teamplace.eu\/vvs\/wp-json\/wp\/v2\/product\/2374","targetHints":{"allow":["GET"]}}],"collection":[{"href":"https:\/\/www.teamplace.eu\/vvs\/wp-json\/wp\/v2\/product"}],"about":[{"href":"https:\/\/www.teamplace.eu\/vvs\/wp-json\/wp\/v2\/types\/product"}],"replies":[{"embeddable":true,"href":"https:\/\/www.teamplace.eu\/vvs\/wp-json\/wp\/v2\/comments?post=2374"}],"wp:featuredmedia":[{"embeddable":true,"href":"https:\/\/www.teamplace.eu\/vvs\/wp-json\/wp\/v2\/media\/2371"}],"wp:attachment":[{"href":"https:\/\/www.teamplace.eu\/vvs\/wp-json\/wp\/v2\/media?parent=2374"}],"wp:term":[{"taxonomy":"product_brand","embeddable":true,"href":"https:\/\/www.teamplace.eu\/vvs\/wp-json\/wp\/v2\/product_brand?post=2374"},{"taxonomy":"product_cat","embeddable":true,"href":"https:\/\/www.teamplace.eu\/vvs\/wp-json\/wp\/v2\/product_cat?post=2374"},{"taxonomy":"product_tag","embeddable":true,"href":"https:\/\/www.teamplace.eu\/vvs\/wp-json\/wp\/v2\/product_tag?post=2374"}],"curies":[{"name":"wp","href":"https:\/\/api.w.org\/{rel}","templated":true}]}}