
{"id":2339,"date":"2024-09-23T22:47:37","date_gmt":"2024-09-23T19:47:37","guid":{"rendered":"https:\/\/www.teamplace.eu\/vvs\/?post_type=product&#038;p=2339"},"modified":"2024-09-23T23:34:51","modified_gmt":"2024-09-23T20:34:51","slug":"toppaliivi-vvs-tummansininen","status":"publish","type":"product","link":"https:\/\/www.teamplace.eu\/vvs\/product\/toppaliivi-vvs-tummansininen\/","title":{"rendered":"Toppaliivi VVS \/tummansininen"},"content":{"rendered":"<p>L\u00e4mmin ja kevyt toppaliivi untuvaa muistuttavalla toppauksella. Valmistettu kierr\u00e4tetyst\u00e4 polyamidista. Irrotettava huppu, 3 vetoketjullista ulkotaskua ja 2 sis\u00e4taskua. Joustavat resorit vy\u00f6t\u00e4r\u00f6ll\u00e4 ja hihoissa. Mukana v\u00e4rillinen ripustin, k\u00e4tev\u00e4 kuulokeratkaisu ja vetoketjun vedin.<\/p>\n<p>Toppaliivin vasempaan rintaan brodeerattu valkoinen VVS logobrodeeraus, sel\u00e4ss\u00e4 iso VVS logobrodeeraus.<\/p>\n<p>MATERIAALI: 100% polyester<\/p>\n<p>KOOT:<\/p>\n<p>Naisten XS, S, M, L, XL, XXL<br \/>\nMittataulukko tuotekuvien yhteydess\u00e4<\/p>\n","protected":false},"excerpt":{"rendered":"<p>L\u00e4mmin ja kevyt toppaliivi untuvaa muistuttavalla toppauksella. Valmistettu kierr\u00e4tetyst\u00e4 polyamidista. Irrotettava huppu, 3 vetoketjullista ulkotaskua ja 2 sis\u00e4taskua. Joustavat resorit vy\u00f6t\u00e4r\u00f6ll\u00e4 ja hihoissa. Mukana v\u00e4rillinen ripustin, k\u00e4tev\u00e4 kuulokeratkaisu ja vetoketjun vedin.<\/p>\n<p>Toppaliivin vasempaan rintaan brodeerattu valkoinen VVS logobrodeeraus, sel\u00e4ss\u00e4 iso VVS logobrodeeraus.<\/p>\n<p>MATERIAALI: 100% polyester<\/p>\n<p>KOOT:<\/p>\n<p>Naisten XS, S, M, L, XL, XXL<br \/>\nMittataulukko tuotekuvien yhteydess\u00e4<\/p>\n","protected":false},"featured_media":2298,"comment_status":"open","ping_status":"closed","template":"","meta":[],"product_brand":[],"product_cat":[75],"product_tag":[],"class_list":{"0":"post-2339","1":"product","2":"type-product","3":"status-publish","4":"has-post-thumbnail","6":"product_cat-vvs-tuotteet","8":"first","9":"instock","10":"taxable","11":"shipping-taxable","12":"purchasable","13":"product-type-variable"},"exclude_global_add_ons":[],"addons":[],"featured_image_urls_v2":{"full":["https:\/\/www.teamplace.eu\/vvs\/wp-content\/uploads\/sites\/121\/2024\/09\/Idaho-vest-navy-etu-vvs.png",532,533,false],"thumbnail":["https:\/\/www.teamplace.eu\/vvs\/wp-content\/uploads\/sites\/121\/2024\/09\/Idaho-vest-navy-etu-vvs-150x150.png",150,150,true],"medium":["https:\/\/www.teamplace.eu\/vvs\/wp-content\/uploads\/sites\/121\/2024\/09\/Idaho-vest-navy-etu-vvs-300x300.png",300,300,true],"medium_large":["https:\/\/www.teamplace.eu\/vvs\/wp-content\/uploads\/sites\/121\/2024\/09\/Idaho-vest-navy-etu-vvs.png",532,533,false],"large":["https:\/\/www.teamplace.eu\/vvs\/wp-content\/uploads\/sites\/121\/2024\/09\/Idaho-vest-navy-etu-vvs.png",532,533,false],"1536x1536":["https:\/\/www.teamplace.eu\/vvs\/wp-content\/uploads\/sites\/121\/2024\/09\/Idaho-vest-navy-etu-vvs.png",532,533,false],"2048x2048":["https:\/\/www.teamplace.eu\/vvs\/wp-content\/uploads\/sites\/121\/2024\/09\/Idaho-vest-navy-etu-vvs.png",532,533,false],"post-thumbnail":["https:\/\/www.teamplace.eu\/vvs\/wp-content\/uploads\/sites\/121\/2024\/09\/Idaho-vest-navy-etu-vvs.png",532,533,false],"twentytwenty-fullscreen":["https:\/\/www.teamplace.eu\/vvs\/wp-content\/uploads\/sites\/121\/2024\/09\/Idaho-vest-navy-etu-vvs.png",532,533,false],"woocommerce_thumbnail":["https:\/\/www.teamplace.eu\/vvs\/wp-content\/uploads\/sites\/121\/2024\/09\/Idaho-vest-navy-etu-vvs-450x450.png",450,450,true],"woocommerce_single":["https:\/\/www.teamplace.eu\/vvs\/wp-content\/uploads\/sites\/121\/2024\/09\/Idaho-vest-navy-etu-vvs.png",532,533,false],"woocommerce_gallery_thumbnail":["https:\/\/www.teamplace.eu\/vvs\/wp-content\/uploads\/sites\/121\/2024\/09\/Idaho-vest-navy-etu-vvs-100x100.png",100,100,true]},"post_excerpt_stackable_v2":"<p>L\u00e4mmin ja kevyt toppaliivi untuvaa muistuttavalla toppauksella. Valmistettu kierr\u00e4tetyst\u00e4 polyamidista. Irrotettava huppu, 3 vetoketjullista ulkotaskua ja 2 sis\u00e4taskua. Joustavat resorit vy\u00f6t\u00e4r\u00f6ll\u00e4 ja hihoissa. Mukana v\u00e4rillinen ripustin, k\u00e4tev\u00e4 kuulokeratkaisu ja vetoketjun vedin.<\/p>\n<p>Toppaliivin vasempaan rintaan brodeerattu valkoinen VVS logobrodeeraus, sel\u00e4ss\u00e4 iso VVS logobrodeeraus.<\/p>\n<p>MATERIAALI: 100% polyester<\/p>\n<p>KOOT:<\/p>\n<p>Naisten XS, S, M, L, XL, XXL<br \/>\nMittataulukko tuotekuvien yhteydess\u00e4<\/p>\n","category_list_v2":"","author_info_v2":{"name":"","url":""},"comments_num_v2":"0 comments","_links":{"self":[{"href":"https:\/\/www.teamplace.eu\/vvs\/wp-json\/wp\/v2\/product\/2339","targetHints":{"allow":["GET"]}}],"collection":[{"href":"https:\/\/www.teamplace.eu\/vvs\/wp-json\/wp\/v2\/product"}],"about":[{"href":"https:\/\/www.teamplace.eu\/vvs\/wp-json\/wp\/v2\/types\/product"}],"replies":[{"embeddable":true,"href":"https:\/\/www.teamplace.eu\/vvs\/wp-json\/wp\/v2\/comments?post=2339"}],"wp:featuredmedia":[{"embeddable":true,"href":"https:\/\/www.teamplace.eu\/vvs\/wp-json\/wp\/v2\/media\/2298"}],"wp:attachment":[{"href":"https:\/\/www.teamplace.eu\/vvs\/wp-json\/wp\/v2\/media?parent=2339"}],"wp:term":[{"taxonomy":"product_brand","embeddable":true,"href":"https:\/\/www.teamplace.eu\/vvs\/wp-json\/wp\/v2\/product_brand?post=2339"},{"taxonomy":"product_cat","embeddable":true,"href":"https:\/\/www.teamplace.eu\/vvs\/wp-json\/wp\/v2\/product_cat?post=2339"},{"taxonomy":"product_tag","embeddable":true,"href":"https:\/\/www.teamplace.eu\/vvs\/wp-json\/wp\/v2\/product_tag?post=2339"}],"curies":[{"name":"wp","href":"https:\/\/api.w.org\/{rel}","templated":true}]}}