
{"id":2310,"date":"2024-09-23T21:54:23","date_gmt":"2024-09-23T18:54:23","guid":{"rendered":"https:\/\/www.teamplace.eu\/vvs\/?post_type=product&#038;p=2310"},"modified":"2024-09-23T22:00:54","modified_gmt":"2024-09-23T19:00:54","slug":"craft-tekninen-pitkahihainen-vvs-musta","status":"publish","type":"product","link":"https:\/\/www.teamplace.eu\/vvs\/product\/craft-tekninen-pitkahihainen-vvs-musta\/","title":{"rendered":"Craft tekninen pitk\u00e4hihainen VVS \/musta"},"content":{"rendered":"<p>Craftin kevyt pitk\u00e4hihainen treenipaita, joka siirt\u00e4\u00e4 tehokkaasti kosteutta. Kierr\u00e4tetyst\u00e4 polyesterist\u00e4 valmistettu vaate edustaa uuden sukupolven urheiluvaatteita, jotka on suunniteltu ymp\u00e4rist\u00f6jalanj\u00e4lke\u00e4 pienent\u00e4viksi.<\/p>\n<p>Paidan vasempaan rintaan painettu valkoinen pieni VVS logo ja sel\u00e4ss\u00e4 iso VVS logo.<\/p>\n<p>MATERIAALI: 100% polyesteri<\/p>\n<p>KOOT:<\/p>\n<p>Lasten: 122\/128cm, 134\/140cm, 146\/152cm, 158\/164cm<br \/>\nNaisten: XS, S, M, L, XL, XXL<\/p>\n<p>V\u00e4ri: musta<\/p>\n","protected":false},"excerpt":{"rendered":"<p>Craftin kevyt pitk\u00e4hihainen treenipaita, joka siirt\u00e4\u00e4 tehokkaasti kosteutta. Kierr\u00e4tetyst\u00e4 polyesterist\u00e4 valmistettu vaate edustaa uuden sukupolven urheiluvaatteita, jotka on suunniteltu ymp\u00e4rist\u00f6jalanj\u00e4lke\u00e4 pienent\u00e4viksi.<\/p>\n<p>Paidan vasempaan rintaan painettu valkoinen pieni VVS logo ja sel\u00e4ss\u00e4 iso VVS logo.<\/p>\n<p>MATERIAALI: 100% polyesteri<\/p>\n<p>KOOT:<\/p>\n<p>Lasten: 122\/128cm, 134\/140cm, 146\/152cm, 158\/164cm<br \/>\nNaisten: XS, S, M, L, XL, XXL<\/p>\n<p>V\u00e4ri: musta<\/p>\n","protected":false},"featured_media":2305,"comment_status":"open","ping_status":"closed","template":"","meta":[],"product_brand":[],"product_cat":[75],"product_tag":[],"class_list":{"0":"post-2310","1":"product","2":"type-product","3":"status-publish","4":"has-post-thumbnail","6":"product_cat-vvs-tuotteet","8":"first","9":"instock","10":"taxable","11":"shipping-taxable","12":"purchasable","13":"product-type-variable"},"exclude_global_add_ons":[],"addons":[],"featured_image_urls_v2":{"full":["https:\/\/www.teamplace.eu\/vvs\/wp-content\/uploads\/sites\/121\/2024\/09\/Rush-2.0-LS-tee-musta-etu-vvs.png",533,532,false],"thumbnail":["https:\/\/www.teamplace.eu\/vvs\/wp-content\/uploads\/sites\/121\/2024\/09\/Rush-2.0-LS-tee-musta-etu-vvs-150x150.png",150,150,true],"medium":["https:\/\/www.teamplace.eu\/vvs\/wp-content\/uploads\/sites\/121\/2024\/09\/Rush-2.0-LS-tee-musta-etu-vvs-300x300.png",300,300,true],"medium_large":["https:\/\/www.teamplace.eu\/vvs\/wp-content\/uploads\/sites\/121\/2024\/09\/Rush-2.0-LS-tee-musta-etu-vvs.png",533,532,false],"large":["https:\/\/www.teamplace.eu\/vvs\/wp-content\/uploads\/sites\/121\/2024\/09\/Rush-2.0-LS-tee-musta-etu-vvs.png",533,532,false],"1536x1536":["https:\/\/www.teamplace.eu\/vvs\/wp-content\/uploads\/sites\/121\/2024\/09\/Rush-2.0-LS-tee-musta-etu-vvs.png",533,532,false],"2048x2048":["https:\/\/www.teamplace.eu\/vvs\/wp-content\/uploads\/sites\/121\/2024\/09\/Rush-2.0-LS-tee-musta-etu-vvs.png",533,532,false],"post-thumbnail":["https:\/\/www.teamplace.eu\/vvs\/wp-content\/uploads\/sites\/121\/2024\/09\/Rush-2.0-LS-tee-musta-etu-vvs.png",533,532,false],"twentytwenty-fullscreen":["https:\/\/www.teamplace.eu\/vvs\/wp-content\/uploads\/sites\/121\/2024\/09\/Rush-2.0-LS-tee-musta-etu-vvs.png",533,532,false],"woocommerce_thumbnail":["https:\/\/www.teamplace.eu\/vvs\/wp-content\/uploads\/sites\/121\/2024\/09\/Rush-2.0-LS-tee-musta-etu-vvs-450x450.png",450,450,true],"woocommerce_single":["https:\/\/www.teamplace.eu\/vvs\/wp-content\/uploads\/sites\/121\/2024\/09\/Rush-2.0-LS-tee-musta-etu-vvs.png",533,532,false],"woocommerce_gallery_thumbnail":["https:\/\/www.teamplace.eu\/vvs\/wp-content\/uploads\/sites\/121\/2024\/09\/Rush-2.0-LS-tee-musta-etu-vvs-100x100.png",100,100,true]},"post_excerpt_stackable_v2":"<p>Craftin kevyt pitk\u00e4hihainen treenipaita, joka siirt\u00e4\u00e4 tehokkaasti kosteutta. Kierr\u00e4tetyst\u00e4 polyesterist\u00e4 valmistettu vaate edustaa uuden sukupolven urheiluvaatteita, jotka on suunniteltu ymp\u00e4rist\u00f6jalanj\u00e4lke\u00e4 pienent\u00e4viksi.<\/p>\n<p>Paidan vasempaan rintaan painettu valkoinen pieni VVS logo ja sel\u00e4ss\u00e4 iso VVS logo.<\/p>\n<p>MATERIAALI: 100% polyesteri<\/p>\n<p>KOOT:<\/p>\n<p>Lasten: 122\/128cm, 134\/140cm, 146\/152cm, 158\/164cm<br \/>\nNaisten: XS, S, M, L, XL, XXL<\/p>\n<p>V\u00e4ri: musta<\/p>\n","category_list_v2":"","author_info_v2":{"name":"","url":""},"comments_num_v2":"0 comments","_links":{"self":[{"href":"https:\/\/www.teamplace.eu\/vvs\/wp-json\/wp\/v2\/product\/2310","targetHints":{"allow":["GET"]}}],"collection":[{"href":"https:\/\/www.teamplace.eu\/vvs\/wp-json\/wp\/v2\/product"}],"about":[{"href":"https:\/\/www.teamplace.eu\/vvs\/wp-json\/wp\/v2\/types\/product"}],"replies":[{"embeddable":true,"href":"https:\/\/www.teamplace.eu\/vvs\/wp-json\/wp\/v2\/comments?post=2310"}],"wp:featuredmedia":[{"embeddable":true,"href":"https:\/\/www.teamplace.eu\/vvs\/wp-json\/wp\/v2\/media\/2305"}],"wp:attachment":[{"href":"https:\/\/www.teamplace.eu\/vvs\/wp-json\/wp\/v2\/media?parent=2310"}],"wp:term":[{"taxonomy":"product_brand","embeddable":true,"href":"https:\/\/www.teamplace.eu\/vvs\/wp-json\/wp\/v2\/product_brand?post=2310"},{"taxonomy":"product_cat","embeddable":true,"href":"https:\/\/www.teamplace.eu\/vvs\/wp-json\/wp\/v2\/product_cat?post=2310"},{"taxonomy":"product_tag","embeddable":true,"href":"https:\/\/www.teamplace.eu\/vvs\/wp-json\/wp\/v2\/product_tag?post=2310"}],"curies":[{"name":"wp","href":"https:\/\/api.w.org\/{rel}","templated":true}]}}