
{"id":2240,"date":"2024-01-10T14:02:13","date_gmt":"2024-01-10T12:02:13","guid":{"rendered":"https:\/\/www.teamplace.eu\/vvs\/?post_type=product&#038;p=2240"},"modified":"2025-05-06T16:55:07","modified_gmt":"2025-05-06T13:55:07","slug":"edustustakki-vvs","status":"publish","type":"product","link":"https:\/\/www.teamplace.eu\/vvs\/product\/edustustakki-vvs\/","title":{"rendered":"Craft edustushuppari VVS \/tummansininen"},"content":{"rendered":"<p>Craftin joustava ja laadukas teknisest\u00e4 materiaalista valmistettu vetoketjuhuppari. Monipuolinen huppari on valmistettu pehme\u00e4st\u00e4 ja teknisest\u00e4 polyesterikankaasta, jonka harjattu sis\u00e4puoli lis\u00e4\u00e4 mukavuutta. Hupussa kaksinkertainen kangas ja alasel\u00e4ss\u00e4 joustava resori. Kierr\u00e4tetyst\u00e4 materiaalista valmistettu vaate edustaa uuden sukupolven urheiluvaatteita, jotka on suunniteltu pienent\u00e4m\u00e4\u00e4n ymp\u00e4rist\u00f6jalanj\u00e4lke\u00e4.<\/p>\n<p>CRAFT ON P\u00c4IVITT\u00c4NYT TUOTETTA JA MATERIAALI ON AIEMMASTA MALLISTA POIKKEAVA.<\/p>\n<p>Takin vasempaan rintaan painettu valkoinen VVS logo, sel\u00e4ss\u00e4 iso VVS logo.<\/p>\n<p>MATERIAALI: 100% polyester<\/p>\n<p>KOOT:<\/p>\n<p>Naisten: XS, S, M, L, XL, XXL<br \/>\nLasten: 122\/128cm, 134\/140cm, 146\/152cm, 158\/164cm<\/p>\n","protected":false},"excerpt":{"rendered":"<p>Craftin joustava ja laadukas teknisest\u00e4 materiaalista valmistettu vetoketjuhuppari. Monipuolinen huppari on valmistettu pehme\u00e4st\u00e4 ja teknisest\u00e4 polyesterikankaasta, jonka harjattu sis\u00e4puoli lis\u00e4\u00e4 mukavuutta. Hupussa kaksinkertainen kangas ja alasel\u00e4ss\u00e4 joustava resori. Kierr\u00e4tetyst\u00e4 materiaalista valmistettu vaate edustaa uuden sukupolven urheiluvaatteita, jotka on suunniteltu pienent\u00e4m\u00e4\u00e4n ymp\u00e4rist\u00f6jalanj\u00e4lke\u00e4.<\/p>\n<p>CRAFT ON P\u00c4IVITT\u00c4NYT TUOTETTA JA MATERIAALI ON AIEMMASTA MALLISTA POIKKEAVA.<\/p>\n<p>Takin vasempaan rintaan painettu valkoinen VVS logo, sel\u00e4ss\u00e4 iso VVS logo.<\/p>\n<p>MATERIAALI: 100% polyester<\/p>\n<p>KOOT:<\/p>\n<p>Naisten: XS, S, M, L, XL, XXL<br \/>\nLasten: 122\/128cm, 134\/140cm, 146\/152cm, 158\/164cm<\/p>\n","protected":false},"featured_media":2447,"comment_status":"open","ping_status":"closed","template":"","meta":[],"product_brand":[],"product_cat":[75],"product_tag":[],"class_list":{"0":"post-2240","1":"product","2":"type-product","3":"status-publish","4":"has-post-thumbnail","6":"product_cat-vvs-tuotteet","8":"first","9":"instock","10":"taxable","11":"shipping-taxable","12":"purchasable","13":"product-type-variable"},"exclude_global_add_ons":[],"addons":[],"featured_image_urls_v2":{"full":["https:\/\/www.teamplace.eu\/vvs\/wp-content\/uploads\/sites\/121\/2024\/01\/Craft-Evolve-Hooded-brushed-jacket-navy-etu-vvs.png",533,532,false],"thumbnail":["https:\/\/www.teamplace.eu\/vvs\/wp-content\/uploads\/sites\/121\/2024\/01\/Craft-Evolve-Hooded-brushed-jacket-navy-etu-vvs-150x150.png",150,150,true],"medium":["https:\/\/www.teamplace.eu\/vvs\/wp-content\/uploads\/sites\/121\/2024\/01\/Craft-Evolve-Hooded-brushed-jacket-navy-etu-vvs-300x300.png",300,300,true],"medium_large":["https:\/\/www.teamplace.eu\/vvs\/wp-content\/uploads\/sites\/121\/2024\/01\/Craft-Evolve-Hooded-brushed-jacket-navy-etu-vvs.png",533,532,false],"large":["https:\/\/www.teamplace.eu\/vvs\/wp-content\/uploads\/sites\/121\/2024\/01\/Craft-Evolve-Hooded-brushed-jacket-navy-etu-vvs.png",533,532,false],"1536x1536":["https:\/\/www.teamplace.eu\/vvs\/wp-content\/uploads\/sites\/121\/2024\/01\/Craft-Evolve-Hooded-brushed-jacket-navy-etu-vvs.png",533,532,false],"2048x2048":["https:\/\/www.teamplace.eu\/vvs\/wp-content\/uploads\/sites\/121\/2024\/01\/Craft-Evolve-Hooded-brushed-jacket-navy-etu-vvs.png",533,532,false],"post-thumbnail":["https:\/\/www.teamplace.eu\/vvs\/wp-content\/uploads\/sites\/121\/2024\/01\/Craft-Evolve-Hooded-brushed-jacket-navy-etu-vvs.png",533,532,false],"twentytwenty-fullscreen":["https:\/\/www.teamplace.eu\/vvs\/wp-content\/uploads\/sites\/121\/2024\/01\/Craft-Evolve-Hooded-brushed-jacket-navy-etu-vvs.png",533,532,false],"woocommerce_thumbnail":["https:\/\/www.teamplace.eu\/vvs\/wp-content\/uploads\/sites\/121\/2024\/01\/Craft-Evolve-Hooded-brushed-jacket-navy-etu-vvs-450x450.png",450,450,true],"woocommerce_single":["https:\/\/www.teamplace.eu\/vvs\/wp-content\/uploads\/sites\/121\/2024\/01\/Craft-Evolve-Hooded-brushed-jacket-navy-etu-vvs.png",533,532,false],"woocommerce_gallery_thumbnail":["https:\/\/www.teamplace.eu\/vvs\/wp-content\/uploads\/sites\/121\/2024\/01\/Craft-Evolve-Hooded-brushed-jacket-navy-etu-vvs-100x100.png",100,100,true]},"post_excerpt_stackable_v2":"<p>Craftin joustava ja laadukas teknisest\u00e4 materiaalista valmistettu vetoketjuhuppari. Monipuolinen huppari on valmistettu pehme\u00e4st\u00e4 ja teknisest\u00e4 polyesterikankaasta, jonka harjattu sis\u00e4puoli lis\u00e4\u00e4 mukavuutta. Hupussa kaksinkertainen kangas ja alasel\u00e4ss\u00e4 joustava resori. Kierr\u00e4tetyst\u00e4 materiaalista valmistettu vaate edustaa uuden sukupolven urheiluvaatteita, jotka on suunniteltu pienent\u00e4m\u00e4\u00e4n ymp\u00e4rist\u00f6jalanj\u00e4lke\u00e4.<\/p>\n<p>CRAFT ON P\u00c4IVITT\u00c4NYT TUOTETTA JA MATERIAALI ON AIEMMASTA MALLISTA POIKKEAVA.<\/p>\n<p>Takin vasempaan rintaan painettu valkoinen VVS logo, sel\u00e4ss\u00e4 iso VVS logo.<\/p>\n<p>MATERIAALI: 100% polyester<\/p>\n<p>KOOT:<\/p>\n<p>Naisten: XS, S, M, L, XL, XXL<br \/>\nLasten: 122\/128cm, 134\/140cm, 146\/152cm, 158\/164cm<\/p>\n","category_list_v2":"","author_info_v2":{"name":"","url":""},"comments_num_v2":"0 comments","_links":{"self":[{"href":"https:\/\/www.teamplace.eu\/vvs\/wp-json\/wp\/v2\/product\/2240","targetHints":{"allow":["GET"]}}],"collection":[{"href":"https:\/\/www.teamplace.eu\/vvs\/wp-json\/wp\/v2\/product"}],"about":[{"href":"https:\/\/www.teamplace.eu\/vvs\/wp-json\/wp\/v2\/types\/product"}],"replies":[{"embeddable":true,"href":"https:\/\/www.teamplace.eu\/vvs\/wp-json\/wp\/v2\/comments?post=2240"}],"wp:featuredmedia":[{"embeddable":true,"href":"https:\/\/www.teamplace.eu\/vvs\/wp-json\/wp\/v2\/media\/2447"}],"wp:attachment":[{"href":"https:\/\/www.teamplace.eu\/vvs\/wp-json\/wp\/v2\/media?parent=2240"}],"wp:term":[{"taxonomy":"product_brand","embeddable":true,"href":"https:\/\/www.teamplace.eu\/vvs\/wp-json\/wp\/v2\/product_brand?post=2240"},{"taxonomy":"product_cat","embeddable":true,"href":"https:\/\/www.teamplace.eu\/vvs\/wp-json\/wp\/v2\/product_cat?post=2240"},{"taxonomy":"product_tag","embeddable":true,"href":"https:\/\/www.teamplace.eu\/vvs\/wp-json\/wp\/v2\/product_tag?post=2240"}],"curies":[{"name":"wp","href":"https:\/\/api.w.org\/{rel}","templated":true}]}}