
{"id":2121,"date":"2024-01-04T16:25:42","date_gmt":"2024-01-04T14:25:42","guid":{"rendered":"https:\/\/www.teamplace.eu\/vvs\/?post_type=product&#038;p=2121"},"modified":"2025-05-06T17:00:15","modified_gmt":"2025-05-06T14:00:15","slug":"craft-tekninen-tpaita-musta","status":"publish","type":"product","link":"https:\/\/www.teamplace.eu\/vvs\/product\/craft-tekninen-tpaita-musta\/","title":{"rendered":"Craft tekninen T-paita VVS \/musta"},"content":{"rendered":"<p>Craftin kevyt tekninen treeni t-paita, joka siirt\u00e4\u00e4 tehokkaasti kosteutta. Kierr\u00e4tetyst\u00e4 polyesterist\u00e4 valmistettu vaate edustaa uuden sukupolven urheiluvaatteita, jotka on suunniteltu ymp\u00e4rist\u00f6jalanj\u00e4lke\u00e4 pienent\u00e4viksi.<\/p>\n<p>CRAFT ON P\u00c4IVITT\u00c4NYT MALLIA JA TUOTE POIKKEAA AIEMMASTA.<\/p>\n<p>Paidan vasempaan rintaan painettu valkoinen pieni VVS logo ja sel\u00e4ss\u00e4 iso VVS logo.<\/p>\n<p>MATERIAALI: 100% polyesteri<\/p>\n<p>KOOT:<\/p>\n<p>Lasten: 122\/128cm, 134\/140cm, 146\/152cm, 158\/164cm<br \/>\nNaisten: XS, S, M, L, XL, XXL<\/p>\n<p>V\u00e4ri: musta<\/p>\n","protected":false},"excerpt":{"rendered":"<p>Craftin kevyt tekninen treeni t-paita, joka siirt\u00e4\u00e4 tehokkaasti kosteutta. Kierr\u00e4tetyst\u00e4 polyesterist\u00e4 valmistettu vaate edustaa uuden sukupolven urheiluvaatteita, jotka on suunniteltu ymp\u00e4rist\u00f6jalanj\u00e4lke\u00e4 pienent\u00e4viksi.<\/p>\n<p>CRAFT ON P\u00c4IVITT\u00c4NYT MALLIA JA TUOTE POIKKEAA AIEMMASTA.<\/p>\n<p>Paidan vasempaan rintaan painettu valkoinen pieni VVS logo ja sel\u00e4ss\u00e4 iso VVS logo.<\/p>\n<p>MATERIAALI: 100% polyesteri<\/p>\n<p>KOOT:<\/p>\n<p>Lasten: 122\/128cm, 134\/140cm, 146\/152cm, 158\/164cm<br \/>\nNaisten: XS, S, M, L, XL, XXL<\/p>\n<p>V\u00e4ri: musta<\/p>\n","protected":false},"featured_media":2449,"comment_status":"open","ping_status":"closed","template":"","meta":[],"product_brand":[],"product_cat":[75],"product_tag":[],"class_list":{"0":"post-2121","1":"product","2":"type-product","3":"status-publish","4":"has-post-thumbnail","6":"product_cat-vvs-tuotteet","8":"first","9":"instock","10":"taxable","11":"shipping-taxable","12":"purchasable","13":"product-type-variable"},"exclude_global_add_ons":[],"addons":[],"featured_image_urls_v2":{"full":["https:\/\/www.teamplace.eu\/vvs\/wp-content\/uploads\/sites\/121\/2024\/01\/Squad-Go-jersey-solid-musta-etu-vvs.png",532,532,false],"thumbnail":["https:\/\/www.teamplace.eu\/vvs\/wp-content\/uploads\/sites\/121\/2024\/01\/Squad-Go-jersey-solid-musta-etu-vvs-150x150.png",150,150,true],"medium":["https:\/\/www.teamplace.eu\/vvs\/wp-content\/uploads\/sites\/121\/2024\/01\/Squad-Go-jersey-solid-musta-etu-vvs-300x300.png",300,300,true],"medium_large":["https:\/\/www.teamplace.eu\/vvs\/wp-content\/uploads\/sites\/121\/2024\/01\/Squad-Go-jersey-solid-musta-etu-vvs.png",532,532,false],"large":["https:\/\/www.teamplace.eu\/vvs\/wp-content\/uploads\/sites\/121\/2024\/01\/Squad-Go-jersey-solid-musta-etu-vvs.png",532,532,false],"1536x1536":["https:\/\/www.teamplace.eu\/vvs\/wp-content\/uploads\/sites\/121\/2024\/01\/Squad-Go-jersey-solid-musta-etu-vvs.png",532,532,false],"2048x2048":["https:\/\/www.teamplace.eu\/vvs\/wp-content\/uploads\/sites\/121\/2024\/01\/Squad-Go-jersey-solid-musta-etu-vvs.png",532,532,false],"post-thumbnail":["https:\/\/www.teamplace.eu\/vvs\/wp-content\/uploads\/sites\/121\/2024\/01\/Squad-Go-jersey-solid-musta-etu-vvs.png",532,532,false],"twentytwenty-fullscreen":["https:\/\/www.teamplace.eu\/vvs\/wp-content\/uploads\/sites\/121\/2024\/01\/Squad-Go-jersey-solid-musta-etu-vvs.png",532,532,false],"woocommerce_thumbnail":["https:\/\/www.teamplace.eu\/vvs\/wp-content\/uploads\/sites\/121\/2024\/01\/Squad-Go-jersey-solid-musta-etu-vvs-450x450.png",450,450,true],"woocommerce_single":["https:\/\/www.teamplace.eu\/vvs\/wp-content\/uploads\/sites\/121\/2024\/01\/Squad-Go-jersey-solid-musta-etu-vvs.png",532,532,false],"woocommerce_gallery_thumbnail":["https:\/\/www.teamplace.eu\/vvs\/wp-content\/uploads\/sites\/121\/2024\/01\/Squad-Go-jersey-solid-musta-etu-vvs-100x100.png",100,100,true]},"post_excerpt_stackable_v2":"<p>Craftin kevyt tekninen treeni t-paita, joka siirt\u00e4\u00e4 tehokkaasti kosteutta. Kierr\u00e4tetyst\u00e4 polyesterist\u00e4 valmistettu vaate edustaa uuden sukupolven urheiluvaatteita, jotka on suunniteltu ymp\u00e4rist\u00f6jalanj\u00e4lke\u00e4 pienent\u00e4viksi.<\/p>\n<p>CRAFT ON P\u00c4IVITT\u00c4NYT MALLIA JA TUOTE POIKKEAA AIEMMASTA.<\/p>\n<p>Paidan vasempaan rintaan painettu valkoinen pieni VVS logo ja sel\u00e4ss\u00e4 iso VVS logo.<\/p>\n<p>MATERIAALI: 100% polyesteri<\/p>\n<p>KOOT:<\/p>\n<p>Lasten: 122\/128cm, 134\/140cm, 146\/152cm, 158\/164cm<br \/>\nNaisten: XS, S, M, L, XL, XXL<\/p>\n<p>V\u00e4ri: musta<\/p>\n","category_list_v2":"","author_info_v2":{"name":"","url":""},"comments_num_v2":"0 comments","_links":{"self":[{"href":"https:\/\/www.teamplace.eu\/vvs\/wp-json\/wp\/v2\/product\/2121","targetHints":{"allow":["GET"]}}],"collection":[{"href":"https:\/\/www.teamplace.eu\/vvs\/wp-json\/wp\/v2\/product"}],"about":[{"href":"https:\/\/www.teamplace.eu\/vvs\/wp-json\/wp\/v2\/types\/product"}],"replies":[{"embeddable":true,"href":"https:\/\/www.teamplace.eu\/vvs\/wp-json\/wp\/v2\/comments?post=2121"}],"wp:featuredmedia":[{"embeddable":true,"href":"https:\/\/www.teamplace.eu\/vvs\/wp-json\/wp\/v2\/media\/2449"}],"wp:attachment":[{"href":"https:\/\/www.teamplace.eu\/vvs\/wp-json\/wp\/v2\/media?parent=2121"}],"wp:term":[{"taxonomy":"product_brand","embeddable":true,"href":"https:\/\/www.teamplace.eu\/vvs\/wp-json\/wp\/v2\/product_brand?post=2121"},{"taxonomy":"product_cat","embeddable":true,"href":"https:\/\/www.teamplace.eu\/vvs\/wp-json\/wp\/v2\/product_cat?post=2121"},{"taxonomy":"product_tag","embeddable":true,"href":"https:\/\/www.teamplace.eu\/vvs\/wp-json\/wp\/v2\/product_tag?post=2121"}],"curies":[{"name":"wp","href":"https:\/\/api.w.org\/{rel}","templated":true}]}}