
{"id":1897,"date":"2023-12-03T23:26:57","date_gmt":"2023-12-03T21:26:57","guid":{"rendered":"https:\/\/www.teamplace.eu\/vvs\/?post_type=product&#038;p=1897"},"modified":"2024-09-23T23:34:05","modified_gmt":"2024-09-23T20:34:05","slug":"toppatakki-vvs-tummansininen","status":"publish","type":"product","link":"https:\/\/www.teamplace.eu\/vvs\/product\/toppatakki-vvs-tummansininen\/","title":{"rendered":"Toppatakki VVS \/tummansininen"},"content":{"rendered":"<p>L\u00e4mmin ja kevyt takki untuvaa muistuttavalla toppauksella. Valmistettu kierr\u00e4tetyst\u00e4 polyamidista. Irrotettava huppu, 3 vetoketjullista ulkotaskua ja 2 sis\u00e4taskua. Joustavat resorit vy\u00f6t\u00e4r\u00f6ll\u00e4 ja hihoissa. Mukana v\u00e4rillinen ripustin, k\u00e4tev\u00e4 kuulokeratkaisu ja vetoketjun vedin.<\/p>\n<p>Takin vasempaan rintaan brodeerattu valkoinen VVS logobrodeeraus, sel\u00e4ss\u00e4 iso VVS logobrodeeraus.<\/p>\n<p>MATERIAALI: 100% polyester<\/p>\n<p>KOOT:<\/p>\n<p>Lasten: 110\/120cm, 130\/140cm, 150\/160cm<br \/>\nNaisten XS, S, M, L, XL, XXL<br \/>\nMittataulukko tuotekuvien yhteydess\u00e4<\/p>\n<p>Lasten koot ovat malliltaan suoria, naisten koot vy\u00f6t\u00e4r\u00f6lt\u00e4 kavennettuja.<\/p>\n","protected":false},"excerpt":{"rendered":"<p>L\u00e4mmin ja kevyt takki untuvaa muistuttavalla toppauksella. Valmistettu kierr\u00e4tetyst\u00e4 polyamidista. Irrotettava huppu, 3 vetoketjullista ulkotaskua ja 2 sis\u00e4taskua. Joustavat resorit vy\u00f6t\u00e4r\u00f6ll\u00e4 ja hihoissa. Mukana v\u00e4rillinen ripustin, k\u00e4tev\u00e4 kuulokeratkaisu ja vetoketjun vedin.<\/p>\n<p>Takin vasempaan rintaan brodeerattu valkoinen VVS logobrodeeraus, sel\u00e4ss\u00e4 iso VVS logobrodeeraus.<\/p>\n<p>MATERIAALI: 100% polyester<\/p>\n<p>KOOT:<\/p>\n<p>Lasten: 110\/120cm, 130\/140cm, 150\/160cm<br \/>\nNaisten XS, S, M, L, XL, XXL<br \/>\nMittataulukko tuotekuvien yhteydess\u00e4<\/p>\n<p>Lasten koot ovat malliltaan suoria, naisten koot vy\u00f6t\u00e4r\u00f6lt\u00e4 kavennettuja.<\/p>\n","protected":false},"featured_media":2296,"comment_status":"open","ping_status":"closed","template":"","meta":[],"product_brand":[],"product_cat":[75],"product_tag":[],"class_list":{"0":"post-1897","1":"product","2":"type-product","3":"status-publish","4":"has-post-thumbnail","6":"product_cat-vvs-tuotteet","8":"first","9":"instock","10":"taxable","11":"shipping-taxable","12":"purchasable","13":"product-type-variable"},"exclude_global_add_ons":[],"addons":[],"featured_image_urls_v2":{"full":["https:\/\/www.teamplace.eu\/vvs\/wp-content\/uploads\/sites\/121\/2024\/09\/Idaho-takki-navy-etu-vvs.png",532,532,false],"thumbnail":["https:\/\/www.teamplace.eu\/vvs\/wp-content\/uploads\/sites\/121\/2024\/09\/Idaho-takki-navy-etu-vvs-150x150.png",150,150,true],"medium":["https:\/\/www.teamplace.eu\/vvs\/wp-content\/uploads\/sites\/121\/2024\/09\/Idaho-takki-navy-etu-vvs-300x300.png",300,300,true],"medium_large":["https:\/\/www.teamplace.eu\/vvs\/wp-content\/uploads\/sites\/121\/2024\/09\/Idaho-takki-navy-etu-vvs.png",532,532,false],"large":["https:\/\/www.teamplace.eu\/vvs\/wp-content\/uploads\/sites\/121\/2024\/09\/Idaho-takki-navy-etu-vvs.png",532,532,false],"1536x1536":["https:\/\/www.teamplace.eu\/vvs\/wp-content\/uploads\/sites\/121\/2024\/09\/Idaho-takki-navy-etu-vvs.png",532,532,false],"2048x2048":["https:\/\/www.teamplace.eu\/vvs\/wp-content\/uploads\/sites\/121\/2024\/09\/Idaho-takki-navy-etu-vvs.png",532,532,false],"post-thumbnail":["https:\/\/www.teamplace.eu\/vvs\/wp-content\/uploads\/sites\/121\/2024\/09\/Idaho-takki-navy-etu-vvs.png",532,532,false],"twentytwenty-fullscreen":["https:\/\/www.teamplace.eu\/vvs\/wp-content\/uploads\/sites\/121\/2024\/09\/Idaho-takki-navy-etu-vvs.png",532,532,false],"woocommerce_thumbnail":["https:\/\/www.teamplace.eu\/vvs\/wp-content\/uploads\/sites\/121\/2024\/09\/Idaho-takki-navy-etu-vvs-450x450.png",450,450,true],"woocommerce_single":["https:\/\/www.teamplace.eu\/vvs\/wp-content\/uploads\/sites\/121\/2024\/09\/Idaho-takki-navy-etu-vvs.png",532,532,false],"woocommerce_gallery_thumbnail":["https:\/\/www.teamplace.eu\/vvs\/wp-content\/uploads\/sites\/121\/2024\/09\/Idaho-takki-navy-etu-vvs-100x100.png",100,100,true]},"post_excerpt_stackable_v2":"<p>L\u00e4mmin ja kevyt takki untuvaa muistuttavalla toppauksella. Valmistettu kierr\u00e4tetyst\u00e4 polyamidista. Irrotettava huppu, 3 vetoketjullista ulkotaskua ja 2 sis\u00e4taskua. Joustavat resorit vy\u00f6t\u00e4r\u00f6ll\u00e4 ja hihoissa. Mukana v\u00e4rillinen ripustin, k\u00e4tev\u00e4 kuulokeratkaisu ja vetoketjun vedin.<\/p>\n<p>Takin vasempaan rintaan brodeerattu valkoinen VVS logobrodeeraus, sel\u00e4ss\u00e4 iso VVS logobrodeeraus.<\/p>\n<p>MATERIAALI: 100% polyester<\/p>\n<p>KOOT:<\/p>\n<p>Lasten: 110\/120cm, 130\/140cm, 150\/160cm<br \/>\nNaisten XS, S, M, L, XL, XXL<br \/>\nMittataulukko tuotekuvien yhteydess\u00e4<\/p>\n<p>Lasten koot ovat malliltaan suoria, naisten koot vy\u00f6t\u00e4r\u00f6lt\u00e4 kavennettuja.<\/p>\n","category_list_v2":"","author_info_v2":{"name":"","url":""},"comments_num_v2":"0 comments","_links":{"self":[{"href":"https:\/\/www.teamplace.eu\/vvs\/wp-json\/wp\/v2\/product\/1897","targetHints":{"allow":["GET"]}}],"collection":[{"href":"https:\/\/www.teamplace.eu\/vvs\/wp-json\/wp\/v2\/product"}],"about":[{"href":"https:\/\/www.teamplace.eu\/vvs\/wp-json\/wp\/v2\/types\/product"}],"replies":[{"embeddable":true,"href":"https:\/\/www.teamplace.eu\/vvs\/wp-json\/wp\/v2\/comments?post=1897"}],"wp:featuredmedia":[{"embeddable":true,"href":"https:\/\/www.teamplace.eu\/vvs\/wp-json\/wp\/v2\/media\/2296"}],"wp:attachment":[{"href":"https:\/\/www.teamplace.eu\/vvs\/wp-json\/wp\/v2\/media?parent=1897"}],"wp:term":[{"taxonomy":"product_brand","embeddable":true,"href":"https:\/\/www.teamplace.eu\/vvs\/wp-json\/wp\/v2\/product_brand?post=1897"},{"taxonomy":"product_cat","embeddable":true,"href":"https:\/\/www.teamplace.eu\/vvs\/wp-json\/wp\/v2\/product_cat?post=1897"},{"taxonomy":"product_tag","embeddable":true,"href":"https:\/\/www.teamplace.eu\/vvs\/wp-json\/wp\/v2\/product_tag?post=1897"}],"curies":[{"name":"wp","href":"https:\/\/api.w.org\/{rel}","templated":true}]}}