
{"id":926,"date":"2023-04-20T16:22:49","date_gmt":"2023-04-20T13:22:49","guid":{"rendered":"https:\/\/www.teamplace.eu\/vvs\/?page_id=926"},"modified":"2023-04-20T16:22:49","modified_gmt":"2023-04-20T13:22:49","slug":"refund_returns","status":"publish","type":"page","link":"https:\/\/www.teamplace.eu\/vvs\/refund_returns\/","title":{"rendered":"Toimitusehdot"},"content":{"rendered":"\n<p><\/p>\n\n\n\n<p>Verkkokaupan toimitusehdot<\/p>\n\n\n\n<p>Voimassa 21.11.2011 alkaen<\/p>\n\n\n\n<p>Yleist\u00e4 verkkokaupasta<\/p>\n\n\n\n<p>Verkkokaupan tuotteita myy&nbsp;<strong>Team-Place Oy&nbsp;<\/strong>y-tunnus&nbsp;<strong>0575243-9<\/strong>. Myymme tuotteita t\u00e4ysi-ik\u00e4isille yksityishenkil\u00f6ille Suomeen ja EU-alueelle. Tuotteiden hinnat sis\u00e4lt\u00e4v\u00e4t arvonlis\u00e4veron. Pid\u00e4t\u00e4mme oikeuden hintojen ja postikulujen muutoksiin.<\/p>\n\n\n\n<p><strong>Tilaaminen<\/strong><\/p>\n\n\n\n<p>Tuotteet tilataan p\u00e4\u00e4s\u00e4\u00e4nt\u00f6isesti internetin v\u00e4lityksell\u00e4 osoitteesta\u00a0<strong>www.teamplace.eu\u00a0<\/strong>ostoskorin kautta.<\/p>\n\n\n\n<p>Kaikki tilaukset vahvistetaan s\u00e4hk\u00f6postilla, jossa ilmoitetaan tilauksen hinta, toimituskulut sek\u00e4 tilatut tuotteet. Tilausvahvistuksen saaminen edellytt\u00e4\u00e4 s\u00e4hk\u00f6postiosoitteen ilmoittamista tilauksen yhteydess\u00e4.<\/p>\n\n\n\n<p>Asiakas sitoutuu jokaisen tilauksen yhteydess\u00e4 voimassa oleviin toimitusehtoihin.<\/p>\n\n\n\n<p><strong>Tilausvahvistus<\/strong><\/p>\n\n\n\n<p>L\u00e4het\u00e4mme s\u00e4hk\u00f6postitse tilausvahvistuksen, josta n\u00e4et:<\/p>\n\n\n\n<p>Tilaamasi tuotteet, tilausnumeron, tilauksen loppusumman<\/p>\n\n\n\n<p><\/p>\n\n\n\n<p><strong>Maksupalvelutarjoaja<\/strong><\/p>\n\n\n\n<p>Maksunv\u00e4lityspalvelun toteuttajana ja maksupalveluntarjoajana toimii Paytrail Oyj (2122839-7) yhteisty\u00f6ss\u00e4 suomalaisten pankkien ja luottolaitosten kanssa. Paytrail Oyj n\u00e4kyy maksun saajana tiliotteella tai korttilaskulla ja v\u00e4litt\u00e4\u00e4 maksun kauppiaalle. Paytrail Oyj:ll\u00e4 on maksulaitoksen toimilupa. Reklamaatiotapauksissa pyyd\u00e4mme ottamaan ensisijaisesti yhteytt\u00e4 tuotteen toimittajaan.<\/p>\n\n\n\n<p>Paytrail Oyj, y-tunnus: 2122839-7<br>Innova 2<br>Lutakonaukio 7<br>40100 Jyv\u00e4skyl\u00e4<br>Puhelin: 020 718 1830<br><a href=\"https:\/\/www.paytrail.com\/e1t\/c\/*W6LjZBv4WZqq3W2z_9jv6Z1PkZ0\/*W41lzgW934xd6N3DKlY9J7HjY0\/5\/f18dQhb0S8338YXMXYW7MjgM12qwv1fN3DLl2L6HZpmMf5jxxXD6prW7cmS1s8pCQ6vVbX_Ff2yb-crW4vgKM1999f65W6PVJWy625bx1W6Gj8TS6bVrwmW1Z66s183KHrFW7J39pB2przrYN6W3RDgHd1f6MzV2fGYSX-5W7m_B1R5c8d-SW378fgK2T8r14W1mTlYF8qS1nSW4LjWRy2yj5n2W6PhVX73S_jd_W73BZvg8ffqQLW6NMrxf4XRkM2W7fRKBh5w4zTPW3SQj782xl7V8W25pGG36PmKPFW7cLP2S5kZBMFVd58Y_1Kdr3MW1xD0788KBNXtW49kJcm86Nz0dW74n_FD4M1133W4H_8kR2Ng-ncW1rfVWy1krQFLW19rPYS36444cW4J35Sn2N3DcfW5FnZ981rHD-KW5dP5xm98VNnGW3kXdf97nVpXFW7P7xLt6Bk6KjVVrLq86QT0wnf1c6s4M04\" target=\"_blank\" rel=\"noreferrer noopener\">www.paytrail.com<\/a><\/p>\n\n\n\n<p><strong>Toimitusaika<\/strong><\/p>\n\n\n\n<p>Tilaukset pyrit\u00e4\u00e4n toimittamaan asiakkaalle 14 vrk:n aikana.<\/p>\n\n\n\n<p><strong>Toimitustapa ja toimituskulut<\/strong><\/p>\n\n\n\n<p>Toimituskulut sis\u00e4lt\u00e4v\u00e4t posti- ja pakkauskulut. Voit katsoa toimituskulut valittuasi ostoskorin maksu- ja toimitustavan. Toimitamme tilaukset kirjeen\u00e4, maksikirjeen\u00e4 ja pakettina.<\/p>\n\n\n\n<p><strong>Vaihto- ja palautusehdot<\/strong><\/p>\n\n\n\n<p>Asiakkaalla on Suomen kuluttajansuojalain mukainen 14 p\u00e4iv\u00e4n vaihto- ja palautusoikeus. Palautusoikeus koskee vain alkuper\u00e4ispakkauksessa olevia k\u00e4ytt\u00e4m\u00e4tt\u00f6mi\u00e4 ja myyntikelpoisia tuotteita. Team Place ei ole vastuullinen vaihtamaan tuotetta, jos esimerkiksi tuote on nimikoitu v\u00e4\u00e4rin asiakkaan tekem\u00e4n virheen takia.<\/p>\n\n\n\n<p><em>Palautus PostNordin palautusosoitekortilla:<\/em><\/p>\n\n\n\n<p>K\u00e4yt\u00e4 palautukseen alkuper\u00e4isen l\u00e4hetyksen mukana tullutta palautusosoitekorttia. \u00a0Kiinnit\u00e4 palautusosoitekortti paketin p\u00e4\u00e4lle. Varmista, ett\u00e4 viivakoodi on helposti luettavissa tasaisella pinnalla. Voit palauttaa l\u00e4hetyksen mihin tahansa PostNordin noutopisteeseen.<\/p>\n\n\n\n<p><em>Palauttaminen Postin palautustunnuksella:<\/em><\/p>\n\n\n\n<p>Voit palauttaa l\u00e4hetyksen Postin palvelupisteen kautta. Kirjoita l\u00e4hetyksen p\u00e4\u00e4lle\u00a0<strong>palautustunnuksemme 650803<\/strong><em>\u00a0<\/em>ja\u00a0vie l\u00e4hetys Postiin.<\/p>\n\n\n\n<p><em>Liit\u00e4 palautuksen mukaan seuraavat tiedot:<\/em><\/p>\n\n\n\n<p>Nimesi, osoitteesi ja puhelinnumerosi sek\u00e4 kopio\u00a0<strong>Team-Place Oy:n\u00a0<\/strong>tilausvahvistuksesta<\/p>\n\n\n\n<p><strong>Palautusosoite:<\/strong><\/p>\n\n\n\n<p><strong>Team Place Oy, Ruosilankuja 3 D, 00390 Helsinki<\/strong><\/p>\n\n\n\n<p>Emme vastaanota palautuksia yli 14 vrk kuluttua toimituksesta. Kun palautus on hyv\u00e4ksytty, rahat palautetaan suoraan tilillesi palautuksen vastaanoton ja k\u00e4sittelyn j\u00e4lkeen.<\/p>\n\n\n\n<p><strong>Ongelmatilanteet kuljetuksessa sek\u00e4 viallisten tuotteiden osalta<\/strong><\/p>\n\n\n\n<p>Mik\u00e4li tuote on kadonnut kuljetuksen aikana, vioittunut tai asiakkaalle on toimitettu v\u00e4\u00e4r\u00e4 tuote, tulee asiakkaan ilmoittaa virheest\u00e4 v\u00e4litt\u00f6m\u00e4sti osoitteeseen&nbsp;<strong>asiakaspalvelu@teamplace.fi&nbsp;<\/strong>tai postitse:<\/p>\n\n\n\n<p><strong>Team Place Oy, Ruosilankuja 3 D, 00390 Helsinki<\/strong><\/p>\n\n\n\n<p>Ilmoitus virheellisest\u00e4 toimituksesta tai viallisesta tuotteesta on teht\u00e4v\u00e4 14 p\u00e4iv\u00e4n sis\u00e4ll\u00e4 tuotteen vastaanottamisesta. Jos paketti on vioittunut postissa, on tuotteesta teht\u00e4v\u00e4 v\u00e4litt\u00f6m\u00e4sti reklamaatio postiin.<\/p>\n\n\n\n<p><strong>Muuta<\/strong><\/p>\n\n\n\n<p>Pid\u00e4t\u00e4mme oikeuden muuttaa toimitusehtojamme. Asiakkaan on ennen tilaustaan tutustuttava kulloinkin voimassa oleviin toimitusehtoihin.<\/p>\n\n\n\n<p><strong>Team-Place Oy&nbsp;<\/strong>k\u00e4sittelee kaikki asiakastiedot t\u00e4ysin luottamuksellisesti.<br><\/p>\n","protected":false},"excerpt":{"rendered":"<p>Verkkokaupan toimitusehdot Voimassa 21.11.2011 alkaen Yleist\u00e4 verkkokaupasta Verkkokaupan tuotteita myy&nbsp;Team-Place Oy&nbsp;y-tunnus&nbsp;0575243-9. Myymme tuotteita t\u00e4ysi-ik\u00e4isille yksityishenkil\u00f6ille Suomeen ja EU-alueelle. Tuotteiden hinnat sis\u00e4lt\u00e4v\u00e4t arvonlis\u00e4veron. Pid\u00e4t\u00e4mme oikeuden hintojen ja postikulujen muutoksiin. Tilaaminen Tuotteet tilataan p\u00e4\u00e4s\u00e4\u00e4nt\u00f6isesti internetin v\u00e4lityksell\u00e4 osoitteesta\u00a0www.teamplace.eu\u00a0ostoskorin kautta. Kaikki tilaukset vahvistetaan s\u00e4hk\u00f6postilla, jossa ilmoitetaan tilauksen hinta, toimituskulut sek\u00e4 tilatut tuotteet. Tilausvahvistuksen saaminen edellytt\u00e4\u00e4 s\u00e4hk\u00f6postiosoitteen ilmoittamista tilauksen yhteydess\u00e4. [&hellip;]<\/p>\n","protected":false},"author":1,"featured_media":0,"parent":0,"menu_order":0,"comment_status":"closed","ping_status":"closed","template":"","meta":{"footnotes":""},"class_list":["post-926","page","type-page","status-publish","hentry"],"featured_image_urls_v2":{"full":"","thumbnail":"","medium":"","medium_large":"","large":"","1536x1536":"","2048x2048":"","post-thumbnail":"","twentytwenty-fullscreen":"","woocommerce_thumbnail":"","woocommerce_single":"","woocommerce_gallery_thumbnail":""},"post_excerpt_stackable_v2":"<p>Verkkokaupan toimitusehdot Voimassa 21.11.2011 alkaen Yleist\u00e4 verkkokaupasta Verkkokaupan tuotteita myy&nbsp;Team-Place Oy&nbsp;y-tunnus&nbsp;0575243-9. Myymme tuotteita t\u00e4ysi-ik\u00e4isille yksityishenkil\u00f6ille Suomeen ja EU-alueelle. Tuotteiden hinnat sis\u00e4lt\u00e4v\u00e4t arvonlis\u00e4veron. Pid\u00e4t\u00e4mme oikeuden hintojen ja postikulujen muutoksiin. Tilaaminen Tuotteet tilataan p\u00e4\u00e4s\u00e4\u00e4nt\u00f6isesti internetin v\u00e4lityksell\u00e4 osoitteesta\u00a0www.teamplace.eu\u00a0ostoskorin kautta. Kaikki tilaukset vahvistetaan s\u00e4hk\u00f6postilla, jossa ilmoitetaan tilauksen hinta, toimituskulut sek\u00e4 tilatut tuotteet. Tilausvahvistuksen saaminen edellytt\u00e4\u00e4 s\u00e4hk\u00f6postiosoitteen ilmoittamista tilauksen yhteydess\u00e4. Asiakas sitoutuu jokaisen tilauksen yhteydess\u00e4 voimassa oleviin toimitusehtoihin. Tilausvahvistus L\u00e4het\u00e4mme s\u00e4hk\u00f6postitse tilausvahvistuksen, josta n\u00e4et: Tilaamasi tuotteet, tilausnumeron, tilauksen loppusumman Maksupalvelutarjoaja Maksunv\u00e4lityspalvelun toteuttajana ja maksupalveluntarjoajana toimii Paytrail Oyj (2122839-7) yhteisty\u00f6ss\u00e4 suomalaisten pankkien ja luottolaitosten kanssa. Paytrail Oyj n\u00e4kyy maksun saajana tiliotteella tai korttilaskulla ja v\u00e4litt\u00e4\u00e4 maksun&hellip;<\/p>\n","category_list_v2":"","author_info_v2":{"name":"teamplace","url":"https:\/\/www.teamplace.eu\/vvs\/author\/teamplace\/"},"comments_num_v2":"0 comments","_links":{"self":[{"href":"https:\/\/www.teamplace.eu\/vvs\/wp-json\/wp\/v2\/pages\/926","targetHints":{"allow":["GET"]}}],"collection":[{"href":"https:\/\/www.teamplace.eu\/vvs\/wp-json\/wp\/v2\/pages"}],"about":[{"href":"https:\/\/www.teamplace.eu\/vvs\/wp-json\/wp\/v2\/types\/page"}],"author":[{"embeddable":true,"href":"https:\/\/www.teamplace.eu\/vvs\/wp-json\/wp\/v2\/users\/1"}],"replies":[{"embeddable":true,"href":"https:\/\/www.teamplace.eu\/vvs\/wp-json\/wp\/v2\/comments?post=926"}],"version-history":[{"count":0,"href":"https:\/\/www.teamplace.eu\/vvs\/wp-json\/wp\/v2\/pages\/926\/revisions"}],"wp:attachment":[{"href":"https:\/\/www.teamplace.eu\/vvs\/wp-json\/wp\/v2\/media?parent=926"}],"curies":[{"name":"wp","href":"https:\/\/api.w.org\/{rel}","templated":true}]}}