
{"id":2170,"date":"2025-11-03T14:22:07","date_gmt":"2025-11-03T12:22:07","guid":{"rendered":"https:\/\/www.teamplace.eu\/vklohja\/?post_type=product&#038;p=2170"},"modified":"2025-11-03T14:32:47","modified_gmt":"2025-11-03T12:32:47","slug":"glow-polar-vk-lohja-coach-musta","status":"publish","type":"product","link":"https:\/\/www.teamplace.eu\/vklohja\/product\/glow-polar-vk-lohja-coach-musta\/","title":{"rendered":"Glow Polar VK-Lohja COACH \/musta"},"content":{"rendered":"<p>Glow Polar -takki on valmistettu vahvasta joustavasta materiaalista ja soveltuu loistavasti harjoitteluun sek\u00e4 vapaa-aikaan. Muotoleikkaukset edess\u00e4 ja takana takaavat kauniin istuvuuden. Vetoketjutaskut edess\u00e4, peukkurei\u00e4t hihansuissa ja pystykaulus. Pituus lantiolle.<\/p>\n<p>Voimisteluklubi Lohja painatus sel\u00e4ss\u00e4 Suomen lippu painettu vasempaan hihaan, Coach-teksti vasemmassa rinnassa. Painov\u00e4ri on metallinhohtoinen liila.<\/p>\n<p>Materiaali: polyester-elastaani<br \/>\nV\u00e4ri: Musta<\/p>\n<p>Koot: 120, 130, 140, 150, XS, S, M, L, XL, XXL<\/p>\n","protected":false},"excerpt":{"rendered":"<p>Glow Polar -takki on valmistettu vahvasta joustavasta materiaalista ja soveltuu loistavasti harjoitteluun sek\u00e4 vapaa-aikaan. Muotoleikkaukset edess\u00e4 ja takana takaavat kauniin istuvuuden. Vetoketjutaskut edess\u00e4, peukkurei\u00e4t hihansuissa ja pystykaulus. Pituus lantiolle.<\/p>\n<p>Voimisteluklubi Lohja painatus sel\u00e4ss\u00e4 Suomen lippu painettu vasempaan hihaan, Coach-teksti vasemmassa rinnassa. Painov\u00e4ri on metallinhohtoinen liila.<\/p>\n<p>Materiaali: polyester-elastaani<br \/>\nV\u00e4ri: Musta<\/p>\n<p>Koot: 120, 130, 140, 150, XS, S, M, L, XL, XXL<\/p>\n","protected":false},"featured_media":2181,"comment_status":"open","ping_status":"closed","template":"","meta":[],"product_brand":[],"product_cat":[64],"product_tag":[],"class_list":{"0":"post-2170","1":"product","2":"type-product","3":"status-publish","4":"has-post-thumbnail","6":"product_cat-vk-lohja-tuotteet","8":"first","9":"instock","10":"taxable","11":"shipping-taxable","12":"purchasable","13":"product-type-variable"},"exclude_global_add_ons":[],"addons":[],"featured_image_urls_v2":{"full":["https:\/\/www.teamplace.eu\/vklohja\/wp-content\/uploads\/sites\/82\/2025\/11\/Glow-Polar-musta-etu-coach-vkl.png",1064,1064,false],"thumbnail":["https:\/\/www.teamplace.eu\/vklohja\/wp-content\/uploads\/sites\/82\/2025\/11\/Glow-Polar-musta-etu-coach-vkl-150x150.png",150,150,true],"medium":["https:\/\/www.teamplace.eu\/vklohja\/wp-content\/uploads\/sites\/82\/2025\/11\/Glow-Polar-musta-etu-coach-vkl-300x300.png",300,300,true],"medium_large":["https:\/\/www.teamplace.eu\/vklohja\/wp-content\/uploads\/sites\/82\/2025\/11\/Glow-Polar-musta-etu-coach-vkl-768x768.png",580,580,true],"large":["https:\/\/www.teamplace.eu\/vklohja\/wp-content\/uploads\/sites\/82\/2025\/11\/Glow-Polar-musta-etu-coach-vkl-1024x1024.png",580,580,true],"1536x1536":["https:\/\/www.teamplace.eu\/vklohja\/wp-content\/uploads\/sites\/82\/2025\/11\/Glow-Polar-musta-etu-coach-vkl.png",1064,1064,false],"2048x2048":["https:\/\/www.teamplace.eu\/vklohja\/wp-content\/uploads\/sites\/82\/2025\/11\/Glow-Polar-musta-etu-coach-vkl.png",1064,1064,false],"post-thumbnail":["https:\/\/www.teamplace.eu\/vklohja\/wp-content\/uploads\/sites\/82\/2025\/11\/Glow-Polar-musta-etu-coach-vkl.png",1064,1064,false],"twentytwenty-fullscreen":["https:\/\/www.teamplace.eu\/vklohja\/wp-content\/uploads\/sites\/82\/2025\/11\/Glow-Polar-musta-etu-coach-vkl.png",1064,1064,false],"woocommerce_thumbnail":["https:\/\/www.teamplace.eu\/vklohja\/wp-content\/uploads\/sites\/82\/2025\/11\/Glow-Polar-musta-etu-coach-vkl-450x450.png",450,450,true],"woocommerce_single":["https:\/\/www.teamplace.eu\/vklohja\/wp-content\/uploads\/sites\/82\/2025\/11\/Glow-Polar-musta-etu-coach-vkl-600x600.png",600,600,true],"woocommerce_gallery_thumbnail":["https:\/\/www.teamplace.eu\/vklohja\/wp-content\/uploads\/sites\/82\/2025\/11\/Glow-Polar-musta-etu-coach-vkl-100x100.png",100,100,true]},"post_excerpt_stackable_v2":"<p>Glow Polar -takki on valmistettu vahvasta joustavasta materiaalista ja soveltuu loistavasti harjoitteluun sek\u00e4 vapaa-aikaan. Muotoleikkaukset edess\u00e4 ja takana takaavat kauniin istuvuuden. Vetoketjutaskut edess\u00e4, peukkurei\u00e4t hihansuissa ja pystykaulus. Pituus lantiolle.<\/p>\n<p>Voimisteluklubi Lohja painatus sel\u00e4ss\u00e4 Suomen lippu painettu vasempaan hihaan, Coach-teksti vasemmassa rinnassa. Painov\u00e4ri on metallinhohtoinen liila.<\/p>\n<p>Materiaali: polyester-elastaani<br \/>\nV\u00e4ri: Musta<\/p>\n<p>Koot: 120, 130, 140, 150, XS, S, M, L, XL, XXL<\/p>\n","category_list_v2":"","author_info_v2":{"name":"","url":""},"comments_num_v2":"0 comments","_links":{"self":[{"href":"https:\/\/www.teamplace.eu\/vklohja\/wp-json\/wp\/v2\/product\/2170","targetHints":{"allow":["GET"]}}],"collection":[{"href":"https:\/\/www.teamplace.eu\/vklohja\/wp-json\/wp\/v2\/product"}],"about":[{"href":"https:\/\/www.teamplace.eu\/vklohja\/wp-json\/wp\/v2\/types\/product"}],"replies":[{"embeddable":true,"href":"https:\/\/www.teamplace.eu\/vklohja\/wp-json\/wp\/v2\/comments?post=2170"}],"wp:featuredmedia":[{"embeddable":true,"href":"https:\/\/www.teamplace.eu\/vklohja\/wp-json\/wp\/v2\/media\/2181"}],"wp:attachment":[{"href":"https:\/\/www.teamplace.eu\/vklohja\/wp-json\/wp\/v2\/media?parent=2170"}],"wp:term":[{"taxonomy":"product_brand","embeddable":true,"href":"https:\/\/www.teamplace.eu\/vklohja\/wp-json\/wp\/v2\/product_brand?post=2170"},{"taxonomy":"product_cat","embeddable":true,"href":"https:\/\/www.teamplace.eu\/vklohja\/wp-json\/wp\/v2\/product_cat?post=2170"},{"taxonomy":"product_tag","embeddable":true,"href":"https:\/\/www.teamplace.eu\/vklohja\/wp-json\/wp\/v2\/product_tag?post=2170"}],"curies":[{"name":"wp","href":"https:\/\/api.w.org\/{rel}","templated":true}]}}