
{"id":2148,"date":"2025-05-08T12:47:17","date_gmt":"2025-05-08T09:47:17","guid":{"rendered":"https:\/\/www.teamplace.eu\/vklohja\/?post_type=product&#038;p=2148"},"modified":"2025-05-08T12:50:21","modified_gmt":"2025-05-08T09:50:21","slug":"varsity-treenitakki-vk-lohja-musta","status":"publish","type":"product","link":"https:\/\/www.teamplace.eu\/vklohja\/product\/varsity-treenitakki-vk-lohja-musta\/","title":{"rendered":"Varsity treenitakki VK-Lohja \/musta"},"content":{"rendered":"<p>Huippulaatuisessa takissa on kiinnitetty huomiota istuvuuteen ja yksityiskohtiin. Naisellinen istuvuus ja vinot leikkaukset tulevat kauniisti esiin takissa. Pystykaulus, vetoketjutaskut ja peukkurei\u00e4t hihansuissa. Hihoissa on reilusti pituutta. Helma on takaa pidempi ja kaarevalinjainen. Materiaali on hengitt\u00e4v\u00e4 ja haihduttaa kosteuden nopeasti, jolloin k\u00e4ytt\u00f6mukavuus on ihanteellinen.<\/p>\n<p>Treenitakissa on Voimisteluklubi Lohja painatus ainoastaan sel\u00e4ss\u00e4. Painov\u00e4ri on metallinhohtoinen liila.<\/p>\n<p>Materiaali: Polyester-elastaani<br \/>\nKoot: 120, 130, 140, 150, XS, S, M, L, XL<br \/>\nV\u00e4ri: Musta<\/p>\n","protected":false},"excerpt":{"rendered":"<p>Huippulaatuisessa takissa on kiinnitetty huomiota istuvuuteen ja yksityiskohtiin. Naisellinen istuvuus ja vinot leikkaukset tulevat kauniisti esiin takissa. Pystykaulus, vetoketjutaskut ja peukkurei\u00e4t hihansuissa. Hihoissa on reilusti pituutta. Helma on takaa pidempi ja kaarevalinjainen. Materiaali on hengitt\u00e4v\u00e4 ja haihduttaa kosteuden nopeasti, jolloin k\u00e4ytt\u00f6mukavuus on ihanteellinen.<\/p>\n<p>Treenitakissa on Voimisteluklubi Lohja painatus ainoastaan sel\u00e4ss\u00e4. Painov\u00e4ri on metallinhohtoinen liila.<\/p>\n<p>Materiaali: Polyester-elastaani<br \/>\nKoot: 120, 130, 140, 150, XS, S, M, L, XL<br \/>\nV\u00e4ri: Musta<\/p>\n","protected":false},"featured_media":2145,"comment_status":"closed","ping_status":"closed","template":"","meta":[],"product_brand":[],"product_cat":[64],"product_tag":[],"class_list":{"0":"post-2148","1":"product","2":"type-product","3":"status-publish","4":"has-post-thumbnail","6":"product_cat-vk-lohja-tuotteet","8":"first","9":"instock","10":"taxable","11":"shipping-taxable","12":"purchasable","13":"product-type-variable"},"exclude_global_add_ons":[],"addons":[],"featured_image_urls_v2":{"full":["https:\/\/www.teamplace.eu\/vklohja\/wp-content\/uploads\/sites\/82\/2023\/05\/Varsity-musta-taka-vkl.png",532,533,false],"thumbnail":["https:\/\/www.teamplace.eu\/vklohja\/wp-content\/uploads\/sites\/82\/2023\/05\/Varsity-musta-taka-vkl-150x150.png",150,150,true],"medium":["https:\/\/www.teamplace.eu\/vklohja\/wp-content\/uploads\/sites\/82\/2023\/05\/Varsity-musta-taka-vkl-300x300.png",300,300,true],"medium_large":["https:\/\/www.teamplace.eu\/vklohja\/wp-content\/uploads\/sites\/82\/2023\/05\/Varsity-musta-taka-vkl.png",532,533,false],"large":["https:\/\/www.teamplace.eu\/vklohja\/wp-content\/uploads\/sites\/82\/2023\/05\/Varsity-musta-taka-vkl.png",532,533,false],"1536x1536":["https:\/\/www.teamplace.eu\/vklohja\/wp-content\/uploads\/sites\/82\/2023\/05\/Varsity-musta-taka-vkl.png",532,533,false],"2048x2048":["https:\/\/www.teamplace.eu\/vklohja\/wp-content\/uploads\/sites\/82\/2023\/05\/Varsity-musta-taka-vkl.png",532,533,false],"post-thumbnail":["https:\/\/www.teamplace.eu\/vklohja\/wp-content\/uploads\/sites\/82\/2023\/05\/Varsity-musta-taka-vkl.png",532,533,false],"twentytwenty-fullscreen":["https:\/\/www.teamplace.eu\/vklohja\/wp-content\/uploads\/sites\/82\/2023\/05\/Varsity-musta-taka-vkl.png",532,533,false],"woocommerce_thumbnail":["https:\/\/www.teamplace.eu\/vklohja\/wp-content\/uploads\/sites\/82\/2023\/05\/Varsity-musta-taka-vkl-450x450.png",450,450,true],"woocommerce_single":["https:\/\/www.teamplace.eu\/vklohja\/wp-content\/uploads\/sites\/82\/2023\/05\/Varsity-musta-taka-vkl.png",532,533,false],"woocommerce_gallery_thumbnail":["https:\/\/www.teamplace.eu\/vklohja\/wp-content\/uploads\/sites\/82\/2023\/05\/Varsity-musta-taka-vkl-100x100.png",100,100,true]},"post_excerpt_stackable_v2":"<p>Huippulaatuisessa takissa on kiinnitetty huomiota istuvuuteen ja yksityiskohtiin. Naisellinen istuvuus ja vinot leikkaukset tulevat kauniisti esiin takissa. Pystykaulus, vetoketjutaskut ja peukkurei\u00e4t hihansuissa. Hihoissa on reilusti pituutta. Helma on takaa pidempi ja kaarevalinjainen. Materiaali on hengitt\u00e4v\u00e4 ja haihduttaa kosteuden nopeasti, jolloin k\u00e4ytt\u00f6mukavuus on ihanteellinen.<\/p>\n<p>Treenitakissa on Voimisteluklubi Lohja painatus ainoastaan sel\u00e4ss\u00e4. Painov\u00e4ri on metallinhohtoinen liila.<\/p>\n<p>Materiaali: Polyester-elastaani<br \/>\nKoot: 120, 130, 140, 150, XS, S, M, L, XL<br \/>\nV\u00e4ri: Musta<\/p>\n","category_list_v2":"","author_info_v2":{"name":"","url":""},"comments_num_v2":"0 comments","_links":{"self":[{"href":"https:\/\/www.teamplace.eu\/vklohja\/wp-json\/wp\/v2\/product\/2148","targetHints":{"allow":["GET"]}}],"collection":[{"href":"https:\/\/www.teamplace.eu\/vklohja\/wp-json\/wp\/v2\/product"}],"about":[{"href":"https:\/\/www.teamplace.eu\/vklohja\/wp-json\/wp\/v2\/types\/product"}],"replies":[{"embeddable":true,"href":"https:\/\/www.teamplace.eu\/vklohja\/wp-json\/wp\/v2\/comments?post=2148"}],"wp:featuredmedia":[{"embeddable":true,"href":"https:\/\/www.teamplace.eu\/vklohja\/wp-json\/wp\/v2\/media\/2145"}],"wp:attachment":[{"href":"https:\/\/www.teamplace.eu\/vklohja\/wp-json\/wp\/v2\/media?parent=2148"}],"wp:term":[{"taxonomy":"product_brand","embeddable":true,"href":"https:\/\/www.teamplace.eu\/vklohja\/wp-json\/wp\/v2\/product_brand?post=2148"},{"taxonomy":"product_cat","embeddable":true,"href":"https:\/\/www.teamplace.eu\/vklohja\/wp-json\/wp\/v2\/product_cat?post=2148"},{"taxonomy":"product_tag","embeddable":true,"href":"https:\/\/www.teamplace.eu\/vklohja\/wp-json\/wp\/v2\/product_tag?post=2148"}],"curies":[{"name":"wp","href":"https:\/\/api.w.org\/{rel}","templated":true}]}}