
{"id":2107,"date":"2025-05-08T12:13:00","date_gmt":"2025-05-08T09:13:00","guid":{"rendered":"https:\/\/www.teamplace.eu\/vklohja\/?post_type=product&#038;p=2107"},"modified":"2025-05-08T12:22:58","modified_gmt":"2025-05-08T09:22:58","slug":"whoop-pinkki","status":"publish","type":"product","link":"https:\/\/www.teamplace.eu\/vklohja\/product\/whoop-pinkki\/","title":{"rendered":"WHOOP vetoketjuhuppari VK-Lohja \/pinkki"},"content":{"rendered":"<p>Naisten korkealaatuinen tyk\u00f6istuva vetoketjuhuppari vetoketjutaskuilla, v\u00e4ri pinkki. Hupun kangas on kaksinkertainen, lis\u00e4ksi huppua on mahdollista kirist\u00e4\u00e4 kiristyskuminauhalla.<\/p>\n<p>Voimisteluklubi Lohjan logopainatus painettu selk\u00e4\u00e4n valkoisella.<\/p>\n<p>Materiaali: 100% polyester<\/p>\n<p>KOOT: 130, 140, 150, XS, S, M, L, XL<\/p>\n","protected":false},"excerpt":{"rendered":"<p>Naisten korkealaatuinen tyk\u00f6istuva vetoketjuhuppari vetoketjutaskuilla, v\u00e4ri pinkki. Hupun kangas on kaksinkertainen, lis\u00e4ksi huppua on mahdollista kirist\u00e4\u00e4 kiristyskuminauhalla.<\/p>\n<p>Voimisteluklubi Lohjan logopainatus painettu selk\u00e4\u00e4n valkoisella.<\/p>\n<p>Materiaali: 100% polyester<\/p>\n<p>KOOT: 130, 140, 150, XS, S, M, L, XL<\/p>\n","protected":false},"featured_media":2119,"comment_status":"open","ping_status":"closed","template":"","meta":[],"product_brand":[],"product_cat":[64],"product_tag":[],"class_list":{"0":"post-2107","1":"product","2":"type-product","3":"status-publish","4":"has-post-thumbnail","6":"product_cat-vk-lohja-tuotteet","8":"first","9":"instock","10":"taxable","11":"shipping-taxable","12":"purchasable","13":"product-type-variable"},"exclude_global_add_ons":[],"addons":[],"featured_image_urls_v2":{"full":["https:\/\/www.teamplace.eu\/vklohja\/wp-content\/uploads\/sites\/82\/2025\/05\/Whoop-pinkki-taka-vkl.png",532,533,false],"thumbnail":["https:\/\/www.teamplace.eu\/vklohja\/wp-content\/uploads\/sites\/82\/2025\/05\/Whoop-pinkki-taka-vkl-150x150.png",150,150,true],"medium":["https:\/\/www.teamplace.eu\/vklohja\/wp-content\/uploads\/sites\/82\/2025\/05\/Whoop-pinkki-taka-vkl-300x300.png",300,300,true],"medium_large":["https:\/\/www.teamplace.eu\/vklohja\/wp-content\/uploads\/sites\/82\/2025\/05\/Whoop-pinkki-taka-vkl.png",532,533,false],"large":["https:\/\/www.teamplace.eu\/vklohja\/wp-content\/uploads\/sites\/82\/2025\/05\/Whoop-pinkki-taka-vkl.png",532,533,false],"1536x1536":["https:\/\/www.teamplace.eu\/vklohja\/wp-content\/uploads\/sites\/82\/2025\/05\/Whoop-pinkki-taka-vkl.png",532,533,false],"2048x2048":["https:\/\/www.teamplace.eu\/vklohja\/wp-content\/uploads\/sites\/82\/2025\/05\/Whoop-pinkki-taka-vkl.png",532,533,false],"post-thumbnail":["https:\/\/www.teamplace.eu\/vklohja\/wp-content\/uploads\/sites\/82\/2025\/05\/Whoop-pinkki-taka-vkl.png",532,533,false],"twentytwenty-fullscreen":["https:\/\/www.teamplace.eu\/vklohja\/wp-content\/uploads\/sites\/82\/2025\/05\/Whoop-pinkki-taka-vkl.png",532,533,false],"woocommerce_thumbnail":["https:\/\/www.teamplace.eu\/vklohja\/wp-content\/uploads\/sites\/82\/2025\/05\/Whoop-pinkki-taka-vkl-450x450.png",450,450,true],"woocommerce_single":["https:\/\/www.teamplace.eu\/vklohja\/wp-content\/uploads\/sites\/82\/2025\/05\/Whoop-pinkki-taka-vkl.png",532,533,false],"woocommerce_gallery_thumbnail":["https:\/\/www.teamplace.eu\/vklohja\/wp-content\/uploads\/sites\/82\/2025\/05\/Whoop-pinkki-taka-vkl-100x100.png",100,100,true]},"post_excerpt_stackable_v2":"<p>Naisten korkealaatuinen tyk\u00f6istuva vetoketjuhuppari vetoketjutaskuilla, v\u00e4ri pinkki. Hupun kangas on kaksinkertainen, lis\u00e4ksi huppua on mahdollista kirist\u00e4\u00e4 kiristyskuminauhalla.<\/p>\n<p>Voimisteluklubi Lohjan logopainatus painettu selk\u00e4\u00e4n valkoisella.<\/p>\n<p>Materiaali: 100% polyester<\/p>\n<p>KOOT: 130, 140, 150, XS, S, M, L, XL<\/p>\n","category_list_v2":"","author_info_v2":{"name":"","url":""},"comments_num_v2":"0 comments","_links":{"self":[{"href":"https:\/\/www.teamplace.eu\/vklohja\/wp-json\/wp\/v2\/product\/2107","targetHints":{"allow":["GET"]}}],"collection":[{"href":"https:\/\/www.teamplace.eu\/vklohja\/wp-json\/wp\/v2\/product"}],"about":[{"href":"https:\/\/www.teamplace.eu\/vklohja\/wp-json\/wp\/v2\/types\/product"}],"replies":[{"embeddable":true,"href":"https:\/\/www.teamplace.eu\/vklohja\/wp-json\/wp\/v2\/comments?post=2107"}],"wp:featuredmedia":[{"embeddable":true,"href":"https:\/\/www.teamplace.eu\/vklohja\/wp-json\/wp\/v2\/media\/2119"}],"wp:attachment":[{"href":"https:\/\/www.teamplace.eu\/vklohja\/wp-json\/wp\/v2\/media?parent=2107"}],"wp:term":[{"taxonomy":"product_brand","embeddable":true,"href":"https:\/\/www.teamplace.eu\/vklohja\/wp-json\/wp\/v2\/product_brand?post=2107"},{"taxonomy":"product_cat","embeddable":true,"href":"https:\/\/www.teamplace.eu\/vklohja\/wp-json\/wp\/v2\/product_cat?post=2107"},{"taxonomy":"product_tag","embeddable":true,"href":"https:\/\/www.teamplace.eu\/vklohja\/wp-json\/wp\/v2\/product_tag?post=2107"}],"curies":[{"name":"wp","href":"https:\/\/api.w.org\/{rel}","templated":true}]}}