
{"id":2099,"date":"2025-05-08T11:57:32","date_gmt":"2025-05-08T08:57:32","guid":{"rendered":"https:\/\/www.teamplace.eu\/vklohja\/?post_type=product&#038;p=2099"},"modified":"2025-05-08T12:08:35","modified_gmt":"2025-05-08T09:08:35","slug":"tekninen-t-paita-musta","status":"publish","type":"product","link":"https:\/\/www.teamplace.eu\/vklohja\/product\/tekninen-t-paita-musta\/","title":{"rendered":"Miesten tekninen T-paita VK-Lohja \/musta"},"content":{"rendered":"<p>Miesten tekninen t-paita treeniin ja vapaa-ajalle. Nopeasti kuivuva materiaali on miellytt\u00e4v\u00e4n pehme\u00e4 ja kevyt. Py\u00f6re\u00e4 kaula-aukko. Vaate on v\u00e4rj\u00e4tty menetelm\u00e4ll\u00e4, joka on ymp\u00e4rist\u00f6yst\u00e4v\u00e4llisempi ja tarjoaa paremman v\u00e4rin kest\u00e4vyyden.<\/p>\n<p>Paidan selk\u00e4\u00e4n painettu metallinhohtoisella liilalla VK-Lohja logo.<\/p>\n<p>Materiaali: 100 % polyesteri\u00e4. Paino: 135 g\/m\u00b2<\/p>\n<p>Miesten koot: XS, S, M, L, XL, XXL<\/p>\n","protected":false},"excerpt":{"rendered":"<p>Miesten tekninen t-paita treeniin ja vapaa-ajalle. Nopeasti kuivuva materiaali on miellytt\u00e4v\u00e4n pehme\u00e4 ja kevyt. Py\u00f6re\u00e4 kaula-aukko. Vaate on v\u00e4rj\u00e4tty menetelm\u00e4ll\u00e4, joka on ymp\u00e4rist\u00f6yst\u00e4v\u00e4llisempi ja tarjoaa paremman v\u00e4rin kest\u00e4vyyden.<\/p>\n<p>Paidan selk\u00e4\u00e4n painettu metallinhohtoisella liilalla VK-Lohja logo.<\/p>\n<p>Materiaali: 100 % polyesteri\u00e4. Paino: 135 g\/m\u00b2<\/p>\n<p>Miesten koot: XS, S, M, L, XL, XXL<\/p>\n","protected":false},"featured_media":2106,"comment_status":"open","ping_status":"closed","template":"","meta":[],"product_brand":[],"product_cat":[64],"product_tag":[],"class_list":{"0":"post-2099","1":"product","2":"type-product","3":"status-publish","4":"has-post-thumbnail","6":"product_cat-vk-lohja-tuotteet","8":"first","9":"instock","10":"taxable","11":"shipping-taxable","12":"purchasable","13":"product-type-variable"},"exclude_global_add_ons":[],"addons":[],"featured_image_urls_v2":{"full":["https:\/\/www.teamplace.eu\/vklohja\/wp-content\/uploads\/sites\/82\/2025\/05\/Run-miesten-paita-liila-logo-vkl.png",533,532,false],"thumbnail":["https:\/\/www.teamplace.eu\/vklohja\/wp-content\/uploads\/sites\/82\/2025\/05\/Run-miesten-paita-liila-logo-vkl-150x150.png",150,150,true],"medium":["https:\/\/www.teamplace.eu\/vklohja\/wp-content\/uploads\/sites\/82\/2025\/05\/Run-miesten-paita-liila-logo-vkl-300x300.png",300,300,true],"medium_large":["https:\/\/www.teamplace.eu\/vklohja\/wp-content\/uploads\/sites\/82\/2025\/05\/Run-miesten-paita-liila-logo-vkl.png",533,532,false],"large":["https:\/\/www.teamplace.eu\/vklohja\/wp-content\/uploads\/sites\/82\/2025\/05\/Run-miesten-paita-liila-logo-vkl.png",533,532,false],"1536x1536":["https:\/\/www.teamplace.eu\/vklohja\/wp-content\/uploads\/sites\/82\/2025\/05\/Run-miesten-paita-liila-logo-vkl.png",533,532,false],"2048x2048":["https:\/\/www.teamplace.eu\/vklohja\/wp-content\/uploads\/sites\/82\/2025\/05\/Run-miesten-paita-liila-logo-vkl.png",533,532,false],"post-thumbnail":["https:\/\/www.teamplace.eu\/vklohja\/wp-content\/uploads\/sites\/82\/2025\/05\/Run-miesten-paita-liila-logo-vkl.png",533,532,false],"twentytwenty-fullscreen":["https:\/\/www.teamplace.eu\/vklohja\/wp-content\/uploads\/sites\/82\/2025\/05\/Run-miesten-paita-liila-logo-vkl.png",533,532,false],"woocommerce_thumbnail":["https:\/\/www.teamplace.eu\/vklohja\/wp-content\/uploads\/sites\/82\/2025\/05\/Run-miesten-paita-liila-logo-vkl-450x450.png",450,450,true],"woocommerce_single":["https:\/\/www.teamplace.eu\/vklohja\/wp-content\/uploads\/sites\/82\/2025\/05\/Run-miesten-paita-liila-logo-vkl.png",533,532,false],"woocommerce_gallery_thumbnail":["https:\/\/www.teamplace.eu\/vklohja\/wp-content\/uploads\/sites\/82\/2025\/05\/Run-miesten-paita-liila-logo-vkl-100x100.png",100,100,true]},"post_excerpt_stackable_v2":"<p>Miesten tekninen t-paita treeniin ja vapaa-ajalle. Nopeasti kuivuva materiaali on miellytt\u00e4v\u00e4n pehme\u00e4 ja kevyt. Py\u00f6re\u00e4 kaula-aukko. Vaate on v\u00e4rj\u00e4tty menetelm\u00e4ll\u00e4, joka on ymp\u00e4rist\u00f6yst\u00e4v\u00e4llisempi ja tarjoaa paremman v\u00e4rin kest\u00e4vyyden.<\/p>\n<p>Paidan selk\u00e4\u00e4n painettu metallinhohtoisella liilalla VK-Lohja logo.<\/p>\n<p>Materiaali: 100 % polyesteri\u00e4. Paino: 135 g\/m\u00b2<\/p>\n<p>Miesten koot: XS, S, M, L, XL, XXL<\/p>\n","category_list_v2":"","author_info_v2":{"name":"","url":""},"comments_num_v2":"0 comments","_links":{"self":[{"href":"https:\/\/www.teamplace.eu\/vklohja\/wp-json\/wp\/v2\/product\/2099","targetHints":{"allow":["GET"]}}],"collection":[{"href":"https:\/\/www.teamplace.eu\/vklohja\/wp-json\/wp\/v2\/product"}],"about":[{"href":"https:\/\/www.teamplace.eu\/vklohja\/wp-json\/wp\/v2\/types\/product"}],"replies":[{"embeddable":true,"href":"https:\/\/www.teamplace.eu\/vklohja\/wp-json\/wp\/v2\/comments?post=2099"}],"wp:featuredmedia":[{"embeddable":true,"href":"https:\/\/www.teamplace.eu\/vklohja\/wp-json\/wp\/v2\/media\/2106"}],"wp:attachment":[{"href":"https:\/\/www.teamplace.eu\/vklohja\/wp-json\/wp\/v2\/media?parent=2099"}],"wp:term":[{"taxonomy":"product_brand","embeddable":true,"href":"https:\/\/www.teamplace.eu\/vklohja\/wp-json\/wp\/v2\/product_brand?post=2099"},{"taxonomy":"product_cat","embeddable":true,"href":"https:\/\/www.teamplace.eu\/vklohja\/wp-json\/wp\/v2\/product_cat?post=2099"},{"taxonomy":"product_tag","embeddable":true,"href":"https:\/\/www.teamplace.eu\/vklohja\/wp-json\/wp\/v2\/product_tag?post=2099"}],"curies":[{"name":"wp","href":"https:\/\/api.w.org\/{rel}","templated":true}]}}