
{"id":1945,"date":"2023-11-13T13:12:31","date_gmt":"2023-11-13T11:12:31","guid":{"rendered":"https:\/\/www.teamplace.eu\/vklohja\/?post_type=product&#038;p=1945"},"modified":"2023-11-13T13:12:31","modified_gmt":"2023-11-13T11:12:31","slug":"puuvillapipo-vk-lohja-eri-vareja","status":"publish","type":"product","link":"https:\/\/www.teamplace.eu\/vklohja\/product\/puuvillapipo-vk-lohja-eri-vareja\/","title":{"rendered":"Puuvillapipo VK-Lohja \/eri v\u00e4rej\u00e4"},"content":{"rendered":"<p>Puuvillainen rib-pipo kolmessa eri v\u00e4riss\u00e4. Materiaali on 100 % orgaanista Control Union sertifioitua puuvillaa. Kaksinkertainen neulos. Materiaali on kevyt ja hengitt\u00e4v\u00e4.<\/p>\n<p>Voimisteluseura Lohja teksti brodeerattu pipon etuosaan taitteeseen.<\/p>\n<p>Materiaali: 100 % puuvilla<\/p>\n<p>Kaksi eri v\u00e4ri\u00e4: tummansininen, musta<\/p>\n<p>Yksi koko<\/p>\n","protected":false},"excerpt":{"rendered":"<p>Puuvillainen rib-pipo kolmessa eri v\u00e4riss\u00e4. Materiaali on 100 % orgaanista Control Union sertifioitua puuvillaa. Kaksinkertainen neulos. Materiaali on kevyt ja hengitt\u00e4v\u00e4.<\/p>\n<p>Voimisteluseura Lohja teksti brodeerattu pipon etuosaan taitteeseen.<\/p>\n<p>Materiaali: 100 % puuvilla<\/p>\n<p>Kaksi eri v\u00e4ri\u00e4: tummansininen, musta<\/p>\n<p>Yksi koko<\/p>\n","protected":false},"featured_media":1946,"comment_status":"open","ping_status":"closed","template":"","meta":[],"product_brand":[],"product_cat":[64],"product_tag":[],"class_list":{"0":"post-1945","1":"product","2":"type-product","3":"status-publish","4":"has-post-thumbnail","6":"product_cat-vk-lohja-tuotteet","8":"first","9":"instock","10":"taxable","11":"shipping-taxable","12":"purchasable","13":"product-type-simple"},"exclude_global_add_ons":false,"addons":[{"name":"Valitse v\u00e4ri:","type":"multiple_choice","position":0,"required":true,"title_format":"label","default":"","description_enable":false,"description":"","placeholder_enable":false,"placeholder":"","display":"select","restrictions_type":"any_text","adjust_price":false,"price":"","price_type":"flat_fee","restrictions":false,"min":"0","max":"0","options":[{"label":"Tummansininen","price":"","price_type":"flat_fee","image":0,"visibility":true},{"label":"Musta","price":"","price_type":"flat_fee","image":0,"visibility":true}],"id":1699881152}],"featured_image_urls_v2":{"full":["https:\/\/www.teamplace.eu\/vklohja\/wp-content\/uploads\/sites\/82\/2023\/11\/Puuvillapipo-musta-vkl.png",1064,1064,false],"thumbnail":["https:\/\/www.teamplace.eu\/vklohja\/wp-content\/uploads\/sites\/82\/2023\/11\/Puuvillapipo-musta-vkl-150x150.png",150,150,true],"medium":["https:\/\/www.teamplace.eu\/vklohja\/wp-content\/uploads\/sites\/82\/2023\/11\/Puuvillapipo-musta-vkl-300x300.png",300,300,true],"medium_large":["https:\/\/www.teamplace.eu\/vklohja\/wp-content\/uploads\/sites\/82\/2023\/11\/Puuvillapipo-musta-vkl-768x768.png",580,580,true],"large":["https:\/\/www.teamplace.eu\/vklohja\/wp-content\/uploads\/sites\/82\/2023\/11\/Puuvillapipo-musta-vkl-1024x1024.png",580,580,true],"1536x1536":["https:\/\/www.teamplace.eu\/vklohja\/wp-content\/uploads\/sites\/82\/2023\/11\/Puuvillapipo-musta-vkl.png",1064,1064,false],"2048x2048":["https:\/\/www.teamplace.eu\/vklohja\/wp-content\/uploads\/sites\/82\/2023\/11\/Puuvillapipo-musta-vkl.png",1064,1064,false],"post-thumbnail":["https:\/\/www.teamplace.eu\/vklohja\/wp-content\/uploads\/sites\/82\/2023\/11\/Puuvillapipo-musta-vkl.png",1064,1064,false],"twentytwenty-fullscreen":["https:\/\/www.teamplace.eu\/vklohja\/wp-content\/uploads\/sites\/82\/2023\/11\/Puuvillapipo-musta-vkl.png",1064,1064,false],"woocommerce_thumbnail":["https:\/\/www.teamplace.eu\/vklohja\/wp-content\/uploads\/sites\/82\/2023\/11\/Puuvillapipo-musta-vkl-450x450.png",450,450,true],"woocommerce_single":["https:\/\/www.teamplace.eu\/vklohja\/wp-content\/uploads\/sites\/82\/2023\/11\/Puuvillapipo-musta-vkl-600x600.png",600,600,true],"woocommerce_gallery_thumbnail":["https:\/\/www.teamplace.eu\/vklohja\/wp-content\/uploads\/sites\/82\/2023\/11\/Puuvillapipo-musta-vkl-100x100.png",100,100,true]},"post_excerpt_stackable_v2":"<p>Puuvillainen rib-pipo kolmessa eri v\u00e4riss\u00e4. Materiaali on 100 % orgaanista Control Union sertifioitua puuvillaa. Kaksinkertainen neulos. Materiaali on kevyt ja hengitt\u00e4v\u00e4.<\/p>\n<p>Voimisteluseura Lohja teksti brodeerattu pipon etuosaan taitteeseen.<\/p>\n<p>Materiaali: 100 % puuvilla<\/p>\n<p>Kaksi eri v\u00e4ri\u00e4: tummansininen, musta<\/p>\n<p>Yksi koko<\/p>\n","category_list_v2":"","author_info_v2":{"name":"","url":""},"comments_num_v2":"0 comments","_links":{"self":[{"href":"https:\/\/www.teamplace.eu\/vklohja\/wp-json\/wp\/v2\/product\/1945","targetHints":{"allow":["GET"]}}],"collection":[{"href":"https:\/\/www.teamplace.eu\/vklohja\/wp-json\/wp\/v2\/product"}],"about":[{"href":"https:\/\/www.teamplace.eu\/vklohja\/wp-json\/wp\/v2\/types\/product"}],"replies":[{"embeddable":true,"href":"https:\/\/www.teamplace.eu\/vklohja\/wp-json\/wp\/v2\/comments?post=1945"}],"wp:featuredmedia":[{"embeddable":true,"href":"https:\/\/www.teamplace.eu\/vklohja\/wp-json\/wp\/v2\/media\/1946"}],"wp:attachment":[{"href":"https:\/\/www.teamplace.eu\/vklohja\/wp-json\/wp\/v2\/media?parent=1945"}],"wp:term":[{"taxonomy":"product_brand","embeddable":true,"href":"https:\/\/www.teamplace.eu\/vklohja\/wp-json\/wp\/v2\/product_brand?post=1945"},{"taxonomy":"product_cat","embeddable":true,"href":"https:\/\/www.teamplace.eu\/vklohja\/wp-json\/wp\/v2\/product_cat?post=1945"},{"taxonomy":"product_tag","embeddable":true,"href":"https:\/\/www.teamplace.eu\/vklohja\/wp-json\/wp\/v2\/product_tag?post=1945"}],"curies":[{"name":"wp","href":"https:\/\/api.w.org\/{rel}","templated":true}]}}