
{"id":1818,"date":"2023-05-03T15:51:03","date_gmt":"2023-05-03T12:51:03","guid":{"rendered":"https:\/\/www.teamplace.eu\/vklohja\/?post_type=product&#038;p=1818"},"modified":"2023-05-03T15:56:43","modified_gmt":"2023-05-03T12:56:43","slug":"harrastereppu-vk-lohja-musta","status":"publish","type":"product","link":"https:\/\/www.teamplace.eu\/vklohja\/product\/harrastereppu-vk-lohja-musta\/","title":{"rendered":"Harrastereppu VK-Lohja \/musta"},"content":{"rendered":"<p>Musta harrastereppu, johon mahtuu mukavasti treenivaatteet.<\/p>\n<p>L\u00e4p\u00e4n yl\u00e4osaan painettu valkoinen Voimisteluklubi Lohja logopainatus. Mahdollisuus lis\u00e4t\u00e4 nimipainatus reppuun logon alle, lis\u00e4maksu 5,00\u20ac.<\/p>\n<p>Materiaali polyesteri\u00e4<br \/>\n\u2022 Koko: 42 x 31 x 21 cm<br \/>\n\u2022 Tilavuus: 18 litraa<br \/>\n\u2022 Vetoketjullinen etutasku<br \/>\n\u2022 Pehmustettu takapaneeli<br \/>\n\u2022 Kantokahva<\/p>\n","protected":false},"excerpt":{"rendered":"<p>Musta harrastereppu, johon mahtuu mukavasti treenivaatteet.<\/p>\n<p>L\u00e4p\u00e4n yl\u00e4osaan painettu valkoinen Voimisteluklubi Lohja logopainatus. Mahdollisuus lis\u00e4t\u00e4 nimipainatus reppuun logon alle, lis\u00e4maksu 5,00\u20ac.<\/p>\n<p>Materiaali polyesteri\u00e4<br \/>\n\u2022 Koko: 42 x 31 x 21 cm<br \/>\n\u2022 Tilavuus: 18 litraa<br \/>\n\u2022 Vetoketjullinen etutasku<br \/>\n\u2022 Pehmustettu takapaneeli<br \/>\n\u2022 Kantokahva<\/p>\n","protected":false},"featured_media":1819,"comment_status":"open","ping_status":"closed","template":"","meta":[],"product_brand":[],"product_cat":[64],"product_tag":[],"class_list":{"0":"post-1818","1":"product","2":"type-product","3":"status-publish","4":"has-post-thumbnail","6":"product_cat-vk-lohja-tuotteet","8":"first","9":"instock","10":"taxable","11":"shipping-taxable","12":"purchasable","13":"product-type-simple"},"exclude_global_add_ons":false,"addons":[{"name":"Halutessasi saat reppuun nimipainatuksen","type":"custom_text","position":0,"required":false,"title_format":"label","default":"","description_enable":true,"description":"Etunimi painetaan kaunokirjoituksella logon alle. Kirjoita nimi alla olevaan kentt\u00e4\u00e4n:","placeholder_enable":false,"placeholder":"","display":"select","restrictions_type":"any_text","adjust_price":true,"price":"5.00","price_type":"flat_fee","restrictions":true,"min":"0","max":"15","options":[],"id":1682002666}],"featured_image_urls_v2":{"full":["https:\/\/www.teamplace.eu\/vklohja\/wp-content\/uploads\/sites\/82\/2023\/05\/Harrastereppu-musta-vkl.png",1064,1064,false],"thumbnail":["https:\/\/www.teamplace.eu\/vklohja\/wp-content\/uploads\/sites\/82\/2023\/05\/Harrastereppu-musta-vkl-150x150.png",150,150,true],"medium":["https:\/\/www.teamplace.eu\/vklohja\/wp-content\/uploads\/sites\/82\/2023\/05\/Harrastereppu-musta-vkl-300x300.png",300,300,true],"medium_large":["https:\/\/www.teamplace.eu\/vklohja\/wp-content\/uploads\/sites\/82\/2023\/05\/Harrastereppu-musta-vkl-768x768.png",580,580,true],"large":["https:\/\/www.teamplace.eu\/vklohja\/wp-content\/uploads\/sites\/82\/2023\/05\/Harrastereppu-musta-vkl-1024x1024.png",580,580,true],"1536x1536":["https:\/\/www.teamplace.eu\/vklohja\/wp-content\/uploads\/sites\/82\/2023\/05\/Harrastereppu-musta-vkl.png",1064,1064,false],"2048x2048":["https:\/\/www.teamplace.eu\/vklohja\/wp-content\/uploads\/sites\/82\/2023\/05\/Harrastereppu-musta-vkl.png",1064,1064,false],"post-thumbnail":["https:\/\/www.teamplace.eu\/vklohja\/wp-content\/uploads\/sites\/82\/2023\/05\/Harrastereppu-musta-vkl.png",1064,1064,false],"twentytwenty-fullscreen":["https:\/\/www.teamplace.eu\/vklohja\/wp-content\/uploads\/sites\/82\/2023\/05\/Harrastereppu-musta-vkl.png",1064,1064,false],"woocommerce_thumbnail":["https:\/\/www.teamplace.eu\/vklohja\/wp-content\/uploads\/sites\/82\/2023\/05\/Harrastereppu-musta-vkl-450x450.png",450,450,true],"woocommerce_single":["https:\/\/www.teamplace.eu\/vklohja\/wp-content\/uploads\/sites\/82\/2023\/05\/Harrastereppu-musta-vkl-600x600.png",600,600,true],"woocommerce_gallery_thumbnail":["https:\/\/www.teamplace.eu\/vklohja\/wp-content\/uploads\/sites\/82\/2023\/05\/Harrastereppu-musta-vkl-100x100.png",100,100,true]},"post_excerpt_stackable_v2":"<p>Musta harrastereppu, johon mahtuu mukavasti treenivaatteet.<\/p>\n<p>L\u00e4p\u00e4n yl\u00e4osaan painettu valkoinen Voimisteluklubi Lohja logopainatus. Mahdollisuus lis\u00e4t\u00e4 nimipainatus reppuun logon alle, lis\u00e4maksu 5,00\u20ac.<\/p>\n<p>Materiaali polyesteri\u00e4<br \/>\n\u2022 Koko: 42 x 31 x 21 cm<br \/>\n\u2022 Tilavuus: 18 litraa<br \/>\n\u2022 Vetoketjullinen etutasku<br \/>\n\u2022 Pehmustettu takapaneeli<br \/>\n\u2022 Kantokahva<\/p>\n","category_list_v2":"","author_info_v2":{"name":"","url":""},"comments_num_v2":"0 comments","_links":{"self":[{"href":"https:\/\/www.teamplace.eu\/vklohja\/wp-json\/wp\/v2\/product\/1818","targetHints":{"allow":["GET"]}}],"collection":[{"href":"https:\/\/www.teamplace.eu\/vklohja\/wp-json\/wp\/v2\/product"}],"about":[{"href":"https:\/\/www.teamplace.eu\/vklohja\/wp-json\/wp\/v2\/types\/product"}],"replies":[{"embeddable":true,"href":"https:\/\/www.teamplace.eu\/vklohja\/wp-json\/wp\/v2\/comments?post=1818"}],"wp:featuredmedia":[{"embeddable":true,"href":"https:\/\/www.teamplace.eu\/vklohja\/wp-json\/wp\/v2\/media\/1819"}],"wp:attachment":[{"href":"https:\/\/www.teamplace.eu\/vklohja\/wp-json\/wp\/v2\/media?parent=1818"}],"wp:term":[{"taxonomy":"product_brand","embeddable":true,"href":"https:\/\/www.teamplace.eu\/vklohja\/wp-json\/wp\/v2\/product_brand?post=1818"},{"taxonomy":"product_cat","embeddable":true,"href":"https:\/\/www.teamplace.eu\/vklohja\/wp-json\/wp\/v2\/product_cat?post=1818"},{"taxonomy":"product_tag","embeddable":true,"href":"https:\/\/www.teamplace.eu\/vklohja\/wp-json\/wp\/v2\/product_tag?post=1818"}],"curies":[{"name":"wp","href":"https:\/\/api.w.org\/{rel}","templated":true}]}}