
{"id":1740,"date":"2023-05-03T12:43:03","date_gmt":"2023-05-03T09:43:03","guid":{"rendered":"https:\/\/www.teamplace.eu\/vklohja\/?post_type=product&#038;p=1740"},"modified":"2023-05-03T12:48:10","modified_gmt":"2023-05-03T09:48:10","slug":"strap-toppi-vk-lohja-musta","status":"publish","type":"product","link":"https:\/\/www.teamplace.eu\/vklohja\/product\/strap-toppi-vk-lohja-musta\/","title":{"rendered":"STRAP toppi VK-Lohja \/musta"},"content":{"rendered":"<p>Urheilullinen naisten toppi, jossa olkaimet menev\u00e4t selk\u00e4puolella ristiin. Topin etuosa kaksinkertainen. Joustava kangas on korkealaatuinen. Materiaali on hengitt\u00e4v\u00e4 ja haihduttaa kosteuden nopeasti, jolloin k\u00e4ytt\u00f6mukavuus on ihanteellinen.<\/p>\n<p>Voimisteluklubi Lohja logo painettu vasempaan rintaan valkoisella.<\/p>\n<p>Koot: 120, 130, 140, 150, XS, S, M, L, XL<\/p>\n<p>Materiaali: polyester-elastaani<\/p>\n","protected":false},"excerpt":{"rendered":"<p>Urheilullinen naisten toppi, jossa olkaimet menev\u00e4t selk\u00e4puolella ristiin. Topin etuosa kaksinkertainen. Joustava kangas on korkealaatuinen. Materiaali on hengitt\u00e4v\u00e4 ja haihduttaa kosteuden nopeasti, jolloin k\u00e4ytt\u00f6mukavuus on ihanteellinen.<\/p>\n<p>Voimisteluklubi Lohja logo painettu vasempaan rintaan valkoisella.<\/p>\n<p>Koot: 120, 130, 140, 150, XS, S, M, L, XL<\/p>\n<p>Materiaali: polyester-elastaani<\/p>\n","protected":false},"featured_media":1751,"comment_status":"open","ping_status":"closed","template":"","meta":[],"product_brand":[],"product_cat":[64],"product_tag":[],"class_list":{"0":"post-1740","1":"product","2":"type-product","3":"status-publish","4":"has-post-thumbnail","6":"product_cat-vk-lohja-tuotteet","8":"first","9":"instock","10":"taxable","11":"shipping-taxable","12":"purchasable","13":"product-type-variable"},"exclude_global_add_ons":[],"addons":[],"featured_image_urls_v2":{"full":["https:\/\/www.teamplace.eu\/vklohja\/wp-content\/uploads\/sites\/82\/2023\/05\/Strap-musta-etu-vkl.png",1064,1064,false],"thumbnail":["https:\/\/www.teamplace.eu\/vklohja\/wp-content\/uploads\/sites\/82\/2023\/05\/Strap-musta-etu-vkl-150x150.png",150,150,true],"medium":["https:\/\/www.teamplace.eu\/vklohja\/wp-content\/uploads\/sites\/82\/2023\/05\/Strap-musta-etu-vkl-300x300.png",300,300,true],"medium_large":["https:\/\/www.teamplace.eu\/vklohja\/wp-content\/uploads\/sites\/82\/2023\/05\/Strap-musta-etu-vkl-768x768.png",580,580,true],"large":["https:\/\/www.teamplace.eu\/vklohja\/wp-content\/uploads\/sites\/82\/2023\/05\/Strap-musta-etu-vkl-1024x1024.png",580,580,true],"1536x1536":["https:\/\/www.teamplace.eu\/vklohja\/wp-content\/uploads\/sites\/82\/2023\/05\/Strap-musta-etu-vkl.png",1064,1064,false],"2048x2048":["https:\/\/www.teamplace.eu\/vklohja\/wp-content\/uploads\/sites\/82\/2023\/05\/Strap-musta-etu-vkl.png",1064,1064,false],"post-thumbnail":["https:\/\/www.teamplace.eu\/vklohja\/wp-content\/uploads\/sites\/82\/2023\/05\/Strap-musta-etu-vkl.png",1064,1064,false],"twentytwenty-fullscreen":["https:\/\/www.teamplace.eu\/vklohja\/wp-content\/uploads\/sites\/82\/2023\/05\/Strap-musta-etu-vkl.png",1064,1064,false],"woocommerce_thumbnail":["https:\/\/www.teamplace.eu\/vklohja\/wp-content\/uploads\/sites\/82\/2023\/05\/Strap-musta-etu-vkl-450x450.png",450,450,true],"woocommerce_single":["https:\/\/www.teamplace.eu\/vklohja\/wp-content\/uploads\/sites\/82\/2023\/05\/Strap-musta-etu-vkl-600x600.png",600,600,true],"woocommerce_gallery_thumbnail":["https:\/\/www.teamplace.eu\/vklohja\/wp-content\/uploads\/sites\/82\/2023\/05\/Strap-musta-etu-vkl-100x100.png",100,100,true]},"post_excerpt_stackable_v2":"<p>Urheilullinen naisten toppi, jossa olkaimet menev\u00e4t selk\u00e4puolella ristiin. Topin etuosa kaksinkertainen. Joustava kangas on korkealaatuinen. Materiaali on hengitt\u00e4v\u00e4 ja haihduttaa kosteuden nopeasti, jolloin k\u00e4ytt\u00f6mukavuus on ihanteellinen.<\/p>\n<p>Voimisteluklubi Lohja logo painettu vasempaan rintaan valkoisella.<\/p>\n<p>Koot: 120, 130, 140, 150, XS, S, M, L, XL<\/p>\n<p>Materiaali: polyester-elastaani<\/p>\n","category_list_v2":"","author_info_v2":{"name":"","url":""},"comments_num_v2":"0 comments","_links":{"self":[{"href":"https:\/\/www.teamplace.eu\/vklohja\/wp-json\/wp\/v2\/product\/1740","targetHints":{"allow":["GET"]}}],"collection":[{"href":"https:\/\/www.teamplace.eu\/vklohja\/wp-json\/wp\/v2\/product"}],"about":[{"href":"https:\/\/www.teamplace.eu\/vklohja\/wp-json\/wp\/v2\/types\/product"}],"replies":[{"embeddable":true,"href":"https:\/\/www.teamplace.eu\/vklohja\/wp-json\/wp\/v2\/comments?post=1740"}],"wp:featuredmedia":[{"embeddable":true,"href":"https:\/\/www.teamplace.eu\/vklohja\/wp-json\/wp\/v2\/media\/1751"}],"wp:attachment":[{"href":"https:\/\/www.teamplace.eu\/vklohja\/wp-json\/wp\/v2\/media?parent=1740"}],"wp:term":[{"taxonomy":"product_brand","embeddable":true,"href":"https:\/\/www.teamplace.eu\/vklohja\/wp-json\/wp\/v2\/product_brand?post=1740"},{"taxonomy":"product_cat","embeddable":true,"href":"https:\/\/www.teamplace.eu\/vklohja\/wp-json\/wp\/v2\/product_cat?post=1740"},{"taxonomy":"product_tag","embeddable":true,"href":"https:\/\/www.teamplace.eu\/vklohja\/wp-json\/wp\/v2\/product_tag?post=1740"}],"curies":[{"name":"wp","href":"https:\/\/api.w.org\/{rel}","templated":true}]}}