
{"id":1638,"date":"2023-04-24T14:56:37","date_gmt":"2023-04-24T11:56:37","guid":{"rendered":"https:\/\/www.teamplace.eu\/vklohja\/?post_type=product&#038;p=1638"},"modified":"2025-05-08T13:15:31","modified_gmt":"2025-05-08T10:15:31","slug":"hydro-flask-termosjuomapullo-standard-mouth-flex-cap-18oz-vklohja-logolla","status":"publish","type":"product","link":"https:\/\/www.teamplace.eu\/vklohja\/product\/hydro-flask-termosjuomapullo-standard-mouth-flex-cap-18oz-vklohja-logolla\/","title":{"rendered":"Hydro Flask termosjuomapullo standard mouth flex cap (18oz) VK-Lohja logolla \/eri v\u00e4rej\u00e4"},"content":{"rendered":"<p>Trendik\u00e4s ja huippulaatuinen termosjuomapullo kierrekorkilla. Pullon ter\u00e4ksisen rakenteen v\u00e4liss\u00e4 on tyhji\u00f6, joka erist\u00e4\u00e4 l\u00e4mm\u00f6nvaihtelun ja pit\u00e4\u00e4 juoman taatusti pitk\u00e4\u00e4n kylm\u00e4n\u00e4 tai kuumana, juuri sellaisena kuin haluat. Pullon pinta on pulverimaalattu, ja takaa varman pidon my\u00f6s pullon pinnan ollessa m\u00e4rk\u00e4.<\/p>\n<p>Pullon pulverimaalattuun pintaan on kaiverrettu Voimisteluklubi Lohjan logo. Kaiverruksessa paljastuu pullon ter\u00e4spinta, jolloin logo on ikuinen ja n\u00e4ytt\u00e4v\u00e4n n\u00e4k\u00f6inen. Mahdollista saada my\u00f6s nimikaiverrus logon alle lis\u00e4hinnasta 5,00\u20ac.<\/p>\n<p>Standard-suuaukko (48,5 mm)<br \/>\nPit\u00e4\u00e4 juoman l\u00e4mpim\u00e4n\u00e4 jopa 12 tuntia<br \/>\nPit\u00e4\u00e4 juoman kylm\u00e4n\u00e4 jopa 24 tuntia<br \/>\nRuostumatonta 18\/8 -sarjan ter\u00e4st\u00e4<br \/>\nEi sis\u00e4ll\u00e4 BPA:ta tai ftalaatteja<br \/>\nKest\u00e4v\u00e4 pulverimaalattu pinta<br \/>\nFlex Cap -korkki jossa integroitu kanto-\/ripustuskahva<br \/>\nElinik\u00e4inen takuu<\/p>\n<p>Paino: 316 g<br \/>\nMitat: 73 x 220 mm<br \/>\nTilavuus: 5,32 dl \/ 18oz<\/p>\n","protected":false},"excerpt":{"rendered":"<p>Trendik\u00e4s ja huippulaatuinen termosjuomapullo kierrekorkilla. Pullon ter\u00e4ksisen rakenteen v\u00e4liss\u00e4 on tyhji\u00f6, joka erist\u00e4\u00e4 l\u00e4mm\u00f6nvaihtelun ja pit\u00e4\u00e4 juoman taatusti pitk\u00e4\u00e4n kylm\u00e4n\u00e4 tai kuumana, juuri sellaisena kuin haluat. Pullon pinta on pulverimaalattu, ja takaa varman pidon my\u00f6s pullon pinnan ollessa m\u00e4rk\u00e4.<\/p>\n<p>Pullon pulverimaalattuun pintaan on kaiverrettu Voimisteluklubi Lohjan logo. Kaiverruksessa paljastuu pullon ter\u00e4spinta, jolloin logo on ikuinen ja n\u00e4ytt\u00e4v\u00e4n n\u00e4k\u00f6inen. Mahdollista saada my\u00f6s nimikaiverrus logon alle lis\u00e4hinnasta 5,00\u20ac.<\/p>\n<p>Standard-suuaukko (48,5 mm)<br \/>\nPit\u00e4\u00e4 juoman l\u00e4mpim\u00e4n\u00e4 jopa 12 tuntia<br \/>\nPit\u00e4\u00e4 juoman kylm\u00e4n\u00e4 jopa 24 tuntia<br \/>\nRuostumatonta 18\/8 -sarjan ter\u00e4st\u00e4<br \/>\nEi sis\u00e4ll\u00e4 BPA:ta tai ftalaatteja<br \/>\nKest\u00e4v\u00e4 pulverimaalattu pinta<br \/>\nFlex Cap -korkki jossa integroitu kanto-\/ripustuskahva<br \/>\nElinik\u00e4inen takuu<\/p>\n<p>Paino: 316 g<br \/>\nMitat: 73 x 220 mm<br \/>\nTilavuus: 5,32 dl \/ 18oz<\/p>\n","protected":false},"featured_media":1817,"comment_status":"open","ping_status":"closed","template":"","meta":[],"product_brand":[],"product_cat":[64],"product_tag":[],"class_list":{"0":"post-1638","1":"product","2":"type-product","3":"status-publish","4":"has-post-thumbnail","6":"product_cat-vk-lohja-tuotteet","8":"first","9":"instock","10":"taxable","11":"shipping-taxable","12":"purchasable","13":"product-type-simple"},"exclude_global_add_ons":false,"addons":[{"name":"Halutessasi saat nimen pulloon","type":"custom_text","position":0,"required":false,"title_format":"label","default":"","description_enable":true,"description":"Nimikaiverrus tehd\u00e4\u00e4n logon alle","placeholder_enable":false,"placeholder":"","display":"select","restrictions_type":"any_text","adjust_price":true,"price":"5.00","price_type":"flat_fee","restrictions":true,"min":"0","max":"12","options":[],"id":1682348373},{"name":"Valitse v\u00e4ri:","type":"multiple_choice","position":1,"required":true,"title_format":"label","default":"","description_enable":false,"description":"","placeholder_enable":false,"placeholder":"","display":"images","restrictions_type":"any_text","adjust_price":false,"price":"","price_type":"flat_fee","restrictions":false,"min":"0","max":"0","options":[{"label":"Musta","price":"","price_type":"flat_fee","image":1641,"visibility":true},{"label":"Valkoinen","price":"","price_type":"flat_fee","image":1644,"visibility":false},{"label":"Lupine -liila","price":"","price_type":"flat_fee","image":1913,"visibility":false}],"id":1682348880}],"featured_image_urls_v2":{"full":["https:\/\/www.teamplace.eu\/vklohja\/wp-content\/uploads\/sites\/82\/2023\/04\/HF-pullot-vkl.png",1064,1076,false],"thumbnail":["https:\/\/www.teamplace.eu\/vklohja\/wp-content\/uploads\/sites\/82\/2023\/04\/HF-pullot-vkl-150x150.png",150,150,true],"medium":["https:\/\/www.teamplace.eu\/vklohja\/wp-content\/uploads\/sites\/82\/2023\/04\/HF-pullot-vkl-297x300.png",297,300,true],"medium_large":["https:\/\/www.teamplace.eu\/vklohja\/wp-content\/uploads\/sites\/82\/2023\/04\/HF-pullot-vkl-768x777.png",580,587,true],"large":["https:\/\/www.teamplace.eu\/vklohja\/wp-content\/uploads\/sites\/82\/2023\/04\/HF-pullot-vkl-1013x1024.png",580,586,true],"1536x1536":["https:\/\/www.teamplace.eu\/vklohja\/wp-content\/uploads\/sites\/82\/2023\/04\/HF-pullot-vkl.png",1064,1076,false],"2048x2048":["https:\/\/www.teamplace.eu\/vklohja\/wp-content\/uploads\/sites\/82\/2023\/04\/HF-pullot-vkl.png",1064,1076,false],"post-thumbnail":["https:\/\/www.teamplace.eu\/vklohja\/wp-content\/uploads\/sites\/82\/2023\/04\/HF-pullot-vkl.png",1064,1076,false],"twentytwenty-fullscreen":["https:\/\/www.teamplace.eu\/vklohja\/wp-content\/uploads\/sites\/82\/2023\/04\/HF-pullot-vkl.png",1064,1076,false],"woocommerce_thumbnail":["https:\/\/www.teamplace.eu\/vklohja\/wp-content\/uploads\/sites\/82\/2023\/04\/HF-pullot-vkl-450x450.png",450,450,true],"woocommerce_single":["https:\/\/www.teamplace.eu\/vklohja\/wp-content\/uploads\/sites\/82\/2023\/04\/HF-pullot-vkl-600x607.png",600,607,true],"woocommerce_gallery_thumbnail":["https:\/\/www.teamplace.eu\/vklohja\/wp-content\/uploads\/sites\/82\/2023\/04\/HF-pullot-vkl-100x100.png",100,100,true]},"post_excerpt_stackable_v2":"<p>Trendik\u00e4s ja huippulaatuinen termosjuomapullo kierrekorkilla. Pullon ter\u00e4ksisen rakenteen v\u00e4liss\u00e4 on tyhji\u00f6, joka erist\u00e4\u00e4 l\u00e4mm\u00f6nvaihtelun ja pit\u00e4\u00e4 juoman taatusti pitk\u00e4\u00e4n kylm\u00e4n\u00e4 tai kuumana, juuri sellaisena kuin haluat. Pullon pinta on pulverimaalattu, ja takaa varman pidon my\u00f6s pullon pinnan ollessa m\u00e4rk\u00e4.<\/p>\n<p>Pullon pulverimaalattuun pintaan on kaiverrettu Voimisteluklubi Lohjan logo. Kaiverruksessa paljastuu pullon ter\u00e4spinta, jolloin logo on ikuinen ja n\u00e4ytt\u00e4v\u00e4n n\u00e4k\u00f6inen. Mahdollista saada my\u00f6s nimikaiverrus logon alle lis\u00e4hinnasta 5,00\u20ac.<\/p>\n<p>Standard-suuaukko (48,5 mm)<br \/>\nPit\u00e4\u00e4 juoman l\u00e4mpim\u00e4n\u00e4 jopa 12 tuntia<br \/>\nPit\u00e4\u00e4 juoman kylm\u00e4n\u00e4 jopa 24 tuntia<br \/>\nRuostumatonta 18\/8 -sarjan ter\u00e4st\u00e4<br \/>\nEi sis\u00e4ll\u00e4 BPA:ta tai ftalaatteja<br \/>\nKest\u00e4v\u00e4 pulverimaalattu pinta<br \/>\nFlex Cap -korkki jossa integroitu kanto-\/ripustuskahva<br \/>\nElinik\u00e4inen takuu<\/p>\n<p>Paino: 316 g<br \/>\nMitat: 73 x 220 mm<br \/>\nTilavuus: 5,32 dl \/ 18oz<\/p>\n","category_list_v2":"","author_info_v2":{"name":"","url":""},"comments_num_v2":"0 comments","_links":{"self":[{"href":"https:\/\/www.teamplace.eu\/vklohja\/wp-json\/wp\/v2\/product\/1638","targetHints":{"allow":["GET"]}}],"collection":[{"href":"https:\/\/www.teamplace.eu\/vklohja\/wp-json\/wp\/v2\/product"}],"about":[{"href":"https:\/\/www.teamplace.eu\/vklohja\/wp-json\/wp\/v2\/types\/product"}],"replies":[{"embeddable":true,"href":"https:\/\/www.teamplace.eu\/vklohja\/wp-json\/wp\/v2\/comments?post=1638"}],"wp:featuredmedia":[{"embeddable":true,"href":"https:\/\/www.teamplace.eu\/vklohja\/wp-json\/wp\/v2\/media\/1817"}],"wp:attachment":[{"href":"https:\/\/www.teamplace.eu\/vklohja\/wp-json\/wp\/v2\/media?parent=1638"}],"wp:term":[{"taxonomy":"product_brand","embeddable":true,"href":"https:\/\/www.teamplace.eu\/vklohja\/wp-json\/wp\/v2\/product_brand?post=1638"},{"taxonomy":"product_cat","embeddable":true,"href":"https:\/\/www.teamplace.eu\/vklohja\/wp-json\/wp\/v2\/product_cat?post=1638"},{"taxonomy":"product_tag","embeddable":true,"href":"https:\/\/www.teamplace.eu\/vklohja\/wp-json\/wp\/v2\/product_tag?post=1638"}],"curies":[{"name":"wp","href":"https:\/\/api.w.org\/{rel}","templated":true}]}}