
{"id":1411,"date":"2022-08-01T14:36:58","date_gmt":"2022-08-01T11:36:58","guid":{"rendered":"https:\/\/www.teamplace.eu\/vklohja\/?post_type=product&#038;p=1411"},"modified":"2023-05-02T15:37:06","modified_gmt":"2023-05-02T12:37:06","slug":"leap-leggings","status":"publish","type":"product","link":"https:\/\/www.teamplace.eu\/vklohja\/product\/leap-leggings\/","title":{"rendered":"LEAP leggings"},"content":{"rendered":"<p>Korkeavy\u00f6t\u00e4r\u00f6isess\u00e4 leggingsiss\u00e4 on vartalonmy\u00f6t\u00e4inen ihana istuvuus. Kaksinkertainen muotoiltu vy\u00f6t\u00e4r\u00f6kappale ylt\u00e4\u00e4 navan yl\u00e4puolelle. Monik\u00e4ytt\u00f6inen leggings toimii loistavasti j\u00e4\u00e4treeniss\u00e4, lenkkipoluilla ja vapaa-ajalla. Korkealaatuinen joustava materiaali on hengitt\u00e4v\u00e4 ja haihduttaa kosteuden nopeasti.<\/p>\n<p>Leggingsiin ei ole painettu seuralogoa.<\/p>\n<p>Materiaali: 80% polyamidi, 20% elastaani<\/p>\n<p>KOOT: 120, 130, 140, 150, XS, S, M, L, XL<\/p>\n","protected":false},"excerpt":{"rendered":"<p>Korkeavy\u00f6t\u00e4r\u00f6isess\u00e4 leggingsiss\u00e4 on vartalonmy\u00f6t\u00e4inen ihana istuvuus. Kaksinkertainen muotoiltu vy\u00f6t\u00e4r\u00f6kappale ylt\u00e4\u00e4 navan yl\u00e4puolelle. Monik\u00e4ytt\u00f6inen leggings toimii loistavasti j\u00e4\u00e4treeniss\u00e4, lenkkipoluilla ja vapaa-ajalla. Korkealaatuinen joustava materiaali on hengitt\u00e4v\u00e4 ja haihduttaa kosteuden nopeasti.<\/p>\n<p>Leggingsiin ei ole painettu seuralogoa.<\/p>\n<p>Materiaali: 80% polyamidi, 20% elastaani<\/p>\n<p>KOOT: 120, 130, 140, 150, XS, S, M, L, XL<\/p>\n","protected":false},"featured_media":703,"comment_status":"closed","ping_status":"closed","template":"","meta":[],"product_brand":[],"product_cat":[64],"product_tag":[],"class_list":{"0":"post-1411","1":"product","2":"type-product","3":"status-publish","4":"has-post-thumbnail","6":"product_cat-vk-lohja-tuotteet","8":"first","9":"instock","10":"taxable","11":"shipping-taxable","12":"purchasable","13":"product-type-variable"},"exclude_global_add_ons":[],"addons":[],"featured_image_urls_v2":{"full":["https:\/\/www.teamplace.eu\/vklohja\/wp-content\/uploads\/sites\/82\/2021\/01\/Leggings-high-waisted-etu.jpg",1600,1600,false],"thumbnail":["https:\/\/www.teamplace.eu\/vklohja\/wp-content\/uploads\/sites\/82\/2021\/01\/Leggings-high-waisted-etu-150x150.jpg",150,150,true],"medium":["https:\/\/www.teamplace.eu\/vklohja\/wp-content\/uploads\/sites\/82\/2021\/01\/Leggings-high-waisted-etu-300x300.jpg",300,300,true],"medium_large":["https:\/\/www.teamplace.eu\/vklohja\/wp-content\/uploads\/sites\/82\/2021\/01\/Leggings-high-waisted-etu-768x768.jpg",580,580,true],"large":["https:\/\/www.teamplace.eu\/vklohja\/wp-content\/uploads\/sites\/82\/2021\/01\/Leggings-high-waisted-etu-1024x1024.jpg",580,580,true],"1536x1536":["https:\/\/www.teamplace.eu\/vklohja\/wp-content\/uploads\/sites\/82\/2021\/01\/Leggings-high-waisted-etu-1536x1536.jpg",1536,1536,true],"2048x2048":["https:\/\/www.teamplace.eu\/vklohja\/wp-content\/uploads\/sites\/82\/2021\/01\/Leggings-high-waisted-etu.jpg",1600,1600,false],"post-thumbnail":["https:\/\/www.teamplace.eu\/vklohja\/wp-content\/uploads\/sites\/82\/2021\/01\/Leggings-high-waisted-etu-1200x1200.jpg",1200,1200,true],"twentytwenty-fullscreen":["https:\/\/www.teamplace.eu\/vklohja\/wp-content\/uploads\/sites\/82\/2021\/01\/Leggings-high-waisted-etu.jpg",1600,1600,false],"woocommerce_thumbnail":["https:\/\/www.teamplace.eu\/vklohja\/wp-content\/uploads\/sites\/82\/2021\/01\/Leggings-high-waisted-etu-450x450.jpg",450,450,true],"woocommerce_single":["https:\/\/www.teamplace.eu\/vklohja\/wp-content\/uploads\/sites\/82\/2021\/01\/Leggings-high-waisted-etu-600x600.jpg",600,600,true],"woocommerce_gallery_thumbnail":["https:\/\/www.teamplace.eu\/vklohja\/wp-content\/uploads\/sites\/82\/2021\/01\/Leggings-high-waisted-etu-100x100.jpg",100,100,true]},"post_excerpt_stackable_v2":"<p>Korkeavy\u00f6t\u00e4r\u00f6isess\u00e4 leggingsiss\u00e4 on vartalonmy\u00f6t\u00e4inen ihana istuvuus. Kaksinkertainen muotoiltu vy\u00f6t\u00e4r\u00f6kappale ylt\u00e4\u00e4 navan yl\u00e4puolelle. Monik\u00e4ytt\u00f6inen leggings toimii loistavasti j\u00e4\u00e4treeniss\u00e4, lenkkipoluilla ja vapaa-ajalla. Korkealaatuinen joustava materiaali on hengitt\u00e4v\u00e4 ja haihduttaa kosteuden nopeasti.<\/p>\n<p>Leggingsiin ei ole painettu seuralogoa.<\/p>\n<p>Materiaali: 80% polyamidi, 20% elastaani<\/p>\n<p>KOOT: 120, 130, 140, 150, XS, S, M, L, XL<\/p>\n","category_list_v2":"","author_info_v2":{"name":"","url":""},"comments_num_v2":"0 comments","_links":{"self":[{"href":"https:\/\/www.teamplace.eu\/vklohja\/wp-json\/wp\/v2\/product\/1411","targetHints":{"allow":["GET"]}}],"collection":[{"href":"https:\/\/www.teamplace.eu\/vklohja\/wp-json\/wp\/v2\/product"}],"about":[{"href":"https:\/\/www.teamplace.eu\/vklohja\/wp-json\/wp\/v2\/types\/product"}],"replies":[{"embeddable":true,"href":"https:\/\/www.teamplace.eu\/vklohja\/wp-json\/wp\/v2\/comments?post=1411"}],"wp:featuredmedia":[{"embeddable":true,"href":"https:\/\/www.teamplace.eu\/vklohja\/wp-json\/wp\/v2\/media\/703"}],"wp:attachment":[{"href":"https:\/\/www.teamplace.eu\/vklohja\/wp-json\/wp\/v2\/media?parent=1411"}],"wp:term":[{"taxonomy":"product_brand","embeddable":true,"href":"https:\/\/www.teamplace.eu\/vklohja\/wp-json\/wp\/v2\/product_brand?post=1411"},{"taxonomy":"product_cat","embeddable":true,"href":"https:\/\/www.teamplace.eu\/vklohja\/wp-json\/wp\/v2\/product_cat?post=1411"},{"taxonomy":"product_tag","embeddable":true,"href":"https:\/\/www.teamplace.eu\/vklohja\/wp-json\/wp\/v2\/product_tag?post=1411"}],"curies":[{"name":"wp","href":"https:\/\/api.w.org\/{rel}","templated":true}]}}