
{"id":2201,"date":"2025-11-28T14:25:37","date_gmt":"2025-11-28T12:25:37","guid":{"rendered":"https:\/\/www.teamplace.eu\/onv\/?post_type=product&#038;p=2201"},"modified":"2025-11-28T14:28:17","modified_gmt":"2025-11-28T12:28:17","slug":"stream-toppi-onv-tummapinkki","status":"publish","type":"product","link":"https:\/\/www.teamplace.eu\/onv\/product\/stream-toppi-onv-tummapinkki\/","title":{"rendered":"STREAM toppi ONV \/tumma pinkki"},"content":{"rendered":"<p>Sporttinen painijanselk\u00e4inen toppi. Korkealaatuinen joustava materiaali ja hyvin istuva leikkaus. Materiaali on hengitt\u00e4v\u00e4 ja haihduttaa kosteuden nopeasti, jolloin k\u00e4ytt\u00f6mukavuus on ihanteellinen.<\/p>\n<p>Oulun Voimistelijat logo painettu topin selk\u00e4\u00e4n valkoisella.<\/p>\n<p>MATERIAALI: PA80%, EA20%<\/p>\n<p>KOOT: 120, 130, 140, 150, XS, S, M, L, XL<\/p>\n","protected":false},"excerpt":{"rendered":"<p>Sporttinen painijanselk\u00e4inen toppi. Korkealaatuinen joustava materiaali ja hyvin istuva leikkaus. Materiaali on hengitt\u00e4v\u00e4 ja haihduttaa kosteuden nopeasti, jolloin k\u00e4ytt\u00f6mukavuus on ihanteellinen.<\/p>\n<p>Oulun Voimistelijat logo painettu topin selk\u00e4\u00e4n valkoisella.<\/p>\n<p>MATERIAALI: PA80%, EA20%<\/p>\n<p>KOOT: 120, 130, 140, 150, XS, S, M, L, XL<\/p>\n","protected":false},"featured_media":2190,"comment_status":"open","ping_status":"closed","template":"","meta":[],"product_brand":[],"product_cat":[67],"product_tag":[],"class_list":{"0":"post-2201","1":"product","2":"type-product","3":"status-publish","4":"has-post-thumbnail","6":"product_cat-oulun-voimistelijat-tuotteet","8":"first","9":"instock","10":"taxable","11":"shipping-taxable","12":"purchasable","13":"product-type-variable"},"exclude_global_add_ons":[],"addons":[],"featured_image_urls_v2":{"full":["https:\/\/www.teamplace.eu\/onv\/wp-content\/uploads\/sites\/108\/2025\/11\/Stream-toppi-pinkki_Front.jpg",1600,1600,false],"thumbnail":["https:\/\/www.teamplace.eu\/onv\/wp-content\/uploads\/sites\/108\/2025\/11\/Stream-toppi-pinkki_Front-150x150.jpg",150,150,true],"medium":["https:\/\/www.teamplace.eu\/onv\/wp-content\/uploads\/sites\/108\/2025\/11\/Stream-toppi-pinkki_Front-300x300.jpg",300,300,true],"medium_large":["https:\/\/www.teamplace.eu\/onv\/wp-content\/uploads\/sites\/108\/2025\/11\/Stream-toppi-pinkki_Front-768x768.jpg",580,580,true],"large":["https:\/\/www.teamplace.eu\/onv\/wp-content\/uploads\/sites\/108\/2025\/11\/Stream-toppi-pinkki_Front-1024x1024.jpg",580,580,true],"1536x1536":["https:\/\/www.teamplace.eu\/onv\/wp-content\/uploads\/sites\/108\/2025\/11\/Stream-toppi-pinkki_Front-1536x1536.jpg",1536,1536,true],"2048x2048":["https:\/\/www.teamplace.eu\/onv\/wp-content\/uploads\/sites\/108\/2025\/11\/Stream-toppi-pinkki_Front.jpg",1600,1600,false],"post-thumbnail":["https:\/\/www.teamplace.eu\/onv\/wp-content\/uploads\/sites\/108\/2025\/11\/Stream-toppi-pinkki_Front-1200x1200.jpg",1200,1200,true],"twentytwenty-fullscreen":["https:\/\/www.teamplace.eu\/onv\/wp-content\/uploads\/sites\/108\/2025\/11\/Stream-toppi-pinkki_Front.jpg",1600,1600,false],"woocommerce_thumbnail":["https:\/\/www.teamplace.eu\/onv\/wp-content\/uploads\/sites\/108\/2025\/11\/Stream-toppi-pinkki_Front-450x450.jpg",450,450,true],"woocommerce_single":["https:\/\/www.teamplace.eu\/onv\/wp-content\/uploads\/sites\/108\/2025\/11\/Stream-toppi-pinkki_Front-600x600.jpg",600,600,true],"woocommerce_gallery_thumbnail":["https:\/\/www.teamplace.eu\/onv\/wp-content\/uploads\/sites\/108\/2025\/11\/Stream-toppi-pinkki_Front-100x100.jpg",100,100,true]},"post_excerpt_stackable_v2":"<p>Sporttinen painijanselk\u00e4inen toppi. Korkealaatuinen joustava materiaali ja hyvin istuva leikkaus. Materiaali on hengitt\u00e4v\u00e4 ja haihduttaa kosteuden nopeasti, jolloin k\u00e4ytt\u00f6mukavuus on ihanteellinen.<\/p>\n<p>Oulun Voimistelijat logo painettu topin selk\u00e4\u00e4n valkoisella.<\/p>\n<p>MATERIAALI: PA80%, EA20%<\/p>\n<p>KOOT: 120, 130, 140, 150, XS, S, M, L, XL<\/p>\n","category_list_v2":"","author_info_v2":{"name":"","url":""},"comments_num_v2":"0 comments","_links":{"self":[{"href":"https:\/\/www.teamplace.eu\/onv\/wp-json\/wp\/v2\/product\/2201","targetHints":{"allow":["GET"]}}],"collection":[{"href":"https:\/\/www.teamplace.eu\/onv\/wp-json\/wp\/v2\/product"}],"about":[{"href":"https:\/\/www.teamplace.eu\/onv\/wp-json\/wp\/v2\/types\/product"}],"replies":[{"embeddable":true,"href":"https:\/\/www.teamplace.eu\/onv\/wp-json\/wp\/v2\/comments?post=2201"}],"wp:featuredmedia":[{"embeddable":true,"href":"https:\/\/www.teamplace.eu\/onv\/wp-json\/wp\/v2\/media\/2190"}],"wp:attachment":[{"href":"https:\/\/www.teamplace.eu\/onv\/wp-json\/wp\/v2\/media?parent=2201"}],"wp:term":[{"taxonomy":"product_brand","embeddable":true,"href":"https:\/\/www.teamplace.eu\/onv\/wp-json\/wp\/v2\/product_brand?post=2201"},{"taxonomy":"product_cat","embeddable":true,"href":"https:\/\/www.teamplace.eu\/onv\/wp-json\/wp\/v2\/product_cat?post=2201"},{"taxonomy":"product_tag","embeddable":true,"href":"https:\/\/www.teamplace.eu\/onv\/wp-json\/wp\/v2\/product_tag?post=2201"}],"curies":[{"name":"wp","href":"https:\/\/api.w.org\/{rel}","templated":true}]}}