
{"id":2069,"date":"2024-06-14T09:40:39","date_gmt":"2024-06-14T06:40:39","guid":{"rendered":"https:\/\/www.teamplace.eu\/onv\/?post_type=product&#038;p=2069"},"modified":"2024-06-14T09:51:05","modified_gmt":"2024-06-14T06:51:05","slug":"line-t-paita-onv-kirkkaansininen","status":"publish","type":"product","link":"https:\/\/www.teamplace.eu\/onv\/product\/line-t-paita-onv-kirkkaansininen\/","title":{"rendered":"LINE t-paita ONV \/kirkkaansininen"},"content":{"rendered":"<p>T-paita sopii hyvin erilaisiin treenitilanteisiin. Malli on istuva ja pituus on lantiolle. Korkealaatuinen ja joustava materiaali on hengitt\u00e4v\u00e4 ja haihduttaa kosteuden nopeasti, jolloin k\u00e4ytt\u00f6mukavuus on ihanteellinen.<\/p>\n<p>Oulun Voimistelijat logopainatus sel\u00e4ss\u00e4 valkoisella, vasemmassa rinnassa valkoinen ONV logopainatus.<\/p>\n<p>MATERIAALI: 80% PA, 20% EA<br \/>\nKOOT: 120, 130, 140, 150, XS, S, M, L, XL<\/p>\n","protected":false},"excerpt":{"rendered":"<p>T-paita sopii hyvin erilaisiin treenitilanteisiin. Malli on istuva ja pituus on lantiolle. Korkealaatuinen ja joustava materiaali on hengitt\u00e4v\u00e4 ja haihduttaa kosteuden nopeasti, jolloin k\u00e4ytt\u00f6mukavuus on ihanteellinen.<\/p>\n<p>Oulun Voimistelijat logopainatus sel\u00e4ss\u00e4 valkoisella, vasemmassa rinnassa valkoinen ONV logopainatus.<\/p>\n<p>MATERIAALI: 80% PA, 20% EA<br \/>\nKOOT: 120, 130, 140, 150, XS, S, M, L, XL<\/p>\n","protected":false},"featured_media":2065,"comment_status":"open","ping_status":"closed","template":"","meta":[],"product_brand":[],"product_cat":[67],"product_tag":[],"class_list":{"0":"post-2069","1":"product","2":"type-product","3":"status-publish","4":"has-post-thumbnail","6":"product_cat-oulun-voimistelijat-tuotteet","8":"first","9":"instock","10":"taxable","11":"shipping-taxable","12":"purchasable","13":"product-type-variable"},"exclude_global_add_ons":[],"addons":[],"featured_image_urls_v2":{"full":["https:\/\/www.teamplace.eu\/onv\/wp-content\/uploads\/sites\/108\/2024\/06\/Line-ryal-etu-onv.png",532,533,false],"thumbnail":["https:\/\/www.teamplace.eu\/onv\/wp-content\/uploads\/sites\/108\/2024\/06\/Line-ryal-etu-onv-150x150.png",150,150,true],"medium":["https:\/\/www.teamplace.eu\/onv\/wp-content\/uploads\/sites\/108\/2024\/06\/Line-ryal-etu-onv-300x300.png",300,300,true],"medium_large":["https:\/\/www.teamplace.eu\/onv\/wp-content\/uploads\/sites\/108\/2024\/06\/Line-ryal-etu-onv.png",532,533,false],"large":["https:\/\/www.teamplace.eu\/onv\/wp-content\/uploads\/sites\/108\/2024\/06\/Line-ryal-etu-onv.png",532,533,false],"1536x1536":["https:\/\/www.teamplace.eu\/onv\/wp-content\/uploads\/sites\/108\/2024\/06\/Line-ryal-etu-onv.png",532,533,false],"2048x2048":["https:\/\/www.teamplace.eu\/onv\/wp-content\/uploads\/sites\/108\/2024\/06\/Line-ryal-etu-onv.png",532,533,false],"post-thumbnail":["https:\/\/www.teamplace.eu\/onv\/wp-content\/uploads\/sites\/108\/2024\/06\/Line-ryal-etu-onv.png",532,533,false],"twentytwenty-fullscreen":["https:\/\/www.teamplace.eu\/onv\/wp-content\/uploads\/sites\/108\/2024\/06\/Line-ryal-etu-onv.png",532,533,false],"woocommerce_thumbnail":["https:\/\/www.teamplace.eu\/onv\/wp-content\/uploads\/sites\/108\/2024\/06\/Line-ryal-etu-onv-450x450.png",450,450,true],"woocommerce_single":["https:\/\/www.teamplace.eu\/onv\/wp-content\/uploads\/sites\/108\/2024\/06\/Line-ryal-etu-onv.png",532,533,false],"woocommerce_gallery_thumbnail":["https:\/\/www.teamplace.eu\/onv\/wp-content\/uploads\/sites\/108\/2024\/06\/Line-ryal-etu-onv-100x100.png",100,100,true]},"post_excerpt_stackable_v2":"<p>T-paita sopii hyvin erilaisiin treenitilanteisiin. Malli on istuva ja pituus on lantiolle. Korkealaatuinen ja joustava materiaali on hengitt\u00e4v\u00e4 ja haihduttaa kosteuden nopeasti, jolloin k\u00e4ytt\u00f6mukavuus on ihanteellinen.<\/p>\n<p>Oulun Voimistelijat logopainatus sel\u00e4ss\u00e4 valkoisella, vasemmassa rinnassa valkoinen ONV logopainatus.<\/p>\n<p>MATERIAALI: 80% PA, 20% EA<br \/>\nKOOT: 120, 130, 140, 150, XS, S, M, L, XL<\/p>\n","category_list_v2":"","author_info_v2":{"name":"","url":""},"comments_num_v2":"0 comments","_links":{"self":[{"href":"https:\/\/www.teamplace.eu\/onv\/wp-json\/wp\/v2\/product\/2069","targetHints":{"allow":["GET"]}}],"collection":[{"href":"https:\/\/www.teamplace.eu\/onv\/wp-json\/wp\/v2\/product"}],"about":[{"href":"https:\/\/www.teamplace.eu\/onv\/wp-json\/wp\/v2\/types\/product"}],"replies":[{"embeddable":true,"href":"https:\/\/www.teamplace.eu\/onv\/wp-json\/wp\/v2\/comments?post=2069"}],"wp:featuredmedia":[{"embeddable":true,"href":"https:\/\/www.teamplace.eu\/onv\/wp-json\/wp\/v2\/media\/2065"}],"wp:attachment":[{"href":"https:\/\/www.teamplace.eu\/onv\/wp-json\/wp\/v2\/media?parent=2069"}],"wp:term":[{"taxonomy":"product_brand","embeddable":true,"href":"https:\/\/www.teamplace.eu\/onv\/wp-json\/wp\/v2\/product_brand?post=2069"},{"taxonomy":"product_cat","embeddable":true,"href":"https:\/\/www.teamplace.eu\/onv\/wp-json\/wp\/v2\/product_cat?post=2069"},{"taxonomy":"product_tag","embeddable":true,"href":"https:\/\/www.teamplace.eu\/onv\/wp-json\/wp\/v2\/product_tag?post=2069"}],"curies":[{"name":"wp","href":"https:\/\/api.w.org\/{rel}","templated":true}]}}