
{"id":2048,"date":"2024-06-10T14:46:05","date_gmt":"2024-06-10T11:46:05","guid":{"rendered":"https:\/\/www.teamplace.eu\/onv\/?post_type=product&#038;p=2048"},"modified":"2024-10-10T16:38:51","modified_gmt":"2024-10-10T13:38:51","slug":"sandaalit-onv-valkoinen","status":"publish","type":"product","link":"https:\/\/www.teamplace.eu\/onv\/product\/sandaalit-onv-valkoinen\/","title":{"rendered":"Sandaalit ONV \/valkoinen"},"content":{"rendered":"<p>Voimistelijoille sopivat sandaalit hallille ja vapaa-ajalle. Sandaaleissa on pehme\u00e4 iskuja vaimentava muotoiltu pohja ja p\u00e4\u00e4liosaan on painettu seuran logopainatus.<\/p>\n<p>ONV teksti painettu sandaalin p\u00e4\u00e4liosaan mustalla v\u00e4rill\u00e4.<\/p>\n<p>Materiaali: 100% polyester<\/p>\n<p>Koot: 35\/36, 37\/38, 39\/40, 41\/42, 43\/44<br \/>\nKoot vastaavat hyvin kyseist\u00e4 keng\u00e4nkokoa.<\/p>\n","protected":false},"excerpt":{"rendered":"<p>Voimistelijoille sopivat sandaalit hallille ja vapaa-ajalle. Sandaaleissa on pehme\u00e4 iskuja vaimentava muotoiltu pohja ja p\u00e4\u00e4liosaan on painettu seuran logopainatus.<\/p>\n<p>ONV teksti painettu sandaalin p\u00e4\u00e4liosaan mustalla v\u00e4rill\u00e4.<\/p>\n<p>Materiaali: 100% polyester<\/p>\n<p>Koot: 35\/36, 37\/38, 39\/40, 41\/42, 43\/44<br \/>\nKoot vastaavat hyvin kyseist\u00e4 keng\u00e4nkokoa.<\/p>\n","protected":false},"featured_media":2132,"comment_status":"open","ping_status":"closed","template":"","meta":[],"product_brand":[],"product_cat":[67],"product_tag":[],"class_list":{"0":"post-2048","1":"product","2":"type-product","3":"status-publish","4":"has-post-thumbnail","6":"product_cat-oulun-voimistelijat-tuotteet","8":"first","9":"instock","10":"taxable","11":"shipping-taxable","12":"purchasable","13":"product-type-variable"},"exclude_global_add_ons":[],"addons":[],"featured_image_urls_v2":{"full":["https:\/\/www.teamplace.eu\/onv\/wp-content\/uploads\/sites\/108\/2024\/06\/Sandaalit-valk-onv-1.png",532,533,false],"thumbnail":["https:\/\/www.teamplace.eu\/onv\/wp-content\/uploads\/sites\/108\/2024\/06\/Sandaalit-valk-onv-1-150x150.png",150,150,true],"medium":["https:\/\/www.teamplace.eu\/onv\/wp-content\/uploads\/sites\/108\/2024\/06\/Sandaalit-valk-onv-1-300x300.png",300,300,true],"medium_large":["https:\/\/www.teamplace.eu\/onv\/wp-content\/uploads\/sites\/108\/2024\/06\/Sandaalit-valk-onv-1.png",532,533,false],"large":["https:\/\/www.teamplace.eu\/onv\/wp-content\/uploads\/sites\/108\/2024\/06\/Sandaalit-valk-onv-1.png",532,533,false],"1536x1536":["https:\/\/www.teamplace.eu\/onv\/wp-content\/uploads\/sites\/108\/2024\/06\/Sandaalit-valk-onv-1.png",532,533,false],"2048x2048":["https:\/\/www.teamplace.eu\/onv\/wp-content\/uploads\/sites\/108\/2024\/06\/Sandaalit-valk-onv-1.png",532,533,false],"post-thumbnail":["https:\/\/www.teamplace.eu\/onv\/wp-content\/uploads\/sites\/108\/2024\/06\/Sandaalit-valk-onv-1.png",532,533,false],"twentytwenty-fullscreen":["https:\/\/www.teamplace.eu\/onv\/wp-content\/uploads\/sites\/108\/2024\/06\/Sandaalit-valk-onv-1.png",532,533,false],"woocommerce_thumbnail":["https:\/\/www.teamplace.eu\/onv\/wp-content\/uploads\/sites\/108\/2024\/06\/Sandaalit-valk-onv-1-450x450.png",450,450,true],"woocommerce_single":["https:\/\/www.teamplace.eu\/onv\/wp-content\/uploads\/sites\/108\/2024\/06\/Sandaalit-valk-onv-1.png",532,533,false],"woocommerce_gallery_thumbnail":["https:\/\/www.teamplace.eu\/onv\/wp-content\/uploads\/sites\/108\/2024\/06\/Sandaalit-valk-onv-1-100x100.png",100,100,true]},"post_excerpt_stackable_v2":"<p>Voimistelijoille sopivat sandaalit hallille ja vapaa-ajalle. Sandaaleissa on pehme\u00e4 iskuja vaimentava muotoiltu pohja ja p\u00e4\u00e4liosaan on painettu seuran logopainatus.<\/p>\n<p>ONV teksti painettu sandaalin p\u00e4\u00e4liosaan mustalla v\u00e4rill\u00e4.<\/p>\n<p>Materiaali: 100% polyester<\/p>\n<p>Koot: 35\/36, 37\/38, 39\/40, 41\/42, 43\/44<br \/>\nKoot vastaavat hyvin kyseist\u00e4 keng\u00e4nkokoa.<\/p>\n","category_list_v2":"","author_info_v2":{"name":"","url":""},"comments_num_v2":"0 comments","_links":{"self":[{"href":"https:\/\/www.teamplace.eu\/onv\/wp-json\/wp\/v2\/product\/2048","targetHints":{"allow":["GET"]}}],"collection":[{"href":"https:\/\/www.teamplace.eu\/onv\/wp-json\/wp\/v2\/product"}],"about":[{"href":"https:\/\/www.teamplace.eu\/onv\/wp-json\/wp\/v2\/types\/product"}],"replies":[{"embeddable":true,"href":"https:\/\/www.teamplace.eu\/onv\/wp-json\/wp\/v2\/comments?post=2048"}],"wp:featuredmedia":[{"embeddable":true,"href":"https:\/\/www.teamplace.eu\/onv\/wp-json\/wp\/v2\/media\/2132"}],"wp:attachment":[{"href":"https:\/\/www.teamplace.eu\/onv\/wp-json\/wp\/v2\/media?parent=2048"}],"wp:term":[{"taxonomy":"product_brand","embeddable":true,"href":"https:\/\/www.teamplace.eu\/onv\/wp-json\/wp\/v2\/product_brand?post=2048"},{"taxonomy":"product_cat","embeddable":true,"href":"https:\/\/www.teamplace.eu\/onv\/wp-json\/wp\/v2\/product_cat?post=2048"},{"taxonomy":"product_tag","embeddable":true,"href":"https:\/\/www.teamplace.eu\/onv\/wp-json\/wp\/v2\/product_tag?post=2048"}],"curies":[{"name":"wp","href":"https:\/\/api.w.org\/{rel}","templated":true}]}}