
{"id":2021,"date":"2024-03-14T14:01:05","date_gmt":"2024-03-14T12:01:05","guid":{"rendered":"https:\/\/www.teamplace.eu\/onv\/?post_type=product&#038;p=2021"},"modified":"2024-03-14T14:04:43","modified_gmt":"2024-03-14T12:04:43","slug":"voimistelutyyny-onv","status":"publish","type":"product","link":"https:\/\/www.teamplace.eu\/onv\/product\/voimistelutyyny-onv\/","title":{"rendered":"Voimistelutyyny ONV"},"content":{"rendered":"<p>Voimistelutyyny 29x29x3cm. Sininen p\u00e4\u00e4llinen on valmistettu joustavasta materiaalista, valkoinen Oulun Voimistelijat logo p\u00e4\u00e4lipuolella, sis\u00e4ll\u00e4 vaahtomuovipatja.<\/p>\n<p>Tuotteessa k\u00e4ytetty vaahtomuovi on valmistettu Suomessa, eik\u00e4 ole puristepakattu prosessin miss\u00e4\u00e4n vaiheessa. T\u00e4m\u00e4 takaa vaahtomuoville ehj\u00e4n solukon ja vuosien k\u00e4ytt\u00f6i\u00e4n.<\/p>\n<p>Yksi koko<\/p>\n","protected":false},"excerpt":{"rendered":"<p>Voimistelutyyny 29x29x3cm. Sininen p\u00e4\u00e4llinen on valmistettu joustavasta materiaalista, valkoinen Oulun Voimistelijat logo p\u00e4\u00e4lipuolella, sis\u00e4ll\u00e4 vaahtomuovipatja.<\/p>\n<p>Tuotteessa k\u00e4ytetty vaahtomuovi on valmistettu Suomessa, eik\u00e4 ole puristepakattu prosessin miss\u00e4\u00e4n vaiheessa. T\u00e4m\u00e4 takaa vaahtomuoville ehj\u00e4n solukon ja vuosien k\u00e4ytt\u00f6i\u00e4n.<\/p>\n<p>Yksi koko<\/p>\n","protected":false},"featured_media":2022,"comment_status":"open","ping_status":"closed","template":"","meta":[],"product_brand":[],"product_cat":[67],"product_tag":[],"class_list":{"0":"post-2021","1":"product","2":"type-product","3":"status-publish","4":"has-post-thumbnail","6":"product_cat-oulun-voimistelijat-tuotteet","8":"first","9":"instock","10":"taxable","11":"shipping-taxable","12":"purchasable","13":"product-type-simple"},"exclude_global_add_ons":[],"addons":[],"featured_image_urls_v2":{"full":["https:\/\/www.teamplace.eu\/onv\/wp-content\/uploads\/sites\/108\/2024\/03\/Voimistelutyyny-onv.png",532,533,false],"thumbnail":["https:\/\/www.teamplace.eu\/onv\/wp-content\/uploads\/sites\/108\/2024\/03\/Voimistelutyyny-onv-150x150.png",150,150,true],"medium":["https:\/\/www.teamplace.eu\/onv\/wp-content\/uploads\/sites\/108\/2024\/03\/Voimistelutyyny-onv-300x300.png",300,300,true],"medium_large":["https:\/\/www.teamplace.eu\/onv\/wp-content\/uploads\/sites\/108\/2024\/03\/Voimistelutyyny-onv.png",532,533,false],"large":["https:\/\/www.teamplace.eu\/onv\/wp-content\/uploads\/sites\/108\/2024\/03\/Voimistelutyyny-onv.png",532,533,false],"1536x1536":["https:\/\/www.teamplace.eu\/onv\/wp-content\/uploads\/sites\/108\/2024\/03\/Voimistelutyyny-onv.png",532,533,false],"2048x2048":["https:\/\/www.teamplace.eu\/onv\/wp-content\/uploads\/sites\/108\/2024\/03\/Voimistelutyyny-onv.png",532,533,false],"post-thumbnail":["https:\/\/www.teamplace.eu\/onv\/wp-content\/uploads\/sites\/108\/2024\/03\/Voimistelutyyny-onv.png",532,533,false],"twentytwenty-fullscreen":["https:\/\/www.teamplace.eu\/onv\/wp-content\/uploads\/sites\/108\/2024\/03\/Voimistelutyyny-onv.png",532,533,false],"woocommerce_thumbnail":["https:\/\/www.teamplace.eu\/onv\/wp-content\/uploads\/sites\/108\/2024\/03\/Voimistelutyyny-onv-450x450.png",450,450,true],"woocommerce_single":["https:\/\/www.teamplace.eu\/onv\/wp-content\/uploads\/sites\/108\/2024\/03\/Voimistelutyyny-onv.png",532,533,false],"woocommerce_gallery_thumbnail":["https:\/\/www.teamplace.eu\/onv\/wp-content\/uploads\/sites\/108\/2024\/03\/Voimistelutyyny-onv-100x100.png",100,100,true]},"post_excerpt_stackable_v2":"<p>Voimistelutyyny 29x29x3cm. Sininen p\u00e4\u00e4llinen on valmistettu joustavasta materiaalista, valkoinen Oulun Voimistelijat logo p\u00e4\u00e4lipuolella, sis\u00e4ll\u00e4 vaahtomuovipatja.<\/p>\n<p>Tuotteessa k\u00e4ytetty vaahtomuovi on valmistettu Suomessa, eik\u00e4 ole puristepakattu prosessin miss\u00e4\u00e4n vaiheessa. T\u00e4m\u00e4 takaa vaahtomuoville ehj\u00e4n solukon ja vuosien k\u00e4ytt\u00f6i\u00e4n.<\/p>\n<p>Yksi koko<\/p>\n","category_list_v2":"","author_info_v2":{"name":"","url":""},"comments_num_v2":"0 comments","_links":{"self":[{"href":"https:\/\/www.teamplace.eu\/onv\/wp-json\/wp\/v2\/product\/2021","targetHints":{"allow":["GET"]}}],"collection":[{"href":"https:\/\/www.teamplace.eu\/onv\/wp-json\/wp\/v2\/product"}],"about":[{"href":"https:\/\/www.teamplace.eu\/onv\/wp-json\/wp\/v2\/types\/product"}],"replies":[{"embeddable":true,"href":"https:\/\/www.teamplace.eu\/onv\/wp-json\/wp\/v2\/comments?post=2021"}],"wp:featuredmedia":[{"embeddable":true,"href":"https:\/\/www.teamplace.eu\/onv\/wp-json\/wp\/v2\/media\/2022"}],"wp:attachment":[{"href":"https:\/\/www.teamplace.eu\/onv\/wp-json\/wp\/v2\/media?parent=2021"}],"wp:term":[{"taxonomy":"product_brand","embeddable":true,"href":"https:\/\/www.teamplace.eu\/onv\/wp-json\/wp\/v2\/product_brand?post=2021"},{"taxonomy":"product_cat","embeddable":true,"href":"https:\/\/www.teamplace.eu\/onv\/wp-json\/wp\/v2\/product_cat?post=2021"},{"taxonomy":"product_tag","embeddable":true,"href":"https:\/\/www.teamplace.eu\/onv\/wp-json\/wp\/v2\/product_tag?post=2021"}],"curies":[{"name":"wp","href":"https:\/\/api.w.org\/{rel}","templated":true}]}}