
{"id":1904,"date":"2024-02-23T14:34:00","date_gmt":"2024-02-23T12:34:00","guid":{"rendered":"https:\/\/www.teamplace.eu\/onv\/?post_type=product&#038;p=1904"},"modified":"2024-02-23T14:34:00","modified_gmt":"2024-02-23T12:34:00","slug":"jumppapussi-onv-musta","status":"publish","type":"product","link":"https:\/\/www.teamplace.eu\/onv\/product\/jumppapussi-onv-musta\/","title":{"rendered":"Jumppapussi ONV \/musta"},"content":{"rendered":"<div class=\"woocommerce-product-details__short-description\">\n<p>Paksusta polyester-materiaalista valmistettu musta jumppapussi, jonka sivusaumassa vetoketjutasku. Paksut mustat ny\u00f6rit. Vedenpit\u00e4v\u00e4 kangas.<\/p>\n<p>Oulun Voimistelijat logo painettu pussin etupuolelle valkoisella.<\/p>\n<p>Nimipainatus mahdollista painaa logon alle kaunokirjoituksella.<\/p>\n<p>Koko: 40 x 48 cm<br \/>\nTilavuus: 15 litraa<br \/>\nV\u00e4ri: Musta-musta<\/p>\n<\/div>\n<form class=\"cart\" action=\"https:\/\/www.teamplace.eu\/ptl\/product\/premium-jumppapussi-musta\/\" enctype=\"multipart\/form-data\" method=\"post\">\n<div class=\"wc-pao-addons-container\"><\/div>\n<\/form>\n","protected":false},"excerpt":{"rendered":"<p>Paksusta polyester-materiaalista valmistettu musta jumppapussi, jonka sivusaumassa vetoketjutasku. Paksut mustat ny\u00f6rit. Vedenpit\u00e4v\u00e4 kangas.<\/p>\n<p>Oulun Voimistelijat logo painettu pussin etupuolelle valkoisella.<\/p>\n<p>Nimipainatus mahdollista painaa logon alle kaunokirjoituksella.<\/p>\n<p>Koko: 40 x 48 cm<br \/>\nTilavuus: 15 litraa<br \/>\nV\u00e4ri: Musta-musta<\/p>\n","protected":false},"featured_media":1742,"comment_status":"open","ping_status":"closed","template":"","meta":[],"product_brand":[],"product_cat":[67],"product_tag":[],"class_list":{"0":"post-1904","1":"product","2":"type-product","3":"status-publish","4":"has-post-thumbnail","6":"product_cat-oulun-voimistelijat-tuotteet","8":"first","9":"instock","10":"taxable","11":"shipping-taxable","12":"purchasable","13":"product-type-simple"},"exclude_global_add_ons":false,"addons":[{"name":"Saat halutessasi nimen jumppapussiin","type":"custom_text","position":0,"required":false,"title_format":"label","default":"","description_enable":true,"description":"Etunimi painetaan logon alle valkoisella. Kirjoita nimi alla olevaan kentt\u00e4\u00e4n:","placeholder_enable":false,"placeholder":"","display":"select","restrictions_type":"any_text","adjust_price":true,"price":"5.00","price_type":"flat_fee","restrictions":true,"min":"0","max":"12","options":[],"id":1708698841}],"featured_image_urls_v2":{"full":["https:\/\/www.teamplace.eu\/onv\/wp-content\/uploads\/sites\/108\/2024\/02\/Jumppapussi-musta-onv.png",532,533,false],"thumbnail":["https:\/\/www.teamplace.eu\/onv\/wp-content\/uploads\/sites\/108\/2024\/02\/Jumppapussi-musta-onv-150x150.png",150,150,true],"medium":["https:\/\/www.teamplace.eu\/onv\/wp-content\/uploads\/sites\/108\/2024\/02\/Jumppapussi-musta-onv-300x300.png",300,300,true],"medium_large":["https:\/\/www.teamplace.eu\/onv\/wp-content\/uploads\/sites\/108\/2024\/02\/Jumppapussi-musta-onv.png",532,533,false],"large":["https:\/\/www.teamplace.eu\/onv\/wp-content\/uploads\/sites\/108\/2024\/02\/Jumppapussi-musta-onv.png",532,533,false],"1536x1536":["https:\/\/www.teamplace.eu\/onv\/wp-content\/uploads\/sites\/108\/2024\/02\/Jumppapussi-musta-onv.png",532,533,false],"2048x2048":["https:\/\/www.teamplace.eu\/onv\/wp-content\/uploads\/sites\/108\/2024\/02\/Jumppapussi-musta-onv.png",532,533,false],"post-thumbnail":["https:\/\/www.teamplace.eu\/onv\/wp-content\/uploads\/sites\/108\/2024\/02\/Jumppapussi-musta-onv.png",532,533,false],"twentytwenty-fullscreen":["https:\/\/www.teamplace.eu\/onv\/wp-content\/uploads\/sites\/108\/2024\/02\/Jumppapussi-musta-onv.png",532,533,false],"woocommerce_thumbnail":["https:\/\/www.teamplace.eu\/onv\/wp-content\/uploads\/sites\/108\/2024\/02\/Jumppapussi-musta-onv-450x450.png",450,450,true],"woocommerce_single":["https:\/\/www.teamplace.eu\/onv\/wp-content\/uploads\/sites\/108\/2024\/02\/Jumppapussi-musta-onv.png",532,533,false],"woocommerce_gallery_thumbnail":["https:\/\/www.teamplace.eu\/onv\/wp-content\/uploads\/sites\/108\/2024\/02\/Jumppapussi-musta-onv-100x100.png",100,100,true]},"post_excerpt_stackable_v2":"<p>Paksusta polyester-materiaalista valmistettu musta jumppapussi, jonka sivusaumassa vetoketjutasku. Paksut mustat ny\u00f6rit. Vedenpit\u00e4v\u00e4 kangas.<\/p>\n<p>Oulun Voimistelijat logo painettu pussin etupuolelle valkoisella.<\/p>\n<p>Nimipainatus mahdollista painaa logon alle kaunokirjoituksella.<\/p>\n<p>Koko: 40 x 48 cm<br \/>\nTilavuus: 15 litraa<br \/>\nV\u00e4ri: Musta-musta<\/p>\n","category_list_v2":"","author_info_v2":{"name":"","url":""},"comments_num_v2":"0 comments","_links":{"self":[{"href":"https:\/\/www.teamplace.eu\/onv\/wp-json\/wp\/v2\/product\/1904","targetHints":{"allow":["GET"]}}],"collection":[{"href":"https:\/\/www.teamplace.eu\/onv\/wp-json\/wp\/v2\/product"}],"about":[{"href":"https:\/\/www.teamplace.eu\/onv\/wp-json\/wp\/v2\/types\/product"}],"replies":[{"embeddable":true,"href":"https:\/\/www.teamplace.eu\/onv\/wp-json\/wp\/v2\/comments?post=1904"}],"wp:featuredmedia":[{"embeddable":true,"href":"https:\/\/www.teamplace.eu\/onv\/wp-json\/wp\/v2\/media\/1742"}],"wp:attachment":[{"href":"https:\/\/www.teamplace.eu\/onv\/wp-json\/wp\/v2\/media?parent=1904"}],"wp:term":[{"taxonomy":"product_brand","embeddable":true,"href":"https:\/\/www.teamplace.eu\/onv\/wp-json\/wp\/v2\/product_brand?post=1904"},{"taxonomy":"product_cat","embeddable":true,"href":"https:\/\/www.teamplace.eu\/onv\/wp-json\/wp\/v2\/product_cat?post=1904"},{"taxonomy":"product_tag","embeddable":true,"href":"https:\/\/www.teamplace.eu\/onv\/wp-json\/wp\/v2\/product_tag?post=1904"}],"curies":[{"name":"wp","href":"https:\/\/api.w.org\/{rel}","templated":true}]}}