
{"id":1535,"date":"2023-05-16T13:09:04","date_gmt":"2023-05-16T10:09:04","guid":{"rendered":"https:\/\/www.teamplace.eu\/onv\/?post_type=product&#038;p=1535"},"modified":"2024-02-23T14:18:18","modified_gmt":"2024-02-23T12:18:18","slug":"whoop-musta","status":"publish","type":"product","link":"https:\/\/www.teamplace.eu\/onv\/product\/whoop-musta\/","title":{"rendered":"WHOOP vetoketjuhuppari ONV \/musta"},"content":{"rendered":"<p>Naisten korkealaatuinen tyk\u00f6istuva vetoketjuhuppari vetoketjutaskuilla. Hupun kangas on kaksinkertainen, lis\u00e4ksi huppua on mahdollista kirist\u00e4\u00e4 kiristyskuminauhalla. Hupparin sis\u00e4pinta on pehme\u00e4n tuntuinen.<\/p>\n<p>Oulun Voimistelijat logo painettu selk\u00e4\u00e4n valkoisella, vasemmassa rinnassa ONV logo.<\/p>\n<p>KOOT: 130, 140, 150, XS, S, M, L, XL<br \/>\nMateriaali: 100% polyester<\/p>\n","protected":false},"excerpt":{"rendered":"<p>Naisten korkealaatuinen tyk\u00f6istuva vetoketjuhuppari vetoketjutaskuilla. Hupun kangas on kaksinkertainen, lis\u00e4ksi huppua on mahdollista kirist\u00e4\u00e4 kiristyskuminauhalla. Hupparin sis\u00e4pinta on pehme\u00e4n tuntuinen.<\/p>\n<p>Oulun Voimistelijat logo painettu selk\u00e4\u00e4n valkoisella, vasemmassa rinnassa ONV logo.<\/p>\n<p>KOOT: 130, 140, 150, XS, S, M, L, XL<br \/>\nMateriaali: 100% polyester<\/p>\n","protected":false},"featured_media":1774,"comment_status":"open","ping_status":"closed","template":"","meta":[],"product_brand":[],"product_cat":[67],"product_tag":[],"class_list":{"0":"post-1535","1":"product","2":"type-product","3":"status-publish","4":"has-post-thumbnail","6":"product_cat-oulun-voimistelijat-tuotteet","8":"first","9":"instock","10":"taxable","11":"shipping-taxable","12":"purchasable","13":"product-type-variable"},"exclude_global_add_ons":[],"addons":[],"featured_image_urls_v2":{"full":["https:\/\/www.teamplace.eu\/onv\/wp-content\/uploads\/sites\/108\/2024\/02\/whoop-musta-taka-onv.png",532,533,false],"thumbnail":["https:\/\/www.teamplace.eu\/onv\/wp-content\/uploads\/sites\/108\/2024\/02\/whoop-musta-taka-onv-150x150.png",150,150,true],"medium":["https:\/\/www.teamplace.eu\/onv\/wp-content\/uploads\/sites\/108\/2024\/02\/whoop-musta-taka-onv-300x300.png",300,300,true],"medium_large":["https:\/\/www.teamplace.eu\/onv\/wp-content\/uploads\/sites\/108\/2024\/02\/whoop-musta-taka-onv.png",532,533,false],"large":["https:\/\/www.teamplace.eu\/onv\/wp-content\/uploads\/sites\/108\/2024\/02\/whoop-musta-taka-onv.png",532,533,false],"1536x1536":["https:\/\/www.teamplace.eu\/onv\/wp-content\/uploads\/sites\/108\/2024\/02\/whoop-musta-taka-onv.png",532,533,false],"2048x2048":["https:\/\/www.teamplace.eu\/onv\/wp-content\/uploads\/sites\/108\/2024\/02\/whoop-musta-taka-onv.png",532,533,false],"post-thumbnail":["https:\/\/www.teamplace.eu\/onv\/wp-content\/uploads\/sites\/108\/2024\/02\/whoop-musta-taka-onv.png",532,533,false],"twentytwenty-fullscreen":["https:\/\/www.teamplace.eu\/onv\/wp-content\/uploads\/sites\/108\/2024\/02\/whoop-musta-taka-onv.png",532,533,false],"woocommerce_thumbnail":["https:\/\/www.teamplace.eu\/onv\/wp-content\/uploads\/sites\/108\/2024\/02\/whoop-musta-taka-onv-450x450.png",450,450,true],"woocommerce_single":["https:\/\/www.teamplace.eu\/onv\/wp-content\/uploads\/sites\/108\/2024\/02\/whoop-musta-taka-onv.png",532,533,false],"woocommerce_gallery_thumbnail":["https:\/\/www.teamplace.eu\/onv\/wp-content\/uploads\/sites\/108\/2024\/02\/whoop-musta-taka-onv-100x100.png",100,100,true]},"post_excerpt_stackable_v2":"<p>Naisten korkealaatuinen tyk\u00f6istuva vetoketjuhuppari vetoketjutaskuilla. Hupun kangas on kaksinkertainen, lis\u00e4ksi huppua on mahdollista kirist\u00e4\u00e4 kiristyskuminauhalla. Hupparin sis\u00e4pinta on pehme\u00e4n tuntuinen.<\/p>\n<p>Oulun Voimistelijat logo painettu selk\u00e4\u00e4n valkoisella, vasemmassa rinnassa ONV logo.<\/p>\n<p>KOOT: 130, 140, 150, XS, S, M, L, XL<br \/>\nMateriaali: 100% polyester<\/p>\n","category_list_v2":"","author_info_v2":{"name":"","url":""},"comments_num_v2":"0 comments","_links":{"self":[{"href":"https:\/\/www.teamplace.eu\/onv\/wp-json\/wp\/v2\/product\/1535","targetHints":{"allow":["GET"]}}],"collection":[{"href":"https:\/\/www.teamplace.eu\/onv\/wp-json\/wp\/v2\/product"}],"about":[{"href":"https:\/\/www.teamplace.eu\/onv\/wp-json\/wp\/v2\/types\/product"}],"replies":[{"embeddable":true,"href":"https:\/\/www.teamplace.eu\/onv\/wp-json\/wp\/v2\/comments?post=1535"}],"wp:featuredmedia":[{"embeddable":true,"href":"https:\/\/www.teamplace.eu\/onv\/wp-json\/wp\/v2\/media\/1774"}],"wp:attachment":[{"href":"https:\/\/www.teamplace.eu\/onv\/wp-json\/wp\/v2\/media?parent=1535"}],"wp:term":[{"taxonomy":"product_brand","embeddable":true,"href":"https:\/\/www.teamplace.eu\/onv\/wp-json\/wp\/v2\/product_brand?post=1535"},{"taxonomy":"product_cat","embeddable":true,"href":"https:\/\/www.teamplace.eu\/onv\/wp-json\/wp\/v2\/product_cat?post=1535"},{"taxonomy":"product_tag","embeddable":true,"href":"https:\/\/www.teamplace.eu\/onv\/wp-json\/wp\/v2\/product_tag?post=1535"}],"curies":[{"name":"wp","href":"https:\/\/api.w.org\/{rel}","templated":true}]}}