
{"id":628,"date":"2021-05-26T16:58:43","date_gmt":"2021-05-26T13:58:43","guid":{"rendered":"https:\/\/www.teamplace.eu\/muuramensyke\/?post_type=product&#038;p=628"},"modified":"2023-03-22T16:44:19","modified_gmt":"2023-03-22T14:44:19","slug":"bloom-pitkahihainen-puolivetoketjulla-musta","status":"publish","type":"product","link":"https:\/\/www.teamplace.eu\/muuramensyke\/product\/bloom-pitkahihainen-puolivetoketjulla-musta\/","title":{"rendered":"BLOOM pitk\u00e4hihainen puolivetoketjulla Syke \/musta"},"content":{"rendered":"<p>Sporttinen pitk\u00e4hihainen puolivetoketjulla. Kaareva leikkaussauma kiert\u00e4\u00e4 paidan ymp\u00e4ri antaen ryhdikk\u00e4\u00e4n ulkoasun. Pitk\u00e4hihainen paita on malliltaan istuva ja hihoissa on mukavasti pituutta. Korkealaatuinen ja joustava materiaali on hengitt\u00e4v\u00e4 ja haihduttaa kosteuden nopeasti, jolloin k\u00e4ytt\u00f6mukavuus on ihanteellinen.<\/p>\n<p>Muuramen Syke logopainatus sel\u00e4ss\u00e4 valkoisella.<\/p>\n<p>MATERIAALI: 80% PA, 20% EA<\/p>\n<p>KOOT: 120, 130, 140, 150, XS, S, M, L, XL<\/p>\n","protected":false},"excerpt":{"rendered":"<p>Sporttinen pitk\u00e4hihainen puolivetoketjulla. Kaareva leikkaussauma kiert\u00e4\u00e4 paidan ymp\u00e4ri antaen ryhdikk\u00e4\u00e4n ulkoasun. Pitk\u00e4hihainen paita on malliltaan istuva ja hihoissa on mukavasti pituutta. Korkealaatuinen ja joustava materiaali on hengitt\u00e4v\u00e4 ja haihduttaa kosteuden nopeasti, jolloin k\u00e4ytt\u00f6mukavuus on ihanteellinen.<\/p>\n<p>Muuramen Syke logopainatus sel\u00e4ss\u00e4 valkoisella.<\/p>\n<p>MATERIAALI: 80% PA, 20% EA<\/p>\n<p>KOOT: 120, 130, 140, 150, XS, S, M, L, XL<\/p>\n","protected":false},"featured_media":1523,"comment_status":"open","ping_status":"closed","template":"","meta":[],"product_brand":[],"product_cat":[63,62],"product_tag":[],"class_list":{"0":"post-628","1":"product","2":"type-product","3":"status-publish","4":"has-post-thumbnail","6":"product_cat-cheertanssi","7":"product_cat-sykkeen-seuratuotteet","9":"first","10":"instock","11":"taxable","12":"shipping-taxable","13":"purchasable","14":"product-type-variable"},"exclude_global_add_ons":[],"addons":[],"featured_image_urls_v2":{"full":["https:\/\/www.teamplace.eu\/muuramensyke\/wp-content\/uploads\/sites\/76\/2021\/05\/Bloom-musta-Syke-1.png",904,905,false],"thumbnail":["https:\/\/www.teamplace.eu\/muuramensyke\/wp-content\/uploads\/sites\/76\/2021\/05\/Bloom-musta-Syke-1-150x150.png",150,150,true],"medium":["https:\/\/www.teamplace.eu\/muuramensyke\/wp-content\/uploads\/sites\/76\/2021\/05\/Bloom-musta-Syke-1-300x300.png",300,300,true],"medium_large":["https:\/\/www.teamplace.eu\/muuramensyke\/wp-content\/uploads\/sites\/76\/2021\/05\/Bloom-musta-Syke-1-768x769.png",580,581,true],"large":["https:\/\/www.teamplace.eu\/muuramensyke\/wp-content\/uploads\/sites\/76\/2021\/05\/Bloom-musta-Syke-1.png",580,581,false],"1536x1536":["https:\/\/www.teamplace.eu\/muuramensyke\/wp-content\/uploads\/sites\/76\/2021\/05\/Bloom-musta-Syke-1.png",904,905,false],"2048x2048":["https:\/\/www.teamplace.eu\/muuramensyke\/wp-content\/uploads\/sites\/76\/2021\/05\/Bloom-musta-Syke-1.png",904,905,false],"post-thumbnail":["https:\/\/www.teamplace.eu\/muuramensyke\/wp-content\/uploads\/sites\/76\/2021\/05\/Bloom-musta-Syke-1.png",904,905,false],"twentytwenty-fullscreen":["https:\/\/www.teamplace.eu\/muuramensyke\/wp-content\/uploads\/sites\/76\/2021\/05\/Bloom-musta-Syke-1.png",904,905,false],"woocommerce_thumbnail":["https:\/\/www.teamplace.eu\/muuramensyke\/wp-content\/uploads\/sites\/76\/2021\/05\/Bloom-musta-Syke-1-450x450.png",450,450,true],"woocommerce_single":["https:\/\/www.teamplace.eu\/muuramensyke\/wp-content\/uploads\/sites\/76\/2021\/05\/Bloom-musta-Syke-1-600x601.png",600,601,true],"woocommerce_gallery_thumbnail":["https:\/\/www.teamplace.eu\/muuramensyke\/wp-content\/uploads\/sites\/76\/2021\/05\/Bloom-musta-Syke-1-100x100.png",100,100,true]},"post_excerpt_stackable_v2":"<p>Sporttinen pitk\u00e4hihainen puolivetoketjulla. Kaareva leikkaussauma kiert\u00e4\u00e4 paidan ymp\u00e4ri antaen ryhdikk\u00e4\u00e4n ulkoasun. Pitk\u00e4hihainen paita on malliltaan istuva ja hihoissa on mukavasti pituutta. Korkealaatuinen ja joustava materiaali on hengitt\u00e4v\u00e4 ja haihduttaa kosteuden nopeasti, jolloin k\u00e4ytt\u00f6mukavuus on ihanteellinen.<\/p>\n<p>Muuramen Syke logopainatus sel\u00e4ss\u00e4 valkoisella.<\/p>\n<p>MATERIAALI: 80% PA, 20% EA<\/p>\n<p>KOOT: 120, 130, 140, 150, XS, S, M, L, XL<\/p>\n","category_list_v2":"","author_info_v2":{"name":"","url":""},"comments_num_v2":"0 comments","_links":{"self":[{"href":"https:\/\/www.teamplace.eu\/muuramensyke\/wp-json\/wp\/v2\/product\/628","targetHints":{"allow":["GET"]}}],"collection":[{"href":"https:\/\/www.teamplace.eu\/muuramensyke\/wp-json\/wp\/v2\/product"}],"about":[{"href":"https:\/\/www.teamplace.eu\/muuramensyke\/wp-json\/wp\/v2\/types\/product"}],"replies":[{"embeddable":true,"href":"https:\/\/www.teamplace.eu\/muuramensyke\/wp-json\/wp\/v2\/comments?post=628"}],"wp:featuredmedia":[{"embeddable":true,"href":"https:\/\/www.teamplace.eu\/muuramensyke\/wp-json\/wp\/v2\/media\/1523"}],"wp:attachment":[{"href":"https:\/\/www.teamplace.eu\/muuramensyke\/wp-json\/wp\/v2\/media?parent=628"}],"wp:term":[{"taxonomy":"product_brand","embeddable":true,"href":"https:\/\/www.teamplace.eu\/muuramensyke\/wp-json\/wp\/v2\/product_brand?post=628"},{"taxonomy":"product_cat","embeddable":true,"href":"https:\/\/www.teamplace.eu\/muuramensyke\/wp-json\/wp\/v2\/product_cat?post=628"},{"taxonomy":"product_tag","embeddable":true,"href":"https:\/\/www.teamplace.eu\/muuramensyke\/wp-json\/wp\/v2\/product_tag?post=628"}],"curies":[{"name":"wp","href":"https:\/\/api.w.org\/{rel}","templated":true}]}}