
{"id":275,"date":"2021-03-06T20:19:46","date_gmt":"2021-03-06T18:19:46","guid":{"rendered":"https:\/\/www.teamplace.eu\/muuramensyke\/?post_type=product&#038;p=275"},"modified":"2023-03-22T15:24:54","modified_gmt":"2023-03-22T13:24:54","slug":"pukupussi","status":"publish","type":"product","link":"https:\/\/www.teamplace.eu\/muuramensyke\/product\/pukupussi\/","title":{"rendered":"Pukupussi Syke"},"content":{"rendered":"<p>Kilpailupuvun suojaksi siisti ja kest\u00e4v\u00e4 ikkunallinen pukupussi. Koko 100x60cm. V\u00e4ri musta. Voidaan taittaa kaksinkerroin.<\/p>\n<p>Valkoinen Muuramen Syke logo painettu pussin etupuolelle vetoketjun viereen.<\/p>\n<p>MATERIAALI: 100% nylon<\/p>\n","protected":false},"excerpt":{"rendered":"<p>Kilpailupuvun suojaksi siisti ja kest\u00e4v\u00e4 ikkunallinen pukupussi. Koko 100x60cm. V\u00e4ri musta. Voidaan taittaa kaksinkerroin.<\/p>\n<p>Valkoinen Muuramen Syke logo painettu pussin etupuolelle vetoketjun viereen.<\/p>\n<p>MATERIAALI: 100% nylon<\/p>\n","protected":false},"featured_media":1459,"comment_status":"open","ping_status":"closed","template":"","meta":[],"product_brand":[],"product_cat":[62],"product_tag":[],"class_list":{"0":"post-275","1":"product","2":"type-product","3":"status-publish","4":"has-post-thumbnail","6":"product_cat-sykkeen-seuratuotteet","8":"first","9":"instock","10":"taxable","11":"shipping-taxable","12":"purchasable","13":"product-type-simple"},"exclude_global_add_ons":false,"addons":[{"name":"Voit halutessasi lis\u00e4t\u00e4 nimen pukupussiin","type":"custom_text","position":0,"required":false,"title_format":"label","default":"","description_enable":true,"description":"Henkil\u00f6nimi painetaan logon alle valkoisella. Kirjoita nimi alla olevaan kentt\u00e4\u00e4n:","placeholder_enable":false,"placeholder":"","display":"select","restrictions_type":"any_text","adjust_price":true,"price":"5","price_type":"flat_fee","restrictions":true,"min":"0","max":"20","options":[],"id":1679498695}],"featured_image_urls_v2":{"full":["https:\/\/www.teamplace.eu\/muuramensyke\/wp-content\/uploads\/sites\/76\/2022\/01\/Pukupussi-Syke.png",689,823,false],"thumbnail":["https:\/\/www.teamplace.eu\/muuramensyke\/wp-content\/uploads\/sites\/76\/2022\/01\/Pukupussi-Syke-150x150.png",150,150,true],"medium":["https:\/\/www.teamplace.eu\/muuramensyke\/wp-content\/uploads\/sites\/76\/2022\/01\/Pukupussi-Syke-251x300.png",251,300,true],"medium_large":["https:\/\/www.teamplace.eu\/muuramensyke\/wp-content\/uploads\/sites\/76\/2022\/01\/Pukupussi-Syke.png",580,693,false],"large":["https:\/\/www.teamplace.eu\/muuramensyke\/wp-content\/uploads\/sites\/76\/2022\/01\/Pukupussi-Syke.png",580,693,false],"1536x1536":["https:\/\/www.teamplace.eu\/muuramensyke\/wp-content\/uploads\/sites\/76\/2022\/01\/Pukupussi-Syke.png",689,823,false],"2048x2048":["https:\/\/www.teamplace.eu\/muuramensyke\/wp-content\/uploads\/sites\/76\/2022\/01\/Pukupussi-Syke.png",689,823,false],"post-thumbnail":["https:\/\/www.teamplace.eu\/muuramensyke\/wp-content\/uploads\/sites\/76\/2022\/01\/Pukupussi-Syke.png",689,823,false],"twentytwenty-fullscreen":["https:\/\/www.teamplace.eu\/muuramensyke\/wp-content\/uploads\/sites\/76\/2022\/01\/Pukupussi-Syke.png",689,823,false],"woocommerce_thumbnail":["https:\/\/www.teamplace.eu\/muuramensyke\/wp-content\/uploads\/sites\/76\/2022\/01\/Pukupussi-Syke-450x450.png",450,450,true],"woocommerce_single":["https:\/\/www.teamplace.eu\/muuramensyke\/wp-content\/uploads\/sites\/76\/2022\/01\/Pukupussi-Syke-600x717.png",600,717,true],"woocommerce_gallery_thumbnail":["https:\/\/www.teamplace.eu\/muuramensyke\/wp-content\/uploads\/sites\/76\/2022\/01\/Pukupussi-Syke-100x100.png",100,100,true]},"post_excerpt_stackable_v2":"<p>Kilpailupuvun suojaksi siisti ja kest\u00e4v\u00e4 ikkunallinen pukupussi. Koko 100x60cm. V\u00e4ri musta. Voidaan taittaa kaksinkerroin.<\/p>\n<p>Valkoinen Muuramen Syke logo painettu pussin etupuolelle vetoketjun viereen.<\/p>\n<p>MATERIAALI: 100% nylon<\/p>\n","category_list_v2":"","author_info_v2":{"name":"","url":""},"comments_num_v2":"0 comments","_links":{"self":[{"href":"https:\/\/www.teamplace.eu\/muuramensyke\/wp-json\/wp\/v2\/product\/275","targetHints":{"allow":["GET"]}}],"collection":[{"href":"https:\/\/www.teamplace.eu\/muuramensyke\/wp-json\/wp\/v2\/product"}],"about":[{"href":"https:\/\/www.teamplace.eu\/muuramensyke\/wp-json\/wp\/v2\/types\/product"}],"replies":[{"embeddable":true,"href":"https:\/\/www.teamplace.eu\/muuramensyke\/wp-json\/wp\/v2\/comments?post=275"}],"wp:featuredmedia":[{"embeddable":true,"href":"https:\/\/www.teamplace.eu\/muuramensyke\/wp-json\/wp\/v2\/media\/1459"}],"wp:attachment":[{"href":"https:\/\/www.teamplace.eu\/muuramensyke\/wp-json\/wp\/v2\/media?parent=275"}],"wp:term":[{"taxonomy":"product_brand","embeddable":true,"href":"https:\/\/www.teamplace.eu\/muuramensyke\/wp-json\/wp\/v2\/product_brand?post=275"},{"taxonomy":"product_cat","embeddable":true,"href":"https:\/\/www.teamplace.eu\/muuramensyke\/wp-json\/wp\/v2\/product_cat?post=275"},{"taxonomy":"product_tag","embeddable":true,"href":"https:\/\/www.teamplace.eu\/muuramensyke\/wp-json\/wp\/v2\/product_tag?post=275"}],"curies":[{"name":"wp","href":"https:\/\/api.w.org\/{rel}","templated":true}]}}