
{"id":1568,"date":"2023-09-08T16:11:51","date_gmt":"2023-09-08T13:11:51","guid":{"rendered":"https:\/\/www.teamplace.eu\/muuramensyke\/product\/pastorelli-venyttelynauha\/"},"modified":"2024-11-27T14:26:08","modified_gmt":"2024-11-27T12:26:08","slug":"pastorelli-venyttelynauha","status":"publish","type":"product","link":"https:\/\/www.teamplace.eu\/muuramensyke\/product\/pastorelli-venyttelynauha\/","title":{"rendered":"Pastorelli venyttelynauha"},"content":{"rendered":"<p>Venyttelynauha on mainio apuv\u00e4line liikkuvuuden parantamiseen. Nauhassa olevien numeroitujen lenkkien avulla on helppo l\u00f6yt\u00e4\u00e4 itselle sopiva vastus ja huomata ajan kuluessa liikkuvuuden edistyminen.<\/p>\n<p>Venyttelynauha on erityisen suosittu rytmisess\u00e4 voimistelussa ja joukkuevoimistelussa.<\/p>\n<p>Valmistaja: Pastorelli<\/p>\n","protected":false},"excerpt":{"rendered":"<p>Venyttelynauha on mainio apuv\u00e4line liikkuvuuden parantamiseen. Nauhassa olevien numeroitujen lenkkien avulla on helppo l\u00f6yt\u00e4\u00e4 itselle sopiva vastus ja huomata ajan kuluessa liikkuvuuden edistyminen.<\/p>\n<p>Venyttelynauha on erityisen suosittu rytmisess\u00e4 voimistelussa ja joukkuevoimistelussa.<\/p>\n<p>Valmistaja: Pastorelli<\/p>\n","protected":false},"featured_media":1566,"comment_status":"closed","ping_status":"closed","template":"","meta":[],"product_brand":[],"product_cat":[65],"product_tag":[],"class_list":{"0":"post-1568","1":"product","2":"type-product","3":"status-publish","4":"has-post-thumbnail","6":"product_cat-tarvikkeet","8":"first","9":"instock","10":"taxable","11":"shipping-taxable","12":"purchasable","13":"product-type-simple"},"exclude_global_add_ons":[],"addons":[],"featured_image_urls_v2":{"full":["https:\/\/www.teamplace.eu\/muuramensyke\/wp-content\/uploads\/sites\/76\/2023\/09\/Venyttelynauha1.png",1064,948,false],"thumbnail":["https:\/\/www.teamplace.eu\/muuramensyke\/wp-content\/uploads\/sites\/76\/2023\/09\/Venyttelynauha1-150x150.png",150,150,true],"medium":["https:\/\/www.teamplace.eu\/muuramensyke\/wp-content\/uploads\/sites\/76\/2023\/09\/Venyttelynauha1-300x267.png",300,267,true],"medium_large":["https:\/\/www.teamplace.eu\/muuramensyke\/wp-content\/uploads\/sites\/76\/2023\/09\/Venyttelynauha1-768x684.png",580,517,true],"large":["https:\/\/www.teamplace.eu\/muuramensyke\/wp-content\/uploads\/sites\/76\/2023\/09\/Venyttelynauha1-1024x912.png",580,517,true],"1536x1536":["https:\/\/www.teamplace.eu\/muuramensyke\/wp-content\/uploads\/sites\/76\/2023\/09\/Venyttelynauha1.png",1064,948,false],"2048x2048":["https:\/\/www.teamplace.eu\/muuramensyke\/wp-content\/uploads\/sites\/76\/2023\/09\/Venyttelynauha1.png",1064,948,false],"post-thumbnail":["https:\/\/www.teamplace.eu\/muuramensyke\/wp-content\/uploads\/sites\/76\/2023\/09\/Venyttelynauha1.png",1064,948,false],"twentytwenty-fullscreen":["https:\/\/www.teamplace.eu\/muuramensyke\/wp-content\/uploads\/sites\/76\/2023\/09\/Venyttelynauha1.png",1064,948,false],"woocommerce_thumbnail":["https:\/\/www.teamplace.eu\/muuramensyke\/wp-content\/uploads\/sites\/76\/2023\/09\/Venyttelynauha1-450x450.png",450,450,true],"woocommerce_single":["https:\/\/www.teamplace.eu\/muuramensyke\/wp-content\/uploads\/sites\/76\/2023\/09\/Venyttelynauha1-600x535.png",600,535,true],"woocommerce_gallery_thumbnail":["https:\/\/www.teamplace.eu\/muuramensyke\/wp-content\/uploads\/sites\/76\/2023\/09\/Venyttelynauha1-100x100.png",100,100,true]},"post_excerpt_stackable_v2":"<p>Venyttelynauha on mainio apuv\u00e4line liikkuvuuden parantamiseen. Nauhassa olevien numeroitujen lenkkien avulla on helppo l\u00f6yt\u00e4\u00e4 itselle sopiva vastus ja huomata ajan kuluessa liikkuvuuden edistyminen.<\/p>\n<p>Venyttelynauha on erityisen suosittu rytmisess\u00e4 voimistelussa ja joukkuevoimistelussa.<\/p>\n<p>Valmistaja: Pastorelli<\/p>\n","category_list_v2":"","author_info_v2":{"name":"","url":""},"comments_num_v2":"0 comments","_links":{"self":[{"href":"https:\/\/www.teamplace.eu\/muuramensyke\/wp-json\/wp\/v2\/product\/1568","targetHints":{"allow":["GET"]}}],"collection":[{"href":"https:\/\/www.teamplace.eu\/muuramensyke\/wp-json\/wp\/v2\/product"}],"about":[{"href":"https:\/\/www.teamplace.eu\/muuramensyke\/wp-json\/wp\/v2\/types\/product"}],"replies":[{"embeddable":true,"href":"https:\/\/www.teamplace.eu\/muuramensyke\/wp-json\/wp\/v2\/comments?post=1568"}],"wp:featuredmedia":[{"embeddable":true,"href":"https:\/\/www.teamplace.eu\/muuramensyke\/wp-json\/wp\/v2\/media\/1566"}],"wp:attachment":[{"href":"https:\/\/www.teamplace.eu\/muuramensyke\/wp-json\/wp\/v2\/media?parent=1568"}],"wp:term":[{"taxonomy":"product_brand","embeddable":true,"href":"https:\/\/www.teamplace.eu\/muuramensyke\/wp-json\/wp\/v2\/product_brand?post=1568"},{"taxonomy":"product_cat","embeddable":true,"href":"https:\/\/www.teamplace.eu\/muuramensyke\/wp-json\/wp\/v2\/product_cat?post=1568"},{"taxonomy":"product_tag","embeddable":true,"href":"https:\/\/www.teamplace.eu\/muuramensyke\/wp-json\/wp\/v2\/product_tag?post=1568"}],"curies":[{"name":"wp","href":"https:\/\/api.w.org\/{rel}","templated":true}]}}