
{"id":1527,"date":"2023-03-22T16:50:33","date_gmt":"2023-03-22T14:50:33","guid":{"rendered":"https:\/\/www.teamplace.eu\/muuramensyke\/?post_type=product&#038;p=1527"},"modified":"2023-03-22T16:55:16","modified_gmt":"2023-03-22T14:55:16","slug":"bounce-housut-syke","status":"publish","type":"product","link":"https:\/\/www.teamplace.eu\/muuramensyke\/product\/bounce-housut-syke\/","title":{"rendered":"BOUNCE housut Syke"},"content":{"rendered":"<p>Monik\u00e4ytt\u00f6iset housut sopivat niin salille kuin lenkkipolulle, ja pituussunnassa hieman joustava materiaali takaa hyv\u00e4n k\u00e4ytt\u00f6mukavuuden. Vy\u00f6t\u00e4r\u00f6ll\u00e4 3,5cm leve\u00e4 kuminauha sek\u00e4 kiristysnauha. Lahkeensuissa kiristyskuminauhat. Vetoketjutaskut pit\u00e4v\u00e4t avaimet tallessa vauhdikkaassakin menossa. Tuplatikkaukset takaavat saumojen pit\u00e4vyyden. Korkealaatuinen kest\u00e4v\u00e4 materiaali on hengitt\u00e4v\u00e4 ja haihduttaa kosteuden nopeasti.<\/p>\n<p>Hyv\u00e4ll\u00e4 Sykkeell\u00e4 teksti painettu oikeaan pohkeeseen valkoisella.<\/p>\n<p>Materiaali: 94% PA, 6% EA<br \/>\nKoot: 120, 130, 140, 150, XS, S, M, L, XL<br \/>\nV\u00e4rit: Musta<\/p>\n","protected":false},"excerpt":{"rendered":"<p>Monik\u00e4ytt\u00f6iset housut sopivat niin salille kuin lenkkipolulle, ja pituussunnassa hieman joustava materiaali takaa hyv\u00e4n k\u00e4ytt\u00f6mukavuuden. Vy\u00f6t\u00e4r\u00f6ll\u00e4 3,5cm leve\u00e4 kuminauha sek\u00e4 kiristysnauha. Lahkeensuissa kiristyskuminauhat. Vetoketjutaskut pit\u00e4v\u00e4t avaimet tallessa vauhdikkaassakin menossa. Tuplatikkaukset takaavat saumojen pit\u00e4vyyden. Korkealaatuinen kest\u00e4v\u00e4 materiaali on hengitt\u00e4v\u00e4 ja haihduttaa kosteuden nopeasti.<\/p>\n<p>Hyv\u00e4ll\u00e4 Sykkeell\u00e4 teksti painettu oikeaan pohkeeseen valkoisella.<\/p>\n<p>Materiaali: 94% PA, 6% EA<br \/>\nKoot: 120, 130, 140, 150, XS, S, M, L, XL<br \/>\nV\u00e4rit: Musta<\/p>\n","protected":false},"featured_media":1522,"comment_status":"closed","ping_status":"closed","template":"","meta":[],"product_brand":[],"product_cat":[62],"product_tag":[],"class_list":{"0":"post-1527","1":"product","2":"type-product","3":"status-publish","4":"has-post-thumbnail","6":"product_cat-sykkeen-seuratuotteet","8":"first","9":"instock","10":"taxable","11":"shipping-taxable","12":"purchasable","13":"product-type-variable"},"exclude_global_add_ons":[],"addons":[],"featured_image_urls_v2":{"full":["https:\/\/www.teamplace.eu\/muuramensyke\/wp-content\/uploads\/sites\/76\/2021\/05\/Bounce-musta-Syke.png",1182,1182,false],"thumbnail":["https:\/\/www.teamplace.eu\/muuramensyke\/wp-content\/uploads\/sites\/76\/2021\/05\/Bounce-musta-Syke-150x150.png",150,150,true],"medium":["https:\/\/www.teamplace.eu\/muuramensyke\/wp-content\/uploads\/sites\/76\/2021\/05\/Bounce-musta-Syke-300x300.png",300,300,true],"medium_large":["https:\/\/www.teamplace.eu\/muuramensyke\/wp-content\/uploads\/sites\/76\/2021\/05\/Bounce-musta-Syke-768x768.png",580,580,true],"large":["https:\/\/www.teamplace.eu\/muuramensyke\/wp-content\/uploads\/sites\/76\/2021\/05\/Bounce-musta-Syke-1024x1024.png",580,580,true],"1536x1536":["https:\/\/www.teamplace.eu\/muuramensyke\/wp-content\/uploads\/sites\/76\/2021\/05\/Bounce-musta-Syke.png",1182,1182,false],"2048x2048":["https:\/\/www.teamplace.eu\/muuramensyke\/wp-content\/uploads\/sites\/76\/2021\/05\/Bounce-musta-Syke.png",1182,1182,false],"post-thumbnail":["https:\/\/www.teamplace.eu\/muuramensyke\/wp-content\/uploads\/sites\/76\/2021\/05\/Bounce-musta-Syke.png",1182,1182,false],"twentytwenty-fullscreen":["https:\/\/www.teamplace.eu\/muuramensyke\/wp-content\/uploads\/sites\/76\/2021\/05\/Bounce-musta-Syke.png",1182,1182,false],"woocommerce_thumbnail":["https:\/\/www.teamplace.eu\/muuramensyke\/wp-content\/uploads\/sites\/76\/2021\/05\/Bounce-musta-Syke-450x450.png",450,450,true],"woocommerce_single":["https:\/\/www.teamplace.eu\/muuramensyke\/wp-content\/uploads\/sites\/76\/2021\/05\/Bounce-musta-Syke-600x600.png",600,600,true],"woocommerce_gallery_thumbnail":["https:\/\/www.teamplace.eu\/muuramensyke\/wp-content\/uploads\/sites\/76\/2021\/05\/Bounce-musta-Syke-100x100.png",100,100,true]},"post_excerpt_stackable_v2":"<p>Monik\u00e4ytt\u00f6iset housut sopivat niin salille kuin lenkkipolulle, ja pituussunnassa hieman joustava materiaali takaa hyv\u00e4n k\u00e4ytt\u00f6mukavuuden. Vy\u00f6t\u00e4r\u00f6ll\u00e4 3,5cm leve\u00e4 kuminauha sek\u00e4 kiristysnauha. Lahkeensuissa kiristyskuminauhat. Vetoketjutaskut pit\u00e4v\u00e4t avaimet tallessa vauhdikkaassakin menossa. Tuplatikkaukset takaavat saumojen pit\u00e4vyyden. Korkealaatuinen kest\u00e4v\u00e4 materiaali on hengitt\u00e4v\u00e4 ja haihduttaa kosteuden nopeasti.<\/p>\n<p>Hyv\u00e4ll\u00e4 Sykkeell\u00e4 teksti painettu oikeaan pohkeeseen valkoisella.<\/p>\n<p>Materiaali: 94% PA, 6% EA<br \/>\nKoot: 120, 130, 140, 150, XS, S, M, L, XL<br \/>\nV\u00e4rit: Musta<\/p>\n","category_list_v2":"","author_info_v2":{"name":"","url":""},"comments_num_v2":"0 comments","_links":{"self":[{"href":"https:\/\/www.teamplace.eu\/muuramensyke\/wp-json\/wp\/v2\/product\/1527","targetHints":{"allow":["GET"]}}],"collection":[{"href":"https:\/\/www.teamplace.eu\/muuramensyke\/wp-json\/wp\/v2\/product"}],"about":[{"href":"https:\/\/www.teamplace.eu\/muuramensyke\/wp-json\/wp\/v2\/types\/product"}],"replies":[{"embeddable":true,"href":"https:\/\/www.teamplace.eu\/muuramensyke\/wp-json\/wp\/v2\/comments?post=1527"}],"wp:featuredmedia":[{"embeddable":true,"href":"https:\/\/www.teamplace.eu\/muuramensyke\/wp-json\/wp\/v2\/media\/1522"}],"wp:attachment":[{"href":"https:\/\/www.teamplace.eu\/muuramensyke\/wp-json\/wp\/v2\/media?parent=1527"}],"wp:term":[{"taxonomy":"product_brand","embeddable":true,"href":"https:\/\/www.teamplace.eu\/muuramensyke\/wp-json\/wp\/v2\/product_brand?post=1527"},{"taxonomy":"product_cat","embeddable":true,"href":"https:\/\/www.teamplace.eu\/muuramensyke\/wp-json\/wp\/v2\/product_cat?post=1527"},{"taxonomy":"product_tag","embeddable":true,"href":"https:\/\/www.teamplace.eu\/muuramensyke\/wp-json\/wp\/v2\/product_tag?post=1527"}],"curies":[{"name":"wp","href":"https:\/\/api.w.org\/{rel}","templated":true}]}}