
{"id":1254,"date":"2022-01-29T20:05:12","date_gmt":"2022-01-29T18:05:12","guid":{"rendered":"https:\/\/www.teamplace.eu\/muuramensyke\/?post_type=product&#038;p=1254"},"modified":"2023-03-22T16:06:10","modified_gmt":"2023-03-22T14:06:10","slug":"split-minishortsit-syke","status":"publish","type":"product","link":"https:\/\/www.teamplace.eu\/muuramensyke\/product\/split-minishortsit-syke\/","title":{"rendered":"SPLIT Minishortsit Syke"},"content":{"rendered":"<p>Vartalonmy\u00f6t\u00e4inen minishortsi sopii mainiosti voimistelijoille. Korkealaatuinen joustava materiaali on hengitt\u00e4v\u00e4 ja haihduttaa kosteuden nopeasti. Vy\u00f6t\u00e4r\u00f6ll\u00e4 3,5cm leve\u00e4 napakka kuminauha.<\/p>\n<p>Muuramen Syke logopainatus painettu oikeaan lahkeeseen valkoisella.<\/p>\n<p>Materiaali: 80% PA, 20% EA<br \/>\nKoot: 110, 120, 130, 140, 150, XS, S, M, L, XL<br \/>\nV\u00e4rit: Musta<\/p>\n","protected":false},"excerpt":{"rendered":"<p>Vartalonmy\u00f6t\u00e4inen minishortsi sopii mainiosti voimistelijoille. Korkealaatuinen joustava materiaali on hengitt\u00e4v\u00e4 ja haihduttaa kosteuden nopeasti. Vy\u00f6t\u00e4r\u00f6ll\u00e4 3,5cm leve\u00e4 napakka kuminauha.<\/p>\n<p>Muuramen Syke logopainatus painettu oikeaan lahkeeseen valkoisella.<\/p>\n<p>Materiaali: 80% PA, 20% EA<br \/>\nKoot: 110, 120, 130, 140, 150, XS, S, M, L, XL<br \/>\nV\u00e4rit: Musta<\/p>\n","protected":false},"featured_media":1480,"comment_status":"open","ping_status":"closed","template":"","meta":[],"product_brand":[],"product_cat":[63,62],"product_tag":[],"class_list":{"0":"post-1254","1":"product","2":"type-product","3":"status-publish","4":"has-post-thumbnail","6":"product_cat-cheertanssi","7":"product_cat-sykkeen-seuratuotteet","9":"first","10":"instock","11":"taxable","12":"shipping-taxable","13":"purchasable","14":"product-type-variable"},"exclude_global_add_ons":[],"addons":[],"featured_image_urls_v2":{"full":["https:\/\/www.teamplace.eu\/muuramensyke\/wp-content\/uploads\/sites\/76\/2022\/01\/Split-musta-Syke.png",1116,992,false],"thumbnail":["https:\/\/www.teamplace.eu\/muuramensyke\/wp-content\/uploads\/sites\/76\/2022\/01\/Split-musta-Syke-150x150.png",150,150,true],"medium":["https:\/\/www.teamplace.eu\/muuramensyke\/wp-content\/uploads\/sites\/76\/2022\/01\/Split-musta-Syke-300x267.png",300,267,true],"medium_large":["https:\/\/www.teamplace.eu\/muuramensyke\/wp-content\/uploads\/sites\/76\/2022\/01\/Split-musta-Syke-768x683.png",580,516,true],"large":["https:\/\/www.teamplace.eu\/muuramensyke\/wp-content\/uploads\/sites\/76\/2022\/01\/Split-musta-Syke-1024x910.png",580,515,true],"1536x1536":["https:\/\/www.teamplace.eu\/muuramensyke\/wp-content\/uploads\/sites\/76\/2022\/01\/Split-musta-Syke.png",1116,992,false],"2048x2048":["https:\/\/www.teamplace.eu\/muuramensyke\/wp-content\/uploads\/sites\/76\/2022\/01\/Split-musta-Syke.png",1116,992,false],"post-thumbnail":["https:\/\/www.teamplace.eu\/muuramensyke\/wp-content\/uploads\/sites\/76\/2022\/01\/Split-musta-Syke.png",1116,992,false],"twentytwenty-fullscreen":["https:\/\/www.teamplace.eu\/muuramensyke\/wp-content\/uploads\/sites\/76\/2022\/01\/Split-musta-Syke.png",1116,992,false],"woocommerce_thumbnail":["https:\/\/www.teamplace.eu\/muuramensyke\/wp-content\/uploads\/sites\/76\/2022\/01\/Split-musta-Syke-450x450.png",450,450,true],"woocommerce_single":["https:\/\/www.teamplace.eu\/muuramensyke\/wp-content\/uploads\/sites\/76\/2022\/01\/Split-musta-Syke-600x533.png",600,533,true],"woocommerce_gallery_thumbnail":["https:\/\/www.teamplace.eu\/muuramensyke\/wp-content\/uploads\/sites\/76\/2022\/01\/Split-musta-Syke-100x100.png",100,100,true]},"post_excerpt_stackable_v2":"<p>Vartalonmy\u00f6t\u00e4inen minishortsi sopii mainiosti voimistelijoille. Korkealaatuinen joustava materiaali on hengitt\u00e4v\u00e4 ja haihduttaa kosteuden nopeasti. Vy\u00f6t\u00e4r\u00f6ll\u00e4 3,5cm leve\u00e4 napakka kuminauha.<\/p>\n<p>Muuramen Syke logopainatus painettu oikeaan lahkeeseen valkoisella.<\/p>\n<p>Materiaali: 80% PA, 20% EA<br \/>\nKoot: 110, 120, 130, 140, 150, XS, S, M, L, XL<br \/>\nV\u00e4rit: Musta<\/p>\n","category_list_v2":"","author_info_v2":{"name":"","url":""},"comments_num_v2":"0 comments","_links":{"self":[{"href":"https:\/\/www.teamplace.eu\/muuramensyke\/wp-json\/wp\/v2\/product\/1254","targetHints":{"allow":["GET"]}}],"collection":[{"href":"https:\/\/www.teamplace.eu\/muuramensyke\/wp-json\/wp\/v2\/product"}],"about":[{"href":"https:\/\/www.teamplace.eu\/muuramensyke\/wp-json\/wp\/v2\/types\/product"}],"replies":[{"embeddable":true,"href":"https:\/\/www.teamplace.eu\/muuramensyke\/wp-json\/wp\/v2\/comments?post=1254"}],"wp:featuredmedia":[{"embeddable":true,"href":"https:\/\/www.teamplace.eu\/muuramensyke\/wp-json\/wp\/v2\/media\/1480"}],"wp:attachment":[{"href":"https:\/\/www.teamplace.eu\/muuramensyke\/wp-json\/wp\/v2\/media?parent=1254"}],"wp:term":[{"taxonomy":"product_brand","embeddable":true,"href":"https:\/\/www.teamplace.eu\/muuramensyke\/wp-json\/wp\/v2\/product_brand?post=1254"},{"taxonomy":"product_cat","embeddable":true,"href":"https:\/\/www.teamplace.eu\/muuramensyke\/wp-json\/wp\/v2\/product_cat?post=1254"},{"taxonomy":"product_tag","embeddable":true,"href":"https:\/\/www.teamplace.eu\/muuramensyke\/wp-json\/wp\/v2\/product_tag?post=1254"}],"curies":[{"name":"wp","href":"https:\/\/api.w.org\/{rel}","templated":true}]}}