
{"id":2079,"date":"2024-02-05T12:30:30","date_gmt":"2024-02-05T10:30:30","guid":{"rendered":"https:\/\/www.teamplace.eu\/lieta\/?post_type=product&#038;p=2079"},"modified":"2024-02-05T12:32:04","modified_gmt":"2024-02-05T10:32:04","slug":"glow-polar-treenitakki-lieta-musta","status":"publish","type":"product","link":"https:\/\/www.teamplace.eu\/lieta\/product\/glow-polar-treenitakki-lieta-musta\/","title":{"rendered":"Glow Polar treenitakki LieTa \/musta"},"content":{"rendered":"<p>Glow Polar -takki on valmistettu vahvasta joustavasta materiaalista ja soveltuu loistavasti harjoitteluun sek\u00e4 vapaa-aikaan. Muotoleikkaukset edess\u00e4 ja takana takaavat kauniin istuvuuden. Vetoketjutaskut edess\u00e4, peukkurei\u00e4t hihansuissa ja pystykaulus. Pituus lantiolle.<\/p>\n<p>Lieksan Taitoluistelijat logo painettu takin vasempaan rintaan sek\u00e4 selk\u00e4\u00e4n. Suomenlippu painettu vasempaan hihaan.<\/p>\n<p>Materiaali: polyester-elastaani<br \/>\nV\u00e4ri: musta<\/p>\n<p>Koot: 120, 130, 140, 150, XS, S, M, L, XL<\/p>\n","protected":false},"excerpt":{"rendered":"<p>Glow Polar -takki on valmistettu vahvasta joustavasta materiaalista ja soveltuu loistavasti harjoitteluun sek\u00e4 vapaa-aikaan. Muotoleikkaukset edess\u00e4 ja takana takaavat kauniin istuvuuden. Vetoketjutaskut edess\u00e4, peukkurei\u00e4t hihansuissa ja pystykaulus. Pituus lantiolle.<\/p>\n<p>Lieksan Taitoluistelijat logo painettu takin vasempaan rintaan sek\u00e4 selk\u00e4\u00e4n. Suomenlippu painettu vasempaan hihaan.<\/p>\n<p>Materiaali: polyester-elastaani<br \/>\nV\u00e4ri: musta<\/p>\n<p>Koot: 120, 130, 140, 150, XS, S, M, L, XL<\/p>\n","protected":false},"featured_media":2063,"comment_status":"closed","ping_status":"closed","template":"","meta":[],"product_brand":[],"product_cat":[68],"product_tag":[],"class_list":{"0":"post-2079","1":"product","2":"type-product","3":"status-publish","4":"has-post-thumbnail","6":"product_cat-lieksan-taitoluistelijat-tuotteet","8":"first","9":"instock","10":"taxable","11":"shipping-taxable","12":"purchasable","13":"product-type-variable"},"exclude_global_add_ons":[],"addons":[],"featured_image_urls_v2":{"full":["https:\/\/www.teamplace.eu\/lieta\/wp-content\/uploads\/sites\/105\/2024\/02\/Glow-POlar-musta-etu-lieta.png",1064,1064,false],"thumbnail":["https:\/\/www.teamplace.eu\/lieta\/wp-content\/uploads\/sites\/105\/2024\/02\/Glow-POlar-musta-etu-lieta-150x150.png",150,150,true],"medium":["https:\/\/www.teamplace.eu\/lieta\/wp-content\/uploads\/sites\/105\/2024\/02\/Glow-POlar-musta-etu-lieta-300x300.png",300,300,true],"medium_large":["https:\/\/www.teamplace.eu\/lieta\/wp-content\/uploads\/sites\/105\/2024\/02\/Glow-POlar-musta-etu-lieta-768x768.png",580,580,true],"large":["https:\/\/www.teamplace.eu\/lieta\/wp-content\/uploads\/sites\/105\/2024\/02\/Glow-POlar-musta-etu-lieta-1024x1024.png",580,580,true],"1536x1536":["https:\/\/www.teamplace.eu\/lieta\/wp-content\/uploads\/sites\/105\/2024\/02\/Glow-POlar-musta-etu-lieta.png",1064,1064,false],"2048x2048":["https:\/\/www.teamplace.eu\/lieta\/wp-content\/uploads\/sites\/105\/2024\/02\/Glow-POlar-musta-etu-lieta.png",1064,1064,false],"post-thumbnail":["https:\/\/www.teamplace.eu\/lieta\/wp-content\/uploads\/sites\/105\/2024\/02\/Glow-POlar-musta-etu-lieta.png",1064,1064,false],"twentytwenty-fullscreen":["https:\/\/www.teamplace.eu\/lieta\/wp-content\/uploads\/sites\/105\/2024\/02\/Glow-POlar-musta-etu-lieta.png",1064,1064,false],"woocommerce_thumbnail":["https:\/\/www.teamplace.eu\/lieta\/wp-content\/uploads\/sites\/105\/2024\/02\/Glow-POlar-musta-etu-lieta-450x450.png",450,450,true],"woocommerce_single":["https:\/\/www.teamplace.eu\/lieta\/wp-content\/uploads\/sites\/105\/2024\/02\/Glow-POlar-musta-etu-lieta-600x600.png",600,600,true],"woocommerce_gallery_thumbnail":["https:\/\/www.teamplace.eu\/lieta\/wp-content\/uploads\/sites\/105\/2024\/02\/Glow-POlar-musta-etu-lieta-100x100.png",100,100,true]},"post_excerpt_stackable_v2":"<p>Glow Polar -takki on valmistettu vahvasta joustavasta materiaalista ja soveltuu loistavasti harjoitteluun sek\u00e4 vapaa-aikaan. Muotoleikkaukset edess\u00e4 ja takana takaavat kauniin istuvuuden. Vetoketjutaskut edess\u00e4, peukkurei\u00e4t hihansuissa ja pystykaulus. Pituus lantiolle.<\/p>\n<p>Lieksan Taitoluistelijat logo painettu takin vasempaan rintaan sek\u00e4 selk\u00e4\u00e4n. Suomenlippu painettu vasempaan hihaan.<\/p>\n<p>Materiaali: polyester-elastaani<br \/>\nV\u00e4ri: musta<\/p>\n<p>Koot: 120, 130, 140, 150, XS, S, M, L, XL<\/p>\n","category_list_v2":"","author_info_v2":{"name":"","url":""},"comments_num_v2":"0 comments","_links":{"self":[{"href":"https:\/\/www.teamplace.eu\/lieta\/wp-json\/wp\/v2\/product\/2079","targetHints":{"allow":["GET"]}}],"collection":[{"href":"https:\/\/www.teamplace.eu\/lieta\/wp-json\/wp\/v2\/product"}],"about":[{"href":"https:\/\/www.teamplace.eu\/lieta\/wp-json\/wp\/v2\/types\/product"}],"replies":[{"embeddable":true,"href":"https:\/\/www.teamplace.eu\/lieta\/wp-json\/wp\/v2\/comments?post=2079"}],"wp:featuredmedia":[{"embeddable":true,"href":"https:\/\/www.teamplace.eu\/lieta\/wp-json\/wp\/v2\/media\/2063"}],"wp:attachment":[{"href":"https:\/\/www.teamplace.eu\/lieta\/wp-json\/wp\/v2\/media?parent=2079"}],"wp:term":[{"taxonomy":"product_brand","embeddable":true,"href":"https:\/\/www.teamplace.eu\/lieta\/wp-json\/wp\/v2\/product_brand?post=2079"},{"taxonomy":"product_cat","embeddable":true,"href":"https:\/\/www.teamplace.eu\/lieta\/wp-json\/wp\/v2\/product_cat?post=2079"},{"taxonomy":"product_tag","embeddable":true,"href":"https:\/\/www.teamplace.eu\/lieta\/wp-json\/wp\/v2\/product_tag?post=2079"}],"curies":[{"name":"wp","href":"https:\/\/api.w.org\/{rel}","templated":true}]}}