
{"id":2045,"date":"2024-01-16T23:52:27","date_gmt":"2024-01-16T21:52:27","guid":{"rendered":"https:\/\/www.teamplace.eu\/lieta\/?post_type=product&#038;p=2045"},"modified":"2024-02-05T12:25:25","modified_gmt":"2024-02-05T10:25:25","slug":"jumppapussi-valkoinen","status":"publish","type":"product","link":"https:\/\/www.teamplace.eu\/lieta\/product\/jumppapussi-valkoinen\/","title":{"rendered":"Jumppapussi LieTa \/valkoinen"},"content":{"rendered":"<div class=\"woocommerce-product-details__short-description\">\n<p>K\u00e4tev\u00e4 pussukka treeneihin tai muuten vain vapaa-aikaan.<\/p>\n<p>Jumppapussissa Lieksan Taitoluistelijat logopainatus.<\/p>\n<p>Koko: 45 x 33 cm<br \/>\nTilavuus: 11 litraa<br \/>\nVedenpit\u00e4v\u00e4 kangas<br \/>\nVahvistetut kulmat, joissa metalliset nauharei\u00e4t<\/p>\n<\/div>\n<form class=\"cart\" action=\"https:\/\/www.teamplace.eu\/ovo\/product\/jumppapussi-ovo\/\" enctype=\"multipart\/form-data\" method=\"post\">\n<div class=\"wc-pao-addons-container\"><\/div>\n<\/form>\n","protected":false},"excerpt":{"rendered":"<div class=\"woocommerce-product-details__short-description\">\n<div class=\"woocommerce-product-details__short-description\">\n<p>K\u00e4tev\u00e4 pussukka treeneihin tai muuten vain vapaa-aikaan.<\/p>\n<p>Jumppapussissa Lieksan Taitoluistelijat logopainatus.<\/p>\n<p>Koko: 45 x 33 cm<br \/>\nTilavuus: 11 litraa<br \/>\nVedenpit\u00e4v\u00e4 kangas<br \/>\nVahvistetut kulmat, joissa metalliset nauharei\u00e4t<\/p>\n<\/div>\n<\/div>\n","protected":false},"featured_media":2069,"comment_status":"open","ping_status":"closed","template":"","meta":[],"product_brand":[],"product_cat":[68],"product_tag":[],"class_list":{"0":"post-2045","1":"product","2":"type-product","3":"status-publish","4":"has-post-thumbnail","6":"product_cat-lieksan-taitoluistelijat-tuotteet","8":"first","9":"instock","10":"taxable","11":"shipping-taxable","12":"purchasable","13":"product-type-simple"},"exclude_global_add_ons":false,"addons":[{"name":"Voit halutessasi lis\u00e4t\u00e4 nimen pussukkaan","type":"custom_text","position":0,"required":false,"title_format":"label","default":"","description_enable":true,"description":"Henkil\u00f6nimi painetaan logon alle. Kirjoita nimi alla olevaan kentt\u00e4\u00e4n:","placeholder_enable":false,"placeholder":"","display":"select","restrictions_type":"any_text","adjust_price":true,"price":"5.00","price_type":"flat_fee","restrictions":true,"min":"0","max":"12","options":[],"id":1707135926}],"featured_image_urls_v2":{"full":["https:\/\/www.teamplace.eu\/lieta\/wp-content\/uploads\/sites\/105\/2024\/02\/jumppapussi-valk-lieta.png",1064,1064,false],"thumbnail":["https:\/\/www.teamplace.eu\/lieta\/wp-content\/uploads\/sites\/105\/2024\/02\/jumppapussi-valk-lieta-150x150.png",150,150,true],"medium":["https:\/\/www.teamplace.eu\/lieta\/wp-content\/uploads\/sites\/105\/2024\/02\/jumppapussi-valk-lieta-300x300.png",300,300,true],"medium_large":["https:\/\/www.teamplace.eu\/lieta\/wp-content\/uploads\/sites\/105\/2024\/02\/jumppapussi-valk-lieta-768x768.png",580,580,true],"large":["https:\/\/www.teamplace.eu\/lieta\/wp-content\/uploads\/sites\/105\/2024\/02\/jumppapussi-valk-lieta-1024x1024.png",580,580,true],"1536x1536":["https:\/\/www.teamplace.eu\/lieta\/wp-content\/uploads\/sites\/105\/2024\/02\/jumppapussi-valk-lieta.png",1064,1064,false],"2048x2048":["https:\/\/www.teamplace.eu\/lieta\/wp-content\/uploads\/sites\/105\/2024\/02\/jumppapussi-valk-lieta.png",1064,1064,false],"post-thumbnail":["https:\/\/www.teamplace.eu\/lieta\/wp-content\/uploads\/sites\/105\/2024\/02\/jumppapussi-valk-lieta.png",1064,1064,false],"twentytwenty-fullscreen":["https:\/\/www.teamplace.eu\/lieta\/wp-content\/uploads\/sites\/105\/2024\/02\/jumppapussi-valk-lieta.png",1064,1064,false],"woocommerce_thumbnail":["https:\/\/www.teamplace.eu\/lieta\/wp-content\/uploads\/sites\/105\/2024\/02\/jumppapussi-valk-lieta-450x450.png",450,450,true],"woocommerce_single":["https:\/\/www.teamplace.eu\/lieta\/wp-content\/uploads\/sites\/105\/2024\/02\/jumppapussi-valk-lieta-600x600.png",600,600,true],"woocommerce_gallery_thumbnail":["https:\/\/www.teamplace.eu\/lieta\/wp-content\/uploads\/sites\/105\/2024\/02\/jumppapussi-valk-lieta-100x100.png",100,100,true]},"post_excerpt_stackable_v2":"<div class=\"woocommerce-product-details__short-description\">\n<div class=\"woocommerce-product-details__short-description\">\n<p>K\u00e4tev\u00e4 pussukka treeneihin tai muuten vain vapaa-aikaan.<\/p>\n<p>Jumppapussissa Lieksan Taitoluistelijat logopainatus.<\/p>\n<p>Koko: 45 x 33 cm<br \/>\nTilavuus: 11 litraa<br \/>\nVedenpit\u00e4v\u00e4 kangas<br \/>\nVahvistetut kulmat, joissa metalliset nauharei\u00e4t<\/p>\n<\/div>\n<\/div>\n","category_list_v2":"","author_info_v2":{"name":"","url":""},"comments_num_v2":"0 comments","_links":{"self":[{"href":"https:\/\/www.teamplace.eu\/lieta\/wp-json\/wp\/v2\/product\/2045","targetHints":{"allow":["GET"]}}],"collection":[{"href":"https:\/\/www.teamplace.eu\/lieta\/wp-json\/wp\/v2\/product"}],"about":[{"href":"https:\/\/www.teamplace.eu\/lieta\/wp-json\/wp\/v2\/types\/product"}],"replies":[{"embeddable":true,"href":"https:\/\/www.teamplace.eu\/lieta\/wp-json\/wp\/v2\/comments?post=2045"}],"wp:featuredmedia":[{"embeddable":true,"href":"https:\/\/www.teamplace.eu\/lieta\/wp-json\/wp\/v2\/media\/2069"}],"wp:attachment":[{"href":"https:\/\/www.teamplace.eu\/lieta\/wp-json\/wp\/v2\/media?parent=2045"}],"wp:term":[{"taxonomy":"product_brand","embeddable":true,"href":"https:\/\/www.teamplace.eu\/lieta\/wp-json\/wp\/v2\/product_brand?post=2045"},{"taxonomy":"product_cat","embeddable":true,"href":"https:\/\/www.teamplace.eu\/lieta\/wp-json\/wp\/v2\/product_cat?post=2045"},{"taxonomy":"product_tag","embeddable":true,"href":"https:\/\/www.teamplace.eu\/lieta\/wp-json\/wp\/v2\/product_tag?post=2045"}],"curies":[{"name":"wp","href":"https:\/\/api.w.org\/{rel}","templated":true}]}}