
{"id":780,"date":"2021-10-11T11:56:25","date_gmt":"2021-10-11T08:56:25","guid":{"rendered":"https:\/\/www.teamplace.eu\/hatal\/?post_type=product&#038;p=780"},"modified":"2023-06-16T11:44:14","modified_gmt":"2023-06-16T08:44:14","slug":"glow-polar-musta","status":"publish","type":"product","link":"https:\/\/www.teamplace.eu\/hatal\/product\/glow-polar-musta\/","title":{"rendered":"Glow Polar treenitakki HaTal \/musta"},"content":{"rendered":"<p>Glow Polar -takki on valmistettu vahvasta joustavasta materiaalista ja soveltuu loistavasti harjoitteluun, vapaa-aikaan ja edustukseen. Muotoleikkaukset edess\u00e4 ja takana takaavat kauniin istuvuuden. Vetoketjutaskut edess\u00e4, peukkurei\u00e4t hihansuissa ja pystykaulus. Pituus lantiolle.<\/p>\n<p>Takin selk\u00e4\u00e4n on painettu iso HaTal logo valkoisella, vasemmassa hihassa Suomenlippu. Halutessasi voit lis\u00e4t\u00e4 nimipainatuksen takkiin.<\/p>\n<p>Materiaali 80PA, 20%EA.<\/p>\n<p>Materiaali: polyamidi-elastaani<br \/>\nV\u00e4ri: Musta<\/p>\n<p>Koot: 110, 120, 130, 140, 150, XS, S, M, L, XL, XXL<\/p>\n","protected":false},"excerpt":{"rendered":"<p>Glow Polar -takki on valmistettu vahvasta joustavasta materiaalista ja soveltuu loistavasti harjoitteluun, vapaa-aikaan ja edustukseen. Muotoleikkaukset edess\u00e4 ja takana takaavat kauniin istuvuuden. Vetoketjutaskut edess\u00e4, peukkurei\u00e4t hihansuissa ja pystykaulus. Pituus lantiolle.<\/p>\n<p>Takin selk\u00e4\u00e4n on painettu iso HaTal logo valkoisella, vasemmassa hihassa Suomenlippu. Halutessasi voit lis\u00e4t\u00e4 nimipainatuksen takkiin.<\/p>\n<p>Materiaali 80PA, 20%EA.<\/p>\n<p>Materiaali: polyamidi-elastaani<br \/>\nV\u00e4ri: Musta<\/p>\n<p>Koot: 110, 120, 130, 140, 150, XS, S, M, L, XL, XXL<\/p>\n","protected":false},"featured_media":1620,"comment_status":"closed","ping_status":"closed","template":"","meta":[],"product_brand":[],"product_cat":[63],"product_tag":[],"class_list":{"0":"post-780","1":"product","2":"type-product","3":"status-publish","4":"has-post-thumbnail","6":"product_cat-hatal-tuotteet","8":"first","9":"instock","10":"taxable","11":"shipping-taxable","12":"purchasable","13":"product-type-variable"},"exclude_global_add_ons":false,"addons":[{"name":"Voit halutessasi lis\u00e4t\u00e4 nimen takkiin","type":"custom_text","position":0,"required":false,"title_format":"label","default":"","description_enable":true,"description":"Henkil\u00f6nimi painetaan kaunokirjoituksella vasempaan rintaan. Kirjoita nimi alla olevaan kentt\u00e4\u00e4n:","placeholder_enable":false,"placeholder":"","display":"select","restrictions_type":"any_text","adjust_price":true,"price":"5.00","price_type":"flat_fee","restrictions":true,"min":"0","max":"12","options":[],"id":1682000570}],"featured_image_urls_v2":{"full":["https:\/\/www.teamplace.eu\/hatal\/wp-content\/uploads\/sites\/80\/2023\/06\/Glow-Polar-musta-taka-hatal.png",1064,1064,false],"thumbnail":["https:\/\/www.teamplace.eu\/hatal\/wp-content\/uploads\/sites\/80\/2023\/06\/Glow-Polar-musta-taka-hatal-150x150.png",150,150,true],"medium":["https:\/\/www.teamplace.eu\/hatal\/wp-content\/uploads\/sites\/80\/2023\/06\/Glow-Polar-musta-taka-hatal-300x300.png",300,300,true],"medium_large":["https:\/\/www.teamplace.eu\/hatal\/wp-content\/uploads\/sites\/80\/2023\/06\/Glow-Polar-musta-taka-hatal-768x768.png",580,580,true],"large":["https:\/\/www.teamplace.eu\/hatal\/wp-content\/uploads\/sites\/80\/2023\/06\/Glow-Polar-musta-taka-hatal-1024x1024.png",580,580,true],"1536x1536":["https:\/\/www.teamplace.eu\/hatal\/wp-content\/uploads\/sites\/80\/2023\/06\/Glow-Polar-musta-taka-hatal.png",1064,1064,false],"2048x2048":["https:\/\/www.teamplace.eu\/hatal\/wp-content\/uploads\/sites\/80\/2023\/06\/Glow-Polar-musta-taka-hatal.png",1064,1064,false],"post-thumbnail":["https:\/\/www.teamplace.eu\/hatal\/wp-content\/uploads\/sites\/80\/2023\/06\/Glow-Polar-musta-taka-hatal.png",1064,1064,false],"twentytwenty-fullscreen":["https:\/\/www.teamplace.eu\/hatal\/wp-content\/uploads\/sites\/80\/2023\/06\/Glow-Polar-musta-taka-hatal.png",1064,1064,false],"woocommerce_thumbnail":["https:\/\/www.teamplace.eu\/hatal\/wp-content\/uploads\/sites\/80\/2023\/06\/Glow-Polar-musta-taka-hatal-450x450.png",450,450,true],"woocommerce_single":["https:\/\/www.teamplace.eu\/hatal\/wp-content\/uploads\/sites\/80\/2023\/06\/Glow-Polar-musta-taka-hatal-600x600.png",600,600,true],"woocommerce_gallery_thumbnail":["https:\/\/www.teamplace.eu\/hatal\/wp-content\/uploads\/sites\/80\/2023\/06\/Glow-Polar-musta-taka-hatal-100x100.png",100,100,true]},"post_excerpt_stackable_v2":"<p>Glow Polar -takki on valmistettu vahvasta joustavasta materiaalista ja soveltuu loistavasti harjoitteluun, vapaa-aikaan ja edustukseen. Muotoleikkaukset edess\u00e4 ja takana takaavat kauniin istuvuuden. Vetoketjutaskut edess\u00e4, peukkurei\u00e4t hihansuissa ja pystykaulus. Pituus lantiolle.<\/p>\n<p>Takin selk\u00e4\u00e4n on painettu iso HaTal logo valkoisella, vasemmassa hihassa Suomenlippu. Halutessasi voit lis\u00e4t\u00e4 nimipainatuksen takkiin.<\/p>\n<p>Materiaali 80PA, 20%EA.<\/p>\n<p>Materiaali: polyamidi-elastaani<br \/>\nV\u00e4ri: Musta<\/p>\n<p>Koot: 110, 120, 130, 140, 150, XS, S, M, L, XL, XXL<\/p>\n","category_list_v2":"","author_info_v2":{"name":"","url":""},"comments_num_v2":"0 comments","_links":{"self":[{"href":"https:\/\/www.teamplace.eu\/hatal\/wp-json\/wp\/v2\/product\/780","targetHints":{"allow":["GET"]}}],"collection":[{"href":"https:\/\/www.teamplace.eu\/hatal\/wp-json\/wp\/v2\/product"}],"about":[{"href":"https:\/\/www.teamplace.eu\/hatal\/wp-json\/wp\/v2\/types\/product"}],"replies":[{"embeddable":true,"href":"https:\/\/www.teamplace.eu\/hatal\/wp-json\/wp\/v2\/comments?post=780"}],"wp:featuredmedia":[{"embeddable":true,"href":"https:\/\/www.teamplace.eu\/hatal\/wp-json\/wp\/v2\/media\/1620"}],"wp:attachment":[{"href":"https:\/\/www.teamplace.eu\/hatal\/wp-json\/wp\/v2\/media?parent=780"}],"wp:term":[{"taxonomy":"product_brand","embeddable":true,"href":"https:\/\/www.teamplace.eu\/hatal\/wp-json\/wp\/v2\/product_brand?post=780"},{"taxonomy":"product_cat","embeddable":true,"href":"https:\/\/www.teamplace.eu\/hatal\/wp-json\/wp\/v2\/product_cat?post=780"},{"taxonomy":"product_tag","embeddable":true,"href":"https:\/\/www.teamplace.eu\/hatal\/wp-json\/wp\/v2\/product_tag?post=780"}],"curies":[{"name":"wp","href":"https:\/\/api.w.org\/{rel}","templated":true}]}}