
{"id":711,"date":"2021-10-07T00:06:00","date_gmt":"2021-10-06T21:06:00","guid":{"rendered":"https:\/\/www.teamplace.eu\/hatal\/?post_type=product&#038;p=711"},"modified":"2024-09-30T18:22:26","modified_gmt":"2024-09-30T15:22:26","slug":"craft-parka-musta","status":"publish","type":"product","link":"https:\/\/www.teamplace.eu\/hatal\/product\/craft-parka-musta\/","title":{"rendered":"Craft Parka HaTal \/musta, naisten malli"},"content":{"rendered":"<p>Eritt\u00e4in kevyt ja pehme\u00e4 sek\u00e4 l\u00e4mmin Parkatakki. Vetoketjulliset rintatasku sek\u00e4 sivutaskut. Vetoketjullinen povitasku kuulokejohdon ulostulolla sek\u00e4 verkkopovitasku toisella puolella. Lumilukot\/tuulipussit hihoissa. Irrotettava huppu. Erinomaisesti vett\u00e4 ja tuulta hylkiv\u00e4 kangas.<\/p>\n<p>Valkoinen HaTal logobrodeeraus sel\u00e4ss\u00e4.<\/p>\n<p>Craft-takeilla on aina noin kahden viikon toimitusaika. HUOMIO! Lasten takit ovat loppuneet Craftin varastosta ja uusi er\u00e4 saapuu syyskuun lopulla. Voit ennakkotilata takin jo nyt, toimitus heti kun varasto t\u00e4ydentyy.<\/p>\n<p>LAPSILLE, NAISILLE JA MIEHILLE OMAT MALLIT<\/p>\n<p>Lasten koot: 122\/128cm, 134\/140cm, 146\/152cm, 158\/164cm<br \/>\nNaisten koot: XS, S, M, L, XL, XXL<\/p>\n<p>Materiaali: P\u00e4\u00e4limateriaali 100% PES, Vuorimateriaali 100% PES<\/p>\n<p>V\u00e4ri: musta<\/p>\n","protected":false},"excerpt":{"rendered":"<p>Eritt\u00e4in kevyt ja pehme\u00e4 sek\u00e4 l\u00e4mmin Parkatakki. Vetoketjulliset rintatasku sek\u00e4 sivutaskut. Vetoketjullinen povitasku kuulokejohdon ulostulolla sek\u00e4 verkkopovitasku toisella puolella. Lumilukot\/tuulipussit hihoissa. Irrotettava huppu. Erinomaisesti vett\u00e4 ja tuulta hylkiv\u00e4 kangas.<\/p>\n<p>Valkoinen HaTal logobrodeeraus sel\u00e4ss\u00e4.<\/p>\n<p>Craft-takeilla on aina noin kahden viikon toimitusaika. HUOMIO! Lasten takit ovat loppuneet Craftin varastosta ja uusi er\u00e4 saapuu syyskuun lopulla. Voit ennakkotilata takin jo nyt, toimitus heti kun varasto t\u00e4ydentyy.<\/p>\n<p>LAPSILLE, NAISILLE JA MIEHILLE OMAT MALLIT<\/p>\n<p>Lasten koot: 122\/128cm, 134\/140cm, 146\/152cm, 158\/164cm<br \/>\nNaisten koot: XS, S, M, L, XL, XXL<\/p>\n<p>Materiaali: P\u00e4\u00e4limateriaali 100% PES, Vuorimateriaali 100% PES<\/p>\n<p>V\u00e4ri: musta<\/p>\n","protected":false},"featured_media":1631,"comment_status":"open","ping_status":"closed","template":"","meta":[],"product_brand":[],"product_cat":[63],"product_tag":[],"class_list":{"0":"post-711","1":"product","2":"type-product","3":"status-publish","4":"has-post-thumbnail","6":"product_cat-hatal-tuotteet","8":"first","9":"instock","10":"taxable","11":"shipping-taxable","12":"purchasable","13":"product-type-variable"},"exclude_global_add_ons":[],"addons":[],"featured_image_urls_v2":{"full":["https:\/\/www.teamplace.eu\/hatal\/wp-content\/uploads\/sites\/80\/2023\/06\/Parka-musta-taka-hatal.png",1064,1064,false],"thumbnail":["https:\/\/www.teamplace.eu\/hatal\/wp-content\/uploads\/sites\/80\/2023\/06\/Parka-musta-taka-hatal-150x150.png",150,150,true],"medium":["https:\/\/www.teamplace.eu\/hatal\/wp-content\/uploads\/sites\/80\/2023\/06\/Parka-musta-taka-hatal-300x300.png",300,300,true],"medium_large":["https:\/\/www.teamplace.eu\/hatal\/wp-content\/uploads\/sites\/80\/2023\/06\/Parka-musta-taka-hatal-768x768.png",580,580,true],"large":["https:\/\/www.teamplace.eu\/hatal\/wp-content\/uploads\/sites\/80\/2023\/06\/Parka-musta-taka-hatal-1024x1024.png",580,580,true],"1536x1536":["https:\/\/www.teamplace.eu\/hatal\/wp-content\/uploads\/sites\/80\/2023\/06\/Parka-musta-taka-hatal.png",1064,1064,false],"2048x2048":["https:\/\/www.teamplace.eu\/hatal\/wp-content\/uploads\/sites\/80\/2023\/06\/Parka-musta-taka-hatal.png",1064,1064,false],"post-thumbnail":["https:\/\/www.teamplace.eu\/hatal\/wp-content\/uploads\/sites\/80\/2023\/06\/Parka-musta-taka-hatal.png",1064,1064,false],"twentytwenty-fullscreen":["https:\/\/www.teamplace.eu\/hatal\/wp-content\/uploads\/sites\/80\/2023\/06\/Parka-musta-taka-hatal.png",1064,1064,false],"woocommerce_thumbnail":["https:\/\/www.teamplace.eu\/hatal\/wp-content\/uploads\/sites\/80\/2023\/06\/Parka-musta-taka-hatal-450x450.png",450,450,true],"woocommerce_single":["https:\/\/www.teamplace.eu\/hatal\/wp-content\/uploads\/sites\/80\/2023\/06\/Parka-musta-taka-hatal-600x600.png",600,600,true],"woocommerce_gallery_thumbnail":["https:\/\/www.teamplace.eu\/hatal\/wp-content\/uploads\/sites\/80\/2023\/06\/Parka-musta-taka-hatal-100x100.png",100,100,true]},"post_excerpt_stackable_v2":"<p>Eritt\u00e4in kevyt ja pehme\u00e4 sek\u00e4 l\u00e4mmin Parkatakki. Vetoketjulliset rintatasku sek\u00e4 sivutaskut. Vetoketjullinen povitasku kuulokejohdon ulostulolla sek\u00e4 verkkopovitasku toisella puolella. Lumilukot\/tuulipussit hihoissa. Irrotettava huppu. Erinomaisesti vett\u00e4 ja tuulta hylkiv\u00e4 kangas.<\/p>\n<p>Valkoinen HaTal logobrodeeraus sel\u00e4ss\u00e4.<\/p>\n<p>Craft-takeilla on aina noin kahden viikon toimitusaika. HUOMIO! Lasten takit ovat loppuneet Craftin varastosta ja uusi er\u00e4 saapuu syyskuun lopulla. Voit ennakkotilata takin jo nyt, toimitus heti kun varasto t\u00e4ydentyy.<\/p>\n<p>LAPSILLE, NAISILLE JA MIEHILLE OMAT MALLIT<\/p>\n<p>Lasten koot: 122\/128cm, 134\/140cm, 146\/152cm, 158\/164cm<br \/>\nNaisten koot: XS, S, M, L, XL, XXL<\/p>\n<p>Materiaali: P\u00e4\u00e4limateriaali 100% PES, Vuorimateriaali 100% PES<\/p>\n<p>V\u00e4ri: musta<\/p>\n","category_list_v2":"","author_info_v2":{"name":"","url":""},"comments_num_v2":"0 comments","_links":{"self":[{"href":"https:\/\/www.teamplace.eu\/hatal\/wp-json\/wp\/v2\/product\/711","targetHints":{"allow":["GET"]}}],"collection":[{"href":"https:\/\/www.teamplace.eu\/hatal\/wp-json\/wp\/v2\/product"}],"about":[{"href":"https:\/\/www.teamplace.eu\/hatal\/wp-json\/wp\/v2\/types\/product"}],"replies":[{"embeddable":true,"href":"https:\/\/www.teamplace.eu\/hatal\/wp-json\/wp\/v2\/comments?post=711"}],"wp:featuredmedia":[{"embeddable":true,"href":"https:\/\/www.teamplace.eu\/hatal\/wp-json\/wp\/v2\/media\/1631"}],"wp:attachment":[{"href":"https:\/\/www.teamplace.eu\/hatal\/wp-json\/wp\/v2\/media?parent=711"}],"wp:term":[{"taxonomy":"product_brand","embeddable":true,"href":"https:\/\/www.teamplace.eu\/hatal\/wp-json\/wp\/v2\/product_brand?post=711"},{"taxonomy":"product_cat","embeddable":true,"href":"https:\/\/www.teamplace.eu\/hatal\/wp-json\/wp\/v2\/product_cat?post=711"},{"taxonomy":"product_tag","embeddable":true,"href":"https:\/\/www.teamplace.eu\/hatal\/wp-json\/wp\/v2\/product_tag?post=711"}],"curies":[{"name":"wp","href":"https:\/\/api.w.org\/{rel}","templated":true}]}}