
{"id":48,"date":"2021-01-27T00:19:47","date_gmt":"2021-01-26T22:19:47","guid":{"rendered":"https:\/\/www.teamplace.eu\/hatal\/tuote\/frost-toppaliivi-hto\/"},"modified":"2023-06-16T11:07:59","modified_gmt":"2023-06-16T08:07:59","slug":"frost-toppaliivi","status":"publish","type":"product","link":"https:\/\/www.teamplace.eu\/hatal\/product\/frost-toppaliivi\/","title":{"rendered":"Frost toppaliivi HaTal"},"content":{"rendered":"<p>Frost liivi\u00e4 voi pit\u00e4\u00e4 alkul\u00e4mmittelyss\u00e4, treeneiss\u00e4 tai vapaa-ajalla. Vinosti tikattu toppakangas tuo liiviin ryhdikk\u00e4\u00e4n ulkoasun. K\u00e4denteiss\u00e4 ja kyljiss\u00e4 joustava kangas, joka mahdollistaa napakan istuvuuden. Malli on istuva. Helma on hieman py\u00f6ristetty. Pituus lantiolle.<\/p>\n<p>Valkoinen HaTal logobrodeeraus sel\u00e4ss\u00e4.<\/p>\n<p>Materiaali:<br \/>\nJoustava materiaali 80% polyester, 20% elastaani, tikattu vanukangas 100% polyester<\/p>\n<p>Koot: 130, 140, 150, XS, S, M, L, XL<\/p>\n","protected":false},"excerpt":{"rendered":"<p>Frost liivi\u00e4 voi pit\u00e4\u00e4 alkul\u00e4mmittelyss\u00e4, treeneiss\u00e4 tai vapaa-ajalla. Vinosti tikattu toppakangas tuo liiviin ryhdikk\u00e4\u00e4n ulkoasun. K\u00e4denteiss\u00e4 ja kyljiss\u00e4 joustava kangas, joka mahdollistaa napakan istuvuuden. Malli on istuva. Helma on hieman py\u00f6ristetty. Pituus lantiolle.<\/p>\n<p>Valkoinen HaTal logobrodeeraus sel\u00e4ss\u00e4.<\/p>\n<p>Materiaali:<br \/>\nJoustava materiaali 80% polyester, 20% elastaani, tikattu vanukangas 100% polyester<\/p>\n<p>Koot: 130, 140, 150, XS, S, M, L, XL<\/p>\n","protected":false},"featured_media":1618,"comment_status":"closed","ping_status":"closed","template":"","meta":[],"product_brand":[],"product_cat":[63],"product_tag":[],"class_list":{"0":"post-48","1":"product","2":"type-product","3":"status-publish","4":"has-post-thumbnail","6":"product_cat-hatal-tuotteet","8":"first","9":"instock","10":"taxable","11":"shipping-taxable","12":"purchasable","13":"product-type-variable"},"exclude_global_add_ons":[],"addons":[],"featured_image_urls_v2":{"full":["https:\/\/www.teamplace.eu\/hatal\/wp-content\/uploads\/sites\/80\/2023\/06\/Frost-taka-hatal.png",1064,1064,false],"thumbnail":["https:\/\/www.teamplace.eu\/hatal\/wp-content\/uploads\/sites\/80\/2023\/06\/Frost-taka-hatal-150x150.png",150,150,true],"medium":["https:\/\/www.teamplace.eu\/hatal\/wp-content\/uploads\/sites\/80\/2023\/06\/Frost-taka-hatal-300x300.png",300,300,true],"medium_large":["https:\/\/www.teamplace.eu\/hatal\/wp-content\/uploads\/sites\/80\/2023\/06\/Frost-taka-hatal-768x768.png",580,580,true],"large":["https:\/\/www.teamplace.eu\/hatal\/wp-content\/uploads\/sites\/80\/2023\/06\/Frost-taka-hatal-1024x1024.png",580,580,true],"1536x1536":["https:\/\/www.teamplace.eu\/hatal\/wp-content\/uploads\/sites\/80\/2023\/06\/Frost-taka-hatal.png",1064,1064,false],"2048x2048":["https:\/\/www.teamplace.eu\/hatal\/wp-content\/uploads\/sites\/80\/2023\/06\/Frost-taka-hatal.png",1064,1064,false],"post-thumbnail":["https:\/\/www.teamplace.eu\/hatal\/wp-content\/uploads\/sites\/80\/2023\/06\/Frost-taka-hatal.png",1064,1064,false],"twentytwenty-fullscreen":["https:\/\/www.teamplace.eu\/hatal\/wp-content\/uploads\/sites\/80\/2023\/06\/Frost-taka-hatal.png",1064,1064,false],"woocommerce_thumbnail":["https:\/\/www.teamplace.eu\/hatal\/wp-content\/uploads\/sites\/80\/2023\/06\/Frost-taka-hatal-450x450.png",450,450,true],"woocommerce_single":["https:\/\/www.teamplace.eu\/hatal\/wp-content\/uploads\/sites\/80\/2023\/06\/Frost-taka-hatal-600x600.png",600,600,true],"woocommerce_gallery_thumbnail":["https:\/\/www.teamplace.eu\/hatal\/wp-content\/uploads\/sites\/80\/2023\/06\/Frost-taka-hatal-100x100.png",100,100,true]},"post_excerpt_stackable_v2":"<p>Frost liivi\u00e4 voi pit\u00e4\u00e4 alkul\u00e4mmittelyss\u00e4, treeneiss\u00e4 tai vapaa-ajalla. Vinosti tikattu toppakangas tuo liiviin ryhdikk\u00e4\u00e4n ulkoasun. K\u00e4denteiss\u00e4 ja kyljiss\u00e4 joustava kangas, joka mahdollistaa napakan istuvuuden. Malli on istuva. Helma on hieman py\u00f6ristetty. Pituus lantiolle.<\/p>\n<p>Valkoinen HaTal logobrodeeraus sel\u00e4ss\u00e4.<\/p>\n<p>Materiaali:<br \/>\nJoustava materiaali 80% polyester, 20% elastaani, tikattu vanukangas 100% polyester<\/p>\n<p>Koot: 130, 140, 150, XS, S, M, L, XL<\/p>\n","category_list_v2":"","author_info_v2":{"name":"","url":""},"comments_num_v2":"0 comments","_links":{"self":[{"href":"https:\/\/www.teamplace.eu\/hatal\/wp-json\/wp\/v2\/product\/48","targetHints":{"allow":["GET"]}}],"collection":[{"href":"https:\/\/www.teamplace.eu\/hatal\/wp-json\/wp\/v2\/product"}],"about":[{"href":"https:\/\/www.teamplace.eu\/hatal\/wp-json\/wp\/v2\/types\/product"}],"replies":[{"embeddable":true,"href":"https:\/\/www.teamplace.eu\/hatal\/wp-json\/wp\/v2\/comments?post=48"}],"wp:featuredmedia":[{"embeddable":true,"href":"https:\/\/www.teamplace.eu\/hatal\/wp-json\/wp\/v2\/media\/1618"}],"wp:attachment":[{"href":"https:\/\/www.teamplace.eu\/hatal\/wp-json\/wp\/v2\/media?parent=48"}],"wp:term":[{"taxonomy":"product_brand","embeddable":true,"href":"https:\/\/www.teamplace.eu\/hatal\/wp-json\/wp\/v2\/product_brand?post=48"},{"taxonomy":"product_cat","embeddable":true,"href":"https:\/\/www.teamplace.eu\/hatal\/wp-json\/wp\/v2\/product_cat?post=48"},{"taxonomy":"product_tag","embeddable":true,"href":"https:\/\/www.teamplace.eu\/hatal\/wp-json\/wp\/v2\/product_tag?post=48"}],"curies":[{"name":"wp","href":"https:\/\/api.w.org\/{rel}","templated":true}]}}