
{"id":1664,"date":"2023-06-16T11:25:50","date_gmt":"2023-06-16T08:25:50","guid":{"rendered":"https:\/\/www.teamplace.eu\/hatal\/?post_type=product&#038;p=1664"},"modified":"2023-06-16T11:34:56","modified_gmt":"2023-06-16T08:34:56","slug":"miesten-sleek-o-pitkahihainen-hatal-musta","status":"publish","type":"product","link":"https:\/\/www.teamplace.eu\/hatal\/product\/miesten-sleek-o-pitkahihainen-hatal-musta\/","title":{"rendered":"MIESTEN SLEEK O pitk\u00e4hihainen HaTal \/ 2 v\u00e4ri\u00e4"},"content":{"rendered":"<p>Miesten vartalonmy\u00f6t\u00e4inen tekninen pitk\u00e4hihainen paita on malliltaan istuva ja hihoissa on mukavasti pituutta. Korkealaatuinen ja joustava materiaali on hengitt\u00e4v\u00e4 ja haihduttaa kosteuden nopeasti, jolloin k\u00e4ytt\u00f6mukavuus on ihanteellinen.<\/p>\n<p>Valkoinen HaTal logo painettu vasempaan rintaan.<\/p>\n<p>Kaksi v\u00e4ri\u00e4: musta ja meleerattu harmaa<\/p>\n<p>MATERIAALI: 80% PA, 20% EA<\/p>\n<p>KOOT: 140, 150, XS, S, M, L, XL<\/p>\n","protected":false},"excerpt":{"rendered":"<p>Miesten vartalonmy\u00f6t\u00e4inen tekninen pitk\u00e4hihainen paita on malliltaan istuva ja hihoissa on mukavasti pituutta. Korkealaatuinen ja joustava materiaali on hengitt\u00e4v\u00e4 ja haihduttaa kosteuden nopeasti, jolloin k\u00e4ytt\u00f6mukavuus on ihanteellinen.<\/p>\n<p>Valkoinen HaTal logo painettu vasempaan rintaan.<\/p>\n<p>Kaksi v\u00e4ri\u00e4: musta ja meleerattu harmaa<\/p>\n<p>MATERIAALI: 80% PA, 20% EA<\/p>\n<p>KOOT: 140, 150, XS, S, M, L, XL<\/p>\n","protected":false},"featured_media":1663,"comment_status":"open","ping_status":"closed","template":"","meta":[],"product_brand":[],"product_cat":[63],"product_tag":[],"class_list":{"0":"post-1664","1":"product","2":"type-product","3":"status-publish","4":"has-post-thumbnail","6":"product_cat-hatal-tuotteet","8":"first","9":"instock","10":"taxable","11":"shipping-taxable","12":"purchasable","13":"product-type-variable"},"exclude_global_add_ons":false,"addons":[{"name":"Valitse v\u00e4ri:","type":"multiple_choice","position":0,"required":true,"title_format":"label","default":"","description_enable":false,"description":"","placeholder_enable":false,"placeholder":"","display":"images","restrictions_type":"any_text","adjust_price":false,"price":"","price_type":"flat_fee","restrictions":false,"min":"0","max":"0","options":[{"label":"Musta","price":"","price_type":"flat_fee","image":1663,"visibility":true},{"label":"Meleerattu harmaa","price":"","price_type":"flat_fee","image":1662,"visibility":true}],"id":1686915068}],"featured_image_urls_v2":{"full":["https:\/\/www.teamplace.eu\/hatal\/wp-content\/uploads\/sites\/80\/2023\/06\/Miesten-Sleek-musta-hatal.png",592,591,false],"thumbnail":["https:\/\/www.teamplace.eu\/hatal\/wp-content\/uploads\/sites\/80\/2023\/06\/Miesten-Sleek-musta-hatal-150x150.png",150,150,true],"medium":["https:\/\/www.teamplace.eu\/hatal\/wp-content\/uploads\/sites\/80\/2023\/06\/Miesten-Sleek-musta-hatal-300x300.png",300,300,true],"medium_large":["https:\/\/www.teamplace.eu\/hatal\/wp-content\/uploads\/sites\/80\/2023\/06\/Miesten-Sleek-musta-hatal.png",580,579,false],"large":["https:\/\/www.teamplace.eu\/hatal\/wp-content\/uploads\/sites\/80\/2023\/06\/Miesten-Sleek-musta-hatal.png",580,579,false],"1536x1536":["https:\/\/www.teamplace.eu\/hatal\/wp-content\/uploads\/sites\/80\/2023\/06\/Miesten-Sleek-musta-hatal.png",592,591,false],"2048x2048":["https:\/\/www.teamplace.eu\/hatal\/wp-content\/uploads\/sites\/80\/2023\/06\/Miesten-Sleek-musta-hatal.png",592,591,false],"post-thumbnail":["https:\/\/www.teamplace.eu\/hatal\/wp-content\/uploads\/sites\/80\/2023\/06\/Miesten-Sleek-musta-hatal.png",592,591,false],"twentytwenty-fullscreen":["https:\/\/www.teamplace.eu\/hatal\/wp-content\/uploads\/sites\/80\/2023\/06\/Miesten-Sleek-musta-hatal.png",592,591,false],"woocommerce_thumbnail":["https:\/\/www.teamplace.eu\/hatal\/wp-content\/uploads\/sites\/80\/2023\/06\/Miesten-Sleek-musta-hatal-450x450.png",450,450,true],"woocommerce_single":["https:\/\/www.teamplace.eu\/hatal\/wp-content\/uploads\/sites\/80\/2023\/06\/Miesten-Sleek-musta-hatal.png",592,591,false],"woocommerce_gallery_thumbnail":["https:\/\/www.teamplace.eu\/hatal\/wp-content\/uploads\/sites\/80\/2023\/06\/Miesten-Sleek-musta-hatal-100x100.png",100,100,true]},"post_excerpt_stackable_v2":"<p>Miesten vartalonmy\u00f6t\u00e4inen tekninen pitk\u00e4hihainen paita on malliltaan istuva ja hihoissa on mukavasti pituutta. Korkealaatuinen ja joustava materiaali on hengitt\u00e4v\u00e4 ja haihduttaa kosteuden nopeasti, jolloin k\u00e4ytt\u00f6mukavuus on ihanteellinen.<\/p>\n<p>Valkoinen HaTal logo painettu vasempaan rintaan.<\/p>\n<p>Kaksi v\u00e4ri\u00e4: musta ja meleerattu harmaa<\/p>\n<p>MATERIAALI: 80% PA, 20% EA<\/p>\n<p>KOOT: 140, 150, XS, S, M, L, XL<\/p>\n","category_list_v2":"","author_info_v2":{"name":"","url":""},"comments_num_v2":"0 comments","_links":{"self":[{"href":"https:\/\/www.teamplace.eu\/hatal\/wp-json\/wp\/v2\/product\/1664","targetHints":{"allow":["GET"]}}],"collection":[{"href":"https:\/\/www.teamplace.eu\/hatal\/wp-json\/wp\/v2\/product"}],"about":[{"href":"https:\/\/www.teamplace.eu\/hatal\/wp-json\/wp\/v2\/types\/product"}],"replies":[{"embeddable":true,"href":"https:\/\/www.teamplace.eu\/hatal\/wp-json\/wp\/v2\/comments?post=1664"}],"wp:featuredmedia":[{"embeddable":true,"href":"https:\/\/www.teamplace.eu\/hatal\/wp-json\/wp\/v2\/media\/1663"}],"wp:attachment":[{"href":"https:\/\/www.teamplace.eu\/hatal\/wp-json\/wp\/v2\/media?parent=1664"}],"wp:term":[{"taxonomy":"product_brand","embeddable":true,"href":"https:\/\/www.teamplace.eu\/hatal\/wp-json\/wp\/v2\/product_brand?post=1664"},{"taxonomy":"product_cat","embeddable":true,"href":"https:\/\/www.teamplace.eu\/hatal\/wp-json\/wp\/v2\/product_cat?post=1664"},{"taxonomy":"product_tag","embeddable":true,"href":"https:\/\/www.teamplace.eu\/hatal\/wp-json\/wp\/v2\/product_tag?post=1664"}],"curies":[{"name":"wp","href":"https:\/\/api.w.org\/{rel}","templated":true}]}}