
{"id":1492,"date":"2023-04-20T15:32:47","date_gmt":"2023-04-20T12:32:47","guid":{"rendered":"https:\/\/www.teamplace.eu\/hatal\/?post_type=product&#038;p=1492"},"modified":"2023-06-16T10:34:07","modified_gmt":"2023-06-16T07:34:07","slug":"jansport-vetolaukku-hatal-musta","status":"publish","type":"product","link":"https:\/\/www.teamplace.eu\/hatal\/product\/jansport-vetolaukku-hatal-musta\/","title":{"rendered":"Jansport vetolaukku HaTal \/musta"},"content":{"rendered":"<p>Jansportin laadukkaassa reppumallisessa vetolaukussa on teleskooppikahva ja vahvat py\u00f6r\u00e4t. Topattu selk\u00e4osa. Selk\u00e4puolella on olkahihnat, jotka voi ottaa halutessa k\u00e4ytt\u00f6\u00f6n. Kaksi suurempaa osastoa tavaroille ja lis\u00e4ksi kaksi pienemp\u00e4\u00e4 taskua. Sivussa juomapullotasku.<\/p>\n<p>HaTal logo painettu etul\u00e4pp\u00e4\u00e4n valkoisella.<\/p>\n<p>Vetolaukku sopii t\u00e4ydellisesti taitoluistelijoiden tarpeisiin!<\/p>\n<p>Tilavuus 36L, mitat 50 x 35,5 x 19,5 cm<\/p>\n","protected":false},"excerpt":{"rendered":"<p>Jansportin laadukkaassa reppumallisessa vetolaukussa on teleskooppikahva ja vahvat py\u00f6r\u00e4t. Topattu selk\u00e4osa. Selk\u00e4puolella on olkahihnat, jotka voi ottaa halutessa k\u00e4ytt\u00f6\u00f6n. Kaksi suurempaa osastoa tavaroille ja lis\u00e4ksi kaksi pienemp\u00e4\u00e4 taskua. Sivussa juomapullotasku.<\/p>\n<p>HaTal logo painettu etul\u00e4pp\u00e4\u00e4n valkoisella.<\/p>\n<p>Vetolaukku sopii t\u00e4ydellisesti taitoluistelijoiden tarpeisiin!<\/p>\n<p>Tilavuus 36L, mitat 50 x 35,5 x 19,5 cm<\/p>\n","protected":false},"featured_media":1626,"comment_status":"open","ping_status":"closed","template":"","meta":[],"product_brand":[],"product_cat":[63],"product_tag":[],"class_list":{"0":"post-1492","1":"product","2":"type-product","3":"status-publish","4":"has-post-thumbnail","6":"product_cat-hatal-tuotteet","8":"first","9":"instock","10":"taxable","11":"shipping-taxable","12":"purchasable","13":"product-type-simple"},"exclude_global_add_ons":[],"addons":[],"featured_image_urls_v2":{"full":["https:\/\/www.teamplace.eu\/hatal\/wp-content\/uploads\/sites\/80\/2023\/06\/Jansport-vetolaukku-hatal.png",1064,1064,false],"thumbnail":["https:\/\/www.teamplace.eu\/hatal\/wp-content\/uploads\/sites\/80\/2023\/06\/Jansport-vetolaukku-hatal-150x150.png",150,150,true],"medium":["https:\/\/www.teamplace.eu\/hatal\/wp-content\/uploads\/sites\/80\/2023\/06\/Jansport-vetolaukku-hatal-300x300.png",300,300,true],"medium_large":["https:\/\/www.teamplace.eu\/hatal\/wp-content\/uploads\/sites\/80\/2023\/06\/Jansport-vetolaukku-hatal-768x768.png",580,580,true],"large":["https:\/\/www.teamplace.eu\/hatal\/wp-content\/uploads\/sites\/80\/2023\/06\/Jansport-vetolaukku-hatal-1024x1024.png",580,580,true],"1536x1536":["https:\/\/www.teamplace.eu\/hatal\/wp-content\/uploads\/sites\/80\/2023\/06\/Jansport-vetolaukku-hatal.png",1064,1064,false],"2048x2048":["https:\/\/www.teamplace.eu\/hatal\/wp-content\/uploads\/sites\/80\/2023\/06\/Jansport-vetolaukku-hatal.png",1064,1064,false],"post-thumbnail":["https:\/\/www.teamplace.eu\/hatal\/wp-content\/uploads\/sites\/80\/2023\/06\/Jansport-vetolaukku-hatal.png",1064,1064,false],"twentytwenty-fullscreen":["https:\/\/www.teamplace.eu\/hatal\/wp-content\/uploads\/sites\/80\/2023\/06\/Jansport-vetolaukku-hatal.png",1064,1064,false],"woocommerce_thumbnail":["https:\/\/www.teamplace.eu\/hatal\/wp-content\/uploads\/sites\/80\/2023\/06\/Jansport-vetolaukku-hatal-450x450.png",450,450,true],"woocommerce_single":["https:\/\/www.teamplace.eu\/hatal\/wp-content\/uploads\/sites\/80\/2023\/06\/Jansport-vetolaukku-hatal-600x600.png",600,600,true],"woocommerce_gallery_thumbnail":["https:\/\/www.teamplace.eu\/hatal\/wp-content\/uploads\/sites\/80\/2023\/06\/Jansport-vetolaukku-hatal-100x100.png",100,100,true]},"post_excerpt_stackable_v2":"<p>Jansportin laadukkaassa reppumallisessa vetolaukussa on teleskooppikahva ja vahvat py\u00f6r\u00e4t. Topattu selk\u00e4osa. Selk\u00e4puolella on olkahihnat, jotka voi ottaa halutessa k\u00e4ytt\u00f6\u00f6n. Kaksi suurempaa osastoa tavaroille ja lis\u00e4ksi kaksi pienemp\u00e4\u00e4 taskua. Sivussa juomapullotasku.<\/p>\n<p>HaTal logo painettu etul\u00e4pp\u00e4\u00e4n valkoisella.<\/p>\n<p>Vetolaukku sopii t\u00e4ydellisesti taitoluistelijoiden tarpeisiin!<\/p>\n<p>Tilavuus 36L, mitat 50 x 35,5 x 19,5 cm<\/p>\n","category_list_v2":"","author_info_v2":{"name":"","url":""},"comments_num_v2":"0 comments","_links":{"self":[{"href":"https:\/\/www.teamplace.eu\/hatal\/wp-json\/wp\/v2\/product\/1492","targetHints":{"allow":["GET"]}}],"collection":[{"href":"https:\/\/www.teamplace.eu\/hatal\/wp-json\/wp\/v2\/product"}],"about":[{"href":"https:\/\/www.teamplace.eu\/hatal\/wp-json\/wp\/v2\/types\/product"}],"replies":[{"embeddable":true,"href":"https:\/\/www.teamplace.eu\/hatal\/wp-json\/wp\/v2\/comments?post=1492"}],"wp:featuredmedia":[{"embeddable":true,"href":"https:\/\/www.teamplace.eu\/hatal\/wp-json\/wp\/v2\/media\/1626"}],"wp:attachment":[{"href":"https:\/\/www.teamplace.eu\/hatal\/wp-json\/wp\/v2\/media?parent=1492"}],"wp:term":[{"taxonomy":"product_brand","embeddable":true,"href":"https:\/\/www.teamplace.eu\/hatal\/wp-json\/wp\/v2\/product_brand?post=1492"},{"taxonomy":"product_cat","embeddable":true,"href":"https:\/\/www.teamplace.eu\/hatal\/wp-json\/wp\/v2\/product_cat?post=1492"},{"taxonomy":"product_tag","embeddable":true,"href":"https:\/\/www.teamplace.eu\/hatal\/wp-json\/wp\/v2\/product_tag?post=1492"}],"curies":[{"name":"wp","href":"https:\/\/api.w.org\/{rel}","templated":true}]}}