
{"id":1490,"date":"2023-04-20T15:27:52","date_gmt":"2023-04-20T12:27:52","guid":{"rendered":"https:\/\/www.teamplace.eu\/hatal\/?post_type=product&#038;p=1490"},"modified":"2023-06-16T10:35:12","modified_gmt":"2023-06-16T07:35:12","slug":"jansport-reppu-hatal-musta","status":"publish","type":"product","link":"https:\/\/www.teamplace.eu\/hatal\/product\/jansport-reppu-hatal-musta\/","title":{"rendered":"Jansport reppu HaTal \/musta"},"content":{"rendered":"<p>Jansportin monik\u00e4ytt\u00f6isess\u00e4 repussa on runsaasti eri kokoisia taskuja. Reppuun mahtuu treenikamppeet ja koulukirjat. Suuren p\u00e4\u00e4taskun lis\u00e4ksi on toinen isompi vetoketjullinen tasku. Repussa on erillinen tasku tietokoneelle ja lis\u00e4ksi kolme muuta eri kokoista vetoketjutaskua. Selk\u00e4osa ja olkaimet ovat pehmustetut. Repun sivussa verkkotasku juomapullolle.<\/p>\n<p>Reppu sopii t\u00e4ydellisesti taitoluistelijoiden tarpeisiin!<\/p>\n<p>HaTal logo painettu etutaskuun.<\/p>\n<p>Mitat: 43.5 x 32.5 x 19 cm, 34L, paino 0.65 kg<\/p>\n<p>Materiaali: : 100% kierr\u00e4tetty polyester, 600 Denier<\/p>\n","protected":false},"excerpt":{"rendered":"<p>Jansportin monik\u00e4ytt\u00f6isess\u00e4 repussa on runsaasti eri kokoisia taskuja. Reppuun mahtuu treenikamppeet ja koulukirjat. Suuren p\u00e4\u00e4taskun lis\u00e4ksi on toinen isompi vetoketjullinen tasku. Repussa on erillinen tasku tietokoneelle ja lis\u00e4ksi kolme muuta eri kokoista vetoketjutaskua. Selk\u00e4osa ja olkaimet ovat pehmustetut. Repun sivussa verkkotasku juomapullolle.<\/p>\n<p>Reppu sopii t\u00e4ydellisesti taitoluistelijoiden tarpeisiin!<\/p>\n<p>HaTal logo painettu etutaskuun.<\/p>\n<p>Mitat: 43.5 x 32.5 x 19 cm, 34L, paino 0.65 kg<\/p>\n<p>Materiaali: : 100% kierr\u00e4tetty polyester, 600 Denier<\/p>\n","protected":false},"featured_media":1625,"comment_status":"open","ping_status":"closed","template":"","meta":[],"product_brand":[],"product_cat":[63],"product_tag":[],"class_list":{"0":"post-1490","1":"product","2":"type-product","3":"status-publish","4":"has-post-thumbnail","6":"product_cat-hatal-tuotteet","8":"first","9":"instock","10":"taxable","11":"shipping-taxable","12":"purchasable","13":"product-type-simple"},"exclude_global_add_ons":[],"addons":[],"featured_image_urls_v2":{"full":["https:\/\/www.teamplace.eu\/hatal\/wp-content\/uploads\/sites\/80\/2023\/06\/Jansport-reppu-hatal.png",1064,1064,false],"thumbnail":["https:\/\/www.teamplace.eu\/hatal\/wp-content\/uploads\/sites\/80\/2023\/06\/Jansport-reppu-hatal-150x150.png",150,150,true],"medium":["https:\/\/www.teamplace.eu\/hatal\/wp-content\/uploads\/sites\/80\/2023\/06\/Jansport-reppu-hatal-300x300.png",300,300,true],"medium_large":["https:\/\/www.teamplace.eu\/hatal\/wp-content\/uploads\/sites\/80\/2023\/06\/Jansport-reppu-hatal-768x768.png",580,580,true],"large":["https:\/\/www.teamplace.eu\/hatal\/wp-content\/uploads\/sites\/80\/2023\/06\/Jansport-reppu-hatal-1024x1024.png",580,580,true],"1536x1536":["https:\/\/www.teamplace.eu\/hatal\/wp-content\/uploads\/sites\/80\/2023\/06\/Jansport-reppu-hatal.png",1064,1064,false],"2048x2048":["https:\/\/www.teamplace.eu\/hatal\/wp-content\/uploads\/sites\/80\/2023\/06\/Jansport-reppu-hatal.png",1064,1064,false],"post-thumbnail":["https:\/\/www.teamplace.eu\/hatal\/wp-content\/uploads\/sites\/80\/2023\/06\/Jansport-reppu-hatal.png",1064,1064,false],"twentytwenty-fullscreen":["https:\/\/www.teamplace.eu\/hatal\/wp-content\/uploads\/sites\/80\/2023\/06\/Jansport-reppu-hatal.png",1064,1064,false],"woocommerce_thumbnail":["https:\/\/www.teamplace.eu\/hatal\/wp-content\/uploads\/sites\/80\/2023\/06\/Jansport-reppu-hatal-450x450.png",450,450,true],"woocommerce_single":["https:\/\/www.teamplace.eu\/hatal\/wp-content\/uploads\/sites\/80\/2023\/06\/Jansport-reppu-hatal-600x600.png",600,600,true],"woocommerce_gallery_thumbnail":["https:\/\/www.teamplace.eu\/hatal\/wp-content\/uploads\/sites\/80\/2023\/06\/Jansport-reppu-hatal-100x100.png",100,100,true]},"post_excerpt_stackable_v2":"<p>Jansportin monik\u00e4ytt\u00f6isess\u00e4 repussa on runsaasti eri kokoisia taskuja. Reppuun mahtuu treenikamppeet ja koulukirjat. Suuren p\u00e4\u00e4taskun lis\u00e4ksi on toinen isompi vetoketjullinen tasku. Repussa on erillinen tasku tietokoneelle ja lis\u00e4ksi kolme muuta eri kokoista vetoketjutaskua. Selk\u00e4osa ja olkaimet ovat pehmustetut. Repun sivussa verkkotasku juomapullolle.<\/p>\n<p>Reppu sopii t\u00e4ydellisesti taitoluistelijoiden tarpeisiin!<\/p>\n<p>HaTal logo painettu etutaskuun.<\/p>\n<p>Mitat: 43.5 x 32.5 x 19 cm, 34L, paino 0.65 kg<\/p>\n<p>Materiaali: : 100% kierr\u00e4tetty polyester, 600 Denier<\/p>\n","category_list_v2":"","author_info_v2":{"name":"","url":""},"comments_num_v2":"0 comments","_links":{"self":[{"href":"https:\/\/www.teamplace.eu\/hatal\/wp-json\/wp\/v2\/product\/1490","targetHints":{"allow":["GET"]}}],"collection":[{"href":"https:\/\/www.teamplace.eu\/hatal\/wp-json\/wp\/v2\/product"}],"about":[{"href":"https:\/\/www.teamplace.eu\/hatal\/wp-json\/wp\/v2\/types\/product"}],"replies":[{"embeddable":true,"href":"https:\/\/www.teamplace.eu\/hatal\/wp-json\/wp\/v2\/comments?post=1490"}],"wp:featuredmedia":[{"embeddable":true,"href":"https:\/\/www.teamplace.eu\/hatal\/wp-json\/wp\/v2\/media\/1625"}],"wp:attachment":[{"href":"https:\/\/www.teamplace.eu\/hatal\/wp-json\/wp\/v2\/media?parent=1490"}],"wp:term":[{"taxonomy":"product_brand","embeddable":true,"href":"https:\/\/www.teamplace.eu\/hatal\/wp-json\/wp\/v2\/product_brand?post=1490"},{"taxonomy":"product_cat","embeddable":true,"href":"https:\/\/www.teamplace.eu\/hatal\/wp-json\/wp\/v2\/product_cat?post=1490"},{"taxonomy":"product_tag","embeddable":true,"href":"https:\/\/www.teamplace.eu\/hatal\/wp-json\/wp\/v2\/product_tag?post=1490"}],"curies":[{"name":"wp","href":"https:\/\/api.w.org\/{rel}","templated":true}]}}