
{"id":1045,"date":"2022-01-27T12:13:31","date_gmt":"2022-01-27T10:13:31","guid":{"rendered":"https:\/\/www.teamplace.eu\/hatal\/?post_type=product&#038;p=1045"},"modified":"2023-04-26T23:59:52","modified_gmt":"2023-04-26T20:59:52","slug":"sprint-polar-leggings","status":"publish","type":"product","link":"https:\/\/www.teamplace.eu\/hatal\/product\/sprint-polar-leggings\/","title":{"rendered":"SPRINT POLAR leggings"},"content":{"rendered":"<p>Paksusta joustavasta kankaasta valmistetut leggingsit. Sis\u00e4puolella nukkapinta, joka tuntuu iholla l\u00e4mpim\u00e4lt\u00e4. Korkealaatuinen joustava materiaali on hengitt\u00e4v\u00e4 ja haihduttaa kosteuden nopeasti. Vy\u00f6t\u00e4r\u00f6ll\u00e4 3cm leve\u00e4 napakka kuminauha.<\/p>\n<p>Ei seuran logopainatusta.<\/p>\n<p>MATERIAALI: 80% PA, 20% EA<\/p>\n<p>KOOT: 120, 130, 140, 150, XS, S, M, L, XL<\/p>\n","protected":false},"excerpt":{"rendered":"<p>Paksusta joustavasta kankaasta valmistetut leggingsit. Sis\u00e4puolella nukkapinta, joka tuntuu iholla l\u00e4mpim\u00e4lt\u00e4. Korkealaatuinen joustava materiaali on hengitt\u00e4v\u00e4 ja haihduttaa kosteuden nopeasti. Vy\u00f6t\u00e4r\u00f6ll\u00e4 3cm leve\u00e4 napakka kuminauha.<\/p>\n<p>Ei seuran logopainatusta.<\/p>\n<p>MATERIAALI: 80% PA, 20% EA<\/p>\n<p>KOOT: 120, 130, 140, 150, XS, S, M, L, XL<\/p>\n","protected":false},"featured_media":1463,"comment_status":"open","ping_status":"closed","template":"","meta":[],"product_brand":[],"product_cat":[63],"product_tag":[],"class_list":{"0":"post-1045","1":"product","2":"type-product","3":"status-publish","4":"has-post-thumbnail","6":"product_cat-hatal-tuotteet","8":"first","9":"instock","10":"taxable","11":"shipping-taxable","12":"purchasable","13":"product-type-variable"},"exclude_global_add_ons":[],"addons":[],"featured_image_urls_v2":{"full":["https:\/\/www.teamplace.eu\/hatal\/wp-content\/uploads\/sites\/80\/2022\/01\/sprint-leggings-musta_Front.jpg",1600,1600,false],"thumbnail":["https:\/\/www.teamplace.eu\/hatal\/wp-content\/uploads\/sites\/80\/2022\/01\/sprint-leggings-musta_Front-150x150.jpg",150,150,true],"medium":["https:\/\/www.teamplace.eu\/hatal\/wp-content\/uploads\/sites\/80\/2022\/01\/sprint-leggings-musta_Front-300x300.jpg",300,300,true],"medium_large":["https:\/\/www.teamplace.eu\/hatal\/wp-content\/uploads\/sites\/80\/2022\/01\/sprint-leggings-musta_Front-768x768.jpg",580,580,true],"large":["https:\/\/www.teamplace.eu\/hatal\/wp-content\/uploads\/sites\/80\/2022\/01\/sprint-leggings-musta_Front-1024x1024.jpg",580,580,true],"1536x1536":["https:\/\/www.teamplace.eu\/hatal\/wp-content\/uploads\/sites\/80\/2022\/01\/sprint-leggings-musta_Front-1536x1536.jpg",1536,1536,true],"2048x2048":["https:\/\/www.teamplace.eu\/hatal\/wp-content\/uploads\/sites\/80\/2022\/01\/sprint-leggings-musta_Front.jpg",1600,1600,false],"post-thumbnail":["https:\/\/www.teamplace.eu\/hatal\/wp-content\/uploads\/sites\/80\/2022\/01\/sprint-leggings-musta_Front.jpg",1200,1200,false],"twentytwenty-fullscreen":["https:\/\/www.teamplace.eu\/hatal\/wp-content\/uploads\/sites\/80\/2022\/01\/sprint-leggings-musta_Front.jpg",1600,1600,false],"woocommerce_thumbnail":["https:\/\/www.teamplace.eu\/hatal\/wp-content\/uploads\/sites\/80\/2022\/01\/sprint-leggings-musta_Front-450x450.jpg",450,450,true],"woocommerce_single":["https:\/\/www.teamplace.eu\/hatal\/wp-content\/uploads\/sites\/80\/2022\/01\/sprint-leggings-musta_Front-600x600.jpg",600,600,true],"woocommerce_gallery_thumbnail":["https:\/\/www.teamplace.eu\/hatal\/wp-content\/uploads\/sites\/80\/2022\/01\/sprint-leggings-musta_Front-100x100.jpg",100,100,true]},"post_excerpt_stackable_v2":"<p>Paksusta joustavasta kankaasta valmistetut leggingsit. Sis\u00e4puolella nukkapinta, joka tuntuu iholla l\u00e4mpim\u00e4lt\u00e4. Korkealaatuinen joustava materiaali on hengitt\u00e4v\u00e4 ja haihduttaa kosteuden nopeasti. Vy\u00f6t\u00e4r\u00f6ll\u00e4 3cm leve\u00e4 napakka kuminauha.<\/p>\n<p>Ei seuran logopainatusta.<\/p>\n<p>MATERIAALI: 80% PA, 20% EA<\/p>\n<p>KOOT: 120, 130, 140, 150, XS, S, M, L, XL<\/p>\n","category_list_v2":"","author_info_v2":{"name":"","url":""},"comments_num_v2":"0 comments","_links":{"self":[{"href":"https:\/\/www.teamplace.eu\/hatal\/wp-json\/wp\/v2\/product\/1045","targetHints":{"allow":["GET"]}}],"collection":[{"href":"https:\/\/www.teamplace.eu\/hatal\/wp-json\/wp\/v2\/product"}],"about":[{"href":"https:\/\/www.teamplace.eu\/hatal\/wp-json\/wp\/v2\/types\/product"}],"replies":[{"embeddable":true,"href":"https:\/\/www.teamplace.eu\/hatal\/wp-json\/wp\/v2\/comments?post=1045"}],"wp:featuredmedia":[{"embeddable":true,"href":"https:\/\/www.teamplace.eu\/hatal\/wp-json\/wp\/v2\/media\/1463"}],"wp:attachment":[{"href":"https:\/\/www.teamplace.eu\/hatal\/wp-json\/wp\/v2\/media?parent=1045"}],"wp:term":[{"taxonomy":"product_brand","embeddable":true,"href":"https:\/\/www.teamplace.eu\/hatal\/wp-json\/wp\/v2\/product_brand?post=1045"},{"taxonomy":"product_cat","embeddable":true,"href":"https:\/\/www.teamplace.eu\/hatal\/wp-json\/wp\/v2\/product_cat?post=1045"},{"taxonomy":"product_tag","embeddable":true,"href":"https:\/\/www.teamplace.eu\/hatal\/wp-json\/wp\/v2\/product_tag?post=1045"}],"curies":[{"name":"wp","href":"https:\/\/api.w.org\/{rel}","templated":true}]}}