
{"id":2064,"date":"2024-04-19T15:14:24","date_gmt":"2024-04-19T12:14:24","guid":{"rendered":"https:\/\/www.teamplace.eu\/harmansiskot\/?post_type=product&#038;p=2064"},"modified":"2024-04-19T15:18:16","modified_gmt":"2024-04-19T12:18:16","slug":"stream-toppi-harman-siskot-neonpinkki","status":"publish","type":"product","link":"https:\/\/www.teamplace.eu\/hasi\/product\/stream-toppi-harman-siskot-neonpinkki\/","title":{"rendered":"STREAM toppi H\u00e4rm\u00e4n Siskot \/neon pinkki"},"content":{"rendered":"<p>Sporttinen painijanselk\u00e4inen toppi. Korkealaatuinen joustava materiaali ja hyvin istuva leikkaus. Materiaali on hengitt\u00e4v\u00e4 ja haihduttaa kosteuden nopeasti, jolloin k\u00e4ytt\u00f6mukavuus on ihanteellinen.<\/p>\n<p>H\u00e4rm\u00e4n Siskot logo painettu topin selk\u00e4\u00e4n valkoisella.<\/p>\n<p>MATERIAALI: PA80%, EA20%<\/p>\n<p>KOOT: 120, 130, 140, 150, XS, S, M, L, XL<\/p>\n","protected":false},"excerpt":{"rendered":"<p>Sporttinen painijanselk\u00e4inen toppi. Korkealaatuinen joustava materiaali ja hyvin istuva leikkaus. Materiaali on hengitt\u00e4v\u00e4 ja haihduttaa kosteuden nopeasti, jolloin k\u00e4ytt\u00f6mukavuus on ihanteellinen.<\/p>\n<p>H\u00e4rm\u00e4n Siskot logo painettu topin selk\u00e4\u00e4n valkoisella.<\/p>\n<p>MATERIAALI: PA80%, EA20%<\/p>\n<p>KOOT: 120, 130, 140, 150, XS, S, M, L, XL<\/p>\n","protected":false},"featured_media":2048,"comment_status":"open","ping_status":"closed","template":"","meta":[],"product_brand":[],"product_cat":[68],"product_tag":[],"class_list":{"0":"post-2064","1":"product","2":"type-product","3":"status-publish","4":"has-post-thumbnail","6":"product_cat-harman-siskot-tuotteet","8":"first","9":"instock","10":"taxable","11":"shipping-taxable","12":"purchasable","13":"product-type-variable"},"exclude_global_add_ons":[],"addons":[],"featured_image_urls_v2":{"full":["https:\/\/www.teamplace.eu\/hasi\/wp-content\/uploads\/sites\/112\/2021\/10\/Stream-neon-pinkki-taka-hs.png",532,533,false],"thumbnail":["https:\/\/www.teamplace.eu\/hasi\/wp-content\/uploads\/sites\/112\/2021\/10\/Stream-neon-pinkki-taka-hs-150x150.png",150,150,true],"medium":["https:\/\/www.teamplace.eu\/hasi\/wp-content\/uploads\/sites\/112\/2021\/10\/Stream-neon-pinkki-taka-hs-300x300.png",300,300,true],"medium_large":["https:\/\/www.teamplace.eu\/hasi\/wp-content\/uploads\/sites\/112\/2021\/10\/Stream-neon-pinkki-taka-hs.png",532,533,false],"large":["https:\/\/www.teamplace.eu\/hasi\/wp-content\/uploads\/sites\/112\/2021\/10\/Stream-neon-pinkki-taka-hs.png",532,533,false],"1536x1536":["https:\/\/www.teamplace.eu\/hasi\/wp-content\/uploads\/sites\/112\/2021\/10\/Stream-neon-pinkki-taka-hs.png",532,533,false],"2048x2048":["https:\/\/www.teamplace.eu\/hasi\/wp-content\/uploads\/sites\/112\/2021\/10\/Stream-neon-pinkki-taka-hs.png",532,533,false],"post-thumbnail":["https:\/\/www.teamplace.eu\/hasi\/wp-content\/uploads\/sites\/112\/2021\/10\/Stream-neon-pinkki-taka-hs.png",532,533,false],"twentytwenty-fullscreen":["https:\/\/www.teamplace.eu\/hasi\/wp-content\/uploads\/sites\/112\/2021\/10\/Stream-neon-pinkki-taka-hs.png",532,533,false],"woocommerce_thumbnail":["https:\/\/www.teamplace.eu\/hasi\/wp-content\/uploads\/sites\/112\/2021\/10\/Stream-neon-pinkki-taka-hs-450x450.png",450,450,true],"woocommerce_single":["https:\/\/www.teamplace.eu\/hasi\/wp-content\/uploads\/sites\/112\/2021\/10\/Stream-neon-pinkki-taka-hs.png",532,533,false],"woocommerce_gallery_thumbnail":["https:\/\/www.teamplace.eu\/hasi\/wp-content\/uploads\/sites\/112\/2021\/10\/Stream-neon-pinkki-taka-hs-100x100.png",100,100,true]},"post_excerpt_stackable_v2":"<p>Sporttinen painijanselk\u00e4inen toppi. Korkealaatuinen joustava materiaali ja hyvin istuva leikkaus. Materiaali on hengitt\u00e4v\u00e4 ja haihduttaa kosteuden nopeasti, jolloin k\u00e4ytt\u00f6mukavuus on ihanteellinen.<\/p>\n<p>H\u00e4rm\u00e4n Siskot logo painettu topin selk\u00e4\u00e4n valkoisella.<\/p>\n<p>MATERIAALI: PA80%, EA20%<\/p>\n<p>KOOT: 120, 130, 140, 150, XS, S, M, L, XL<\/p>\n","category_list_v2":"","author_info_v2":{"name":"","url":""},"comments_num_v2":"0 comments","_links":{"self":[{"href":"https:\/\/www.teamplace.eu\/hasi\/wp-json\/wp\/v2\/product\/2064","targetHints":{"allow":["GET"]}}],"collection":[{"href":"https:\/\/www.teamplace.eu\/hasi\/wp-json\/wp\/v2\/product"}],"about":[{"href":"https:\/\/www.teamplace.eu\/hasi\/wp-json\/wp\/v2\/types\/product"}],"replies":[{"embeddable":true,"href":"https:\/\/www.teamplace.eu\/hasi\/wp-json\/wp\/v2\/comments?post=2064"}],"wp:featuredmedia":[{"embeddable":true,"href":"https:\/\/www.teamplace.eu\/hasi\/wp-json\/wp\/v2\/media\/2048"}],"wp:attachment":[{"href":"https:\/\/www.teamplace.eu\/hasi\/wp-json\/wp\/v2\/media?parent=2064"}],"wp:term":[{"taxonomy":"product_brand","embeddable":true,"href":"https:\/\/www.teamplace.eu\/hasi\/wp-json\/wp\/v2\/product_brand?post=2064"},{"taxonomy":"product_cat","embeddable":true,"href":"https:\/\/www.teamplace.eu\/hasi\/wp-json\/wp\/v2\/product_cat?post=2064"},{"taxonomy":"product_tag","embeddable":true,"href":"https:\/\/www.teamplace.eu\/hasi\/wp-json\/wp\/v2\/product_tag?post=2064"}],"curies":[{"name":"wp","href":"https:\/\/api.w.org\/{rel}","templated":true}]}}