
{"id":752,"date":"2021-03-22T11:42:25","date_gmt":"2021-03-22T09:42:25","guid":{"rendered":"https:\/\/www.teamplace.eu\/estt\/?post_type=product&#038;p=752"},"modified":"2026-02-12T12:00:41","modified_gmt":"2026-02-12T10:00:41","slug":"ribbipipo-estt","status":"publish","type":"product","link":"https:\/\/www.teamplace.eu\/estt\/product\/ribbipipo-estt\/","title":{"rendered":"Ribbipipo EsTT \/eri v\u00e4rej\u00e4"},"content":{"rendered":"<p>Tuulenpit\u00e4v\u00e4 pipo, jossa sis\u00e4puolella puuvillatrikoovuori.<\/p>\n<p>EsTT logobrodeeraus pipon taitoksessa.<\/p>\n<p>50 % polyesteri\u00e4, 50 % akryyli\u00e4<\/p>\n<p>Pipo l\u00f6ytyy seuraavissa eri v\u00e4reiss\u00e4: tummansininen, musta. Valitse v\u00e4ri valikosta.<\/p>\n","protected":false},"excerpt":{"rendered":"<p>Tuulenpit\u00e4v\u00e4 pipo, jossa sis\u00e4puolella puuvillatrikoovuori.<\/p>\n<p>EsTT logobrodeeraus pipon taitoksessa.<\/p>\n<p>50 % polyesteri\u00e4, 50 % akryyli\u00e4<\/p>\n<p>Pipo l\u00f6ytyy seuraavissa eri v\u00e4reiss\u00e4: tummansininen, musta. Valitse v\u00e4ri valikosta.<\/p>\n","protected":false},"featured_media":1927,"comment_status":"open","ping_status":"closed","template":"","meta":[],"product_brand":[],"product_cat":[69,15],"product_tag":[],"class_list":{"0":"post-752","1":"product","2":"type-product","3":"status-publish","4":"has-post-thumbnail","6":"product_cat-estt-tuotteet","7":"product_cat-uncategorized","9":"first","10":"instock","11":"taxable","12":"shipping-taxable","13":"purchasable","14":"product-type-simple"},"exclude_global_add_ons":false,"addons":[{"name":"Valitse pipon v\u00e4ri:","type":"multiple_choice","position":0,"required":true,"title_format":"label","default":"","description_enable":false,"description":"","placeholder_enable":false,"placeholder":"","display":"images","restrictions_type":"any_text","adjust_price":false,"price":"","price_type":"flat_fee","restrictions":false,"min":"0","max":"0","options":[{"label":"Musta","price":"","price_type":"flat_fee","image":1926,"visibility":true},{"label":"Tummansininen","price":"","price_type":"flat_fee","image":1927,"visibility":true}],"id":1770729628}],"featured_image_urls_v2":{"full":["https:\/\/www.teamplace.eu\/estt\/wp-content\/uploads\/sites\/9\/2021\/03\/Rib-pipo-navy-estt.png",1064,1072,false],"thumbnail":["https:\/\/www.teamplace.eu\/estt\/wp-content\/uploads\/sites\/9\/2021\/03\/Rib-pipo-navy-estt-150x150.png",150,150,true],"medium":["https:\/\/www.teamplace.eu\/estt\/wp-content\/uploads\/sites\/9\/2021\/03\/Rib-pipo-navy-estt-298x300.png",298,300,true],"medium_large":["https:\/\/www.teamplace.eu\/estt\/wp-content\/uploads\/sites\/9\/2021\/03\/Rib-pipo-navy-estt-768x774.png",580,585,true],"large":["https:\/\/www.teamplace.eu\/estt\/wp-content\/uploads\/sites\/9\/2021\/03\/Rib-pipo-navy-estt-1016x1024.png",580,585,true],"1536x1536":["https:\/\/www.teamplace.eu\/estt\/wp-content\/uploads\/sites\/9\/2021\/03\/Rib-pipo-navy-estt.png",1064,1072,false],"2048x2048":["https:\/\/www.teamplace.eu\/estt\/wp-content\/uploads\/sites\/9\/2021\/03\/Rib-pipo-navy-estt.png",1064,1072,false],"post-thumbnail":["https:\/\/www.teamplace.eu\/estt\/wp-content\/uploads\/sites\/9\/2021\/03\/Rib-pipo-navy-estt.png",1064,1072,false],"twentytwenty-fullscreen":["https:\/\/www.teamplace.eu\/estt\/wp-content\/uploads\/sites\/9\/2021\/03\/Rib-pipo-navy-estt.png",1064,1072,false],"woocommerce_thumbnail":["https:\/\/www.teamplace.eu\/estt\/wp-content\/uploads\/sites\/9\/2021\/03\/Rib-pipo-navy-estt-450x450.png",450,450,true],"woocommerce_single":["https:\/\/www.teamplace.eu\/estt\/wp-content\/uploads\/sites\/9\/2021\/03\/Rib-pipo-navy-estt-600x605.png",600,605,true],"woocommerce_gallery_thumbnail":["https:\/\/www.teamplace.eu\/estt\/wp-content\/uploads\/sites\/9\/2021\/03\/Rib-pipo-navy-estt-100x100.png",100,100,true]},"post_excerpt_stackable_v2":"<p>Tuulenpit\u00e4v\u00e4 pipo, jossa sis\u00e4puolella puuvillatrikoovuori.<\/p>\n<p>EsTT logobrodeeraus pipon taitoksessa.<\/p>\n<p>50 % polyesteri\u00e4, 50 % akryyli\u00e4<\/p>\n<p>Pipo l\u00f6ytyy seuraavissa eri v\u00e4reiss\u00e4: tummansininen, musta. Valitse v\u00e4ri valikosta.<\/p>\n","category_list_v2":"","author_info_v2":{"name":"","url":""},"comments_num_v2":"0 comments","_links":{"self":[{"href":"https:\/\/www.teamplace.eu\/estt\/wp-json\/wp\/v2\/product\/752","targetHints":{"allow":["GET"]}}],"collection":[{"href":"https:\/\/www.teamplace.eu\/estt\/wp-json\/wp\/v2\/product"}],"about":[{"href":"https:\/\/www.teamplace.eu\/estt\/wp-json\/wp\/v2\/types\/product"}],"replies":[{"embeddable":true,"href":"https:\/\/www.teamplace.eu\/estt\/wp-json\/wp\/v2\/comments?post=752"}],"wp:featuredmedia":[{"embeddable":true,"href":"https:\/\/www.teamplace.eu\/estt\/wp-json\/wp\/v2\/media\/1927"}],"wp:attachment":[{"href":"https:\/\/www.teamplace.eu\/estt\/wp-json\/wp\/v2\/media?parent=752"}],"wp:term":[{"taxonomy":"product_brand","embeddable":true,"href":"https:\/\/www.teamplace.eu\/estt\/wp-json\/wp\/v2\/product_brand?post=752"},{"taxonomy":"product_cat","embeddable":true,"href":"https:\/\/www.teamplace.eu\/estt\/wp-json\/wp\/v2\/product_cat?post=752"},{"taxonomy":"product_tag","embeddable":true,"href":"https:\/\/www.teamplace.eu\/estt\/wp-json\/wp\/v2\/product_tag?post=752"}],"curies":[{"name":"wp","href":"https:\/\/api.w.org\/{rel}","templated":true}]}}