
{"id":722,"date":"2021-03-21T17:36:15","date_gmt":"2021-03-21T15:36:15","guid":{"rendered":"https:\/\/www.teamplace.eu\/estt\/?post_type=product&#038;p=722"},"modified":"2026-02-12T12:02:09","modified_gmt":"2026-02-12T10:02:09","slug":"eastpak-reader-m-laukku-estt","status":"publish","type":"product","link":"https:\/\/www.teamplace.eu\/estt\/product\/eastpak-reader-m-laukku-estt\/","title":{"rendered":"Eastpak Reader M treenilaukku (51,5L) EsTT"},"content":{"rendered":"<p>Reilun kokoinen Reader M-malli sopii loistavasti urheiluk\u00e4ytt\u00f6\u00f6n. Molemmissa p\u00e4\u00e4dyiss\u00e4 tilavat taskut, joista toinen toimii pyykki- \/kenk\u00e4pussina. Laukun etupuolella ja sis\u00e4ll\u00e4 pienet taskut irtotavaroille. Vetoketjullinen l\u00e4pp\u00e4 p\u00e4\u00e4ll\u00e4 on koko laukun kokoinen. S\u00e4\u00e4dett\u00e4v\u00e4 olkahihna on pehmustettu, samoin kantohihna. Kovitettu pohja. Materiaaali on vett\u00e4hylkiv\u00e4.<\/p>\n<p>EsTT logo painettu laukun p\u00e4\u00e4tyyn valkoisella.<\/p>\n<p>Tilavuus 51,5L<br \/>\nKoko: 27x63x29cm<\/p>\n<p>EASTPAK laukku kest\u00e4\u00e4 kovankin k\u00e4yt\u00f6n vuosien ajan. Laukulla on 30 vuoden materiaalitakuu. <\/p>\n","protected":false},"excerpt":{"rendered":"<p>Reilun kokoinen Reader M-malli sopii loistavasti urheiluk\u00e4ytt\u00f6\u00f6n. Molemmissa p\u00e4\u00e4dyiss\u00e4 tilavat taskut, joista toinen toimii pyykki- \/kenk\u00e4pussina. Laukun etupuolella ja sis\u00e4ll\u00e4 pienet taskut irtotavaroille. Vetoketjullinen l\u00e4pp\u00e4 p\u00e4\u00e4ll\u00e4 on koko laukun kokoinen. S\u00e4\u00e4dett\u00e4v\u00e4 olkahihna on pehmustettu, samoin kantohihna. Kovitettu pohja. Materiaaali on vett\u00e4hylkiv\u00e4.<\/p>\n<p>EsTT logo painettu laukun p\u00e4\u00e4tyyn valkoisella.<\/p>\n<p>Tilavuus 51,5L<br \/>\nKoko: 27x63x29cm<\/p>\n<p>EASTPAK laukku kest\u00e4\u00e4 kovankin k\u00e4yt\u00f6n vuosien ajan. Laukulla on 30 vuoden materiaalitakuu. <\/p>\n","protected":false},"featured_media":1356,"comment_status":"open","ping_status":"closed","template":"","meta":[],"product_brand":[],"product_cat":[69,15],"product_tag":[],"class_list":{"0":"post-722","1":"product","2":"type-product","3":"status-publish","4":"has-post-thumbnail","6":"product_cat-estt-tuotteet","7":"product_cat-uncategorized","9":"first","10":"instock","11":"taxable","12":"shipping-taxable","13":"purchasable","14":"product-type-simple"},"exclude_global_add_ons":false,"addons":[{"name":"Voit halutessasi lis\u00e4t\u00e4 nimen laukkuun","type":"custom_text","position":0,"required":false,"title_format":"heading","default":"","description_enable":true,"description":"Etunimi painetaan logon alle valkoisella. Kirjoita nimi alla olevaan kentt\u00e4\u00e4n:","placeholder_enable":false,"placeholder":"","display":"select","restrictions_type":"only_letters_numbers","adjust_price":true,"price":"5","price_type":"flat_fee","restrictions":true,"min":"0","max":"12","options":[],"id":1770818952}],"featured_image_urls_v2":{"full":["https:\/\/www.teamplace.eu\/estt\/wp-content\/uploads\/sites\/9\/2021\/03\/Reader-S-estt-1.png",1064,1064,false],"thumbnail":["https:\/\/www.teamplace.eu\/estt\/wp-content\/uploads\/sites\/9\/2021\/03\/Reader-S-estt-1-150x150.png",150,150,true],"medium":["https:\/\/www.teamplace.eu\/estt\/wp-content\/uploads\/sites\/9\/2021\/03\/Reader-S-estt-1-300x300.png",300,300,true],"medium_large":["https:\/\/www.teamplace.eu\/estt\/wp-content\/uploads\/sites\/9\/2021\/03\/Reader-S-estt-1-768x768.png",580,580,true],"large":["https:\/\/www.teamplace.eu\/estt\/wp-content\/uploads\/sites\/9\/2021\/03\/Reader-S-estt-1-1024x1024.png",580,580,true],"1536x1536":["https:\/\/www.teamplace.eu\/estt\/wp-content\/uploads\/sites\/9\/2021\/03\/Reader-S-estt-1.png",1064,1064,false],"2048x2048":["https:\/\/www.teamplace.eu\/estt\/wp-content\/uploads\/sites\/9\/2021\/03\/Reader-S-estt-1.png",1064,1064,false],"post-thumbnail":["https:\/\/www.teamplace.eu\/estt\/wp-content\/uploads\/sites\/9\/2021\/03\/Reader-S-estt-1.png",1064,1064,false],"twentytwenty-fullscreen":["https:\/\/www.teamplace.eu\/estt\/wp-content\/uploads\/sites\/9\/2021\/03\/Reader-S-estt-1.png",1064,1064,false],"woocommerce_thumbnail":["https:\/\/www.teamplace.eu\/estt\/wp-content\/uploads\/sites\/9\/2021\/03\/Reader-S-estt-1-450x450.png",450,450,true],"woocommerce_single":["https:\/\/www.teamplace.eu\/estt\/wp-content\/uploads\/sites\/9\/2021\/03\/Reader-S-estt-1-600x600.png",600,600,true],"woocommerce_gallery_thumbnail":["https:\/\/www.teamplace.eu\/estt\/wp-content\/uploads\/sites\/9\/2021\/03\/Reader-S-estt-1-100x100.png",100,100,true]},"post_excerpt_stackable_v2":"<p>Reilun kokoinen Reader M-malli sopii loistavasti urheiluk\u00e4ytt\u00f6\u00f6n. Molemmissa p\u00e4\u00e4dyiss\u00e4 tilavat taskut, joista toinen toimii pyykki- \/kenk\u00e4pussina. Laukun etupuolella ja sis\u00e4ll\u00e4 pienet taskut irtotavaroille. Vetoketjullinen l\u00e4pp\u00e4 p\u00e4\u00e4ll\u00e4 on koko laukun kokoinen. S\u00e4\u00e4dett\u00e4v\u00e4 olkahihna on pehmustettu, samoin kantohihna. Kovitettu pohja. Materiaaali on vett\u00e4hylkiv\u00e4.<\/p>\n<p>EsTT logo painettu laukun p\u00e4\u00e4tyyn valkoisella.<\/p>\n<p>Tilavuus 51,5L<br \/>\nKoko: 27x63x29cm<\/p>\n<p>EASTPAK laukku kest\u00e4\u00e4 kovankin k\u00e4yt\u00f6n vuosien ajan. Laukulla on 30 vuoden materiaalitakuu. <\/p>\n","category_list_v2":"","author_info_v2":{"name":"","url":""},"comments_num_v2":"0 comments","_links":{"self":[{"href":"https:\/\/www.teamplace.eu\/estt\/wp-json\/wp\/v2\/product\/722","targetHints":{"allow":["GET"]}}],"collection":[{"href":"https:\/\/www.teamplace.eu\/estt\/wp-json\/wp\/v2\/product"}],"about":[{"href":"https:\/\/www.teamplace.eu\/estt\/wp-json\/wp\/v2\/types\/product"}],"replies":[{"embeddable":true,"href":"https:\/\/www.teamplace.eu\/estt\/wp-json\/wp\/v2\/comments?post=722"}],"wp:featuredmedia":[{"embeddable":true,"href":"https:\/\/www.teamplace.eu\/estt\/wp-json\/wp\/v2\/media\/1356"}],"wp:attachment":[{"href":"https:\/\/www.teamplace.eu\/estt\/wp-json\/wp\/v2\/media?parent=722"}],"wp:term":[{"taxonomy":"product_brand","embeddable":true,"href":"https:\/\/www.teamplace.eu\/estt\/wp-json\/wp\/v2\/product_brand?post=722"},{"taxonomy":"product_cat","embeddable":true,"href":"https:\/\/www.teamplace.eu\/estt\/wp-json\/wp\/v2\/product_cat?post=722"},{"taxonomy":"product_tag","embeddable":true,"href":"https:\/\/www.teamplace.eu\/estt\/wp-json\/wp\/v2\/product_tag?post=722"}],"curies":[{"name":"wp","href":"https:\/\/api.w.org\/{rel}","templated":true}]}}