
{"id":72,"date":"2021-01-26T23:51:29","date_gmt":"2021-01-26T21:51:29","guid":{"rendered":"https:\/\/www.teamplace.eu\/estt\/tuote\/spirit-2-3-leggings-hto\/"},"modified":"2026-02-12T12:03:51","modified_gmt":"2026-02-12T10:03:51","slug":"spirit-2-3-leggings-estt","status":"publish","type":"product","link":"https:\/\/www.teamplace.eu\/estt\/product\/spirit-2-3-leggings-estt\/","title":{"rendered":"Spirit 2\/3 leggings EsTT"},"content":{"rendered":"<p>K\u00e4yt\u00e4nn\u00f6lliset 2\/3 pituiset leggingsit voimistelijoille ja tanssijoille. Lahje p\u00e4\u00e4ttyy s\u00e4\u00e4ren yl\u00e4osaan. Vartalonmy\u00f6t\u00e4inen istuvuus. Korkealaatuinen joustava materiaali on hengitt\u00e4v\u00e4 ja haihduttaa kosteuden nopeasti. Vy\u00f6t\u00e4r\u00f6ll\u00e4 3,5cm leve\u00e4 napakka kuminauha.<\/p>\n<p>Valkoinen EsTT painatus housun oikeassa reidess\u00e4.<\/p>\n<p>Materiaali: 80% polyamidi, 20% elastaani<\/p>\n<p>Koot: 120, 130, 140, 150, XS, S, M, L, XL<\/p>\n","protected":false},"excerpt":{"rendered":"<p>K\u00e4yt\u00e4nn\u00f6lliset 2\/3 pituiset leggingsit voimistelijoille ja tanssijoille. Lahje p\u00e4\u00e4ttyy s\u00e4\u00e4ren yl\u00e4osaan. Vartalonmy\u00f6t\u00e4inen istuvuus. Korkealaatuinen joustava materiaali on hengitt\u00e4v\u00e4 ja haihduttaa kosteuden nopeasti. Vy\u00f6t\u00e4r\u00f6ll\u00e4 3,5cm leve\u00e4 napakka kuminauha.<\/p>\n<p>Valkoinen EsTT painatus housun oikeassa reidess\u00e4.<\/p>\n<p>Materiaali: 80% polyamidi, 20% elastaani<\/p>\n<p>Koot: 120, 130, 140, 150, XS, S, M, L, XL<\/p>\n","protected":false},"featured_media":1037,"comment_status":"closed","ping_status":"closed","template":"","meta":[],"product_brand":[],"product_cat":[69,15],"product_tag":[],"class_list":{"0":"post-72","1":"product","2":"type-product","3":"status-publish","4":"has-post-thumbnail","6":"product_cat-estt-tuotteet","7":"product_cat-uncategorized","9":"first","10":"instock","11":"taxable","12":"shipping-taxable","13":"purchasable","14":"product-type-variable"},"exclude_global_add_ons":[],"addons":[],"featured_image_urls_v2":{"full":["https:\/\/www.teamplace.eu\/estt\/wp-content\/uploads\/sites\/9\/2021\/01\/Spirit-estt.png",1025,999,false],"thumbnail":["https:\/\/www.teamplace.eu\/estt\/wp-content\/uploads\/sites\/9\/2021\/01\/Spirit-estt-150x150.png",150,150,true],"medium":["https:\/\/www.teamplace.eu\/estt\/wp-content\/uploads\/sites\/9\/2021\/01\/Spirit-estt-300x292.png",300,292,true],"medium_large":["https:\/\/www.teamplace.eu\/estt\/wp-content\/uploads\/sites\/9\/2021\/01\/Spirit-estt-768x749.png",580,566,true],"large":["https:\/\/www.teamplace.eu\/estt\/wp-content\/uploads\/sites\/9\/2021\/01\/Spirit-estt.png",580,565,false],"1536x1536":["https:\/\/www.teamplace.eu\/estt\/wp-content\/uploads\/sites\/9\/2021\/01\/Spirit-estt.png",1025,999,false],"2048x2048":["https:\/\/www.teamplace.eu\/estt\/wp-content\/uploads\/sites\/9\/2021\/01\/Spirit-estt.png",1025,999,false],"post-thumbnail":["https:\/\/www.teamplace.eu\/estt\/wp-content\/uploads\/sites\/9\/2021\/01\/Spirit-estt.png",1025,999,false],"twentytwenty-fullscreen":["https:\/\/www.teamplace.eu\/estt\/wp-content\/uploads\/sites\/9\/2021\/01\/Spirit-estt.png",1025,999,false],"woocommerce_thumbnail":["https:\/\/www.teamplace.eu\/estt\/wp-content\/uploads\/sites\/9\/2021\/01\/Spirit-estt-450x450.png",450,450,true],"woocommerce_single":["https:\/\/www.teamplace.eu\/estt\/wp-content\/uploads\/sites\/9\/2021\/01\/Spirit-estt-600x585.png",600,585,true],"woocommerce_gallery_thumbnail":["https:\/\/www.teamplace.eu\/estt\/wp-content\/uploads\/sites\/9\/2021\/01\/Spirit-estt-100x100.png",100,100,true]},"post_excerpt_stackable_v2":"<p>K\u00e4yt\u00e4nn\u00f6lliset 2\/3 pituiset leggingsit voimistelijoille ja tanssijoille. Lahje p\u00e4\u00e4ttyy s\u00e4\u00e4ren yl\u00e4osaan. Vartalonmy\u00f6t\u00e4inen istuvuus. Korkealaatuinen joustava materiaali on hengitt\u00e4v\u00e4 ja haihduttaa kosteuden nopeasti. Vy\u00f6t\u00e4r\u00f6ll\u00e4 3,5cm leve\u00e4 napakka kuminauha.<\/p>\n<p>Valkoinen EsTT painatus housun oikeassa reidess\u00e4.<\/p>\n<p>Materiaali: 80% polyamidi, 20% elastaani<\/p>\n<p>Koot: 120, 130, 140, 150, XS, S, M, L, XL<\/p>\n","category_list_v2":"","author_info_v2":{"name":"","url":""},"comments_num_v2":"0 comments","_links":{"self":[{"href":"https:\/\/www.teamplace.eu\/estt\/wp-json\/wp\/v2\/product\/72","targetHints":{"allow":["GET"]}}],"collection":[{"href":"https:\/\/www.teamplace.eu\/estt\/wp-json\/wp\/v2\/product"}],"about":[{"href":"https:\/\/www.teamplace.eu\/estt\/wp-json\/wp\/v2\/types\/product"}],"replies":[{"embeddable":true,"href":"https:\/\/www.teamplace.eu\/estt\/wp-json\/wp\/v2\/comments?post=72"}],"wp:featuredmedia":[{"embeddable":true,"href":"https:\/\/www.teamplace.eu\/estt\/wp-json\/wp\/v2\/media\/1037"}],"wp:attachment":[{"href":"https:\/\/www.teamplace.eu\/estt\/wp-json\/wp\/v2\/media?parent=72"}],"wp:term":[{"taxonomy":"product_brand","embeddable":true,"href":"https:\/\/www.teamplace.eu\/estt\/wp-json\/wp\/v2\/product_brand?post=72"},{"taxonomy":"product_cat","embeddable":true,"href":"https:\/\/www.teamplace.eu\/estt\/wp-json\/wp\/v2\/product_cat?post=72"},{"taxonomy":"product_tag","embeddable":true,"href":"https:\/\/www.teamplace.eu\/estt\/wp-json\/wp\/v2\/product_tag?post=72"}],"curies":[{"name":"wp","href":"https:\/\/api.w.org\/{rel}","templated":true}]}}