
{"id":701,"date":"2021-03-21T17:11:37","date_gmt":"2021-03-21T15:11:37","guid":{"rendered":"https:\/\/www.teamplace.eu\/estt\/?post_type=product&#038;p=701"},"modified":"2026-02-12T12:02:32","modified_gmt":"2026-02-12T10:02:32","slug":"collegehousut-estt","status":"publish","type":"product","link":"https:\/\/www.teamplace.eu\/estt\/product\/collegehousut-estt\/","title":{"rendered":"Collegehousut EsTT \/eri v\u00e4rej\u00e4"},"content":{"rendered":"<p>Vapaa-ajan collegehousut, joiden mitoitus sopii sek\u00e4 miehille ett\u00e4 naisille. Kiristysnauha vy\u00f6t\u00e4r\u00f6ll\u00e4 ja kuminauhakiristys lahkeensuissa.<\/p>\n<p>EsTT Gymnastics logo painettu oikeaan reiteen valkoisella.<\/p>\n<p>MATERIAALI: 50% puuvilla, 50% polyesteri<\/p>\n<p>KOOT:<br \/>\nLasten: M (7\/8v), L (9\/11v), XL (12\/14v)<br \/>\nAikuisten: XS, S, M, L, XL, XXL<\/p>\n","protected":false},"excerpt":{"rendered":"<p>Vapaa-ajan collegehousut, joiden mitoitus sopii sek\u00e4 miehille ett\u00e4 naisille. Kiristysnauha vy\u00f6t\u00e4r\u00f6ll\u00e4 ja kuminauhakiristys lahkeensuissa.<\/p>\n<p>EsTT Gymnastics logo painettu oikeaan reiteen valkoisella.<\/p>\n<p>MATERIAALI: 50% puuvilla, 50% polyesteri<\/p>\n<p>KOOT:<br \/>\nLasten: M (7\/8v), L (9\/11v), XL (12\/14v)<br \/>\nAikuisten: XS, S, M, L, XL, XXL<\/p>\n","protected":false},"featured_media":1972,"comment_status":"open","ping_status":"closed","template":"","meta":[],"product_brand":[],"product_cat":[69,15],"product_tag":[],"class_list":{"0":"post-701","1":"product","2":"type-product","3":"status-publish","4":"has-post-thumbnail","6":"product_cat-estt-tuotteet","7":"product_cat-uncategorized","9":"first","10":"instock","11":"taxable","12":"shipping-taxable","13":"purchasable","14":"product-type-variable"},"exclude_global_add_ons":false,"addons":[{"name":"Valitse housujen v\u00e4ri:","type":"multiple_choice","position":0,"required":true,"title_format":"label","default":"","description_enable":false,"description":"","placeholder_enable":false,"placeholder":"","display":"images","restrictions_type":"any_text","adjust_price":false,"price":"","price_type":"flat_fee","restrictions":false,"min":"0","max":"0","options":[{"label":"Musta","price":"","price_type":"flat_fee","image":1971,"visibility":true},{"label":"Meleerattu harmaa","price":"","price_type":"flat_fee","image":1970,"visibility":true},{"label":"Tummansininen","price":"","price_type":"flat_fee","image":1972,"visibility":true}],"id":1770811950}],"featured_image_urls_v2":{"full":["https:\/\/www.teamplace.eu\/estt\/wp-content\/uploads\/sites\/9\/2021\/03\/Collegehousut-navy-etu-estt.png",1064,1064,false],"thumbnail":["https:\/\/www.teamplace.eu\/estt\/wp-content\/uploads\/sites\/9\/2021\/03\/Collegehousut-navy-etu-estt-150x150.png",150,150,true],"medium":["https:\/\/www.teamplace.eu\/estt\/wp-content\/uploads\/sites\/9\/2021\/03\/Collegehousut-navy-etu-estt-300x300.png",300,300,true],"medium_large":["https:\/\/www.teamplace.eu\/estt\/wp-content\/uploads\/sites\/9\/2021\/03\/Collegehousut-navy-etu-estt-768x768.png",580,580,true],"large":["https:\/\/www.teamplace.eu\/estt\/wp-content\/uploads\/sites\/9\/2021\/03\/Collegehousut-navy-etu-estt-1024x1024.png",580,580,true],"1536x1536":["https:\/\/www.teamplace.eu\/estt\/wp-content\/uploads\/sites\/9\/2021\/03\/Collegehousut-navy-etu-estt.png",1064,1064,false],"2048x2048":["https:\/\/www.teamplace.eu\/estt\/wp-content\/uploads\/sites\/9\/2021\/03\/Collegehousut-navy-etu-estt.png",1064,1064,false],"post-thumbnail":["https:\/\/www.teamplace.eu\/estt\/wp-content\/uploads\/sites\/9\/2021\/03\/Collegehousut-navy-etu-estt.png",1064,1064,false],"twentytwenty-fullscreen":["https:\/\/www.teamplace.eu\/estt\/wp-content\/uploads\/sites\/9\/2021\/03\/Collegehousut-navy-etu-estt.png",1064,1064,false],"woocommerce_thumbnail":["https:\/\/www.teamplace.eu\/estt\/wp-content\/uploads\/sites\/9\/2021\/03\/Collegehousut-navy-etu-estt-450x450.png",450,450,true],"woocommerce_single":["https:\/\/www.teamplace.eu\/estt\/wp-content\/uploads\/sites\/9\/2021\/03\/Collegehousut-navy-etu-estt-600x600.png",600,600,true],"woocommerce_gallery_thumbnail":["https:\/\/www.teamplace.eu\/estt\/wp-content\/uploads\/sites\/9\/2021\/03\/Collegehousut-navy-etu-estt-100x100.png",100,100,true]},"post_excerpt_stackable_v2":"<p>Vapaa-ajan collegehousut, joiden mitoitus sopii sek\u00e4 miehille ett\u00e4 naisille. Kiristysnauha vy\u00f6t\u00e4r\u00f6ll\u00e4 ja kuminauhakiristys lahkeensuissa.<\/p>\n<p>EsTT Gymnastics logo painettu oikeaan reiteen valkoisella.<\/p>\n<p>MATERIAALI: 50% puuvilla, 50% polyesteri<\/p>\n<p>KOOT:<br \/>\nLasten: M (7\/8v), L (9\/11v), XL (12\/14v)<br \/>\nAikuisten: XS, S, M, L, XL, XXL<\/p>\n","category_list_v2":"","author_info_v2":{"name":"","url":""},"comments_num_v2":"0 comments","_links":{"self":[{"href":"https:\/\/www.teamplace.eu\/estt\/wp-json\/wp\/v2\/product\/701","targetHints":{"allow":["GET"]}}],"collection":[{"href":"https:\/\/www.teamplace.eu\/estt\/wp-json\/wp\/v2\/product"}],"about":[{"href":"https:\/\/www.teamplace.eu\/estt\/wp-json\/wp\/v2\/types\/product"}],"replies":[{"embeddable":true,"href":"https:\/\/www.teamplace.eu\/estt\/wp-json\/wp\/v2\/comments?post=701"}],"wp:featuredmedia":[{"embeddable":true,"href":"https:\/\/www.teamplace.eu\/estt\/wp-json\/wp\/v2\/media\/1972"}],"wp:attachment":[{"href":"https:\/\/www.teamplace.eu\/estt\/wp-json\/wp\/v2\/media?parent=701"}],"wp:term":[{"taxonomy":"product_brand","embeddable":true,"href":"https:\/\/www.teamplace.eu\/estt\/wp-json\/wp\/v2\/product_brand?post=701"},{"taxonomy":"product_cat","embeddable":true,"href":"https:\/\/www.teamplace.eu\/estt\/wp-json\/wp\/v2\/product_cat?post=701"},{"taxonomy":"product_tag","embeddable":true,"href":"https:\/\/www.teamplace.eu\/estt\/wp-json\/wp\/v2\/product_tag?post=701"}],"curies":[{"name":"wp","href":"https:\/\/api.w.org\/{rel}","templated":true}]}}