
{"id":638,"date":"2021-03-21T11:15:35","date_gmt":"2021-03-21T09:15:35","guid":{"rendered":"https:\/\/www.teamplace.eu\/estt\/?post_type=product&#038;p=638"},"modified":"2026-02-12T12:02:43","modified_gmt":"2026-02-12T10:02:43","slug":"craft-tekninen-treenipaita-estt","status":"publish","type":"product","link":"https:\/\/www.teamplace.eu\/estt\/product\/craft-tekninen-treenipaita-estt\/","title":{"rendered":"Craft miesten tekninen treenipaita EsTT \/eri v\u00e4rej\u00e4"},"content":{"rendered":"<p>Yksiv\u00e4rinen tekninen t-paita. Valmistettu pehme\u00e4st\u00e4, kevyest\u00e4 ja nopeasti kuivuvasta kankaasta, joka siirt\u00e4\u00e4 kosteutta tehokkaasti ja tuntuu erityisen mukavalta.<\/p>\n<p>EsTT Gymnastics logo painettu selk\u00e4\u00e4n.<\/p>\n<p>MATERIAALI: 100% polyester<\/p>\n<p>V\u00c4RIT: musta, valkoinen, tummansininen ja kirkkaansininen<\/p>\n<p>Poikien koot: 122\/128cm, 134\/140cm, 146\/152cm, 158\/164cm<br \/>\nMiesten koot: XS, S, M, L, XL, XXL<\/p>\n<p>Valmistaja: CRAFT<\/p>\n","protected":false},"excerpt":{"rendered":"<p>Yksiv\u00e4rinen tekninen t-paita. Valmistettu pehme\u00e4st\u00e4, kevyest\u00e4 ja nopeasti kuivuvasta kankaasta, joka siirt\u00e4\u00e4 kosteutta tehokkaasti ja tuntuu erityisen mukavalta.<\/p>\n<p>EsTT Gymnastics logo painettu selk\u00e4\u00e4n.<\/p>\n<p>MATERIAALI: 100% polyester<\/p>\n<p>V\u00c4RIT: musta, valkoinen, tummansininen ja kirkkaansininen<\/p>\n<p>Poikien koot: 122\/128cm, 134\/140cm, 146\/152cm, 158\/164cm<br \/>\nMiesten koot: XS, S, M, L, XL, XXL<\/p>\n<p>Valmistaja: CRAFT<\/p>\n","protected":false},"featured_media":1929,"comment_status":"open","ping_status":"closed","template":"","meta":[],"product_brand":[],"product_cat":[69,43,42],"product_tag":[],"class_list":{"0":"post-638","1":"product","2":"type-product","3":"status-publish","4":"has-post-thumbnail","6":"product_cat-estt-tuotteet","7":"product_cat-harrastajat","8":"product_cat-miehet","10":"first","11":"instock","12":"taxable","13":"shipping-taxable","14":"purchasable","15":"product-type-variable"},"exclude_global_add_ons":false,"addons":[{"name":"Valitse paidan v\u00e4ri:","type":"multiple_choice","position":1,"required":true,"title_format":"label","default":"","description_enable":false,"description":"","placeholder_enable":false,"placeholder":"","display":"images","restrictions_type":"any_text","adjust_price":false,"price":"","price_type":"flat_fee","restrictions":false,"min":"0","max":"0","options":[{"label":"Valkoinen","price":"","price_type":"flat_fee","image":1935,"visibility":true},{"label":"Musta","price":"","price_type":"flat_fee","image":1929,"visibility":true},{"label":"Kirkkaansininen","price":"","price_type":"flat_fee","image":1933,"visibility":true},{"label":"Tummansininen","price":"","price_type":"flat_fee","image":1931,"visibility":true}],"id":1677591288}],"featured_image_urls_v2":{"full":["https:\/\/www.teamplace.eu\/estt\/wp-content\/uploads\/sites\/9\/2021\/03\/Craft-miesten-treenipaita-musta-taka-estt.png",1064,1064,false],"thumbnail":["https:\/\/www.teamplace.eu\/estt\/wp-content\/uploads\/sites\/9\/2021\/03\/Craft-miesten-treenipaita-musta-taka-estt-150x150.png",150,150,true],"medium":["https:\/\/www.teamplace.eu\/estt\/wp-content\/uploads\/sites\/9\/2021\/03\/Craft-miesten-treenipaita-musta-taka-estt-300x300.png",300,300,true],"medium_large":["https:\/\/www.teamplace.eu\/estt\/wp-content\/uploads\/sites\/9\/2021\/03\/Craft-miesten-treenipaita-musta-taka-estt-768x768.png",580,580,true],"large":["https:\/\/www.teamplace.eu\/estt\/wp-content\/uploads\/sites\/9\/2021\/03\/Craft-miesten-treenipaita-musta-taka-estt-1024x1024.png",580,580,true],"1536x1536":["https:\/\/www.teamplace.eu\/estt\/wp-content\/uploads\/sites\/9\/2021\/03\/Craft-miesten-treenipaita-musta-taka-estt.png",1064,1064,false],"2048x2048":["https:\/\/www.teamplace.eu\/estt\/wp-content\/uploads\/sites\/9\/2021\/03\/Craft-miesten-treenipaita-musta-taka-estt.png",1064,1064,false],"post-thumbnail":["https:\/\/www.teamplace.eu\/estt\/wp-content\/uploads\/sites\/9\/2021\/03\/Craft-miesten-treenipaita-musta-taka-estt.png",1064,1064,false],"twentytwenty-fullscreen":["https:\/\/www.teamplace.eu\/estt\/wp-content\/uploads\/sites\/9\/2021\/03\/Craft-miesten-treenipaita-musta-taka-estt.png",1064,1064,false],"woocommerce_thumbnail":["https:\/\/www.teamplace.eu\/estt\/wp-content\/uploads\/sites\/9\/2021\/03\/Craft-miesten-treenipaita-musta-taka-estt-450x450.png",450,450,true],"woocommerce_single":["https:\/\/www.teamplace.eu\/estt\/wp-content\/uploads\/sites\/9\/2021\/03\/Craft-miesten-treenipaita-musta-taka-estt-600x600.png",600,600,true],"woocommerce_gallery_thumbnail":["https:\/\/www.teamplace.eu\/estt\/wp-content\/uploads\/sites\/9\/2021\/03\/Craft-miesten-treenipaita-musta-taka-estt-100x100.png",100,100,true]},"post_excerpt_stackable_v2":"<p>Yksiv\u00e4rinen tekninen t-paita. Valmistettu pehme\u00e4st\u00e4, kevyest\u00e4 ja nopeasti kuivuvasta kankaasta, joka siirt\u00e4\u00e4 kosteutta tehokkaasti ja tuntuu erityisen mukavalta.<\/p>\n<p>EsTT Gymnastics logo painettu selk\u00e4\u00e4n.<\/p>\n<p>MATERIAALI: 100% polyester<\/p>\n<p>V\u00c4RIT: musta, valkoinen, tummansininen ja kirkkaansininen<\/p>\n<p>Poikien koot: 122\/128cm, 134\/140cm, 146\/152cm, 158\/164cm<br \/>\nMiesten koot: XS, S, M, L, XL, XXL<\/p>\n<p>Valmistaja: CRAFT<\/p>\n","category_list_v2":"","author_info_v2":{"name":"","url":""},"comments_num_v2":"0 comments","_links":{"self":[{"href":"https:\/\/www.teamplace.eu\/estt\/wp-json\/wp\/v2\/product\/638","targetHints":{"allow":["GET"]}}],"collection":[{"href":"https:\/\/www.teamplace.eu\/estt\/wp-json\/wp\/v2\/product"}],"about":[{"href":"https:\/\/www.teamplace.eu\/estt\/wp-json\/wp\/v2\/types\/product"}],"replies":[{"embeddable":true,"href":"https:\/\/www.teamplace.eu\/estt\/wp-json\/wp\/v2\/comments?post=638"}],"wp:featuredmedia":[{"embeddable":true,"href":"https:\/\/www.teamplace.eu\/estt\/wp-json\/wp\/v2\/media\/1929"}],"wp:attachment":[{"href":"https:\/\/www.teamplace.eu\/estt\/wp-json\/wp\/v2\/media?parent=638"}],"wp:term":[{"taxonomy":"product_brand","embeddable":true,"href":"https:\/\/www.teamplace.eu\/estt\/wp-json\/wp\/v2\/product_brand?post=638"},{"taxonomy":"product_cat","embeddable":true,"href":"https:\/\/www.teamplace.eu\/estt\/wp-json\/wp\/v2\/product_cat?post=638"},{"taxonomy":"product_tag","embeddable":true,"href":"https:\/\/www.teamplace.eu\/estt\/wp-json\/wp\/v2\/product_tag?post=638"}],"curies":[{"name":"wp","href":"https:\/\/api.w.org\/{rel}","templated":true}]}}