
{"id":2004,"date":"2026-02-13T15:46:37","date_gmt":"2026-02-13T13:46:37","guid":{"rendered":"https:\/\/www.teamplace.eu\/estt\/?post_type=product&#038;p=2004"},"modified":"2026-02-13T15:46:37","modified_gmt":"2026-02-13T13:46:37","slug":"aloittelijan-paketti-estt-tytot","status":"publish","type":"product","link":"https:\/\/www.teamplace.eu\/estt\/product\/aloittelijan-paketti-estt-tytot\/","title":{"rendered":"Aloittelijan paketti EsTT \/tyt\u00f6t"},"content":{"rendered":"<p>Aloittelijan paketti sis\u00e4lt\u00e4\u00e4 tarvittavat tuotteet nuorelle voimistelijalle harrastuksen aloittamiseen. Tuotteisiin on painettu EsTT Gymnastics painatukset.<\/p>\n<p>Paketti sis\u00e4lt\u00e4\u00e4:<br \/>\nMinishortsit<br \/>\nT-paita<br \/>\nJumppapussi<\/p>\n<p>Voit valita erikseen minishortsien ja paidan koon. Minishortsit ovat vartalonmy\u00f6t\u00e4iset, tekninen t-paita on malliltaan v\u00e4lj\u00e4.<\/p>\n","protected":false},"excerpt":{"rendered":"<p>Aloittelijan paketti sis\u00e4lt\u00e4\u00e4 tarvittavat tuotteet nuorelle voimistelijalle harrastuksen aloittamiseen. Tuotteisiin on painettu EsTT Gymnastics painatukset.<\/p>\n<p>Paketti sis\u00e4lt\u00e4\u00e4:<br \/>\nMinishortsit<br \/>\nT-paita<br \/>\nJumppapussi<\/p>\n<p>Voit valita erikseen minishortsien ja paidan koon. Minishortsit ovat vartalonmy\u00f6t\u00e4iset, tekninen t-paita on malliltaan v\u00e4lj\u00e4.<\/p>\n","protected":false},"featured_media":2006,"comment_status":"open","ping_status":"closed","template":"","meta":[],"product_brand":[],"product_cat":[43],"product_tag":[],"class_list":{"0":"post-2004","1":"product","2":"type-product","3":"status-publish","4":"has-post-thumbnail","6":"product_cat-harrastajat","8":"first","9":"instock","10":"taxable","11":"shipping-taxable","12":"purchasable","13":"product-type-simple"},"exclude_global_add_ons":false,"addons":[{"name":"Valitse minishortsien koko:","type":"multiple_choice","position":0,"required":true,"title_format":"label","default":"","description_enable":false,"description":"","placeholder_enable":false,"placeholder":"","display":"select","restrictions_type":"any_text","adjust_price":false,"price":"","price_type":"flat_fee","restrictions":false,"min":"0","max":"0","options":[{"label":"110cm","price":"","price_type":"flat_fee","image":0,"visibility":true},{"label":"120cm","price":"","price_type":"flat_fee","image":0,"visibility":true},{"label":"130cm","price":"","price_type":"flat_fee","image":0,"visibility":true},{"label":"140cm","price":"","price_type":"flat_fee","image":0,"visibility":true},{"label":"150cm","price":"","price_type":"flat_fee","image":0,"visibility":true}],"id":1770997598},{"name":"Valitse t-paidan koko (malli on v\u00e4lj\u00e4)","type":"multiple_choice","position":1,"required":true,"title_format":"label","default":"","description_enable":false,"description":"","placeholder_enable":false,"placeholder":"","display":"select","restrictions_type":"any_text","adjust_price":false,"price":"","price_type":"flat_fee","restrictions":false,"min":"0","max":"0","options":[{"label":"110-120cm","price":"","price_type":"flat_fee","image":0,"visibility":true},{"label":"130-140cm","price":"","price_type":"flat_fee","image":0,"visibility":true},{"label":"150-160cm","price":"","price_type":"flat_fee","image":0,"visibility":true}],"id":1770997599}],"featured_image_urls_v2":{"full":["https:\/\/www.teamplace.eu\/estt\/wp-content\/uploads\/sites\/9\/2026\/02\/Aloittelijan-paketti-tytot.png",1064,1064,false],"thumbnail":["https:\/\/www.teamplace.eu\/estt\/wp-content\/uploads\/sites\/9\/2026\/02\/Aloittelijan-paketti-tytot-150x150.png",150,150,true],"medium":["https:\/\/www.teamplace.eu\/estt\/wp-content\/uploads\/sites\/9\/2026\/02\/Aloittelijan-paketti-tytot-300x300.png",300,300,true],"medium_large":["https:\/\/www.teamplace.eu\/estt\/wp-content\/uploads\/sites\/9\/2026\/02\/Aloittelijan-paketti-tytot-768x768.png",580,580,true],"large":["https:\/\/www.teamplace.eu\/estt\/wp-content\/uploads\/sites\/9\/2026\/02\/Aloittelijan-paketti-tytot-1024x1024.png",580,580,true],"1536x1536":["https:\/\/www.teamplace.eu\/estt\/wp-content\/uploads\/sites\/9\/2026\/02\/Aloittelijan-paketti-tytot.png",1064,1064,false],"2048x2048":["https:\/\/www.teamplace.eu\/estt\/wp-content\/uploads\/sites\/9\/2026\/02\/Aloittelijan-paketti-tytot.png",1064,1064,false],"post-thumbnail":["https:\/\/www.teamplace.eu\/estt\/wp-content\/uploads\/sites\/9\/2026\/02\/Aloittelijan-paketti-tytot.png",1064,1064,false],"twentytwenty-fullscreen":["https:\/\/www.teamplace.eu\/estt\/wp-content\/uploads\/sites\/9\/2026\/02\/Aloittelijan-paketti-tytot.png",1064,1064,false],"woocommerce_thumbnail":["https:\/\/www.teamplace.eu\/estt\/wp-content\/uploads\/sites\/9\/2026\/02\/Aloittelijan-paketti-tytot-450x450.png",450,450,true],"woocommerce_single":["https:\/\/www.teamplace.eu\/estt\/wp-content\/uploads\/sites\/9\/2026\/02\/Aloittelijan-paketti-tytot-600x600.png",600,600,true],"woocommerce_gallery_thumbnail":["https:\/\/www.teamplace.eu\/estt\/wp-content\/uploads\/sites\/9\/2026\/02\/Aloittelijan-paketti-tytot-100x100.png",100,100,true]},"post_excerpt_stackable_v2":"<p>Aloittelijan paketti sis\u00e4lt\u00e4\u00e4 tarvittavat tuotteet nuorelle voimistelijalle harrastuksen aloittamiseen. Tuotteisiin on painettu EsTT Gymnastics painatukset.<\/p>\n<p>Paketti sis\u00e4lt\u00e4\u00e4:<br \/>\nMinishortsit<br \/>\nT-paita<br \/>\nJumppapussi<\/p>\n<p>Voit valita erikseen minishortsien ja paidan koon. Minishortsit ovat vartalonmy\u00f6t\u00e4iset, tekninen t-paita on malliltaan v\u00e4lj\u00e4.<\/p>\n","category_list_v2":"","author_info_v2":{"name":"","url":""},"comments_num_v2":"0 comments","_links":{"self":[{"href":"https:\/\/www.teamplace.eu\/estt\/wp-json\/wp\/v2\/product\/2004","targetHints":{"allow":["GET"]}}],"collection":[{"href":"https:\/\/www.teamplace.eu\/estt\/wp-json\/wp\/v2\/product"}],"about":[{"href":"https:\/\/www.teamplace.eu\/estt\/wp-json\/wp\/v2\/types\/product"}],"replies":[{"embeddable":true,"href":"https:\/\/www.teamplace.eu\/estt\/wp-json\/wp\/v2\/comments?post=2004"}],"wp:featuredmedia":[{"embeddable":true,"href":"https:\/\/www.teamplace.eu\/estt\/wp-json\/wp\/v2\/media\/2006"}],"wp:attachment":[{"href":"https:\/\/www.teamplace.eu\/estt\/wp-json\/wp\/v2\/media?parent=2004"}],"wp:term":[{"taxonomy":"product_brand","embeddable":true,"href":"https:\/\/www.teamplace.eu\/estt\/wp-json\/wp\/v2\/product_brand?post=2004"},{"taxonomy":"product_cat","embeddable":true,"href":"https:\/\/www.teamplace.eu\/estt\/wp-json\/wp\/v2\/product_cat?post=2004"},{"taxonomy":"product_tag","embeddable":true,"href":"https:\/\/www.teamplace.eu\/estt\/wp-json\/wp\/v2\/product_tag?post=2004"}],"curies":[{"name":"wp","href":"https:\/\/api.w.org\/{rel}","templated":true}]}}