
{"id":1989,"date":"2026-02-11T13:37:29","date_gmt":"2026-02-11T11:37:29","guid":{"rendered":"https:\/\/www.teamplace.eu\/estt\/?post_type=product&#038;p=1989"},"modified":"2026-02-12T11:53:59","modified_gmt":"2026-02-12T09:53:59","slug":"flip-shortsit-estt","status":"publish","type":"product","link":"https:\/\/www.teamplace.eu\/estt\/product\/flip-shortsit-estt\/","title":{"rendered":"FLIP shortsit EsTT"},"content":{"rendered":"<p>Korkeavy\u00f6t\u00e4r\u00f6inen treenishortsi, jossa on ihan vartalonmy\u00f6t\u00e4nen istuvuus. Sopii mainiosti voimistelijoille. Korkealaatuinen joustava materiaali on hengitt\u00e4v\u00e4 ja haihduttaa kosteuden nopeasti.<\/p>\n<p>Valkoinen EsTT painatus housun oikeassa lahkeessa.<\/p>\n<p>Materiaali: 80% polyamidi, 20% elastaani<\/p>\n<p>Koot: 120, 130, 140, 150, XS, S, M, L, XL<\/p>\n<p>V\u00e4rit: Musta<\/p>\n","protected":false},"excerpt":{"rendered":"<p>Korkeavy\u00f6t\u00e4r\u00f6inen treenishortsi, jossa on ihan vartalonmy\u00f6t\u00e4nen istuvuus. Sopii mainiosti voimistelijoille. Korkealaatuinen joustava materiaali on hengitt\u00e4v\u00e4 ja haihduttaa kosteuden nopeasti.<\/p>\n<p>Valkoinen EsTT painatus housun oikeassa lahkeessa.<\/p>\n<p>Materiaali: 80% polyamidi, 20% elastaani<\/p>\n<p>Koot: 120, 130, 140, 150, XS, S, M, L, XL<\/p>\n<p>V\u00e4rit: Musta<\/p>\n","protected":false},"featured_media":2000,"comment_status":"open","ping_status":"closed","template":"","meta":[],"product_brand":[],"product_cat":[69,15],"product_tag":[],"class_list":{"0":"post-1989","1":"product","2":"type-product","3":"status-publish","4":"has-post-thumbnail","6":"product_cat-estt-tuotteet","7":"product_cat-uncategorized","9":"first","10":"instock","11":"taxable","12":"shipping-taxable","13":"purchasable","14":"product-type-variable"},"exclude_global_add_ons":[],"addons":[],"featured_image_urls_v2":{"full":["https:\/\/www.teamplace.eu\/estt\/wp-content\/uploads\/sites\/9\/2026\/02\/Flip-musta-etu-estt.png",1064,1064,false],"thumbnail":["https:\/\/www.teamplace.eu\/estt\/wp-content\/uploads\/sites\/9\/2026\/02\/Flip-musta-etu-estt-150x150.png",150,150,true],"medium":["https:\/\/www.teamplace.eu\/estt\/wp-content\/uploads\/sites\/9\/2026\/02\/Flip-musta-etu-estt-300x300.png",300,300,true],"medium_large":["https:\/\/www.teamplace.eu\/estt\/wp-content\/uploads\/sites\/9\/2026\/02\/Flip-musta-etu-estt-768x768.png",580,580,true],"large":["https:\/\/www.teamplace.eu\/estt\/wp-content\/uploads\/sites\/9\/2026\/02\/Flip-musta-etu-estt-1024x1024.png",580,580,true],"1536x1536":["https:\/\/www.teamplace.eu\/estt\/wp-content\/uploads\/sites\/9\/2026\/02\/Flip-musta-etu-estt.png",1064,1064,false],"2048x2048":["https:\/\/www.teamplace.eu\/estt\/wp-content\/uploads\/sites\/9\/2026\/02\/Flip-musta-etu-estt.png",1064,1064,false],"post-thumbnail":["https:\/\/www.teamplace.eu\/estt\/wp-content\/uploads\/sites\/9\/2026\/02\/Flip-musta-etu-estt.png",1064,1064,false],"twentytwenty-fullscreen":["https:\/\/www.teamplace.eu\/estt\/wp-content\/uploads\/sites\/9\/2026\/02\/Flip-musta-etu-estt.png",1064,1064,false],"woocommerce_thumbnail":["https:\/\/www.teamplace.eu\/estt\/wp-content\/uploads\/sites\/9\/2026\/02\/Flip-musta-etu-estt-450x450.png",450,450,true],"woocommerce_single":["https:\/\/www.teamplace.eu\/estt\/wp-content\/uploads\/sites\/9\/2026\/02\/Flip-musta-etu-estt-600x600.png",600,600,true],"woocommerce_gallery_thumbnail":["https:\/\/www.teamplace.eu\/estt\/wp-content\/uploads\/sites\/9\/2026\/02\/Flip-musta-etu-estt-100x100.png",100,100,true]},"post_excerpt_stackable_v2":"<p>Korkeavy\u00f6t\u00e4r\u00f6inen treenishortsi, jossa on ihan vartalonmy\u00f6t\u00e4nen istuvuus. Sopii mainiosti voimistelijoille. Korkealaatuinen joustava materiaali on hengitt\u00e4v\u00e4 ja haihduttaa kosteuden nopeasti.<\/p>\n<p>Valkoinen EsTT painatus housun oikeassa lahkeessa.<\/p>\n<p>Materiaali: 80% polyamidi, 20% elastaani<\/p>\n<p>Koot: 120, 130, 140, 150, XS, S, M, L, XL<\/p>\n<p>V\u00e4rit: Musta<\/p>\n","category_list_v2":"","author_info_v2":{"name":"","url":""},"comments_num_v2":"0 comments","_links":{"self":[{"href":"https:\/\/www.teamplace.eu\/estt\/wp-json\/wp\/v2\/product\/1989","targetHints":{"allow":["GET"]}}],"collection":[{"href":"https:\/\/www.teamplace.eu\/estt\/wp-json\/wp\/v2\/product"}],"about":[{"href":"https:\/\/www.teamplace.eu\/estt\/wp-json\/wp\/v2\/types\/product"}],"replies":[{"embeddable":true,"href":"https:\/\/www.teamplace.eu\/estt\/wp-json\/wp\/v2\/comments?post=1989"}],"wp:featuredmedia":[{"embeddable":true,"href":"https:\/\/www.teamplace.eu\/estt\/wp-json\/wp\/v2\/media\/2000"}],"wp:attachment":[{"href":"https:\/\/www.teamplace.eu\/estt\/wp-json\/wp\/v2\/media?parent=1989"}],"wp:term":[{"taxonomy":"product_brand","embeddable":true,"href":"https:\/\/www.teamplace.eu\/estt\/wp-json\/wp\/v2\/product_brand?post=1989"},{"taxonomy":"product_cat","embeddable":true,"href":"https:\/\/www.teamplace.eu\/estt\/wp-json\/wp\/v2\/product_cat?post=1989"},{"taxonomy":"product_tag","embeddable":true,"href":"https:\/\/www.teamplace.eu\/estt\/wp-json\/wp\/v2\/product_tag?post=1989"}],"curies":[{"name":"wp","href":"https:\/\/api.w.org\/{rel}","templated":true}]}}