
{"id":1884,"date":"2025-12-19T10:48:11","date_gmt":"2025-12-19T08:48:11","guid":{"rendered":"https:\/\/www.teamplace.eu\/estt\/?post_type=product&#038;p=1884"},"modified":"2026-02-12T11:54:40","modified_gmt":"2026-02-12T09:54:40","slug":"miesten-edustushousut-musta","status":"publish","type":"product","link":"https:\/\/www.teamplace.eu\/estt\/product\/miesten-edustushousut-musta\/","title":{"rendered":"Miesten edustusasun housut EsTT 2026 \/musta"},"content":{"rendered":"<p>housuissa on kapenevat lahkeet ja niiden ilme on urheilullinen. Housut on tarkoitettu seuran edustushousuiksi. Pehme\u00e4st\u00e4 kierr\u00e4tyspolyesterin ja luomupuuvillan sekoituksesta valmistetut ja sis\u00e4pinnalta harjatut rennot housut tuntuvat pehme\u00e4lt\u00e4 ja eritt\u00e4in mukavalta. Sivutaskut. Kiristysnauha vy\u00f6t\u00e4r\u00f6ll\u00e4, resorit lahkeensuissa.<\/p>\n<p>EsTT teksti painettu valkoisella oikeaan reiteen.<\/p>\n<p>Malli pojille ja miehille<\/p>\n<p>MATERIAALI: 60% luomupuuvilla,<br \/>\n40% kierr\u00e4tetty polyesteri<\/p>\n<p>V\u00c4RI: musta<\/p>\n<p>KOOT: 122\/128cm, 134\/140cm, 146\/152cm, 158\/164cm, XS, S, M, L, XL, XXL<\/p>\n","protected":false},"excerpt":{"rendered":"<p>housuissa on kapenevat lahkeet ja niiden ilme on urheilullinen. Housut on tarkoitettu seuran edustushousuiksi. Pehme\u00e4st\u00e4 kierr\u00e4tyspolyesterin ja luomupuuvillan sekoituksesta valmistetut ja sis\u00e4pinnalta harjatut rennot housut tuntuvat pehme\u00e4lt\u00e4 ja eritt\u00e4in mukavalta. Sivutaskut. Kiristysnauha vy\u00f6t\u00e4r\u00f6ll\u00e4, resorit lahkeensuissa.<\/p>\n<p>EsTT teksti painettu valkoisella oikeaan reiteen.<\/p>\n<p>Malli pojille ja miehille<\/p>\n<p>MATERIAALI: 60% luomupuuvilla,<br \/>\n40% kierr\u00e4tetty polyesteri<\/p>\n<p>V\u00c4RI: musta<\/p>\n<p>KOOT: 122\/128cm, 134\/140cm, 146\/152cm, 158\/164cm, XS, S, M, L, XL, XXL<\/p>\n","protected":false},"featured_media":1906,"comment_status":"closed","ping_status":"closed","template":"","meta":[],"product_brand":[],"product_cat":[68,69,42],"product_tag":[],"class_list":{"0":"post-1884","1":"product","2":"type-product","3":"status-publish","4":"has-post-thumbnail","6":"product_cat-edustusasut","7":"product_cat-estt-tuotteet","8":"product_cat-miehet","10":"first","11":"instock","12":"taxable","13":"shipping-taxable","14":"purchasable","15":"product-type-variable"},"exclude_global_add_ons":[],"addons":[],"featured_image_urls_v2":{"full":["https:\/\/www.teamplace.eu\/estt\/wp-content\/uploads\/sites\/9\/2025\/12\/Miesten-edustushousut-2026-etu-estt.png",1064,1063,false],"thumbnail":["https:\/\/www.teamplace.eu\/estt\/wp-content\/uploads\/sites\/9\/2025\/12\/Miesten-edustushousut-2026-etu-estt-150x150.png",150,150,true],"medium":["https:\/\/www.teamplace.eu\/estt\/wp-content\/uploads\/sites\/9\/2025\/12\/Miesten-edustushousut-2026-etu-estt-300x300.png",300,300,true],"medium_large":["https:\/\/www.teamplace.eu\/estt\/wp-content\/uploads\/sites\/9\/2025\/12\/Miesten-edustushousut-2026-etu-estt-768x767.png",580,579,true],"large":["https:\/\/www.teamplace.eu\/estt\/wp-content\/uploads\/sites\/9\/2025\/12\/Miesten-edustushousut-2026-etu-estt-1024x1024.png",580,580,true],"1536x1536":["https:\/\/www.teamplace.eu\/estt\/wp-content\/uploads\/sites\/9\/2025\/12\/Miesten-edustushousut-2026-etu-estt.png",1064,1063,false],"2048x2048":["https:\/\/www.teamplace.eu\/estt\/wp-content\/uploads\/sites\/9\/2025\/12\/Miesten-edustushousut-2026-etu-estt.png",1064,1063,false],"post-thumbnail":["https:\/\/www.teamplace.eu\/estt\/wp-content\/uploads\/sites\/9\/2025\/12\/Miesten-edustushousut-2026-etu-estt.png",1064,1063,false],"twentytwenty-fullscreen":["https:\/\/www.teamplace.eu\/estt\/wp-content\/uploads\/sites\/9\/2025\/12\/Miesten-edustushousut-2026-etu-estt.png",1064,1063,false],"woocommerce_thumbnail":["https:\/\/www.teamplace.eu\/estt\/wp-content\/uploads\/sites\/9\/2025\/12\/Miesten-edustushousut-2026-etu-estt-450x450.png",450,450,true],"woocommerce_single":["https:\/\/www.teamplace.eu\/estt\/wp-content\/uploads\/sites\/9\/2025\/12\/Miesten-edustushousut-2026-etu-estt-600x599.png",600,599,true],"woocommerce_gallery_thumbnail":["https:\/\/www.teamplace.eu\/estt\/wp-content\/uploads\/sites\/9\/2025\/12\/Miesten-edustushousut-2026-etu-estt-100x100.png",100,100,true]},"post_excerpt_stackable_v2":"<p>housuissa on kapenevat lahkeet ja niiden ilme on urheilullinen. Housut on tarkoitettu seuran edustushousuiksi. Pehme\u00e4st\u00e4 kierr\u00e4tyspolyesterin ja luomupuuvillan sekoituksesta valmistetut ja sis\u00e4pinnalta harjatut rennot housut tuntuvat pehme\u00e4lt\u00e4 ja eritt\u00e4in mukavalta. Sivutaskut. Kiristysnauha vy\u00f6t\u00e4r\u00f6ll\u00e4, resorit lahkeensuissa.<\/p>\n<p>EsTT teksti painettu valkoisella oikeaan reiteen.<\/p>\n<p>Malli pojille ja miehille<\/p>\n<p>MATERIAALI: 60% luomupuuvilla,<br \/>\n40% kierr\u00e4tetty polyesteri<\/p>\n<p>V\u00c4RI: musta<\/p>\n<p>KOOT: 122\/128cm, 134\/140cm, 146\/152cm, 158\/164cm, XS, S, M, L, XL, XXL<\/p>\n","category_list_v2":"","author_info_v2":{"name":"","url":""},"comments_num_v2":"0 comments","_links":{"self":[{"href":"https:\/\/www.teamplace.eu\/estt\/wp-json\/wp\/v2\/product\/1884","targetHints":{"allow":["GET"]}}],"collection":[{"href":"https:\/\/www.teamplace.eu\/estt\/wp-json\/wp\/v2\/product"}],"about":[{"href":"https:\/\/www.teamplace.eu\/estt\/wp-json\/wp\/v2\/types\/product"}],"replies":[{"embeddable":true,"href":"https:\/\/www.teamplace.eu\/estt\/wp-json\/wp\/v2\/comments?post=1884"}],"wp:featuredmedia":[{"embeddable":true,"href":"https:\/\/www.teamplace.eu\/estt\/wp-json\/wp\/v2\/media\/1906"}],"wp:attachment":[{"href":"https:\/\/www.teamplace.eu\/estt\/wp-json\/wp\/v2\/media?parent=1884"}],"wp:term":[{"taxonomy":"product_brand","embeddable":true,"href":"https:\/\/www.teamplace.eu\/estt\/wp-json\/wp\/v2\/product_brand?post=1884"},{"taxonomy":"product_cat","embeddable":true,"href":"https:\/\/www.teamplace.eu\/estt\/wp-json\/wp\/v2\/product_cat?post=1884"},{"taxonomy":"product_tag","embeddable":true,"href":"https:\/\/www.teamplace.eu\/estt\/wp-json\/wp\/v2\/product_tag?post=1884"}],"curies":[{"name":"wp","href":"https:\/\/api.w.org\/{rel}","templated":true}]}}