
{"id":1812,"date":"2024-11-29T13:49:31","date_gmt":"2024-11-29T11:49:31","guid":{"rendered":"https:\/\/www.teamplace.eu\/estt\/?post_type=product&#038;p=1812"},"modified":"2026-02-12T11:54:52","modified_gmt":"2026-02-12T09:54:52","slug":"sandaalit-estt","status":"publish","type":"product","link":"https:\/\/www.teamplace.eu\/estt\/product\/sandaalit-estt\/","title":{"rendered":"Sandaalit EsTT \/eri v\u00e4rej\u00e4"},"content":{"rendered":"<p>Voimistelijoille sopivat sandaalit hallille ja vapaa-ajalle. Sandaaleissa on pehme\u00e4 iskuja vaimentava muotoiltu pohja ja p\u00e4\u00e4liosaan on painettu seuran logopainatus.<\/p>\n<p>EsTT Gymnastics logo painettu sandaalin p\u00e4\u00e4liosaan.<\/p>\n<p>Materiaali: 100% polyester<\/p>\n<p>Koot: 35\/36, 37\/38, 39\/40, 41\/42, 43\/44<br \/>\nKoot vastaavat hyvin kyseist\u00e4 keng\u00e4nkokoa.<\/p>\n","protected":false},"excerpt":{"rendered":"<p>Voimistelijoille sopivat sandaalit hallille ja vapaa-ajalle. Sandaaleissa on pehme\u00e4 iskuja vaimentava muotoiltu pohja ja p\u00e4\u00e4liosaan on painettu seuran logopainatus.<\/p>\n<p>EsTT Gymnastics logo painettu sandaalin p\u00e4\u00e4liosaan.<\/p>\n<p>Materiaali: 100% polyester<\/p>\n<p>Koot: 35\/36, 37\/38, 39\/40, 41\/42, 43\/44<br \/>\nKoot vastaavat hyvin kyseist\u00e4 keng\u00e4nkokoa.<\/p>\n","protected":false},"featured_media":1818,"comment_status":"open","ping_status":"closed","template":"","meta":[],"product_brand":[],"product_cat":[56,69,43,42,55],"product_tag":[],"class_list":{"0":"post-1812","1":"product","2":"type-product","3":"status-publish","4":"has-post-thumbnail","6":"product_cat-akrobatiavoimistelu","7":"product_cat-estt-tuotteet","8":"product_cat-harrastajat","9":"product_cat-miehet","10":"product_cat-teamgym","12":"first","13":"instock","14":"taxable","15":"shipping-taxable","16":"purchasable","17":"product-type-variable"},"exclude_global_add_ons":false,"addons":[{"name":"Valitse sandaalien v\u00e4ri:","type":"multiple_choice","position":0,"required":true,"title_format":"label","default":"","description_enable":false,"description":"","placeholder_enable":false,"placeholder":"","display":"images","restrictions_type":"any_text","adjust_price":false,"price":"","price_type":"flat_fee","restrictions":false,"min":"0","max":"0","options":[{"label":"Musta","price":"","price_type":"flat_fee","image":1818,"visibility":true},{"label":"Valkoinen","price":"","price_type":"flat_fee","image":1828,"visibility":true}],"id":1770733457}],"featured_image_urls_v2":{"full":["https:\/\/www.teamplace.eu\/estt\/wp-content\/uploads\/sites\/9\/2024\/11\/Sandaalit-musta-estt.png",531,533,false],"thumbnail":["https:\/\/www.teamplace.eu\/estt\/wp-content\/uploads\/sites\/9\/2024\/11\/Sandaalit-musta-estt-150x150.png",150,150,true],"medium":["https:\/\/www.teamplace.eu\/estt\/wp-content\/uploads\/sites\/9\/2024\/11\/Sandaalit-musta-estt-300x300.png",300,300,true],"medium_large":["https:\/\/www.teamplace.eu\/estt\/wp-content\/uploads\/sites\/9\/2024\/11\/Sandaalit-musta-estt.png",531,533,false],"large":["https:\/\/www.teamplace.eu\/estt\/wp-content\/uploads\/sites\/9\/2024\/11\/Sandaalit-musta-estt.png",531,533,false],"1536x1536":["https:\/\/www.teamplace.eu\/estt\/wp-content\/uploads\/sites\/9\/2024\/11\/Sandaalit-musta-estt.png",531,533,false],"2048x2048":["https:\/\/www.teamplace.eu\/estt\/wp-content\/uploads\/sites\/9\/2024\/11\/Sandaalit-musta-estt.png",531,533,false],"post-thumbnail":["https:\/\/www.teamplace.eu\/estt\/wp-content\/uploads\/sites\/9\/2024\/11\/Sandaalit-musta-estt.png",531,533,false],"twentytwenty-fullscreen":["https:\/\/www.teamplace.eu\/estt\/wp-content\/uploads\/sites\/9\/2024\/11\/Sandaalit-musta-estt.png",531,533,false],"woocommerce_thumbnail":["https:\/\/www.teamplace.eu\/estt\/wp-content\/uploads\/sites\/9\/2024\/11\/Sandaalit-musta-estt-450x450.png",450,450,true],"woocommerce_single":["https:\/\/www.teamplace.eu\/estt\/wp-content\/uploads\/sites\/9\/2024\/11\/Sandaalit-musta-estt.png",531,533,false],"woocommerce_gallery_thumbnail":["https:\/\/www.teamplace.eu\/estt\/wp-content\/uploads\/sites\/9\/2024\/11\/Sandaalit-musta-estt-100x100.png",100,100,true]},"post_excerpt_stackable_v2":"<p>Voimistelijoille sopivat sandaalit hallille ja vapaa-ajalle. Sandaaleissa on pehme\u00e4 iskuja vaimentava muotoiltu pohja ja p\u00e4\u00e4liosaan on painettu seuran logopainatus.<\/p>\n<p>EsTT Gymnastics logo painettu sandaalin p\u00e4\u00e4liosaan.<\/p>\n<p>Materiaali: 100% polyester<\/p>\n<p>Koot: 35\/36, 37\/38, 39\/40, 41\/42, 43\/44<br \/>\nKoot vastaavat hyvin kyseist\u00e4 keng\u00e4nkokoa.<\/p>\n","category_list_v2":"","author_info_v2":{"name":"","url":""},"comments_num_v2":"0 comments","_links":{"self":[{"href":"https:\/\/www.teamplace.eu\/estt\/wp-json\/wp\/v2\/product\/1812","targetHints":{"allow":["GET"]}}],"collection":[{"href":"https:\/\/www.teamplace.eu\/estt\/wp-json\/wp\/v2\/product"}],"about":[{"href":"https:\/\/www.teamplace.eu\/estt\/wp-json\/wp\/v2\/types\/product"}],"replies":[{"embeddable":true,"href":"https:\/\/www.teamplace.eu\/estt\/wp-json\/wp\/v2\/comments?post=1812"}],"wp:featuredmedia":[{"embeddable":true,"href":"https:\/\/www.teamplace.eu\/estt\/wp-json\/wp\/v2\/media\/1818"}],"wp:attachment":[{"href":"https:\/\/www.teamplace.eu\/estt\/wp-json\/wp\/v2\/media?parent=1812"}],"wp:term":[{"taxonomy":"product_brand","embeddable":true,"href":"https:\/\/www.teamplace.eu\/estt\/wp-json\/wp\/v2\/product_brand?post=1812"},{"taxonomy":"product_cat","embeddable":true,"href":"https:\/\/www.teamplace.eu\/estt\/wp-json\/wp\/v2\/product_cat?post=1812"},{"taxonomy":"product_tag","embeddable":true,"href":"https:\/\/www.teamplace.eu\/estt\/wp-json\/wp\/v2\/product_tag?post=1812"}],"curies":[{"name":"wp","href":"https:\/\/api.w.org\/{rel}","templated":true}]}}