
{"id":1719,"date":"2023-11-02T15:53:54","date_gmt":"2023-11-02T13:53:54","guid":{"rendered":"https:\/\/www.teamplace.eu\/estt\/?post_type=product&#038;p=1719"},"modified":"2026-02-12T11:55:09","modified_gmt":"2026-02-12T09:55:09","slug":"hydro-flask-termosjuomapullo-standard-mouth-flex-cap-18oz-estt-eri-vareja","status":"publish","type":"product","link":"https:\/\/www.teamplace.eu\/estt\/product\/hydro-flask-termosjuomapullo-standard-mouth-flex-cap-18oz-estt-eri-vareja\/","title":{"rendered":"Hydro Flask termosjuomapullo standard mouth flex cap (21oz) EsTT \/eri v\u00e4rej\u00e4"},"content":{"rendered":"<p>Trendik\u00e4s ja huippulaatuinen termosjuomapullo kierrekorkilla. Pullon ter\u00e4ksisen rakenteen v\u00e4liss\u00e4 on tyhji\u00f6, joka erist\u00e4\u00e4 l\u00e4mm\u00f6nvaihtelun ja pit\u00e4\u00e4 juoman taatusti pitk\u00e4\u00e4n kylm\u00e4n\u00e4 tai kuumana, juuri sellaisena kuin haluat. Pullon pinta on pulverimaalattu, ja takaa varman pidon my\u00f6s pullon pinnan ollessa m\u00e4rk\u00e4.<\/p>\n<p>Pullon pulverimaalattuun pintaan on kaiverrettu EsTT logo. Kaiverruksessa paljastuu pullon ter\u00e4spinta, jolloin logo on ikuinen ja n\u00e4ytt\u00e4v\u00e4n n\u00e4k\u00f6inen. Mahdollista saada my\u00f6s nimikaiverrus logon alle lis\u00e4hinnasta 5,00\u20ac.<\/p>\n<p>Standard-suuaukko (48,5 mm)<br \/>\nPit\u00e4\u00e4 juoman l\u00e4mpim\u00e4n\u00e4 jopa 12 tuntia<br \/>\nPit\u00e4\u00e4 juoman kylm\u00e4n\u00e4 jopa 24 tuntia<br \/>\nRuostumatonta 18\/8 -sarjan ter\u00e4st\u00e4<br \/>\nEi sis\u00e4ll\u00e4 BPA:ta tai ftalaatteja<br \/>\nKest\u00e4v\u00e4 pulverimaalattu pinta<br \/>\nFlex Cap -korkki jossa integroitu kanto-\/ripustuskahva<br \/>\nElinik\u00e4inen takuu<\/p>\n<p>Paino: 340 g<br \/>\nMitat: 73 x 250 mm<br \/>\nTilavuus: 6,2 dl \/ 21oz<\/p>\n","protected":false},"excerpt":{"rendered":"<p>Trendik\u00e4s ja huippulaatuinen termosjuomapullo kierrekorkilla. Pullon ter\u00e4ksisen rakenteen v\u00e4liss\u00e4 on tyhji\u00f6, joka erist\u00e4\u00e4 l\u00e4mm\u00f6nvaihtelun ja pit\u00e4\u00e4 juoman taatusti pitk\u00e4\u00e4n kylm\u00e4n\u00e4 tai kuumana, juuri sellaisena kuin haluat. Pullon pinta on pulverimaalattu, ja takaa varman pidon my\u00f6s pullon pinnan ollessa m\u00e4rk\u00e4.<\/p>\n<p>Pullon pulverimaalattuun pintaan on kaiverrettu EsTT logo. Kaiverruksessa paljastuu pullon ter\u00e4spinta, jolloin logo on ikuinen ja n\u00e4ytt\u00e4v\u00e4n n\u00e4k\u00f6inen. Mahdollista saada my\u00f6s nimikaiverrus logon alle lis\u00e4hinnasta 5,00\u20ac.<\/p>\n<p>Standard-suuaukko (48,5 mm)<br \/>\nPit\u00e4\u00e4 juoman l\u00e4mpim\u00e4n\u00e4 jopa 12 tuntia<br \/>\nPit\u00e4\u00e4 juoman kylm\u00e4n\u00e4 jopa 24 tuntia<br \/>\nRuostumatonta 18\/8 -sarjan ter\u00e4st\u00e4<br \/>\nEi sis\u00e4ll\u00e4 BPA:ta tai ftalaatteja<br \/>\nKest\u00e4v\u00e4 pulverimaalattu pinta<br \/>\nFlex Cap -korkki jossa integroitu kanto-\/ripustuskahva<br \/>\nElinik\u00e4inen takuu<\/p>\n<p>Paino: 340 g<br \/>\nMitat: 73 x 250 mm<br \/>\nTilavuus: 6,2 dl \/ 21oz<\/p>\n","protected":false},"featured_media":1731,"comment_status":"open","ping_status":"closed","template":"","meta":[],"product_brand":[],"product_cat":[56,69,43,42,55],"product_tag":[],"class_list":{"0":"post-1719","1":"product","2":"type-product","3":"status-publish","4":"has-post-thumbnail","6":"product_cat-akrobatiavoimistelu","7":"product_cat-estt-tuotteet","8":"product_cat-harrastajat","9":"product_cat-miehet","10":"product_cat-teamgym","12":"first","13":"instock","14":"taxable","15":"shipping-taxable","16":"purchasable","17":"product-type-simple"},"exclude_global_add_ons":false,"addons":[{"name":"Valitse pullon v\u00e4ri:","type":"multiple_choice","position":0,"required":true,"title_format":"label","default":"","description_enable":false,"description":"","placeholder_enable":false,"placeholder":"","display":"images","restrictions_type":"any_text","adjust_price":false,"price":"","price_type":"flat_fee","restrictions":false,"min":"0","max":"0","options":[{"label":"Musta","price":"","price_type":"flat_fee","image":1721,"visibility":true},{"label":"Valkoinen","price":"","price_type":"flat_fee","image":1724,"visibility":true},{"label":"Indigo","price":"","price_type":"flat_fee","image":1865,"visibility":true},{"label":"Trillium","price":"","price_type":"flat_fee","image":1867,"visibility":true},{"label":"Surf","price":"","price_type":"flat_fee","image":1866,"visibility":true},{"label":"Birch","price":"","price_type":"flat_fee","image":1864,"visibility":true}],"id":1698940666},{"name":"Saat pullon halutessasi omalla nimell\u00e4","type":"custom_text","position":1,"required":false,"title_format":"label","default":"","description_enable":true,"description":"Henkil\u00f6nimi kaiverretaan logon alle kaunokirjoituksella. Kirjoita nimi alla olevaan kentt\u00e4\u00e4n:","placeholder_enable":false,"placeholder":"","display":"select","restrictions_type":"any_text","adjust_price":true,"price":"5.00","price_type":"flat_fee","restrictions":true,"min":"0","max":"12","options":[],"id":1698940667}],"featured_image_urls_v2":{"full":["https:\/\/www.teamplace.eu\/estt\/wp-content\/uploads\/sites\/9\/2023\/11\/HF-pullot-estt.png",1064,1064,false],"thumbnail":["https:\/\/www.teamplace.eu\/estt\/wp-content\/uploads\/sites\/9\/2023\/11\/HF-pullot-estt-150x150.png",150,150,true],"medium":["https:\/\/www.teamplace.eu\/estt\/wp-content\/uploads\/sites\/9\/2023\/11\/HF-pullot-estt-300x300.png",300,300,true],"medium_large":["https:\/\/www.teamplace.eu\/estt\/wp-content\/uploads\/sites\/9\/2023\/11\/HF-pullot-estt-768x768.png",580,580,true],"large":["https:\/\/www.teamplace.eu\/estt\/wp-content\/uploads\/sites\/9\/2023\/11\/HF-pullot-estt-1024x1024.png",580,580,true],"1536x1536":["https:\/\/www.teamplace.eu\/estt\/wp-content\/uploads\/sites\/9\/2023\/11\/HF-pullot-estt.png",1064,1064,false],"2048x2048":["https:\/\/www.teamplace.eu\/estt\/wp-content\/uploads\/sites\/9\/2023\/11\/HF-pullot-estt.png",1064,1064,false],"post-thumbnail":["https:\/\/www.teamplace.eu\/estt\/wp-content\/uploads\/sites\/9\/2023\/11\/HF-pullot-estt.png",1064,1064,false],"twentytwenty-fullscreen":["https:\/\/www.teamplace.eu\/estt\/wp-content\/uploads\/sites\/9\/2023\/11\/HF-pullot-estt.png",1064,1064,false],"woocommerce_thumbnail":["https:\/\/www.teamplace.eu\/estt\/wp-content\/uploads\/sites\/9\/2023\/11\/HF-pullot-estt-450x450.png",450,450,true],"woocommerce_single":["https:\/\/www.teamplace.eu\/estt\/wp-content\/uploads\/sites\/9\/2023\/11\/HF-pullot-estt-600x600.png",600,600,true],"woocommerce_gallery_thumbnail":["https:\/\/www.teamplace.eu\/estt\/wp-content\/uploads\/sites\/9\/2023\/11\/HF-pullot-estt-100x100.png",100,100,true]},"post_excerpt_stackable_v2":"<p>Trendik\u00e4s ja huippulaatuinen termosjuomapullo kierrekorkilla. Pullon ter\u00e4ksisen rakenteen v\u00e4liss\u00e4 on tyhji\u00f6, joka erist\u00e4\u00e4 l\u00e4mm\u00f6nvaihtelun ja pit\u00e4\u00e4 juoman taatusti pitk\u00e4\u00e4n kylm\u00e4n\u00e4 tai kuumana, juuri sellaisena kuin haluat. Pullon pinta on pulverimaalattu, ja takaa varman pidon my\u00f6s pullon pinnan ollessa m\u00e4rk\u00e4.<\/p>\n<p>Pullon pulverimaalattuun pintaan on kaiverrettu EsTT logo. Kaiverruksessa paljastuu pullon ter\u00e4spinta, jolloin logo on ikuinen ja n\u00e4ytt\u00e4v\u00e4n n\u00e4k\u00f6inen. Mahdollista saada my\u00f6s nimikaiverrus logon alle lis\u00e4hinnasta 5,00\u20ac.<\/p>\n<p>Standard-suuaukko (48,5 mm)<br \/>\nPit\u00e4\u00e4 juoman l\u00e4mpim\u00e4n\u00e4 jopa 12 tuntia<br \/>\nPit\u00e4\u00e4 juoman kylm\u00e4n\u00e4 jopa 24 tuntia<br \/>\nRuostumatonta 18\/8 -sarjan ter\u00e4st\u00e4<br \/>\nEi sis\u00e4ll\u00e4 BPA:ta tai ftalaatteja<br \/>\nKest\u00e4v\u00e4 pulverimaalattu pinta<br \/>\nFlex Cap -korkki jossa integroitu kanto-\/ripustuskahva<br \/>\nElinik\u00e4inen takuu<\/p>\n<p>Paino: 340 g<br \/>\nMitat: 73 x 250 mm<br \/>\nTilavuus: 6,2 dl \/ 21oz<\/p>\n","category_list_v2":"","author_info_v2":{"name":"","url":""},"comments_num_v2":"0 comments","_links":{"self":[{"href":"https:\/\/www.teamplace.eu\/estt\/wp-json\/wp\/v2\/product\/1719","targetHints":{"allow":["GET"]}}],"collection":[{"href":"https:\/\/www.teamplace.eu\/estt\/wp-json\/wp\/v2\/product"}],"about":[{"href":"https:\/\/www.teamplace.eu\/estt\/wp-json\/wp\/v2\/types\/product"}],"replies":[{"embeddable":true,"href":"https:\/\/www.teamplace.eu\/estt\/wp-json\/wp\/v2\/comments?post=1719"}],"wp:featuredmedia":[{"embeddable":true,"href":"https:\/\/www.teamplace.eu\/estt\/wp-json\/wp\/v2\/media\/1731"}],"wp:attachment":[{"href":"https:\/\/www.teamplace.eu\/estt\/wp-json\/wp\/v2\/media?parent=1719"}],"wp:term":[{"taxonomy":"product_brand","embeddable":true,"href":"https:\/\/www.teamplace.eu\/estt\/wp-json\/wp\/v2\/product_brand?post=1719"},{"taxonomy":"product_cat","embeddable":true,"href":"https:\/\/www.teamplace.eu\/estt\/wp-json\/wp\/v2\/product_cat?post=1719"},{"taxonomy":"product_tag","embeddable":true,"href":"https:\/\/www.teamplace.eu\/estt\/wp-json\/wp\/v2\/product_tag?post=1719"}],"curies":[{"name":"wp","href":"https:\/\/api.w.org\/{rel}","templated":true}]}}