
{"id":1702,"date":"2023-10-19T15:59:59","date_gmt":"2023-10-19T12:59:59","guid":{"rendered":"https:\/\/www.teamplace.eu\/estt\/?post_type=product&#038;p=1702"},"modified":"2026-02-12T11:55:27","modified_gmt":"2026-02-12T09:55:27","slug":"craft-parkatakki-estt-tummansininen","status":"publish","type":"product","link":"https:\/\/www.teamplace.eu\/estt\/product\/craft-parkatakki-estt-tummansininen\/","title":{"rendered":"Craft parkatakki EsTT tummansininen"},"content":{"rendered":"<p>Eritt\u00e4in kevyt ja pehme\u00e4 sek\u00e4 l\u00e4mmin Parkatakki. Vetoketjulliset rintatasku sek\u00e4 sivutaskut. Vetoketjullinen povitasku kuulokejohdon ulostulolla sek\u00e4 verkkopovitasku toisella puolella. Lumilukot\/tuulipussit hihoissa. Irrotettava huppu. Erinomaisesti vett\u00e4 ja tuulta hylkiv\u00e4 kangas.<\/p>\n<p>Tummansinisess\u00e4 takissa sel\u00e4ss\u00e4 valkoinen EsTT Gymnastics logobrodeerus, vasemmassa hihassa brodeerattu Suomen lippu.<\/p>\n<p>Craft-takeilla on aina noin kahden viikon toimitusaika.<\/p>\n<p>LAPSILLE, NAISILLE JA MIEHILLE OMAT MALLIT.<\/p>\n<p>Lasten koot: 122\/128cm, 134\/140cm, 146\/152cm, 158\/164cm<br \/>\nNaisten koot: XS, S, M, L, XL, XXL<br \/>\nMiesten koot: XS, S, M, L, XL, XXL<br \/>\nMittataulukko tuotekuvissa.<br \/>\nLasten koko 158\/164cm on isompi kuin naisten XS koko.<\/p>\n<p>Materiaali: P\u00e4\u00e4limateriaali 100% PES, Vuorimateriaali 100% PES<\/p>\n<p>V\u00e4ri: tummansininen<\/p>\n","protected":false},"excerpt":{"rendered":"<p>Eritt\u00e4in kevyt ja pehme\u00e4 sek\u00e4 l\u00e4mmin Parkatakki. Vetoketjulliset rintatasku sek\u00e4 sivutaskut. Vetoketjullinen povitasku kuulokejohdon ulostulolla sek\u00e4 verkkopovitasku toisella puolella. Lumilukot\/tuulipussit hihoissa. Irrotettava huppu. Erinomaisesti vett\u00e4 ja tuulta hylkiv\u00e4 kangas.<\/p>\n<p>Tummansinisess\u00e4 takissa sel\u00e4ss\u00e4 valkoinen EsTT Gymnastics logobrodeerus, vasemmassa hihassa brodeerattu Suomen lippu.<\/p>\n<p>Craft-takeilla on aina noin kahden viikon toimitusaika.<\/p>\n<p>LAPSILLE, NAISILLE JA MIEHILLE OMAT MALLIT.<\/p>\n<p>Lasten koot: 122\/128cm, 134\/140cm, 146\/152cm, 158\/164cm<br \/>\nNaisten koot: XS, S, M, L, XL, XXL<br \/>\nMiesten koot: XS, S, M, L, XL, XXL<br \/>\nMittataulukko tuotekuvissa.<br \/>\nLasten koko 158\/164cm on isompi kuin naisten XS koko.<\/p>\n<p>Materiaali: P\u00e4\u00e4limateriaali 100% PES, Vuorimateriaali 100% PES<\/p>\n<p>V\u00e4ri: tummansininen<\/p>\n","protected":false},"featured_media":1714,"comment_status":"open","ping_status":"closed","template":"","meta":[],"product_brand":[],"product_cat":[68,69,42],"product_tag":[],"class_list":{"0":"post-1702","1":"product","2":"type-product","3":"status-publish","4":"has-post-thumbnail","6":"product_cat-edustusasut","7":"product_cat-estt-tuotteet","8":"product_cat-miehet","10":"first","11":"instock","12":"taxable","13":"shipping-taxable","14":"purchasable","15":"product-type-variable"},"exclude_global_add_ons":false,"addons":[{"name":"Valitse malli","type":"multiple_choice","position":0,"required":true,"title_format":"label","default":"","description_enable":false,"description":"","placeholder_enable":false,"placeholder":"","display":"radiobutton","restrictions_type":"any_text","adjust_price":false,"price":"","price_type":"flat_fee","restrictions":false,"min":"0","max":"0","options":[{"label":"Lasten takki cm-koot","price":"","price_type":"flat_fee","image":0,"visibility":true},{"label":"Naisten takki","price":"","price_type":"flat_fee","image":0,"visibility":true},{"label":"Miesten takki","price":"","price_type":"flat_fee","image":0,"visibility":true}],"id":1702384057}],"featured_image_urls_v2":{"full":["https:\/\/www.teamplace.eu\/estt\/wp-content\/uploads\/sites\/9\/2023\/10\/Craft-parka-navy-taka-estt.png",1064,1064,false],"thumbnail":["https:\/\/www.teamplace.eu\/estt\/wp-content\/uploads\/sites\/9\/2023\/10\/Craft-parka-navy-taka-estt-150x150.png",150,150,true],"medium":["https:\/\/www.teamplace.eu\/estt\/wp-content\/uploads\/sites\/9\/2023\/10\/Craft-parka-navy-taka-estt-300x300.png",300,300,true],"medium_large":["https:\/\/www.teamplace.eu\/estt\/wp-content\/uploads\/sites\/9\/2023\/10\/Craft-parka-navy-taka-estt-768x768.png",580,580,true],"large":["https:\/\/www.teamplace.eu\/estt\/wp-content\/uploads\/sites\/9\/2023\/10\/Craft-parka-navy-taka-estt-1024x1024.png",580,580,true],"1536x1536":["https:\/\/www.teamplace.eu\/estt\/wp-content\/uploads\/sites\/9\/2023\/10\/Craft-parka-navy-taka-estt.png",1064,1064,false],"2048x2048":["https:\/\/www.teamplace.eu\/estt\/wp-content\/uploads\/sites\/9\/2023\/10\/Craft-parka-navy-taka-estt.png",1064,1064,false],"post-thumbnail":["https:\/\/www.teamplace.eu\/estt\/wp-content\/uploads\/sites\/9\/2023\/10\/Craft-parka-navy-taka-estt.png",1064,1064,false],"twentytwenty-fullscreen":["https:\/\/www.teamplace.eu\/estt\/wp-content\/uploads\/sites\/9\/2023\/10\/Craft-parka-navy-taka-estt.png",1064,1064,false],"woocommerce_thumbnail":["https:\/\/www.teamplace.eu\/estt\/wp-content\/uploads\/sites\/9\/2023\/10\/Craft-parka-navy-taka-estt-450x450.png",450,450,true],"woocommerce_single":["https:\/\/www.teamplace.eu\/estt\/wp-content\/uploads\/sites\/9\/2023\/10\/Craft-parka-navy-taka-estt-600x600.png",600,600,true],"woocommerce_gallery_thumbnail":["https:\/\/www.teamplace.eu\/estt\/wp-content\/uploads\/sites\/9\/2023\/10\/Craft-parka-navy-taka-estt-100x100.png",100,100,true]},"post_excerpt_stackable_v2":"<p>Eritt\u00e4in kevyt ja pehme\u00e4 sek\u00e4 l\u00e4mmin Parkatakki. Vetoketjulliset rintatasku sek\u00e4 sivutaskut. Vetoketjullinen povitasku kuulokejohdon ulostulolla sek\u00e4 verkkopovitasku toisella puolella. Lumilukot\/tuulipussit hihoissa. Irrotettava huppu. Erinomaisesti vett\u00e4 ja tuulta hylkiv\u00e4 kangas.<\/p>\n<p>Tummansinisess\u00e4 takissa sel\u00e4ss\u00e4 valkoinen EsTT Gymnastics logobrodeerus, vasemmassa hihassa brodeerattu Suomen lippu.<\/p>\n<p>Craft-takeilla on aina noin kahden viikon toimitusaika.<\/p>\n<p>LAPSILLE, NAISILLE JA MIEHILLE OMAT MALLIT.<\/p>\n<p>Lasten koot: 122\/128cm, 134\/140cm, 146\/152cm, 158\/164cm<br \/>\nNaisten koot: XS, S, M, L, XL, XXL<br \/>\nMiesten koot: XS, S, M, L, XL, XXL<br \/>\nMittataulukko tuotekuvissa.<br \/>\nLasten koko 158\/164cm on isompi kuin naisten XS koko.<\/p>\n<p>Materiaali: P\u00e4\u00e4limateriaali 100% PES, Vuorimateriaali 100% PES<\/p>\n<p>V\u00e4ri: tummansininen<\/p>\n","category_list_v2":"","author_info_v2":{"name":"","url":""},"comments_num_v2":"0 comments","_links":{"self":[{"href":"https:\/\/www.teamplace.eu\/estt\/wp-json\/wp\/v2\/product\/1702","targetHints":{"allow":["GET"]}}],"collection":[{"href":"https:\/\/www.teamplace.eu\/estt\/wp-json\/wp\/v2\/product"}],"about":[{"href":"https:\/\/www.teamplace.eu\/estt\/wp-json\/wp\/v2\/types\/product"}],"replies":[{"embeddable":true,"href":"https:\/\/www.teamplace.eu\/estt\/wp-json\/wp\/v2\/comments?post=1702"}],"wp:featuredmedia":[{"embeddable":true,"href":"https:\/\/www.teamplace.eu\/estt\/wp-json\/wp\/v2\/media\/1714"}],"wp:attachment":[{"href":"https:\/\/www.teamplace.eu\/estt\/wp-json\/wp\/v2\/media?parent=1702"}],"wp:term":[{"taxonomy":"product_brand","embeddable":true,"href":"https:\/\/www.teamplace.eu\/estt\/wp-json\/wp\/v2\/product_brand?post=1702"},{"taxonomy":"product_cat","embeddable":true,"href":"https:\/\/www.teamplace.eu\/estt\/wp-json\/wp\/v2\/product_cat?post=1702"},{"taxonomy":"product_tag","embeddable":true,"href":"https:\/\/www.teamplace.eu\/estt\/wp-json\/wp\/v2\/product_tag?post=1702"}],"curies":[{"name":"wp","href":"https:\/\/api.w.org\/{rel}","templated":true}]}}